{"id":2991,"date":"2025-11-13T15:02:56","date_gmt":"2025-11-13T07:02:56","guid":{"rendered":"https:\/\/minghanggroup.com\/?post_type=product&#038;p=2991"},"modified":"2025-11-14T10:06:14","modified_gmt":"2025-11-14T02:06:14","slug":"herb-jars-bulk-empty-spice-bottles","status":"publish","type":"product","link":"https:\/\/minghanggroup.com\/de\/produkt\/herb-jars-bulk-empty-spice-bottles\/","title":{"rendered":"4-Unzen-Kr\u00e4utergl\u00e4ser (quadratisch) mit Edelstahldeckeln zur Verpackung"},"content":{"rendered":"<p>Schluss mit unordentlichen Gew\u00fcrzbeh\u00e4ltern, die Ihre K\u00fcche chaotisch wirken lassen! Wir fertigen hochwertige Kr\u00e4utergl\u00e4ser, die Ihre K\u00fcche in einen stilvollen Raum verwandeln und gleichzeitig Ihre Gew\u00fcrze frisch halten. Diese Gl\u00e4ser sind mehr als nur Beh\u00e4lter \u2013 sie sind die neue Geheimwaffe f\u00fcr optimale K\u00fcchenorganisation und Lebensmittelverpackung.<\/p>\n<h2>Produktmerkmale<\/h2>\n<ol>\n<li><strong>Kristallklar:<\/strong>Der perfekt durchsichtige Beh\u00e4lter hilft Ihnen, die Gew\u00fcrze sofort zu finden, ohne raten zu m\u00fcssen, wann Sie nachf\u00fcllen m\u00fcssen.<\/li>\n<li><strong>Pr\u00e4ziser Sch\u00fctteldeckel:<\/strong>Der Edelstahldeckel mit den gleichm\u00e4\u00dfig verteilten L\u00f6chern erm\u00f6glicht Ihnen die perfekte Kontrolle \u00fcber die Menge an Gew\u00fcrzen wie Pfeffer, Salz, Zucker oder Mehl.<\/li>\n<li><strong>Stabile, quadratische Flasche:<\/strong>Da es Ihnen die M\u00f6glichkeit bietet, mehr auf kleinerem Raum zu verstauen, sorgt es nicht nur f\u00fcr ordentlich sortierte Gegenst\u00e4nde, sondern erspart Ihnen auch das Problem, dass diese wegrollen, und eignet sich daher hervorragend f\u00fcr K\u00fcchen oder Esszimmer.<\/li>\n<\/ol>\n<h2>Wichtigste Spezifikationen<\/h2>\n<table style=\"border-collapse: collapse; width: 80%; margin-left: auto; margin-right: auto;\" border=\"0\" width=\"360\" cellspacing=\"0\" cellpadding=\"0\">\n<tbody>\n<tr style=\"height: 13.50pt;\">\n<td style=\"height: 13.5pt; width: 54pt; text-align: center;\" width=\"72\" height=\"18\">Kapazit\u00e4t<\/td>\n<td style=\"width: 54pt; text-align: center;\" width=\"72\">Gr\u00f6\u00dfe<\/td>\n<td style=\"width: 54pt; text-align: center;\" width=\"72\">Form<\/td>\n<td style=\"width: 54pt; text-align: center;\" width=\"72\">Farboptionen<\/td>\n<td style=\"width: 54pt; text-align: center;\" width=\"72\">Verwendung<\/td>\n<\/tr>\n<tr style=\"height: 13.50pt;\">\n<td style=\"height: 13.5pt; text-align: center;\" height=\"18\">120 ml (4 oz)<\/td>\n<td style=\"text-align: center;\">4 x 9 cm<\/td>\n<td style=\"text-align: center;\">Quadrat<\/td>\n<td style=\"text-align: center;\">Klar, individuell<\/td>\n<td style=\"text-align: center;\">Verpacken Sie Pfeffer, Chili, H\u00fchnerbr\u00fche, Salz usw.<\/td>\n<\/tr>\n<\/tbody>\n<\/table>\n<h2>Erfolgsbeispiel<\/h2>\n<p>Eine britische Bio-Gew\u00fcrzmarke wandte sich an uns, um quadratische Kr\u00e4utergl\u00e4ser aus Glas personalisieren zu lassen. Die transparenten, leeren Gl\u00e4ser bringen die nat\u00fcrlichen Farben der Gew\u00fcrze zur Geltung, und die Metalldeckel unterstreichen die elegante Optik. Die Kundin entschied sich f\u00fcr silberne Deckel und ein Markenetikett, um den Trend zu stilvoller und hygienischer K\u00fcche zu betonen.<\/p>\n<p>Bereits nach drei Monaten seit dem Start sind die Online-Verk\u00e4ufe dieser Produktlinie um \u200b\u200d\u200b\u200c\u200d\u200b\u200d\u200c\u200b\u200d\u200b\u200c\u200d\u200b\u200d\u200c42% gestiegen.<\/p>\n<h2>Ihre Anpassungstipps<\/h2>\n<p>Verleihen Sie Ihrer K\u00fcchenausstattung mit personalisierten Kr\u00e4utergl\u00e4sern einen neuen Look, der nicht nur gut aussieht, sondern auch perfekt zu Ihrem Markenstil passt. W\u00e4hlen Sie zwischen Klarglas oder Milchglas, um die nat\u00fcrlichen Farben der Kr\u00e4uter hervorzuheben, und kombinieren Sie diese mit einem luftdichten Deckel aus Bambus, Edelstahl oder mattschwarz f\u00fcr ein elegantes Erscheinungsbild. Bringen Sie Ihr Logo per Siebdruck oder Lasergravur an und gestalten Sie exklusive Etiketten, die Ihre Markenpers\u00f6nlichkeit widerspiegeln \u2013 ob Bio, modern oder luxuri\u00f6s. Die Gl\u00e4ser sind in verschiedenen Gr\u00f6\u00dfen f\u00fcr getrocknete Kr\u00e4uter, Gew\u00fcrze oder Teebl\u00e4tter erh\u00e4ltlich. Dar\u00fcber hinaus eignen sich diese leeren Gew\u00fcrzgl\u00e4ser hervorragend als elegante Geschenksets oder als perfekte Beh\u00e4lter f\u00fcr Ihr Restaurant. Machen Sie Ihre Gew\u00fcrzlinie zum Gespr\u00e4chsthema Nummer eins \u2013 durch die individuelle Gestaltung, die nicht nur Aufmerksamkeit erregt, sondern auch daf\u00fcr sorgt, dass jedes Glas f\u00fcr Frische und Qualit\u00e4t steht.<\/p>","protected":false},"excerpt":{"rendered":"<p>Direkt vom Hersteller: Glaskr\u00e4utergl\u00e4ser und leere Gew\u00fcrzflaschen, erh\u00e4ltlich in gro\u00dfen Mengen und mit individuellem Branding. Ideal f\u00fcr K\u00e4ufer, die Wert auf langlebige und moderne Verpackungen legen.<\/p>","protected":false},"featured_media":3006,"template":"","meta":{"postBodyCss":"","postBodyMargin":[],"postBodyPadding":[],"postBodyBackground":{"backgroundType":"classic","gradient":""}},"product_brand":[],"product_cat":[15,17,53],"product_tag":[],"class_list":{"0":"post-2991","1":"product","2":"type-product","3":"status-publish","4":"has-post-thumbnail","6":"product_cat-glass-containers","7":"product_cat-glass-jars","8":"product_cat-spice-jars","10":"first","11":"instock","12":"shipping-taxable","13":"product-type-simple"},"jetpack_sharing_enabled":true,"_links":{"self":[{"href":"https:\/\/minghanggroup.com\/de\/wp-json\/wp\/v2\/product\/2991","targetHints":{"allow":["GET"]}}],"collection":[{"href":"https:\/\/minghanggroup.com\/de\/wp-json\/wp\/v2\/product"}],"about":[{"href":"https:\/\/minghanggroup.com\/de\/wp-json\/wp\/v2\/types\/product"}],"wp:featuredmedia":[{"embeddable":true,"href":"https:\/\/minghanggroup.com\/de\/wp-json\/wp\/v2\/media\/3006"}],"wp:attachment":[{"href":"https:\/\/minghanggroup.com\/de\/wp-json\/wp\/v2\/media?parent=2991"}],"wp:term":[{"taxonomy":"product_brand","embeddable":true,"href":"https:\/\/minghanggroup.com\/de\/wp-json\/wp\/v2\/product_brand?post=2991"},{"taxonomy":"product_cat","embeddable":true,"href":"https:\/\/minghanggroup.com\/de\/wp-json\/wp\/v2\/product_cat?post=2991"},{"taxonomy":"product_tag","embeddable":true,"href":"https:\/\/minghanggroup.com\/de\/wp-json\/wp\/v2\/product_tag?post=2991"}],"curies":[{"name":"wp","href":"https:\/\/api.w.org\/{rel}","templated":true}]}}