{"id":2896,"date":"2025-11-12T17:01:34","date_gmt":"2025-11-12T09:01:34","guid":{"rendered":"https:\/\/minghanggroup.com\/?post_type=product&#038;p=2896"},"modified":"2025-11-14T10:06:20","modified_gmt":"2025-11-14T02:06:20","slug":"mini-spice-jars-with-metal-shaker-bulk-glass-containers","status":"publish","type":"product","link":"https:\/\/minghanggroup.com\/de\/produkt\/mini-spice-jars-with-metal-shaker-bulk-glass-containers\/","title":{"rendered":"10 ml und 15 ml Mini-Gew\u00fcrzgl\u00e4ser mit Metallstreuer (Gro\u00dfpackung)"},"content":{"rendered":"<p>Schluss mit unordentlichen Gew\u00fcrzbeh\u00e4ltern, die Ihre K\u00fcche chaotisch wirken lassen! Wir fertigen hochwertige Mini-Gew\u00fcrzgl\u00e4ser, die Ihre K\u00fcche in einen stilvollen Raum verwandeln und gleichzeitig Ihre Gew\u00fcrze frisch halten. Diese Gl\u00e4ser sind mehr als nur Beh\u00e4lter \u2013 sie sind die neue Geheimwaffe f\u00fcr optimale K\u00fcchenorganisation und Lebensmittelverpackung.<\/p>\n<h2>Produktmerkmale<\/h2>\n<ol>\n<li><strong>Zwei Formoptionen:<\/strong>W\u00e4hlen Sie zwischen runden und quadratischen Glasbeh\u00e4ltern f\u00fcr Ihr Gew\u00fcrzset, um es perfekt an die \u00c4sthetik Ihrer Marke anzupassen.<\/li>\n<li><strong>Pr\u00e4zisionsdosierung:<\/strong>Dank des benutzerfreundlichen Ausgie\u00dfers l\u00e4sst sich der Gew\u00fcrzfluss f\u00fcr Pfeffer, Salz, Zucker und Mehl perfekt kontrollieren.<\/li>\n<li><strong>Robuste Konstruktion:<\/strong>Dickes Glas mit Edelstahlverschluss h\u00e4lt Gew\u00fcrze frisch und verhindert Auslaufen bei Ihren Gew\u00fcrzgl\u00e4sern.<\/li>\n<\/ol>\n<h2>Wichtigste Spezifikationen<\/h2>\n<table style=\"border-collapse: collapse; width: 80%; margin-left: auto; margin-right: auto;\" border=\"0\" width=\"360\" cellspacing=\"0\" cellpadding=\"0\">\n<tbody>\n<tr style=\"height: 13.50pt;\">\n<td style=\"height: 13.5pt; width: 54pt; text-align: center;\" width=\"72\" height=\"18\">Fassungsverm\u00f6gen (ml)<\/td>\n<td style=\"width: 54pt; text-align: center;\" width=\"72\">Gr\u00f6\u00dfe (cm)<\/td>\n<td style=\"width: 54pt; text-align: center;\" width=\"72\">Form<\/td>\n<td style=\"width: 54pt; text-align: center;\" width=\"72\">Farboptionen<\/td>\n<td style=\"width: 54pt; text-align: center;\" width=\"72\">Verwendung<\/td>\n<\/tr>\n<tr style=\"height: 13.50pt;\">\n<td style=\"height: 13.5pt; text-align: center;\" align=\"right\" height=\"18\">10<\/td>\n<td style=\"text-align: center;\">2.9 * 4.1<\/td>\n<td class=\"et2\" style=\"text-align: center;\" rowspan=\"2\">Rund, Quadratisch<\/td>\n<td class=\"et2\" style=\"text-align: center;\" rowspan=\"2\">Klar, individuell<\/td>\n<td class=\"et2\" style=\"text-align: center;\" rowspan=\"2\">Verpacken Sie Pfeffer, Chili, Salz usw.<\/td>\n<\/tr>\n<tr style=\"height: 13.50pt;\">\n<td style=\"height: 13.5pt; text-align: center;\" align=\"right\" height=\"18\">15<\/td>\n<td style=\"text-align: center;\">3.1 * 4.6<\/td>\n<\/tr>\n<\/tbody>\n<\/table>\n<h2>Erfolgsbeispiel<\/h2>\n<p>Eine kanadische Gew\u00fcrzfabrik wandte sich an uns, um ein individuell gestaltetes Set Mini-Gew\u00fcrzgl\u00e4ser anfertigen zu lassen. Die Gl\u00e4ser bestechen durch ihren ansprechenden, klaren Glask\u00f6rper und den formsch\u00f6nen, robusten Edelstahldeckel und sind somit sowohl praktisch als auch \u00e4sthetisch. Dank ihrer geringen Gr\u00f6\u00dfe eignen sie sich perfekt f\u00fcr Restaurant- und Caf\u00e9tische, und gleichzeitig erm\u00f6glicht das klare Glas den Kunden, die verschiedenen Gew\u00fcrze schnell zu erkennen.<\/p>\n<p>Nach der Markteinf\u00fchrung des neuen Gew\u00fcrzglas-Sets haben Catering-Kunden Gro\u00dfbestellungen aufgegeben, die einen Anstieg von 25 % verzeichneten.<\/p>\n<h2>Ihre Anpassungstipps<\/h2>\n<p>Diese kleinen Gew\u00fcrzgl\u00e4ser lassen sich flexibel personalisieren und so an unterschiedliche Anwendungsszenarien und Markenpositionierungen anpassen. K\u00e4ufer k\u00f6nnen beispielsweise zwischen eckigen und runden Gl\u00e4sern w\u00e4hlen, um sie an verschiedene Pr\u00e4sentationsstile anzupassen. Auch das Material des Deckels ist w\u00e4hlbar: Edelstahl, Aluminiumlegierung oder Kunststoff. Dadurch ergeben sich zahlreiche Oberfl\u00e4chenveredelungen wie gl\u00e4nzend, matt oder lackiert. Dar\u00fcber hinaus k\u00f6nnen Markenlogos oder Skalarmarkierungen auf die Gl\u00e4ser gedruckt werden, um die Markenbekanntheit zu steigern und den Kunden einen besseren Service zu bieten. F\u00fcr anspruchsvolle Kunden bieten wir au\u00dferdem Geschenkverpackungen oder Bambustabletts an, um das Gew\u00fcrzset besonders elegant zu pr\u00e4sentieren.<\/p>","protected":false},"excerpt":{"rendered":"<p>Entdecken Sie unsere Mini-Gew\u00fcrzgl\u00e4ser \u2013 ein individuell gestaltbares Gew\u00fcrzbeh\u00e4lter-Set aus Glas, erh\u00e4ltlich in gro\u00dfen Mengen. Direkt vom Hersteller \u2013 Qualit\u00e4t, schnelle Lieferung und OEM-Branding-Optionen garantiert.<\/p>","protected":false},"featured_media":2897,"template":"","meta":{"postBodyCss":"","postBodyMargin":[],"postBodyPadding":[],"postBodyBackground":{"backgroundType":"classic","gradient":""}},"product_brand":[],"product_cat":[15,17,53],"product_tag":[],"class_list":{"0":"post-2896","1":"product","2":"type-product","3":"status-publish","4":"has-post-thumbnail","6":"product_cat-glass-containers","7":"product_cat-glass-jars","8":"product_cat-spice-jars","10":"first","11":"instock","12":"shipping-taxable","13":"product-type-simple"},"jetpack_sharing_enabled":true,"_links":{"self":[{"href":"https:\/\/minghanggroup.com\/de\/wp-json\/wp\/v2\/product\/2896","targetHints":{"allow":["GET"]}}],"collection":[{"href":"https:\/\/minghanggroup.com\/de\/wp-json\/wp\/v2\/product"}],"about":[{"href":"https:\/\/minghanggroup.com\/de\/wp-json\/wp\/v2\/types\/product"}],"wp:featuredmedia":[{"embeddable":true,"href":"https:\/\/minghanggroup.com\/de\/wp-json\/wp\/v2\/media\/2897"}],"wp:attachment":[{"href":"https:\/\/minghanggroup.com\/de\/wp-json\/wp\/v2\/media?parent=2896"}],"wp:term":[{"taxonomy":"product_brand","embeddable":true,"href":"https:\/\/minghanggroup.com\/de\/wp-json\/wp\/v2\/product_brand?post=2896"},{"taxonomy":"product_cat","embeddable":true,"href":"https:\/\/minghanggroup.com\/de\/wp-json\/wp\/v2\/product_cat?post=2896"},{"taxonomy":"product_tag","embeddable":true,"href":"https:\/\/minghanggroup.com\/de\/wp-json\/wp\/v2\/product_tag?post=2896"}],"curies":[{"name":"wp","href":"https:\/\/api.w.org\/{rel}","templated":true}]}}