{"id":2876,"date":"2025-11-12T15:24:00","date_gmt":"2025-11-12T07:24:00","guid":{"rendered":"https:\/\/minghanggroup.com\/?post_type=product&#038;p=2876"},"modified":"2025-11-14T10:06:26","modified_gmt":"2025-11-14T02:06:26","slug":"cute-spice-jars-season-storage-containers-wholesale","status":"publish","type":"product","link":"https:\/\/minghanggroup.com\/de\/produkt\/cute-spice-jars-season-storage-containers-wholesale\/","title":{"rendered":"250-ml-Gew\u00fcrzgl\u00e4ser mit Bambusdeckeln (Gro\u00dfhandel)"},"content":{"rendered":"<p>Schluss mit langweiligen Gew\u00fcrzbeh\u00e4ltern, die Ihre K\u00fcche trist wirken lassen! Wir produzieren hochwertige, ansprechende Gew\u00fcrzgl\u00e4ser, die Ihre Gew\u00fcrze nicht nur frisch aufbewahren, sondern Ihre K\u00fcche auch zum Hingucker machen. Sie sind mehr als nur Beh\u00e4lter \u2013 sie sind die neue Geheimwaffe f\u00fcr optimale K\u00fcchenorganisation und ansprechende Lebensmittelverpackung.<\/p>\n<h2>Produktmerkmale<\/h2>\n<ol>\n<li><strong>Strukturiertes Wellendesign:<\/strong>Das unregelm\u00e4\u00dfige Wellenmuster auf unseren niedlichen Gew\u00fcrzgl\u00e4sern f\u00fcr die K\u00fcchenaufbewahrung zieht die Blicke des Kunden auf sich und sorgt daf\u00fcr, dass die Gew\u00fcrzbeh\u00e4lter angenehm in der Hand liegen.<\/li>\n<li><strong>Deckel aus nat\u00fcrlichem Bambus:<\/strong>Bambusdeckel mit Dichtungsringen halten Ihre Gew\u00fcrze frisch und verhindern, dass Feuchtigkeit die Gew\u00fcrzbeh\u00e4lter besch\u00e4digt, falls diese nass werden.<\/li>\n<li><strong>Individuelle Farboptionen:<\/strong>Mit der Wahl von transparenten oder einer individuellen Farbe k\u00f6nnen Sie Ihre Gew\u00fcrzgl\u00e4ser an Ihre Marke anpassen und erhalten so h\u00fcbsche Gl\u00e4ser, die perfekt zu Ihrer Marke passen.<\/li>\n<\/ol>\n<h2>Wichtigste Spezifikationen<\/h2>\n<table style=\"border-collapse: collapse; width: 80%; margin-left: AUTO; margin-right: AUTO;\" border=\"0\" width=\"360\" cellspacing=\"0\" cellpadding=\"0\">\n<tbody>\n<tr style=\"height: 13.50pt;\">\n<td style=\"height: 13.5pt; width: 54pt; text-align: center;\" width=\"72\" height=\"18\">Kapazit\u00e4t<\/td>\n<td style=\"width: 54pt; text-align: center;\" width=\"72\">Materialien<\/td>\n<td style=\"width: 54pt; text-align: center;\" width=\"72\">Farboptionen<\/td>\n<td style=\"width: 54pt; text-align: center;\" width=\"72\">Deckel<\/td>\n<td style=\"width: 54pt; text-align: center;\" width=\"72\">Oberfl\u00e4chenbehandlung<\/td>\n<\/tr>\n<tr style=\"height: 13.50pt;\">\n<td style=\"height: 13.5pt; text-align: center;\" height=\"18\">250 ml<\/td>\n<td style=\"text-align: center;\">Hochwei\u00dfes Glas, hitzebest\u00e4ndiges Glas<\/td>\n<td style=\"text-align: center;\">L\u00f6schen, Anpassung akzeptieren<\/td>\n<td style=\"text-align: center;\">Bambusdeckel \/ Glasdeckel \/ Korkdeckel \/ PE-Kunststoffdeckel<\/td>\n<td style=\"text-align: center;\">Siebdruck\/Mattdruck\/Abziehbild\/Farbspray\/Etikett usw.<\/td>\n<\/tr>\n<\/tbody>\n<\/table>\n<h2>Erfolgsbeispiel<\/h2>\n<p>Unser Team hatte die Gelegenheit, mit einem Restaurant in Kanada zusammenzuarbeiten und eine einzigartige Kollektion h\u00fcbscher Gew\u00fcrzgl\u00e4ser mit individuell gestalteten Bambusdeckeln zu kreieren. Die Gew\u00fcrze befinden sich in lebensmittelechtem, hochtransparentem Glas. Jedes Glas wird mit einem Deckel aus umweltfreundlichem Bambus und einem L\u00f6ffel aus demselben Material geliefert. Die dezente Lasergravur des Markenlogos auf den Deckeln ist eine unaufdringliche Art, die Marke zu pr\u00e4sentieren.<\/p>\n<p>Viele Kunden, die ihre Gew\u00fcrzbeh\u00e4lter durch diese Produkte ersetzt haben, schrieben in ihren Kommentaren, dass das einzigartige Design der Gl\u00e4ser sehr gut zum Stil des Restaurants passe und die weite \u00d6ffnung es ihnen leicht mache, die Gew\u00fcrze zu entnehmen.<\/p>\n<h2>Ihre Anpassungstipps<\/h2>\n<p>Wie w\u00e4re es mit einem h\u00fcbschen Gew\u00fcrzglas, um Ihre Marke individuell zu pr\u00e4sentieren? Ihr Logo oder Bild kann per Laser auf den Bambusdeckel graviert werden \u2013 eine gelungene Kombination aus Natur und Ihrem Branding. Alternativ k\u00f6nnen Sie das Deckelmaterial an Ihre Markenfarben anpassen, zum Beispiel Holz, farbiger Bambus oder Metall, und so f\u00fcr einen vielseitigen Stil sorgen. Auch der Glasbeh\u00e4lter l\u00e4sst sich individuell gestalten: klar oder mattiert und in verschiedenen Gr\u00f6\u00dfen zur Aufbewahrung von Gew\u00fcrzen. Ein Holzsockel oder ein Bambusl\u00f6ffelset runden das Gesamtbild ab und machen das Glas zu einer idealen L\u00f6sung f\u00fcr die K\u00fcchenorganisation und als Geschenkidee.<\/p>","protected":false},"excerpt":{"rendered":"<p>Entdecken Sie unsere h\u00fcbschen Gew\u00fcrzgl\u00e4ser mit Bambusdeckeln \u2013 direkt vom Hersteller erh\u00e4ltliche Aufbewahrungsbeh\u00e4lter f\u00fcr Gew\u00fcrze, individuell anpassbar f\u00fcr Gro\u00dfbestellungen mit schneller Lieferung und OEM-Optionen.<\/p>","protected":false},"featured_media":2877,"template":"","meta":{"postBodyCss":"","postBodyMargin":[],"postBodyPadding":[],"postBodyBackground":{"backgroundType":"classic","gradient":""}},"product_brand":[],"product_cat":[15,17,53],"product_tag":[],"class_list":{"0":"post-2876","1":"product","2":"type-product","3":"status-publish","4":"has-post-thumbnail","6":"product_cat-glass-containers","7":"product_cat-glass-jars","8":"product_cat-spice-jars","10":"first","11":"instock","12":"shipping-taxable","13":"product-type-simple"},"jetpack_sharing_enabled":true,"_links":{"self":[{"href":"https:\/\/minghanggroup.com\/de\/wp-json\/wp\/v2\/product\/2876","targetHints":{"allow":["GET"]}}],"collection":[{"href":"https:\/\/minghanggroup.com\/de\/wp-json\/wp\/v2\/product"}],"about":[{"href":"https:\/\/minghanggroup.com\/de\/wp-json\/wp\/v2\/types\/product"}],"wp:featuredmedia":[{"embeddable":true,"href":"https:\/\/minghanggroup.com\/de\/wp-json\/wp\/v2\/media\/2877"}],"wp:attachment":[{"href":"https:\/\/minghanggroup.com\/de\/wp-json\/wp\/v2\/media?parent=2876"}],"wp:term":[{"taxonomy":"product_brand","embeddable":true,"href":"https:\/\/minghanggroup.com\/de\/wp-json\/wp\/v2\/product_brand?post=2876"},{"taxonomy":"product_cat","embeddable":true,"href":"https:\/\/minghanggroup.com\/de\/wp-json\/wp\/v2\/product_cat?post=2876"},{"taxonomy":"product_tag","embeddable":true,"href":"https:\/\/minghanggroup.com\/de\/wp-json\/wp\/v2\/product_tag?post=2876"}],"curies":[{"name":"wp","href":"https:\/\/api.w.org\/{rel}","templated":true}]}}