{"id":2836,"date":"2025-11-12T14:04:17","date_gmt":"2025-11-12T06:04:17","guid":{"rendered":"https:\/\/minghanggroup.com\/?post_type=product&#038;p=2836"},"modified":"2025-11-14T10:06:33","modified_gmt":"2025-11-14T02:06:33","slug":"spice-shaker-jars-wholesaler-glass-jars-factory","status":"publish","type":"product","link":"https:\/\/minghanggroup.com\/de\/produkt\/spice-shaker-jars-wholesaler-glass-jars-factory\/","title":{"rendered":"85-ml-Gew\u00fcrzstreuer mit Deckel zur Aufbewahrung"},"content":{"rendered":"<p>Lassen Sie sich nicht l\u00e4nger von einem unordentlichen Kr\u00e4uterglas st\u00f6ren und Ihre K\u00fcche unordentlich wirken. Wir stellen hochwertige Gew\u00fcrzstreuer her, die Ihre K\u00fcche nicht nur modern und stilvoll aussehen lassen, sondern Ihre Gew\u00fcrze auch frisch halten. Diese Streuer sind mehr als nur Beh\u00e4lter \u2013 sie sind die neue Geheimwaffe f\u00fcr optimale K\u00fcchenorganisation und Lebensmittelverpackung.<\/p>\n<h2>Produktmerkmale<\/h2>\n<p><strong>Ergonomischer Griff:<\/strong>Dank des glatten, geschwungenen Designs des Griffs Ihres Kr\u00e4uterglases liegt es komfortabel und einfach in der Hand und eignet sich f\u00fcr jeden Einsatz in der K\u00fcche.<\/p>\n<p><strong>Farbanpassung:<\/strong>Sie k\u00f6nnen die Deckelfarbe passend zu Ihrer Marke f\u00fcr Ihr Kr\u00e4uterglas ausw\u00e4hlen: Schwarz, Rot, Gelb, Silber oder Gr\u00fcn.<\/p>\n<p><strong>Pr\u00e4zisionssch\u00fcttelkappe:<\/strong>Durch die L\u00f6cher l\u00e4sst sich der Gew\u00fcrzfluss f\u00fcr Pfeffer, Salz, Zucker und Mehl perfekt kontrollieren.<\/p>\n<h2>Wichtigste Spezifikationen<\/h2>\n<table style=\"border-collapse: collapse; width: 80%; margin-left: AUTO; margin-right: AUTO;\" border=\"0\" width=\"288\" cellspacing=\"0\" cellpadding=\"0\">\n<tbody>\n<tr style=\"height: 13.50pt;\">\n<td style=\"height: 13.5pt; width: 54pt; text-align: center;\" width=\"72\" height=\"18\">Kapazit\u00e4t<\/td>\n<td style=\"width: 54pt; text-align: center;\" width=\"72\">Deckel<\/td>\n<td style=\"width: 54pt; text-align: center;\" width=\"72\">Farboptionen<\/td>\n<td style=\"width: 54pt; text-align: center;\" width=\"72\">Verwendung<\/td>\n<\/tr>\n<tr style=\"height: 13.50pt;\">\n<td style=\"height: 13.5pt; text-align: center;\" height=\"18\">85 ml<\/td>\n<td style=\"text-align: center;\">Schmetterlings-Schraubverschluss<\/td>\n<td style=\"text-align: center;\">Klar, individuell<\/td>\n<td style=\"text-align: center;\">Getrocknete Kr\u00e4uter, Gew\u00fcrze, Pfeffer, Gew\u00fcrzmischungen und mehr<\/td>\n<\/tr>\n<\/tbody>\n<\/table>\n<h2>Erfolgsbeispiel<\/h2>\n<p>Ein kanadischer Hersteller von Haushaltswaren wandte sich an uns, um dieses Kr\u00e4uterglas sowie ein transparentes Vanilleglas zu personalisieren, das die reinen Farben der Gew\u00fcrze zur Geltung bringt. Die Marke entwickelte einen einfachen und intuitiven Farbcode f\u00fcr verschiedene Gew\u00fcrzsorten, indem sie rote, gelbe und gr\u00fcne Klappdeckel anfertigte.<\/p>\n<p>Das Ergebnis war \u00e4u\u00dferst beeindruckend: Das Produkt wurde nicht nur im Regal besser sichtbar, sondern f\u00fchrte innerhalb von drei Monaten auch zu einem Umsatzanstieg von 25 %.<\/p>\n<h2>Ihre Anpassungstipps<\/h2>\n<p>Eine der besten M\u00f6glichkeiten, die Markenbekanntheit zu steigern, ist ein trendiges und stilvolles Design Ihrer Marke auf diesen Gew\u00fcrzstreuern. Sie k\u00f6nnten die Deckelfarbe individuell gestalten, zum Beispiel mit leuchtenden Farben wie Rot, Gr\u00fcn oder Gelb, passend zu den verschiedenen Gew\u00fcrzen. Das erleichtert nicht nur das Sortieren, sondern macht das Regal auch zu einem Blickfang. Es ist au\u00dferdem m\u00f6glich, Ihr Markenlogo, eine Gravur oder ein Etikett auf dem Deckel oder der Flasche anzubringen. Denken Sie an einen feuchtigkeitsbest\u00e4ndigen Verschluss oder mattiertes Glas, um dem Produkt ein ansprechendes Aussehen zu verleihen und sicherzustellen, dass Aussehen und Funktion des Produkts mit der Markenidentit\u00e4t \u00fcbereinstimmen.<\/p>","protected":false},"excerpt":{"rendered":"<p>Entdecken Sie farbenfrohe Gew\u00fcrzstreuer und Kr\u00e4utergl\u00e4ser \u2013 direkt vom Hersteller, individuell gestaltbar und auch in gro\u00dfen Mengen erh\u00e4ltlich, um Ihren Verpackungsbedarf f\u00fcr Gew\u00fcrze zu decken.<\/p>","protected":false},"featured_media":2866,"template":"","meta":{"postBodyCss":"","postBodyMargin":[],"postBodyPadding":[],"postBodyBackground":{"backgroundType":"classic","gradient":""}},"product_brand":[],"product_cat":[15,17,53],"product_tag":[],"class_list":{"0":"post-2836","1":"product","2":"type-product","3":"status-publish","4":"has-post-thumbnail","6":"product_cat-glass-containers","7":"product_cat-glass-jars","8":"product_cat-spice-jars","10":"first","11":"instock","12":"shipping-taxable","13":"product-type-simple"},"jetpack_sharing_enabled":true,"_links":{"self":[{"href":"https:\/\/minghanggroup.com\/de\/wp-json\/wp\/v2\/product\/2836","targetHints":{"allow":["GET"]}}],"collection":[{"href":"https:\/\/minghanggroup.com\/de\/wp-json\/wp\/v2\/product"}],"about":[{"href":"https:\/\/minghanggroup.com\/de\/wp-json\/wp\/v2\/types\/product"}],"wp:featuredmedia":[{"embeddable":true,"href":"https:\/\/minghanggroup.com\/de\/wp-json\/wp\/v2\/media\/2866"}],"wp:attachment":[{"href":"https:\/\/minghanggroup.com\/de\/wp-json\/wp\/v2\/media?parent=2836"}],"wp:term":[{"taxonomy":"product_brand","embeddable":true,"href":"https:\/\/minghanggroup.com\/de\/wp-json\/wp\/v2\/product_brand?post=2836"},{"taxonomy":"product_cat","embeddable":true,"href":"https:\/\/minghanggroup.com\/de\/wp-json\/wp\/v2\/product_cat?post=2836"},{"taxonomy":"product_tag","embeddable":true,"href":"https:\/\/minghanggroup.com\/de\/wp-json\/wp\/v2\/product_tag?post=2836"}],"curies":[{"name":"wp","href":"https:\/\/api.w.org\/{rel}","templated":true}]}}