{"id":2772,"date":"2025-11-12T10:39:54","date_gmt":"2025-11-12T02:39:54","guid":{"rendered":"https:\/\/minghanggroup.com\/?post_type=product&#038;p=2772"},"modified":"2026-03-02T15:08:54","modified_gmt":"2026-03-02T07:08:54","slug":"bulk-transparent-round-glass-hot-sauce-containers","status":"publish","type":"product","link":"https:\/\/minghanggroup.com\/de\/produkt\/bulk-transparent-round-glass-hot-sauce-containers\/","title":{"rendered":"Gro\u00dfpackung 8oz transparente runde Glasbeh\u00e4lter f\u00fcr scharfe Saucen"},"content":{"rendered":"<p>Diese Beh\u00e4lter f\u00fcr scharfe Saucen befinden sich in einer schlanken, modischen, transparenten Glasflasche mit schwarzem Schraubverschluss, wodurch die leuchtend rote Sauce und die roten Chiliflocken gut sichtbar sind.<\/p>\n<h2>Produktmerkmale<\/h2>\n<ul>\n<li><strong>Transparentes Glas:<\/strong> Ein transparenter Glasbeh\u00e4lter ist ein hervorragendes Mittel, um dem Kunden die satte Farbe und Reinheit der scharfen Sauce zu pr\u00e4sentieren.<\/li>\n<li><strong>Schwarzer Schraubverschluss:<\/strong> Ein fest verschlossener schwarzer Schraubverschluss f\u00fcr scharfe Saucen verhindert sehr effektiv das Auslaufen w\u00e4hrend des Transports.<\/li>\n<li><strong>Komfortabel und benutzerfreundlich:<\/strong> Die schlanke, elegante Flaschenform liegt perfekt in der Hand, sodass K\u00e4ufer keine Probleme beim Ausgie\u00dfen und Dosieren des Produkts haben werden.<\/li>\n<\/ul>\n<h2 style=\"text-align: left;\">Wichtigste Spezifikationen<\/h2>\n<table class=\"aligncenter\" style=\"border-collapse: collapse; width: 492.77pt;\" border=\"0\" width=\"657\" cellspacing=\"0\" cellpadding=\"0\">\n<tbody>\n<tr style=\"height: 13.50pt;\">\n<td style=\"height: 13.50pt; width: 107.25pt;\" width=\"143\" height=\"18\">Specification<\/td>\n<td style=\"width: 385.50pt;\" width=\"514\">Details<\/td>\n<\/tr>\n<tr style=\"height: 13.50pt;\">\n<td style=\"height: 13.50pt;\" height=\"18\">Kapazit\u00e4t<\/td>\n<td>250 ml (8 oz)<\/td>\n<\/tr>\n<tr style=\"height: 13.50pt;\">\n<td style=\"height: 13.50pt;\" height=\"18\">Abmessungen<\/td>\n<td>5,2 cm \u00d7 18,9 cm<\/td>\n<\/tr>\n<tr style=\"height: 13.50pt;\">\n<td style=\"height: 13.50pt;\" height=\"18\">Material<\/td>\n<td>Lebensmittelechtes klares Glas Stout<\/td>\n<\/tr>\n<tr style=\"height: 13.50pt;\">\n<td style=\"height: 13.50pt;\" height=\"18\">Flaschentyp<\/td>\n<td>Runde Glasflasche mit langem Hals, flachem Boden und glatter Schulter<\/td>\n<\/tr>\n<tr style=\"height: 13.50pt;\">\n<td style=\"height: 13.50pt;\" height=\"18\">Schlie\u00dfung<\/td>\n<td>Standard-Schraubgewinde (passend f\u00fcr Kunststoff-\/Metallkappen + Einlage)<\/td>\n<\/tr>\n<tr style=\"height: 13.50pt;\">\n<td style=\"height: 13.50pt;\" height=\"18\">Ideal f\u00fcr<\/td>\n<td>Scharfe So\u00dfe, BBQ-So\u00dfe, Dressing<\/td>\n<\/tr>\n<tr style=\"height: 13.50pt;\">\n<td style=\"height: 13.50pt;\" height=\"18\">Anwendungsfall<\/td>\n<td>Leere So\u00dfenbeh\u00e4lter, Gro\u00dfpackungen scharfer So\u00dfenflaschen<\/td>\n<\/tr>\n<\/tbody>\n<\/table>\n<h2>Fallstudie aus der Praxis: Die Geschichte eines Herstellers handgefertigter Saucen<\/h2>\n<p>Auf der Suche nach einer Marke, die ein hochwertiges Produkt widerspiegelt, ben\u00f6tigte ein Startup, das sich der Kleinserienproduktion einzigartiger Saucen verschrieben hat, zuverl\u00e4ssige Beh\u00e4lter f\u00fcr seine scharfen Saucen. Die Wahl fiel schlie\u00dflich auf diese 250-ml-Glasflasche. Und was war das Ergebnis ihrer Online-Tests? Ihr E-Commerce-Umsatz stieg im ersten Quartal um 20 %, und die Kunden nannten insbesondere die ansprechende Verpackung als Hauptgrund f\u00fcr ihre K\u00e4ufe. Die Auslaufsicherheit reduzierte zudem die Anzahl besch\u00e4digter Produkte um bis zu 95 %. Sie bestellten 200.000 Flaschen in gro\u00dfen Mengen f\u00fcr die Geschmacksrichtungen zweier neuer Produkte, was ihre gro\u00dfe Zufriedenheit mit der Produktleistung unterstreicht.<\/p>\n<h2>Ma\u00dfgeschneiderte Beh\u00e4lterl\u00f6sungen f\u00fcr scharfe Saucen<\/h2>\n<ul>\n<li><strong>Aufgedruckte Kapazit\u00e4tsmarkierungen:<\/strong> Um Kapazit\u00e4tskennzeichnungen dauerhaft zu gestalten, sollten diese aufgedruckt werden \u2013 das vereint Praktikabilit\u00e4t und Professionalit\u00e4t.<\/li>\n<li><strong>Individuelle Glasfarben:<\/strong> Erw\u00e4gen Sie, f\u00fcr Ihr Glas bernsteinfarbene oder gr\u00fcne Optionen zu w\u00e4hlen, um die lichtempfindlichen Saucen zu sch\u00fctzen.<\/li>\n<li><strong>Strukturierte Glasmuster:<\/strong> Die Idee von strukturierten Oberfl\u00e4chen bietet nicht nur einen erstaunlichen visuellen Effekt, sondern l\u00f6st auch das Problem der Griffigkeit, indem sie \u00c4sthetik und Funktionalit\u00e4t zugleich vereint.<\/li>\n<li><strong>Spezielle Durchflussregler:<\/strong> Entwerfen Sie spezielle Durchflussregler zur Regulierung der Durchflussrate von dickfl\u00fcssigeren Produkten wie Sirupen oder Saucen.<\/li>\n<\/ul>","protected":false},"excerpt":{"rendered":"<p>Schlanke Glasflaschen f\u00fcr scharfe Saucen in Gro\u00dfpackungen mit schwarzen Verschl\u00fcssen, ideal als praktische Beh\u00e4lter f\u00fcr Saucen. Perfekte Beh\u00e4lter f\u00fcr scharfe Saucen im Gro\u00dfhandel mit schnellem Versand.<\/p>","protected":false},"featured_media":2853,"template":"","meta":{"postBodyCss":"","postBodyMargin":[],"postBodyPadding":[],"postBodyBackground":{"backgroundType":"classic","gradient":""}},"product_brand":[],"product_cat":[15,16,54],"product_tag":[72,98],"class_list":{"0":"post-2772","1":"product","2":"type-product","3":"status-publish","4":"has-post-thumbnail","6":"product_cat-glass-containers","7":"product_cat-glass-bottles","8":"product_cat-hot-sauce-bottles","9":"product_tag-juice-bottles","10":"product_tag-salad-dressing-bottles","12":"first","13":"instock","14":"shipping-taxable","15":"product-type-simple"},"jetpack_sharing_enabled":true,"_links":{"self":[{"href":"https:\/\/minghanggroup.com\/de\/wp-json\/wp\/v2\/product\/2772","targetHints":{"allow":["GET"]}}],"collection":[{"href":"https:\/\/minghanggroup.com\/de\/wp-json\/wp\/v2\/product"}],"about":[{"href":"https:\/\/minghanggroup.com\/de\/wp-json\/wp\/v2\/types\/product"}],"wp:featuredmedia":[{"embeddable":true,"href":"https:\/\/minghanggroup.com\/de\/wp-json\/wp\/v2\/media\/2853"}],"wp:attachment":[{"href":"https:\/\/minghanggroup.com\/de\/wp-json\/wp\/v2\/media?parent=2772"}],"wp:term":[{"taxonomy":"product_brand","embeddable":true,"href":"https:\/\/minghanggroup.com\/de\/wp-json\/wp\/v2\/product_brand?post=2772"},{"taxonomy":"product_cat","embeddable":true,"href":"https:\/\/minghanggroup.com\/de\/wp-json\/wp\/v2\/product_cat?post=2772"},{"taxonomy":"product_tag","embeddable":true,"href":"https:\/\/minghanggroup.com\/de\/wp-json\/wp\/v2\/product_tag?post=2772"}],"curies":[{"name":"wp","href":"https:\/\/api.w.org\/{rel}","templated":true}]}}