{"id":2749,"date":"2025-11-12T11:33:21","date_gmt":"2025-11-12T03:33:21","guid":{"rendered":"https:\/\/minghanggroup.com\/?post_type=product&#038;p=2749"},"modified":"2025-11-14T10:06:40","modified_gmt":"2025-11-14T02:06:40","slug":"4oz-glass-herb-jars-with-bamboo-lid-for-seasoning","status":"publish","type":"product","link":"https:\/\/minghanggroup.com\/de\/produkt\/4oz-glass-herb-jars-with-bamboo-lid-for-seasoning\/","title":{"rendered":"4-Unzen-Kr\u00e4utergl\u00e4ser aus Glas mit Bambusdeckel zum W\u00fcrzen"},"content":{"rendered":"<p>Schluss mit der un\u00fcbersichtlichen Gew\u00fcrzaufbewahrung, die Ihre K\u00fcche nur noch chaotischer macht! Wir stellen hochwertige, quadratische Gew\u00fcrzgl\u00e4ser aus Glas her, die Ihre Gew\u00fcrze nicht nur frisch halten, sondern auch Ihre K\u00fcche optisch aufwerten. Sie sind mehr als nur Beh\u00e4lter \u2013 sie sind die neue Geheimwaffe f\u00fcr optimale K\u00fcchenorganisation und Lebensmittelverpackung.<\/p>\n<h2>Produktmerkmale<\/h2>\n<p>Lebendige Farbauswahl: F\u00fcr Kr\u00e4utergl\u00e4ser und Gew\u00fcrzbeh\u00e4lter aus Glas k\u00f6nnen Sie zwischen Bernstein, Rot, Blau oder Gr\u00fcn w\u00e4hlen, um perfekt zum Erscheinungsbild Ihrer Marke zu passen.<\/p>\n<p>Nat\u00fcrlicher Bambusdeckel: Bambusdeckel verleihen Ihren Gew\u00fcrzbeh\u00e4ltern nicht nur ein nat\u00fcrliches Aussehen, sondern sorgen auch f\u00fcr einen dichten Verschluss \u2013 was k\u00f6nnte besser f\u00fcr Pfeffer, Salz und Kr\u00e4uter geeignet sein?<\/p>\n<p>Modernes quadratisches Design: Die stilvolle quadratische Form Ihrer K\u00fcchenaufbewahrungsbeh\u00e4lter und Gew\u00fcrzsammlung macht sie so gro\u00dfartig \u2013 in jedem Lebensmittelbetrieb, schon beim Anblick.<\/p>\n<h2>Wichtigste Spezifikationen<\/h2>\n<table style=\"border-collapse: collapse; width: 80%; margin-left: auto; margin-right: auto;\" border=\"0\" width=\"360\" cellspacing=\"0\" cellpadding=\"0\">\n<tbody>\n<tr style=\"height: 13.50pt;\">\n<td style=\"height: 13.5pt; width: 54pt; text-align: center;\" width=\"72\" height=\"18\">Kapazit\u00e4t<\/td>\n<td style=\"width: 54pt; text-align: center;\" width=\"72\">Form<\/td>\n<td style=\"width: 54pt; text-align: center;\" width=\"72\">Farboptionen<\/td>\n<td style=\"width: 54pt; text-align: center;\" width=\"72\">Material<\/td>\n<td style=\"width: 54pt; text-align: center;\" width=\"72\">Deckeloptionen<\/td>\n<\/tr>\n<tr style=\"height: 13.50pt;\">\n<td style=\"height: 13.5pt; text-align: center;\" height=\"18\">120 ml \/ 4 oz<\/td>\n<td style=\"text-align: center;\">Quadrat<\/td>\n<td style=\"text-align: center;\">Bernstein, Rot, Blau, Gr\u00fcn, Benutzerdefiniert<\/td>\n<td style=\"text-align: center;\">Robustes Glas<\/td>\n<td style=\"text-align: center;\">Bambus, Metall, Kunststoff, Streudeckel<\/td>\n<\/tr>\n<\/tbody>\n<\/table>\n<h2>Erfolgsbeispiel<\/h2>\n<p>Eine europ\u00e4ische Bio-Marke hat sich mit uns zusammengetan, um eine Reihe hochwertiger, quadratischer Gew\u00fcrzgl\u00e4ser aus Glas f\u00fcr ihre Vanille-Linie zu entwickeln. Um die Frische der Gew\u00fcrze zu bewahren und sie vor Licht zu sch\u00fctzen, entschied man sich f\u00fcr tief bernsteinfarbene und kobaltblaue Gl\u00e4ser. Die umweltfreundliche Markenbotschaft wurde durch die individuell gestalteten Bambusdeckel mit Markenlogo zus\u00e4tzlich unterstrichen.<\/p>\n<p>Nach der Produkteinf\u00fchrung stieg der Umsatz der Marke um \u200b\u200d\u200b\u200c\u200d\u200b\u200d\u200c\u200b\u200d\u200b\u200c\u200d\u200b\u200d\u200c28%.<\/p>\n<h2>Ihre Anpassungstipps<\/h2>\n<p>Die quadratischen Gew\u00fcrzgl\u00e4ser aus Glas sind so flexibel, dass sie sich an verschiedene Markenpositionierungen anpassen lassen und aus bernsteinfarbenem, blauem, gr\u00fcnem oder klarem Glas gefertigt werden k\u00f6nnen, um sich farblich an jede Kr\u00e4uter- oder Gew\u00fcrzlinie anzupassen. Die Deckel sind aus Bambus, Aluminium oder Kunststoff erh\u00e4ltlich und k\u00f6nnen mit dem Markenlogo lasergraviert oder bedruckt werden, um ein nat\u00fcrliches oder modernes Markenimage zu unterstreichen. Dar\u00fcber hinaus gibt es verschiedene Optionen: feuchtigkeitsdichte Dichtungen, Deckel mit Streul\u00f6chern oder L\u00f6ffeldeckel. Diese verbessern sowohl die Funktionalit\u00e4t als auch die Optik der Gew\u00fcrzgl\u00e4ser, die so nicht nur Aufbewahrungsm\u00f6glichkeiten bieten, sondern auch die \u00c4sthetik der Markenk\u00fcche unterstreichen.<\/p>","protected":false},"excerpt":{"rendered":"<p>Elegante Kr\u00e4utergl\u00e4ser aus Glas mit Bambusdeckeln \u2013 direkt vom Hersteller, individuell gestaltbar und in gro\u00dfen Mengen erh\u00e4ltlich, um die Gew\u00fcrzverpackung Ihrer Marke mit modernem Charme aufzuwerten.<\/p>","protected":false},"featured_media":2750,"template":"","meta":{"postBodyCss":"","postBodyMargin":[],"postBodyPadding":[],"postBodyBackground":{"backgroundType":"classic","gradient":""}},"product_brand":[],"product_cat":[15,17,53],"product_tag":[],"class_list":{"0":"post-2749","1":"product","2":"type-product","3":"status-publish","4":"has-post-thumbnail","6":"product_cat-glass-containers","7":"product_cat-glass-jars","8":"product_cat-spice-jars","10":"first","11":"instock","12":"shipping-taxable","13":"product-type-simple"},"jetpack_sharing_enabled":true,"_links":{"self":[{"href":"https:\/\/minghanggroup.com\/de\/wp-json\/wp\/v2\/product\/2749","targetHints":{"allow":["GET"]}}],"collection":[{"href":"https:\/\/minghanggroup.com\/de\/wp-json\/wp\/v2\/product"}],"about":[{"href":"https:\/\/minghanggroup.com\/de\/wp-json\/wp\/v2\/types\/product"}],"wp:featuredmedia":[{"embeddable":true,"href":"https:\/\/minghanggroup.com\/de\/wp-json\/wp\/v2\/media\/2750"}],"wp:attachment":[{"href":"https:\/\/minghanggroup.com\/de\/wp-json\/wp\/v2\/media?parent=2749"}],"wp:term":[{"taxonomy":"product_brand","embeddable":true,"href":"https:\/\/minghanggroup.com\/de\/wp-json\/wp\/v2\/product_brand?post=2749"},{"taxonomy":"product_cat","embeddable":true,"href":"https:\/\/minghanggroup.com\/de\/wp-json\/wp\/v2\/product_cat?post=2749"},{"taxonomy":"product_tag","embeddable":true,"href":"https:\/\/minghanggroup.com\/de\/wp-json\/wp\/v2\/product_tag?post=2749"}],"curies":[{"name":"wp","href":"https:\/\/api.w.org\/{rel}","templated":true}]}}