{"id":2660,"date":"2025-11-11T16:16:12","date_gmt":"2025-11-11T08:16:12","guid":{"rendered":"https:\/\/minghanggroup.com\/?post_type=product&#038;p=2660"},"modified":"2026-03-02T15:09:28","modified_gmt":"2026-03-02T07:09:28","slug":"bulk-round-hot-sause-bottles-for-pepper-sauce","status":"publish","type":"product","link":"https:\/\/minghanggroup.com\/de\/produkt\/bulk-round-hot-sause-bottles-for-pepper-sauce\/","title":{"rendered":"Runde Gro\u00dfpackungen f\u00fcr scharfe So\u00dfen, z. B. f\u00fcr Pfefferso\u00dfe, 250 ml, 350 ml, 500 ml"},"content":{"rendered":"<p>Diese Hei\u00dfso\u00dfenflaschen sind aus Klarglas gefertigt und verf\u00fcgen \u00fcber glatte, abgerundete Linien in drei verschiedenen Gr\u00f6\u00dfen. Die Flaschen sind mit einem leuchtend roten Schraubverschluss versehen, der sich durch sein ansprechendes Design und seine einfache Handhabung auszeichnet.<\/p>\n<h2>Produktmerkmale<\/h2>\n<ul>\n<li><strong>Reines Glasmaterial:<\/strong> In den transparenten Glasbeh\u00e4ltern k\u00f6nnen nur wenige Kunden dem Reiz der leuchtenden Farbe und der Textur der Chilisauce widerstehen.<\/li>\n<li><strong>Sicherheitssiegel und auslaufsicher:<\/strong> Die Frische des Produkts wird durch den Schraubverschluss gew\u00e4hrleistet, der durch eine manipulationssichere Einlage sichergestellt wird. Au\u00dferdem wird ein Auslaufen w\u00e4hrend des Transports und der Lagerung des Produkts verhindert.<\/li>\n<li><strong>Minimalistisches Flaschendesign:<\/strong> Die klare, zylindrische Form in Verbindung mit den sanften, eleganten Linien ergibt eine Kombination aus Funktionalit\u00e4t und einfacher Aufbewahrung.<\/li>\n<\/ul>\n<h2 style=\"text-align: left;\">Wichtigste Spezifikationen<\/h2>\n<table class=\"aligncenter\" style=\"border-collapse: collapse; width: 588.77pt;\" border=\"0\" width=\"785\" cellspacing=\"0\" cellpadding=\"0\">\n<tbody>\n<tr style=\"height: 13.50pt;\">\n<td style=\"height: 13.50pt; width: 108.75pt;\" width=\"145\" height=\"18\">Specification<\/td>\n<td style=\"width: 480.00pt;\" width=\"640\">Details<\/td>\n<\/tr>\n<tr style=\"height: 13.50pt;\">\n<td style=\"height: 13.50pt;\" height=\"18\">Material<\/td>\n<td>Klares Stout im Glas (Lebensmittelqualit\u00e4t)<\/td>\n<\/tr>\n<tr style=\"height: 13.50pt;\">\n<td style=\"height: 13.50pt;\" height=\"18\">Flaschenform<\/td>\n<td>Runde Glasflasche mit geraden W\u00e4nden, flachem Boden und glatter Schulter<\/td>\n<\/tr>\n<tr style=\"height: 13.50pt;\">\n<td style=\"height: 13.50pt;\" height=\"18\">Verf\u00fcgbare Gr\u00f6\u00dfen<\/td>\n<td>250 ml (5,2 cm \u00d7 17,8 cm), 350 ml (5,8 cm \u00d7 19,5 cm), 500 ml (6,5 cm \u00d7 21,7 cm)<\/td>\n<\/tr>\n<tr style=\"height: 13.50pt;\">\n<td style=\"height: 13.50pt;\" height=\"18\">Ideal f\u00fcr<\/td>\n<td>Scharfe So\u00dfenflasche, Flaschen f\u00fcr Pfefferso\u00dfe<\/td>\n<\/tr>\n<\/tbody>\n<\/table>\n<h2>Erfolgsgeschichte: Eine florierende Chilisaucenmarke<\/h2>\n<p>Einer unserer Kunden, ein Startup, das sich auf handgefertigte Chilisauce in kleinen Chargen spezialisiert hat, ben\u00f6tigte Flaschen f\u00fcr seine Pfeffersauce, die der schnell wachsenden Nachfrage gerecht werden konnten. Schlie\u00dflich entschied man sich f\u00fcr unsere 350-ml-Glasflaschen. Nach dem ersten Halbjahr nach Markteinf\u00fchrung stieg der Umsatz um 40 %, das robuste Glasmaterial reduzierte die Bruchrate um 30 %, und innerhalb eines Jahres bestellte das Unternehmen weitere 500.000 Flaschen. Die Robustheit der Flaschen beim Transport und das positive Kundenfeedback zur Benutzerfreundlichkeit sind die Gr\u00fcnde f\u00fcr den Erfolg und die Folgebestellungen.<\/p>\n<h2>Vorschl\u00e4ge zur individuellen Gestaltung von Hei\u00dfsaucenflaschen<\/h2>\n<ul>\n<li><strong>Aufgedrucktes Logo:<\/strong> Pr\u00e4gen Sie Ihr Markenlogo direkt auf die Glasflasche und erzielen Sie so ein hochwertiges Erscheinungsbild.<\/li>\n<li><strong>Siebgedruckte Abschlusszeugnisse:<\/strong> Drucken Sie dauerhafte, hitzegeh\u00e4rtete Graduierungen auf, um das Volumen anzuzeigen.<\/li>\n<li><strong>Farbglas:<\/strong> Sch\u00fctzen Sie Ihr lichtempfindliches Produkt mit einem bernsteinfarbenen oder gr\u00fcnen Glasbeh\u00e4lter anstelle eines transparenten Beh\u00e4lters.<\/li>\n<li><strong>S\u00e4urege\u00e4tztes Branding:<\/strong> Verleihen Sie Ihrer Kreation mit Hilfe der Glas\u00e4tzmethode eine individuelle Note und erzielen Sie so ein stilvolles und zeitloses Markenimage.<\/li>\n<\/ul>","protected":false},"excerpt":{"rendered":"<p>Transparente Hei\u00dfwasserso\u00dfenflasche mit rotem Schraubverschluss, schlankes, zylindrisches Design, schlichte Optik. Ideal f\u00fcr die Verpackung von Pfefferso\u00dfen. Kostenlose Muster erh\u00e4ltlich.<\/p>","protected":false},"featured_media":2684,"template":"","meta":{"postBodyCss":"","postBodyMargin":[],"postBodyPadding":[],"postBodyBackground":{"backgroundType":"classic","gradient":""}},"product_brand":[],"product_cat":[15,16,54],"product_tag":[98],"class_list":{"0":"post-2660","1":"product","2":"type-product","3":"status-publish","4":"has-post-thumbnail","6":"product_cat-glass-containers","7":"product_cat-glass-bottles","8":"product_cat-hot-sauce-bottles","9":"product_tag-salad-dressing-bottles","11":"first","12":"instock","13":"shipping-taxable","14":"product-type-simple"},"jetpack_sharing_enabled":true,"_links":{"self":[{"href":"https:\/\/minghanggroup.com\/de\/wp-json\/wp\/v2\/product\/2660","targetHints":{"allow":["GET"]}}],"collection":[{"href":"https:\/\/minghanggroup.com\/de\/wp-json\/wp\/v2\/product"}],"about":[{"href":"https:\/\/minghanggroup.com\/de\/wp-json\/wp\/v2\/types\/product"}],"wp:featuredmedia":[{"embeddable":true,"href":"https:\/\/minghanggroup.com\/de\/wp-json\/wp\/v2\/media\/2684"}],"wp:attachment":[{"href":"https:\/\/minghanggroup.com\/de\/wp-json\/wp\/v2\/media?parent=2660"}],"wp:term":[{"taxonomy":"product_brand","embeddable":true,"href":"https:\/\/minghanggroup.com\/de\/wp-json\/wp\/v2\/product_brand?post=2660"},{"taxonomy":"product_cat","embeddable":true,"href":"https:\/\/minghanggroup.com\/de\/wp-json\/wp\/v2\/product_cat?post=2660"},{"taxonomy":"product_tag","embeddable":true,"href":"https:\/\/minghanggroup.com\/de\/wp-json\/wp\/v2\/product_tag?post=2660"}],"curies":[{"name":"wp","href":"https:\/\/api.w.org\/{rel}","templated":true}]}}