{"id":2624,"date":"2025-11-11T17:02:12","date_gmt":"2025-11-11T09:02:12","guid":{"rendered":"https:\/\/minghanggroup.com\/?post_type=product&#038;p=2624"},"modified":"2025-11-14T10:06:54","modified_gmt":"2025-11-14T02:06:54","slug":"clear-spices-jars-glass-containers-bulk","status":"publish","type":"product","link":"https:\/\/minghanggroup.com\/de\/produkt\/clear-spices-jars-glass-containers-bulk\/","title":{"rendered":"80 ml und 120 ml Gew\u00fcrzgl\u00e4ser aus Klarglas zur Aufbewahrung in gro\u00dfen Mengen"},"content":{"rendered":"<p>Schluss mit unordentlichen Gew\u00fcrzbeh\u00e4ltern, die Ihre K\u00fcche chaotisch wirken lassen! Wir fertigen hochwertige Gew\u00fcrzbeh\u00e4lter aus Glas, die Ihre K\u00fcche in einen stilvollen Raum verwandeln und gleichzeitig Ihre Gew\u00fcrze frisch halten. Diese Beh\u00e4lter sind mehr als nur Aufbewahrungsboxen \u2013 sie sind die neue Geheimwaffe f\u00fcr optimale K\u00fcchenorganisation und Lebensmittelverpackung.<\/p>\n<h2>Produktmerkmale<\/h2>\n<ol>\n<li><strong>Kristallklare Klarheit:<\/strong>Dank des hochtransparenten Glases haben Sie Ihre Gew\u00fcrze immer im Blick \u2013 Sie m\u00fcssen nicht mehr raten, wann Sie Ihre Glasgew\u00fcrzbeh\u00e4lter nachbestellen m\u00fcssen.<\/li>\n<li><strong>Sichere Versiegelung:<\/strong>Der Metalldeckel sorgt f\u00fcr einen dichten Verschluss, damit die Gew\u00fcrze in Ihren Gew\u00fcrzbeh\u00e4ltern frisch bleiben und nichts ausl\u00e4uft.<\/li>\n<li><strong>Vielseitige Verwendungsm\u00f6glichkeiten:<\/strong>Perfekt geeignet sowohl f\u00fcr trockene Gew\u00fcrze wie Pfeffer als auch f\u00fcr fl\u00fcssige Saucen oder \u00d6l \u2013 der ultimative Gew\u00fcrzbeh\u00e4lter f\u00fcr jede K\u00fcche.<\/li>\n<\/ol>\n<h2>Wichtigste Spezifikationen<\/h2>\n<table style=\"border-collapse: collapse; width: 80%; margin-right: auto; margin-left: auto;\" border=\"0\" width=\"288\" cellspacing=\"0\" cellpadding=\"0\">\n<tbody>\n<tr style=\"height: 13.50pt;\">\n<td style=\"height: 13.5pt; width: 54pt; text-align: center;\" width=\"72\" height=\"18\">Kapazit\u00e4t<\/td>\n<td style=\"width: 54pt; text-align: center;\" width=\"72\">Form<\/td>\n<td style=\"width: 54pt; text-align: center;\" width=\"72\">Deckeloptionen<\/td>\n<td style=\"width: 54pt; text-align: center;\" width=\"72\">Vielseitig einsetzbar<\/td>\n<\/tr>\n<tr style=\"height: 13.50pt;\">\n<td style=\"height: 13.5pt; text-align: center;\" height=\"18\">80 ml<\/td>\n<td class=\"et2\" style=\"text-align: center;\" rowspan=\"2\">Runden<\/td>\n<td class=\"et2\" style=\"text-align: center;\" rowspan=\"2\">Aluminium, Holz, Kunststoff<\/td>\n<td class=\"et2\" style=\"text-align: center;\" rowspan=\"2\">Ideal f\u00fcr Saucen und \u00d6le<\/td>\n<\/tr>\n<tr style=\"height: 13.50pt;\">\n<td style=\"height: 13.5pt; text-align: center;\" height=\"18\">120 ml<\/td>\n<\/tr>\n<\/tbody>\n<\/table>\n<h2>Erfolgsbeispiel<\/h2>\n<p>Ein innovatives kanadisches Lebensmittelunternehmen hat mit uns zusammengearbeitet, um seine Verpackung mithilfe unseres Glasgew\u00fcrzbeh\u00e4lter-Sets zu \u00fcberarbeiten. Die Idee war, elegante und transparente Gl\u00e4ser zu verwenden, um die farbenfrohe Vielfalt ihrer reinen Gew\u00fcrze visuell zu vermitteln. Dar\u00fcber hinaus entschied man sich f\u00fcr individuell gestaltete Deckel aus geb\u00fcrstetem Aluminium und einen personalisierten Logodruck, um die Markenidentit\u00e4t zu st\u00e4rken.<\/p>\n<p>Es dauerte nur drei Monate, bis das Paket ein gro\u00dfer Erfolg wurde und der Umsatz infolge des Sets um 30 % stieg.<\/p>\n<h2>Ihre Anpassungstipps<\/h2>\n<p>Die austauschbaren Deckelmaterialien wie Bambus oder Edelstahl sind nur einige der vielen Personalisierungsm\u00f6glichkeiten, die dieser Gew\u00fcrzbeh\u00e4lter aus Glas f\u00fcr Ihre Marke bietet. Um die Flasche attraktiver zu gestalten und die Markenbekanntheit zu steigern, kann sie per Siebdruck oder Hei\u00dfpr\u00e4gung mit Ihrem Logo bedruckt werden. Zus\u00e4tzlich l\u00e4sst sich ein drehbarer Siebdeckel oder ein Messl\u00f6ffeldeckel anbringen, um die Handhabung zu erleichtern und den Produktwert zu erh\u00f6hen.<\/p>","protected":false},"excerpt":{"rendered":"<p>Robustes Gew\u00fcrzglas-Set mit luftdichten Deckeln. Die perfekten Gl\u00e4ser, um Ihre Kr\u00e4uter, Pulver und Gew\u00fcrze in der K\u00fcche frisch und ordentlich aufzubewahren.<\/p>","protected":false},"featured_media":2626,"template":"","meta":{"postBodyCss":"","postBodyMargin":[],"postBodyPadding":[],"postBodyBackground":{"backgroundType":"classic","gradient":""}},"product_brand":[],"product_cat":[15,17,53],"product_tag":[],"class_list":{"0":"post-2624","1":"product","2":"type-product","3":"status-publish","4":"has-post-thumbnail","6":"product_cat-glass-containers","7":"product_cat-glass-jars","8":"product_cat-spice-jars","10":"first","11":"instock","12":"shipping-taxable","13":"product-type-simple"},"jetpack_sharing_enabled":true,"_links":{"self":[{"href":"https:\/\/minghanggroup.com\/de\/wp-json\/wp\/v2\/product\/2624","targetHints":{"allow":["GET"]}}],"collection":[{"href":"https:\/\/minghanggroup.com\/de\/wp-json\/wp\/v2\/product"}],"about":[{"href":"https:\/\/minghanggroup.com\/de\/wp-json\/wp\/v2\/types\/product"}],"wp:featuredmedia":[{"embeddable":true,"href":"https:\/\/minghanggroup.com\/de\/wp-json\/wp\/v2\/media\/2626"}],"wp:attachment":[{"href":"https:\/\/minghanggroup.com\/de\/wp-json\/wp\/v2\/media?parent=2624"}],"wp:term":[{"taxonomy":"product_brand","embeddable":true,"href":"https:\/\/minghanggroup.com\/de\/wp-json\/wp\/v2\/product_brand?post=2624"},{"taxonomy":"product_cat","embeddable":true,"href":"https:\/\/minghanggroup.com\/de\/wp-json\/wp\/v2\/product_cat?post=2624"},{"taxonomy":"product_tag","embeddable":true,"href":"https:\/\/minghanggroup.com\/de\/wp-json\/wp\/v2\/product_tag?post=2624"}],"curies":[{"name":"wp","href":"https:\/\/api.w.org\/{rel}","templated":true}]}}