{"id":2619,"date":"2025-11-11T15:25:41","date_gmt":"2025-11-11T07:25:41","guid":{"rendered":"https:\/\/minghanggroup.com\/?post_type=product&#038;p=2619"},"modified":"2026-03-02T15:10:04","modified_gmt":"2026-03-02T07:10:04","slug":"wholesale-clear-glass-soy-sauce-bottles-with-screw-lid","status":"publish","type":"product","link":"https:\/\/minghanggroup.com\/de\/produkt\/wholesale-clear-glass-soy-sauce-bottles-with-screw-lid\/","title":{"rendered":"Gro\u00dfhandel mit durchsichtigen Sojasaucenflaschen aus Glas mit Schraubverschluss, 80 ml \u2013 400 ml"},"content":{"rendered":"<p>Diese Sojasaucenflaschen sind aus reinem, transparentem Glas gefertigt. Ihr ergonomisch geschwungenes Design sorgt f\u00fcr einen angenehmen Griff. Sie vereinen \u00c4sthetik und Funktionalit\u00e4t auf ideale Weise \u2013 ein perfektes Beispiel f\u00fcr die gelungene Verbindung von Form und Funktion.<\/p>\n<h2>Produktmerkmale<\/h2>\n<ul>\n<li><strong>Ergonomisches Griffdesign:<\/strong> Das abgerundete Griffdesign erm\u00f6glicht nicht nur ein komfortableres Ausgie\u00dfen, sondern sorgt auch f\u00fcr einen festen Halt, sodass Sie die Fl\u00fcssigkeit pr\u00e4zise und tropffrei ausgie\u00dfen k\u00f6nnen.<\/li>\n<li><strong>Transparentes Glasmaterial:<\/strong> Die Flasche besteht aus transparentem Glas, was das visuelle Abmessen der verbleibenden Sojasauce erleichtert.<\/li>\n<li><strong>Verschiedene Gr\u00f6\u00dfen erh\u00e4ltlich:<\/strong> Sie sind in verschiedenen Gr\u00f6\u00dfen erh\u00e4ltlich, um unterschiedlichen Anforderungen gerecht zu werden.<\/li>\n<\/ul>\n<h2 style=\"text-align: left;\">Wichtigste Spezifikationen<\/h2>\n<table class=\"aligncenter\" style=\"border-collapse: collapse; width: 439.52pt;\" border=\"0\" width=\"586\" cellspacing=\"0\" cellpadding=\"0\">\n<tbody>\n<tr style=\"height: 13.50pt;\">\n<td style=\"height: 13.50pt; width: 73.50pt;\" width=\"98\" height=\"18\">Kapazit\u00e4t<\/td>\n<td style=\"width: 88.50pt;\" width=\"118\">H\u00f6he (cm)<\/td>\n<td style=\"width: 91.50pt;\" width=\"122\">Durchmesser (cm)<\/td>\n<td style=\"width: 186.00pt;\" width=\"248\">Ideal f\u00fcr<\/td>\n<\/tr>\n<tr style=\"height: 13.50pt;\">\n<td style=\"height: 13.50pt;\" height=\"18\">80 ml<\/td>\n<td class=\"et2\">15<\/td>\n<td class=\"et2\">4.3<\/td>\n<td>Probierpackungen, Mini-Dressings<\/td>\n<\/tr>\n<tr style=\"height: 13.50pt;\">\n<td style=\"height: 13.50pt;\" height=\"18\">120 ml<\/td>\n<td class=\"et2\">15.5<\/td>\n<td class=\"et2\">5<\/td>\n<td>Scharfe So\u00dfe, Essig-Shots<\/td>\n<\/tr>\n<tr style=\"height: 13.50pt;\">\n<td style=\"height: 13.50pt;\" height=\"18\">180 ml<\/td>\n<td class=\"et2\">19.5<\/td>\n<td class=\"et2\">5.2<\/td>\n<td>Sojasauce, BBQ-Glasuren<\/td>\n<\/tr>\n<tr style=\"height: 13.50pt;\">\n<td style=\"height: 13.50pt;\" height=\"18\">220 ml<\/td>\n<td class=\"et2\">21.5<\/td>\n<td class=\"et2\">5.5<\/td>\n<td>Tomatensauce, w\u00fcrzige Mischungen<\/td>\n<\/tr>\n<tr style=\"height: 13.50pt;\">\n<td style=\"height: 13.50pt;\" height=\"18\">360 ml<\/td>\n<td class=\"et2\">24<\/td>\n<td class=\"et2\">6.5<\/td>\n<td>Gew\u00fcrze in Familiengr\u00f6\u00dfe<\/td>\n<\/tr>\n<tr style=\"height: 13.50pt;\">\n<td style=\"height: 13.50pt;\" height=\"18\">400 ml<\/td>\n<td class=\"et2\">26<\/td>\n<td class=\"et2\">6.5<\/td>\n<td>Gro\u00dfpackungen f\u00fcr Restaurants<\/td>\n<\/tr>\n<\/tbody>\n<\/table>\n<h2>Erfolgsgeschichte: Wie Design die Markenbekanntheit steigert<\/h2>\n<p>Der Hersteller von Spezialketchup stand vor der Herausforderung, sich in einem hart umk\u00e4mpften Markt von der Konkurrenz abzuheben. Nach dem Wechsel zu unserer 220-ml-Tomatensaucenflasche mit ihrer einzigartigen Form, die den Kunden sofort ins Auge fiel, fand das Unternehmen die L\u00f6sung. Innerhalb von nur drei Monaten stieg der Einzelhandelsumsatz um 30 %. Der Filialleiter best\u00e4tigte, dass das unverwechselbare Flaschendesign ma\u00dfgeblich f\u00fcr die Kundenbindung verantwortlich war. Die Wiederkaufsrate erh\u00f6hte sich um 72 %. Infolgedessen liegen dem Unternehmen nun f\u00fcnf Gro\u00dfauftr\u00e4ge vor, und es hat sein Sortiment um die 360-ml-Familienpackung erweitert.<\/p>\n<h2>Vorschl\u00e4ge zur individuellen Gestaltung von Saucenflaschen<\/h2>\n<ul>\n<li><strong>Einstellbare Kurventiefe:<\/strong> Sie k\u00f6nnen den Grad der W\u00f6lbung der Flaschenhalskante ver\u00e4ndern, um die Kurve mehr oder weniger sichtbar zu machen.<\/li>\n<li><strong>Erhabene Volumenmarkierungen:<\/strong> F\u00fchren Sie erhabene Volumenmarkierungen auf der Flaschenschulter ein.<\/li>\n<li><strong>Platzierung des Siebdrucklogos:<\/strong> F\u00fcr optimale Sichtbarkeit lassen Sie Ihr Markenlogo unauff\u00e4llig auf die gebogene Fl\u00e4che drucken.<\/li>\n<li><strong>Farbige Glasvarianten:<\/strong> Verwenden Sie bernsteinfarbenes oder gr\u00fcnes Glas, das sich f\u00fcr lichtempfindliche Produkte eignet, wobei die Silhouette der Flasche erhalten bleibt.<\/li>\n<\/ul>\n<p>Sie m\u00f6chten die Ergonomie Ihres Produkts verbessern? Kontaktieren Sie uns noch heute und wir pr\u00e4sentieren Ihre Marke mit den hochwertigsten und unerreichbar g\u00fcnstigen Spezialglasflaschen f\u00fcr Sojasauce.<\/p>","protected":false},"excerpt":{"rendered":"<p>Transparente Glasflaschen f\u00fcr Tomatenso\u00dfe und Sojaso\u00dfe mit konturierter Taille, ideal f\u00fcr So\u00dfen, und bereit f\u00fcr den Gro\u00dfeinkauf mit schneller Lieferung.<\/p>","protected":false},"featured_media":2621,"template":"","meta":{"postBodyCss":"","postBodyMargin":[],"postBodyPadding":[],"postBodyBackground":{"backgroundType":"classic","gradient":""}},"product_brand":[],"product_cat":[15,16,54],"product_tag":[99,98],"class_list":{"0":"post-2619","1":"product","2":"type-product","3":"status-publish","4":"has-post-thumbnail","6":"product_cat-glass-containers","7":"product_cat-glass-bottles","8":"product_cat-hot-sauce-bottles","9":"product_tag-glass-vinegar-bottles","10":"product_tag-salad-dressing-bottles","12":"first","13":"instock","14":"shipping-taxable","15":"product-type-simple"},"jetpack_sharing_enabled":true,"_links":{"self":[{"href":"https:\/\/minghanggroup.com\/de\/wp-json\/wp\/v2\/product\/2619","targetHints":{"allow":["GET"]}}],"collection":[{"href":"https:\/\/minghanggroup.com\/de\/wp-json\/wp\/v2\/product"}],"about":[{"href":"https:\/\/minghanggroup.com\/de\/wp-json\/wp\/v2\/types\/product"}],"wp:featuredmedia":[{"embeddable":true,"href":"https:\/\/minghanggroup.com\/de\/wp-json\/wp\/v2\/media\/2621"}],"wp:attachment":[{"href":"https:\/\/minghanggroup.com\/de\/wp-json\/wp\/v2\/media?parent=2619"}],"wp:term":[{"taxonomy":"product_brand","embeddable":true,"href":"https:\/\/minghanggroup.com\/de\/wp-json\/wp\/v2\/product_brand?post=2619"},{"taxonomy":"product_cat","embeddable":true,"href":"https:\/\/minghanggroup.com\/de\/wp-json\/wp\/v2\/product_cat?post=2619"},{"taxonomy":"product_tag","embeddable":true,"href":"https:\/\/minghanggroup.com\/de\/wp-json\/wp\/v2\/product_tag?post=2619"}],"curies":[{"name":"wp","href":"https:\/\/api.w.org\/{rel}","templated":true}]}}