{"id":2557,"date":"2025-11-10T15:08:56","date_gmt":"2025-11-10T07:08:56","guid":{"rendered":"https:\/\/minghanggroup.com\/?post_type=product&#038;p=2557"},"modified":"2026-01-20T14:11:41","modified_gmt":"2026-01-20T06:11:41","slug":"flat-small-hot-sauce-bottles-for-pepper-sauce-bulk-supplier","status":"publish","type":"product","link":"https:\/\/minghanggroup.com\/de\/produkt\/flat-small-hot-sauce-bottles-for-pepper-sauce-bulk-supplier\/","title":{"rendered":"125 ml flache kleine Flaschen f\u00fcr scharfe So\u00dfe, z. B. f\u00fcr Pfefferso\u00dfe (Gro\u00dfpackung)"},"content":{"rendered":"<p>Dieses flache, kompakte, durchsichtige Glasgef\u00e4\u00df mit seinem abgerundeten Korpus und dem schwarzen Schraubverschluss eignet sich ideal zur Aufbewahrung kleiner Fl\u00e4schchen mit scharfen Saucen, Chilisaucen und anderen w\u00fcrzigen W\u00fcrzmitteln.<\/p>\n<h2>Produktmerkmale<\/h2>\n<ul>\n<li><strong>Auslaufsicher und sicher:<\/strong> Der fest schlie\u00dfende Schraubverschluss des Glases gew\u00e4hrleistet, dass die Produkte in einwandfreiem Zustand bei Ihnen ankommen und minimiert so das Risiko von Transportsch\u00e4den.<\/li>\n<li><strong>Einfache Bedienung:<\/strong> Der normale Hals und Ausguss funktionieren mit einem Ausgussadapter (der separat erworben werden kann) f\u00fcr ein genaues Dosieren, insbesondere wenn es sich um Chilisaucen auf Essigbasis handelt.<\/li>\n<li><strong>Blickfang:<\/strong> Dank der kompakten Form und des transparenten Glasmaterials ist Ihr Etikett im Vergleich zu zahlreichen anderen Barbecue-Saucenbeh\u00e4ltern gut sichtbar.<\/li>\n<\/ul>\n<h2 style=\"text-align: left;\">Wichtigste Spezifikationen<\/h2>\n<table class=\"aligncenter\" style=\"border-collapse: collapse; width: 471.02pt;\" border=\"0\" width=\"628\" cellspacing=\"0\" cellpadding=\"0\">\n<tbody>\n<tr style=\"height: 13.50pt;\">\n<td style=\"height: 13.50pt; width: 86.25pt;\" width=\"115\" height=\"18\">Besonderheit<\/td>\n<td style=\"width: 384.75pt;\" width=\"513\">Detail<\/td>\n<\/tr>\n<tr style=\"height: 13.50pt;\">\n<td style=\"height: 13.50pt;\" height=\"18\">Kapazit\u00e4t<\/td>\n<td>125 ml<\/td>\n<\/tr>\n<tr style=\"height: 13.50pt;\">\n<td style=\"height: 13.50pt;\" height=\"18\">Abmessungen<\/td>\n<td>6,4 cm (B) \u00d7 13 cm (H)<\/td>\n<\/tr>\n<tr style=\"height: 13.50pt;\">\n<td style=\"height: 13.50pt;\" height=\"18\">Material<\/td>\n<td>Klares Natronkalkglas<\/td>\n<\/tr>\n<tr style=\"height: 13.50pt;\">\n<td style=\"height: 13.50pt;\" height=\"18\">Schlie\u00dfung<\/td>\n<td>Schwarze Kunststoffkappe (individuell anpassbar)<\/td>\n<\/tr>\n<tr style=\"height: 13.50pt;\">\n<td style=\"height: 13.50pt;\" height=\"18\">Ideale Verwendung<\/td>\n<td>Glasflaschen f\u00fcr Pfeffersauce, kleine Flaschen f\u00fcr scharfe Sauce in gro\u00dfen Mengen<\/td>\n<\/tr>\n<\/tbody>\n<\/table>\n<h2>Erfolgsgeschichte: Unterst\u00fctzung einer Premiummarke<\/h2>\n<p>Ein Gourmet-Food-Startup entschied sich, diese Flaschen f\u00fcr Pfeffersauce als Verpackung f\u00fcr seine charakteristische scharfe Sauce zu verwenden. Die Flaschen eignen sich hervorragend als Beh\u00e4lter f\u00fcr die w\u00fcrzige und reichhaltige Rezeptur. Innerhalb von weniger als einem halben Jahr konnte der Vertrieb an den Einzelhandel um 25 % gesteigert werden. Die meisten Kunden (68 %), die innerhalb von zwei Monaten etwas gekauft hatten, bestellten die gleichen Produkte erneut. Daraufhin gaben sie drei weitere Bestellungen \u00fcber insgesamt 200.000 Flaschen auf und entwickelten so aus dem ersten Test eine stabile Gro\u00dfhandelspartnerschaft. Als Gr\u00fcnde f\u00fcr ihre Zufriedenheit nannten sie die hohe Verpackungsqualit\u00e4t und die schnelle Lieferung.<\/p>\n<h2>Vorschl\u00e4ge zur individuellen Gestaltung von Hot-Sauce-Flaschen<\/h2>\n<p>Verwandeln Sie diese leeren So\u00dfenflaschen in Ihre ganz pers\u00f6nlichen Unikate. Wir bieten Ihnen zahlreiche M\u00f6glichkeiten zur individuellen Gestaltung Ihrer kleinen Scharfso\u00dfenflaschen.<\/p>\n<ul>\n<li><strong>Glasfarbe:<\/strong> Warum nicht Klarglas, wenn Ihre farbenfrohe Sauce im Mittelpunkt stehen soll? Oder greifen Sie zu Braunglas, wenn Ihr Produkt lichtempfindlich ist?<\/li>\n<li><strong>Kappenfarbe:<\/strong> Neben Schwarz k\u00f6nnen Sie die Schraubkappen auch so personalisieren, dass sie Ihre Markenfarbe widerspiegeln.<\/li>\n<li><strong>Durchflussregler:<\/strong> Den Durchfluss von dickfl\u00fcssiger Barbecue-Sauce oder Sirup l\u00e4sst sich ganz einfach durch Hinzuf\u00fcgen eines leicht einstellbaren Durchflussreglers steuern.<\/li>\n<li><strong>Pr\u00e4gung:<\/strong> Verwandeln Sie Ihr Logo oder Ihre Grafik in ein gepr\u00e4gtes Bild direkt auf die Glasverpackung Ihrer scharfen Sauce \u2013 f\u00fcr einen einzigartigen visuellen Markeneffekt.<\/li>\n<li><strong>Linertyp:<\/strong> F\u00fcr eine bessere Abdichtung und einen besseren Schutz vor stark riechenden Essigsorten oder \u00f6ligen W\u00fcrzmitteln k\u00f6nnten Sie ein spezielles Auskleidungsmaterial in Betracht ziehen.<\/li>\n<\/ul>","protected":false},"excerpt":{"rendered":"<p>Kleine, formsch\u00f6ne Flaschen f\u00fcr scharfe Sauce. Hochwertige Chilisaucenflaschen, ideal f\u00fcr selbstgemachte oder gewerbliche Chilisauce. Gratisprobe.<\/p>","protected":false},"featured_media":2559,"template":"","meta":{"postBodyCss":"","postBodyMargin":[],"postBodyPadding":[],"postBodyBackground":{"backgroundType":"classic","gradient":""}},"product_brand":[],"product_cat":[15,16,54],"product_tag":[72],"class_list":{"0":"post-2557","1":"product","2":"type-product","3":"status-publish","4":"has-post-thumbnail","6":"product_cat-glass-containers","7":"product_cat-glass-bottles","8":"product_cat-hot-sauce-bottles","9":"product_tag-juice-bottles","11":"first","12":"instock","13":"shipping-taxable","14":"product-type-simple"},"jetpack_sharing_enabled":true,"_links":{"self":[{"href":"https:\/\/minghanggroup.com\/de\/wp-json\/wp\/v2\/product\/2557","targetHints":{"allow":["GET"]}}],"collection":[{"href":"https:\/\/minghanggroup.com\/de\/wp-json\/wp\/v2\/product"}],"about":[{"href":"https:\/\/minghanggroup.com\/de\/wp-json\/wp\/v2\/types\/product"}],"wp:featuredmedia":[{"embeddable":true,"href":"https:\/\/minghanggroup.com\/de\/wp-json\/wp\/v2\/media\/2559"}],"wp:attachment":[{"href":"https:\/\/minghanggroup.com\/de\/wp-json\/wp\/v2\/media?parent=2557"}],"wp:term":[{"taxonomy":"product_brand","embeddable":true,"href":"https:\/\/minghanggroup.com\/de\/wp-json\/wp\/v2\/product_brand?post=2557"},{"taxonomy":"product_cat","embeddable":true,"href":"https:\/\/minghanggroup.com\/de\/wp-json\/wp\/v2\/product_cat?post=2557"},{"taxonomy":"product_tag","embeddable":true,"href":"https:\/\/minghanggroup.com\/de\/wp-json\/wp\/v2\/product_tag?post=2557"}],"curies":[{"name":"wp","href":"https:\/\/api.w.org\/{rel}","templated":true}]}}