{"id":2552,"date":"2025-11-07T13:54:34","date_gmt":"2025-11-07T05:54:34","guid":{"rendered":"https:\/\/minghanggroup.com\/?post_type=product&#038;p=2552"},"modified":"2026-03-02T15:17:52","modified_gmt":"2026-03-02T07:17:52","slug":"wholesale-clear-square-glass-bottles-for-sauces","status":"publish","type":"product","link":"https:\/\/minghanggroup.com\/de\/produkt\/wholesale-clear-square-glass-bottles-for-sauces\/","title":{"rendered":"Klare, quadratische Glasflaschen f\u00fcr So\u00dfen im Gro\u00dfhandel, 100 ml, 150 ml, 250 ml"},"content":{"rendered":"<p>Diese aus Klarglas gefertigten, minimalistisch-quadratischen Glasflaschen f\u00fcr Saucen sind in drei verschiedenen Gr\u00f6\u00dfen erh\u00e4ltlich. Die schwarzen Verschl\u00fcsse machen die Chilisauce nicht nur zu einem attraktiven Blickfang, sondern f\u00fcgen sich auch harmonisch in jede K\u00fccheneinrichtung ein.<\/p>\n<h2>Produktmerkmale<\/h2>\n<ul>\n<li><strong>Quadratisches Flaschendesign:<\/strong> Die quadratische Flasche mit ihren klaren Linien ist eine gro\u00dfartige Kombination aus Sch\u00f6nheit und Funktionalit\u00e4t.<\/li>\n<li><strong>Verschiedene Gr\u00f6\u00dfen:<\/strong> Die drei verschiedenen Kapazit\u00e4ten des Produkts k\u00f6nnen genutzt werden, um verschiedene Bed\u00fcrfnisse zu befriedigen und eignen sich auch f\u00fcr den t\u00e4glichen Familiengebrauch, zum Umpacken und f\u00fcr andere Situationen.<\/li>\n<li><strong>Minimalistischer Stil:<\/strong> Der schwarze Deckel, der auf den durchsichtigen Glask\u00f6rper des Einmachglases passt, verleiht ihm ein minimalistisches und modernes Aussehen, das sowohl funktional als auch flexibel einsetzbar ist.<\/li>\n<\/ul>\n<h2 style=\"text-align: left;\">Wichtigste Spezifikationen<\/h2>\n<table class=\"aligncenter\" style=\"border-collapse: collapse; width: 469.52pt;\" border=\"0\" width=\"626\" cellspacing=\"0\" cellpadding=\"0\">\n<tbody>\n<tr style=\"height: 13.50pt;\">\n<td style=\"height: 13.50pt; width: 127.50pt;\" width=\"170\" height=\"18\">Besonderheit<\/td>\n<td style=\"width: 342.00pt;\" width=\"456\">Specification<\/td>\n<\/tr>\n<tr style=\"height: 13.50pt;\">\n<td style=\"height: 13.50pt;\" height=\"18\">Kapazit\u00e4ten<\/td>\n<td>100 ml \/ 150 ml \/ 250 ml<\/td>\n<\/tr>\n<tr style=\"height: 13.50pt;\">\n<td style=\"height: 13.50pt;\" height=\"18\">Abmessungen (B\u00d7H)<\/td>\n<td>4 \u00d7 13,2 cm \/ 4,4 \u00d7 16,6 cm \/ 5,1 \u00d7 19,7 cm<\/td>\n<\/tr>\n<tr style=\"height: 13.50pt;\">\n<td style=\"height: 13.50pt;\" height=\"18\">Form<\/td>\n<td>Quadratische Stout-Flasche mit flachen Seiten und scharfen Kanten<\/td>\n<\/tr>\n<tr style=\"height: 13.50pt;\">\n<td style=\"height: 13.50pt;\" height=\"18\">Material<\/td>\n<td>Klares, stabiles Glas, lebensmittelecht, bleifrei<\/td>\n<\/tr>\n<tr style=\"height: 13.50pt;\">\n<td style=\"height: 13.50pt;\" height=\"18\">Verschluss inklusive<\/td>\n<td>Saucenflasche mit schwarzem Schraubverschluss (individuell anpassbar)<\/td>\n<\/tr>\n<tr style=\"height: 13.50pt;\">\n<td style=\"height: 13.50pt;\" height=\"18\">Ideale Verwendung<\/td>\n<td>Glasflaschen f\u00fcr So\u00dfen, Gro\u00dfpackungen scharfer So\u00dfen<\/td>\n<\/tr>\n<\/tbody>\n<\/table>\n<h2>Erfolgsgeschichte: Die ideale Kombination aus Effizienz und Stil<\/h2>\n<p>Da die Beliebtheit des Gew\u00fcrzherstellers rasant zunahm, stellte die ineffiziente Lagerung aufgrund der runden, instabilen Flaschen ein Problem dar. Durch den Wechsel zu unseren 150-ml-Vierkantflaschen f\u00fcr Saucen konnte dieses Problem gel\u00f6st werden. Dadurch erh\u00f6hte sich die Palettenfl\u00e4che um 20 %, was die Logistikkosten erheblich senkte. Das moderne Design entsprach zudem den Vorlieben der Zielgruppe, sodass der Umsatz im ersten Quartal nach Einf\u00fchrung der neuen Verpackung um 15 % stieg. Anschlie\u00dfend bestellte der Kunde vier Gro\u00dfmengen von jeweils 100.000 Flaschen, um nicht nur seinen Lagerbestand zu erweitern, sondern auch die 250-ml-Flasche f\u00fcr seine neue Gew\u00fcrzlinie einzuf\u00fchren.<\/p>\n<h2>Glasflaschen f\u00fcr So\u00dfen individuell gestalten<\/h2>\n<ul>\n<li><strong>Aufgedrucktes Logo:<\/strong> Erw\u00e4gen Sie, ein Logo auf den erhabenen Teil einer der flachen Platten zu pr\u00e4gen.<\/li>\n<li><strong>Siebdruck:<\/strong> Platzieren Sie Ihr Kunstwerk direkt auf dem Glas, um ein langlebiges und erstklassiges Erscheinungsbild zu erzielen.<\/li>\n<li><strong>Buntglas:<\/strong> Verwenden Sie bernsteinfarbenes oder gr\u00fcnes Glas, wenn Sie Ihre lichtempfindlichen Saucen optimal aufbewahren und gleichzeitig einen einzigartigen Look erzielen m\u00f6chten.<\/li>\n<li><strong>S\u00e4ure\u00e4tzung:<\/strong> Gestalten Sie Ihr Bedienfeld mit s\u00e4urege\u00e4tzten geometrischen Figuren.<\/li>\n<\/ul>\n<p>M\u00f6chten Sie Ihre Verpackungen effizienter gestalten? In unserem Katalog finden Sie quadratische So\u00dfenflaschen in verschiedenen Gr\u00f6\u00dfen. Wenn Sie gr\u00f6\u00dfere Mengen an scharfen So\u00dfenflaschen bestellen m\u00f6chten, kontaktieren Sie uns, um mehr \u00fcber unsere Gro\u00dfhandelspreise und den schnellen Versand zu erfahren.<\/p>","protected":false},"excerpt":{"rendered":"<p>Quadratische, geometrische So\u00dfenflaschen aus Klarglas, ideal f\u00fcr scharfe So\u00dfen oder BBQ-So\u00dfen. Kaufen Sie So\u00dfenflaschen aus Glas im Gro\u00dfhandel zu attraktiven Preisen. Kostenlose Muster.<\/p>","protected":false},"featured_media":2556,"template":"","meta":{"postBodyCss":"","postBodyMargin":[],"postBodyPadding":[],"postBodyBackground":{"backgroundType":"classic","gradient":""}},"product_brand":[],"product_cat":[15,16,54],"product_tag":[98],"class_list":{"0":"post-2552","1":"product","2":"type-product","3":"status-publish","4":"has-post-thumbnail","6":"product_cat-glass-containers","7":"product_cat-glass-bottles","8":"product_cat-hot-sauce-bottles","9":"product_tag-salad-dressing-bottles","11":"first","12":"instock","13":"shipping-taxable","14":"product-type-simple"},"jetpack_sharing_enabled":true,"_links":{"self":[{"href":"https:\/\/minghanggroup.com\/de\/wp-json\/wp\/v2\/product\/2552","targetHints":{"allow":["GET"]}}],"collection":[{"href":"https:\/\/minghanggroup.com\/de\/wp-json\/wp\/v2\/product"}],"about":[{"href":"https:\/\/minghanggroup.com\/de\/wp-json\/wp\/v2\/types\/product"}],"wp:featuredmedia":[{"embeddable":true,"href":"https:\/\/minghanggroup.com\/de\/wp-json\/wp\/v2\/media\/2556"}],"wp:attachment":[{"href":"https:\/\/minghanggroup.com\/de\/wp-json\/wp\/v2\/media?parent=2552"}],"wp:term":[{"taxonomy":"product_brand","embeddable":true,"href":"https:\/\/minghanggroup.com\/de\/wp-json\/wp\/v2\/product_brand?post=2552"},{"taxonomy":"product_cat","embeddable":true,"href":"https:\/\/minghanggroup.com\/de\/wp-json\/wp\/v2\/product_cat?post=2552"},{"taxonomy":"product_tag","embeddable":true,"href":"https:\/\/minghanggroup.com\/de\/wp-json\/wp\/v2\/product_tag?post=2552"}],"curies":[{"name":"wp","href":"https:\/\/api.w.org\/{rel}","templated":true}]}}