{"id":2547,"date":"2025-11-07T11:45:30","date_gmt":"2025-11-07T03:45:30","guid":{"rendered":"https:\/\/minghanggroup.com\/?post_type=product&#038;p=2547"},"modified":"2026-03-02T15:19:54","modified_gmt":"2026-03-02T07:19:54","slug":"250ml-410ml-485ml-transparent-glass-hot-sauce-bottles-wholesale","status":"publish","type":"product","link":"https:\/\/minghanggroup.com\/de\/produkt\/250ml-410ml-485ml-transparent-glass-hot-sauce-bottles-wholesale\/","title":{"rendered":"250 ml, 410 ml, 485 ml Transparente Glasflaschen f\u00fcr scharfe Saucen (Gro\u00dfhandel)"},"content":{"rendered":"<p>Diese Glasflaschen f\u00fcr scharfe Saucen zeichnen sich durch ein schlankes und leicht konisches Design aus und sind aus Klarglas gefertigt, wodurch die Flaschen stilvoll und harmonisch wirken.<\/p>\n<h2>Produktmerkmale<\/h2>\n<ul>\n<li><strong>Elegantes konisches Design:<\/strong> Das konische, einteilige Design vom Boden bis zur Schulter zeugt von einer hochwertigen Haptik und verleiht dem Produkt dadurch eine unverwechselbare Optik im Regal.<\/li>\n<li><strong>Klarglasmaterial:<\/strong> Der transparente Glasbeh\u00e4lter erm\u00f6glicht es den Verbrauchern, die Farbe und die Menge der darin enthaltenen Chilisauce zu \u00fcberpr\u00fcfen und erleichtert somit auch die Identifizierung und \u00dcberwachung.<\/li>\n<li><strong>Produktionsfreundliches Design:<\/strong> Der gerade, konische Flaschenk\u00f6rper steht stabil auf der Abf\u00fcllanlage und kann so zu einer h\u00f6heren Verpackungseffizienz beitragen.<\/li>\n<\/ul>\n<h2 style=\"text-align: left;\">Wichtigste Spezifikationen<\/h2>\n<table class=\"aligncenter\" style=\"border-collapse: collapse; width: 490.52pt;\" border=\"0\" width=\"654\" cellspacing=\"0\" cellpadding=\"0\">\n<tbody>\n<tr style=\"height: 13.50pt;\">\n<td style=\"height: 13.50pt; width: 127.50pt;\" width=\"170\" height=\"18\">Besonderheit<\/td>\n<td style=\"width: 363.00pt;\" width=\"484\">Specification<\/td>\n<\/tr>\n<tr style=\"height: 13.50pt;\">\n<td style=\"height: 13.50pt;\" height=\"18\">Kapazit\u00e4ten<\/td>\n<td>250 ml \/ 410 ml \/ 485 ml<\/td>\n<\/tr>\n<tr style=\"height: 13.50pt;\">\n<td style=\"height: 13.50pt;\" height=\"18\">Abmessungen (T\u00d7H)<\/td>\n<td>4,4 \u00d7 15,5 cm \/ 6,4 \u00d7 24,4 cm \/ 6,6 \u00d7 26 cm<\/td>\n<\/tr>\n<tr style=\"height: 13.50pt;\">\n<td style=\"height: 13.50pt;\" height=\"18\">Form<\/td>\n<td>Konische, st\u00e4mmige Flasche \u2013 am Boden etwas schmaler.<\/td>\n<\/tr>\n<tr style=\"height: 13.50pt;\">\n<td style=\"height: 13.50pt;\" height=\"18\">Material<\/td>\n<td>Klares, stabiles Glas, lebensmittelecht, bleifrei<\/td>\n<\/tr>\n<tr style=\"height: 13.50pt;\">\n<td style=\"height: 13.50pt;\" height=\"18\">Schlie\u00dfungsbereit<\/td>\n<td>Funktioniert mit jedem Schraubverschluss, jeder Auskleidung oder jedem Drosselring.<\/td>\n<\/tr>\n<tr style=\"height: 13.50pt;\">\n<td style=\"height: 13.50pt;\" height=\"18\">Am besten geeignet f\u00fcr<\/td>\n<td>Scharfe So\u00dfe, Chilisauce, Tomatendressing<\/td>\n<\/tr>\n<tr style=\"height: 13.50pt;\">\n<td style=\"height: 13.50pt;\" height=\"18\">Ideale Verwendung<\/td>\n<td>Hot-Sauce-Flaschen, Saucenflaschen im Gro\u00dfhandel<\/td>\n<\/tr>\n<\/tbody>\n<\/table>\n<h2>Erfolgsgeschichte: Wie Premiumflaschen Markenwachstum f\u00f6rdern<\/h2>\n<p>Ein kleiner Hersteller von scharfen Saucen wollte seine Produkte in den exklusivsten Superm\u00e4rkten anbieten, doch es fehlte ihm die passende Verpackung. Schlie\u00dflich entschied er sich f\u00fcr unsere 410-ml-Konusglasflaschen, die nicht nur elegant, sondern auch stilvoll waren. Die neue Flasche erfreute sich schnell gro\u00dfer Beliebtheit. Innerhalb von sechs Monaten konnte der Hersteller einen Umsatzanstieg von 40 % im Premiumsegment verzeichnen und die Preise erfolgreich um 15 % anheben. Die markante Flaschenform wurde zu seinem Markenzeichen und ebnete ihm den Weg zu drei Gro\u00dfauftr\u00e4gen in Folge. Aktuell, mit der Expansion in weitere M\u00e4rkte, verzeichnet das Unternehmen ein j\u00e4hrliches Auftragswachstum von 60 %.<\/p>\n<h2>Vorschl\u00e4ge zur Flaschenindividualisierung<\/h2>\n<ul>\n<li><strong>Benutzerdefinierte Kappenfarbe:<\/strong> Die Wahl einer bestimmten Farbe f\u00fcr die Kappe Ihrer Produktlinie oder die Abstimmung auf Ihr Markenimage kann die Sichtbarkeit Ihrer Produkte verbessern.<\/li>\n<li><strong>Gepr\u00e4gte Kapillarmarkierungen:<\/strong> Bringen Sie die Pr\u00e4gung mit dem Graduierungsstempel auf der Flasche an.<\/li>\n<li><strong>Siebgedruckte Farbverl\u00e4ufe:<\/strong> Verwenden Sie einen Farbverlauf, der der konischen Form der Flasche entspricht, um eine attraktivere visuelle Dynamik zu erzielen.<\/li>\n<li><strong>Spezielles Futter:<\/strong> Die Einlage im Deckel sollte an die jeweiligen Inhaltsstoffe angepasst werden.<\/li>\n<\/ul>\n<p>M\u00f6chten Sie Ihr Gro\u00dfhandelsgesch\u00e4ft mit Saucenflaschen auf die n\u00e4chste Stufe heben? Um den Gro\u00dfhandelspreis zu erfahren, kontaktieren Sie uns und lernen Sie, wie das richtige Flaschendesign die Au\u00dfendarstellung Ihrer Marke im Regal ver\u00e4ndern kann.<\/p>","protected":false},"excerpt":{"rendered":"<p>Hochwertige Glasflaschen f\u00fcr scharfe Saucen mit schlankem, konischem Design. Die Saucenflaschen im Gro\u00dfhandel sind ideal f\u00fcr kleine Marken und Restaurants. Schneller Versand, kostenlose Muster.<\/p>","protected":false},"featured_media":2551,"template":"","meta":{"postBodyCss":"","postBodyMargin":[],"postBodyPadding":[],"postBodyBackground":{"backgroundType":"classic","gradient":""}},"product_brand":[],"product_cat":[15,16,54],"product_tag":[99,98],"class_list":{"0":"post-2547","1":"product","2":"type-product","3":"status-publish","4":"has-post-thumbnail","6":"product_cat-glass-containers","7":"product_cat-glass-bottles","8":"product_cat-hot-sauce-bottles","9":"product_tag-glass-vinegar-bottles","10":"product_tag-salad-dressing-bottles","12":"first","13":"instock","14":"shipping-taxable","15":"product-type-simple"},"jetpack_sharing_enabled":true,"_links":{"self":[{"href":"https:\/\/minghanggroup.com\/de\/wp-json\/wp\/v2\/product\/2547","targetHints":{"allow":["GET"]}}],"collection":[{"href":"https:\/\/minghanggroup.com\/de\/wp-json\/wp\/v2\/product"}],"about":[{"href":"https:\/\/minghanggroup.com\/de\/wp-json\/wp\/v2\/types\/product"}],"wp:featuredmedia":[{"embeddable":true,"href":"https:\/\/minghanggroup.com\/de\/wp-json\/wp\/v2\/media\/2551"}],"wp:attachment":[{"href":"https:\/\/minghanggroup.com\/de\/wp-json\/wp\/v2\/media?parent=2547"}],"wp:term":[{"taxonomy":"product_brand","embeddable":true,"href":"https:\/\/minghanggroup.com\/de\/wp-json\/wp\/v2\/product_brand?post=2547"},{"taxonomy":"product_cat","embeddable":true,"href":"https:\/\/minghanggroup.com\/de\/wp-json\/wp\/v2\/product_cat?post=2547"},{"taxonomy":"product_tag","embeddable":true,"href":"https:\/\/minghanggroup.com\/de\/wp-json\/wp\/v2\/product_tag?post=2547"}],"curies":[{"name":"wp","href":"https:\/\/api.w.org\/{rel}","templated":true}]}}