{"id":2485,"date":"2025-11-06T15:45:10","date_gmt":"2025-11-06T07:45:10","guid":{"rendered":"https:\/\/minghanggroup.com\/?post_type=product&#038;p=2485"},"modified":"2026-01-20T14:13:23","modified_gmt":"2026-01-20T06:13:23","slug":"clear-glass-empty-hot-sauce-bottles-bulk","status":"publish","type":"product","link":"https:\/\/minghanggroup.com\/de\/produkt\/clear-glass-empty-hot-sauce-bottles-bulk\/","title":{"rendered":"16-Unzen-Leerflaschen aus Klarglas f\u00fcr scharfe So\u00dfen (Gro\u00dfpackung)"},"content":{"rendered":"<p>Diese leeren Hot-Sauce-Flaschen bestehen aus Klarglas mit strukturierten Details an Hals und Boden und sind mit goldenen Verschl\u00fcssen versehen. Ihr minimalistisches und dennoch elegantes Design eignet sich perfekt zur Pr\u00e4sentation der darin enthaltenen Chilisauce.<\/p>\n<h2>Produktmerkmale<\/h2>\n<ul>\n<li><strong>Klarglasmaterial:<\/strong> Der transparente Glask\u00f6rper ist eine hervorragende M\u00f6glichkeit, sowohl die Farbe der Chilisauce als auch die verbleibende Menge sichtbar zu machen.<\/li>\n<li><strong>Flaschendesign mit Struktur:<\/strong> Die Textur an Hals und Saum sorgt nicht nur f\u00fcr ein kleines Detail, sondern verbessert auch die \u00c4sthetik des Produkts und die Markenpr\u00e4senz.<\/li>\n<li><strong>Gro\u00dfe Kapazit\u00e4t:<\/strong> Mit einem Fassungsverm\u00f6gen von 500 ml bietet es ausreichend Platz f\u00fcr gro\u00dfe Packungen von Standard- und Spezialso\u00dfen.<\/li>\n<\/ul>\n<h2 style=\"text-align: left;\">Wichtigste Spezifikationen<\/h2>\n<table class=\"aligncenter\" style=\"border-collapse: collapse; width: 418.52pt;\" border=\"0\" width=\"558\" cellspacing=\"0\" cellpadding=\"0\">\n<tbody>\n<tr style=\"height: 13.50pt;\">\n<td style=\"height: 13.50pt; width: 116.25pt;\" width=\"155\" height=\"18\">Besonderheit<\/td>\n<td style=\"width: 302.25pt;\" width=\"403\">Specification<\/td>\n<\/tr>\n<tr style=\"height: 13.50pt;\">\n<td style=\"height: 13.50pt;\" height=\"18\">Kapazit\u00e4t<\/td>\n<td>500 ml \/ 16 oz<\/td>\n<\/tr>\n<tr style=\"height: 13.50pt;\">\n<td style=\"height: 13.50pt;\" height=\"18\">Material<\/td>\n<td>Klares, stabiles Glas, lebensmittelecht, bleifrei<\/td>\n<\/tr>\n<tr style=\"height: 13.50pt;\">\n<td style=\"height: 13.50pt;\" height=\"18\">Designdetails<\/td>\n<td>Strukturierter Hals und Boden; glatter Korpus<\/td>\n<\/tr>\n<tr style=\"height: 13.50pt;\">\n<td style=\"height: 13.50pt;\" height=\"18\">Schlie\u00dfungsbereit<\/td>\n<td>Gold, Schwarz, Silber, Rot (individuell anpassbar)<\/td>\n<\/tr>\n<tr style=\"height: 13.50pt;\">\n<td style=\"height: 13.50pt;\" height=\"18\">Verpackungsgr\u00f6\u00dfe<\/td>\n<td>23 \u00d7 18 \u00d7 20 cm (effiziente Stapelung)<\/td>\n<\/tr>\n<tr style=\"height: 13.50pt;\">\n<td style=\"height: 13.50pt;\" height=\"18\">Am besten geeignet f\u00fcr<\/td>\n<td>Scharfe So\u00dfe, Tomatenso\u00dfe, Salatdressing<\/td>\n<\/tr>\n<tr style=\"height: 13.50pt;\">\n<td style=\"height: 13.50pt;\" height=\"18\">Ideale Verwendung<\/td>\n<td>Gro\u00dfpackungen mit scharfen Saucen, Beh\u00e4lter f\u00fcr scharfe Saucen<\/td>\n<\/tr>\n<\/tbody>\n<\/table>\n<h2>Erfolgsgeschichte: Wie Startups mit Flaschen mit gro\u00dfem Fassungsverm\u00f6gen Skalierbarkeit erreichen<\/h2>\n<p>Ein Start-up-Unternehmen im Bereich Chilisauce lie\u00df zun\u00e4chst 2.000 St\u00fcck individuell gestaltete, strukturierte, leere Flaschen mit seinem Logo f\u00fcr scharfe Sauce anfertigen. Innerhalb von nur drei Monaten verhalfen ihnen das strukturierte Design und der goldene Verschluss zu einem erfolgreichen Markteintritt in 15 regionalen Premium-M\u00e4rkten. Das positive Kundenfeedback zum modischen Erscheinungsbild f\u00fchrte zu einem Umsatzanstieg von 80 % und einer Steigerung der Wiederk\u00e4ufe um 40 %. Ihr Vertriebsnetz wurde nicht nur deutlich erweitert, sondern sie entwickelten sich auch zu einem unserer stabilen Gro\u00dfkunden mit Quartalsbestellungen von 400.000 Einheiten und \u00fcber 100 Filialen in der Region.<\/p>\n<h2>Vorschl\u00e4ge zur Flaschenindividualisierung<\/h2>\n<ul>\n<li><strong>Individuelle Kappenfarben:<\/strong> Die Kappe kann schwarz, silber oder wei\u00df sein, passend zu den Farben Ihres Markenlogos.<\/li>\n<li><strong>Siebdruckmuster:<\/strong> Die Muster werden zur besseren Verschlei\u00dffestigkeit direkt auf die Glasoberfl\u00e4che zwischen den strukturierten B\u00e4ndern aufgebracht.<\/li>\n<li><strong>Spezialliner:<\/strong> Tauschen Sie die Inneneins\u00e4tze der Kappen gegen solche aus, die zu den jeweiligen Inhaltsstoffen passen und die Haltbarkeit des Produkts verl\u00e4ngern.<\/li>\n<li><strong>Einstellm\u00f6glichkeiten f\u00fcr den Ausgie\u00dfer:<\/strong> Mithilfe von Ausgie\u00dferaufs\u00e4tzen unterschiedlicher Gr\u00f6\u00dfe l\u00e4sst sich die Ausgie\u00dfmenge der Fl\u00fcssigkeit steuern.<\/li>\n<\/ul>\n<p>M\u00f6chten Sie hochwertige Hot-Sauce-Flaschen in gro\u00dfen Mengen bestellen? Kontaktieren Sie uns jetzt f\u00fcr Gro\u00dfhandelspreisangebote und bequemen Versand.<\/p>","protected":false},"excerpt":{"rendered":"<p>Hochwertige, leere Hot-Sauce-Flaschen mit Metalldeckel und einzigartigem Design. Ideal f\u00fcr individuelles Branding und den Verkauf von Hot-Sauce-Flaschen in gro\u00dfen Mengen. Direkt vom Hersteller.<\/p>","protected":false},"featured_media":2493,"template":"","meta":{"postBodyCss":"","postBodyMargin":[],"postBodyPadding":[],"postBodyBackground":{"backgroundType":"classic","gradient":""}},"product_brand":[],"product_cat":[15,16,54],"product_tag":[72],"class_list":{"0":"post-2485","1":"product","2":"type-product","3":"status-publish","4":"has-post-thumbnail","6":"product_cat-glass-containers","7":"product_cat-glass-bottles","8":"product_cat-hot-sauce-bottles","9":"product_tag-juice-bottles","11":"first","12":"instock","13":"shipping-taxable","14":"product-type-simple"},"jetpack_sharing_enabled":true,"_links":{"self":[{"href":"https:\/\/minghanggroup.com\/de\/wp-json\/wp\/v2\/product\/2485","targetHints":{"allow":["GET"]}}],"collection":[{"href":"https:\/\/minghanggroup.com\/de\/wp-json\/wp\/v2\/product"}],"about":[{"href":"https:\/\/minghanggroup.com\/de\/wp-json\/wp\/v2\/types\/product"}],"wp:featuredmedia":[{"embeddable":true,"href":"https:\/\/minghanggroup.com\/de\/wp-json\/wp\/v2\/media\/2493"}],"wp:attachment":[{"href":"https:\/\/minghanggroup.com\/de\/wp-json\/wp\/v2\/media?parent=2485"}],"wp:term":[{"taxonomy":"product_brand","embeddable":true,"href":"https:\/\/minghanggroup.com\/de\/wp-json\/wp\/v2\/product_brand?post=2485"},{"taxonomy":"product_cat","embeddable":true,"href":"https:\/\/minghanggroup.com\/de\/wp-json\/wp\/v2\/product_cat?post=2485"},{"taxonomy":"product_tag","embeddable":true,"href":"https:\/\/minghanggroup.com\/de\/wp-json\/wp\/v2\/product_tag?post=2485"}],"curies":[{"name":"wp","href":"https:\/\/api.w.org\/{rel}","templated":true}]}}