{"id":2466,"date":"2025-11-06T15:36:32","date_gmt":"2025-11-06T07:36:32","guid":{"rendered":"https:\/\/minghanggroup.com\/?post_type=product&#038;p=2466"},"modified":"2025-11-14T10:07:09","modified_gmt":"2025-11-14T02:07:09","slug":"glass-spices-jar-with-grinders-bulk","status":"publish","type":"product","link":"https:\/\/minghanggroup.com\/de\/produkt\/glass-spices-jar-with-grinders-bulk\/","title":{"rendered":"200-ml-Gew\u00fcrzglas aus Glas mit Edelstahl-Gew\u00fcrzm\u00fchle"},"content":{"rendered":"<p>Schluss mit unordentlich sortierten Gew\u00fcrzen, die Ihre K\u00fcche unordentlich wirken lassen! Wir produzieren hochwertige Gew\u00fcrzgl\u00e4ser, die Ihre K\u00fcche nicht nur modern und stilvoll gestalten, sondern Ihre Gew\u00fcrze auch frisch halten. Diese Gl\u00e4ser sind mehr als nur Beh\u00e4lter \u2013 sie sind die Geheimwaffe f\u00fcr optimale K\u00fcchenorganisation und Lebensmittelverpackung.<\/p>\n<h2>Produktmerkmale<\/h2>\n<ol>\n<li><strong>Kristallklare Klarheit:<\/strong>Dank des hochtransparenten Glases k\u00f6nnen Sie Ihre Gew\u00fcrze schnell erkennen, sodass Sie nicht mehr raten m\u00fcssen, wann Sie Ihr Gew\u00fcrzglas nachbestellen m\u00fcssen.<\/li>\n<li><strong>Eingebautes Mahlwerk:<\/strong>Der Edelstahldeckel mit integriertem Mahlwerk erm\u00f6glicht die individuelle Einstellung des Mahlgrades von schwarzem Pfeffer, Meersalz und anderen Gew\u00fcrzen. Er ist ideal f\u00fcr Ihre K\u00fcche.<\/li>\n<li><strong>Modernes rundes Design:<\/strong>Die stilvolle runde Form mit den glatten Kanten verleiht Ihren K\u00fcchenaufbewahrungsbeh\u00e4ltern und Gew\u00fcrzgl\u00e4sern nicht nur den n\u00f6tigen Charme, sondern l\u00e4sst sie auch luxuri\u00f6ser aussehen.<\/li>\n<\/ol>\n<h2>Wichtigste Spezifikationen<\/h2>\n<table style=\"border-collapse: collapse; width: 80%; margin-left: auto; margin-right: auto;\" border=\"0\" width=\"144\" cellspacing=\"0\" cellpadding=\"0\">\n<tbody>\n<tr style=\"height: 13.50pt;\">\n<td style=\"height: 13.5pt; width: 54pt; text-align: center;\" width=\"72\" height=\"18\">Besonderheit<\/td>\n<td style=\"width: 54pt; text-align: center;\" width=\"72\">Specification<\/td>\n<\/tr>\n<tr style=\"height: 13.50pt;\">\n<td style=\"height: 13.5pt; text-align: center;\" height=\"18\">Kapazit\u00e4t<\/td>\n<td style=\"text-align: center;\">150 ml 200 ml<\/td>\n<\/tr>\n<tr style=\"height: 13.50pt;\">\n<td style=\"height: 13.5pt; text-align: center;\" height=\"18\">Form<\/td>\n<td style=\"text-align: center;\">Runden<\/td>\n<\/tr>\n<tr style=\"height: 13.50pt;\">\n<td style=\"height: 13.5pt; text-align: center;\" height=\"18\">Zubeh\u00f6r<\/td>\n<td style=\"text-align: center;\">Schleifkappe<\/td>\n<\/tr>\n<tr style=\"height: 13.50pt;\">\n<td style=\"height: 13.5pt; text-align: center;\" height=\"18\">Verwendung<\/td>\n<td style=\"text-align: center;\">Schwarzer Pfeffer oder Meersalz usw.<\/td>\n<\/tr>\n<\/tbody>\n<\/table>\n<h2>Erfolgsbeispiel<\/h2>\n<p>Wir wurden von einer europ\u00e4ischen Gourmetmarke beauftragt, ihre hochwertigen Gew\u00fcrzgl\u00e4ser aus Edelstahl und Glas mit einer Metallm\u00fchle auszustatten. Die M\u00fchle ist in der Mahlst\u00e4rke verstellbar und sehr einfach zu bedienen, sodass man problemlos von grobem Meersalz bis zu feinem Pfeffer wechseln kann. Um die Marke und ihr Image zu st\u00e4rken, haben wir ihr schlichtes geometrisches Logo per Laser auf den Metalldeckel graviert.<\/p>\n<p>Nach der Produkteinf\u00fchrung verzeichnete das Unternehmen einen Umsatzanstieg von 50 % und konnte seine Position als Premiummarke im Markt best\u00e4tigen.<\/p>\n<h2>Ihre Anpassungstipps<\/h2>\n<p>Ihre Gew\u00fcrzgl\u00e4ser sollten dem eleganten Stil Ihrer Marke entsprechen. Sie haben die Wahl zwischen zwei Edelstahl-Deckelvarianten \u2013 geb\u00fcrstet oder poliert \u2013 oder k\u00f6nnen diese mit Ihrem lasergravierten Logo oder einem dezenten Farbakzent individuell gestalten. W\u00fcnschen Sie einen feineren Mahlgrad f\u00fcr hochwertiges Salz und einen gr\u00f6beren f\u00fcr Pfeffermischungen? Wir fertigen Keramikm\u00fchlen ganz nach Ihren W\u00fcnschen.<\/p>\n<p>Ob Sie 180-ml-Verpackungen f\u00fcr den Einzelhandel oder 250-ml-Verpackungen f\u00fcr die Gastronomie ben\u00f6tigen \u2013 wir garantieren luftdichte Verschl\u00fcsse, ein ansprechendes Design und pr\u00e4zise Funktionalit\u00e4t. Wir fertigen eine Kollektion von Gew\u00fcrzgl\u00e4sern, die Ihre Kunden begeistern werden.<\/p>","protected":false},"excerpt":{"rendered":"<p>Elegantes Gew\u00fcrzglas aus Glas und Edelstahl. Perfekt zum Mahlen und Aufbewahren von Pfeffer, Salz oder Kr\u00e4utern \u2013 mit modernem Touch.<\/p>","protected":false},"featured_media":2468,"template":"","meta":{"postBodyCss":"","postBodyMargin":[],"postBodyPadding":[],"postBodyBackground":{"backgroundType":"classic","gradient":""}},"product_brand":[],"product_cat":[15,17,53],"product_tag":[],"class_list":{"0":"post-2466","1":"product","2":"type-product","3":"status-publish","4":"has-post-thumbnail","6":"product_cat-glass-containers","7":"product_cat-glass-jars","8":"product_cat-spice-jars","10":"first","11":"instock","12":"shipping-taxable","13":"product-type-simple"},"jetpack_sharing_enabled":true,"_links":{"self":[{"href":"https:\/\/minghanggroup.com\/de\/wp-json\/wp\/v2\/product\/2466","targetHints":{"allow":["GET"]}}],"collection":[{"href":"https:\/\/minghanggroup.com\/de\/wp-json\/wp\/v2\/product"}],"about":[{"href":"https:\/\/minghanggroup.com\/de\/wp-json\/wp\/v2\/types\/product"}],"wp:featuredmedia":[{"embeddable":true,"href":"https:\/\/minghanggroup.com\/de\/wp-json\/wp\/v2\/media\/2468"}],"wp:attachment":[{"href":"https:\/\/minghanggroup.com\/de\/wp-json\/wp\/v2\/media?parent=2466"}],"wp:term":[{"taxonomy":"product_brand","embeddable":true,"href":"https:\/\/minghanggroup.com\/de\/wp-json\/wp\/v2\/product_brand?post=2466"},{"taxonomy":"product_cat","embeddable":true,"href":"https:\/\/minghanggroup.com\/de\/wp-json\/wp\/v2\/product_cat?post=2466"},{"taxonomy":"product_tag","embeddable":true,"href":"https:\/\/minghanggroup.com\/de\/wp-json\/wp\/v2\/product_tag?post=2466"}],"curies":[{"name":"wp","href":"https:\/\/api.w.org\/{rel}","templated":true}]}}