{"id":2456,"date":"2025-11-06T14:39:39","date_gmt":"2025-11-06T06:39:39","guid":{"rendered":"https:\/\/minghanggroup.com\/?post_type=product&#038;p=2456"},"modified":"2025-11-14T10:07:16","modified_gmt":"2025-11-14T02:07:16","slug":"airtight-spice-jars-glass-kitchenware-bulk","status":"publish","type":"product","link":"https:\/\/minghanggroup.com\/de\/produkt\/airtight-spice-jars-glass-kitchenware-bulk\/","title":{"rendered":"100-ml-Gew\u00fcrzgl\u00e4ser mit Edelstahldeckel (luftdicht) \u2013 Gro\u00dfpackung"},"content":{"rendered":"<p>Schluss mit unordentlichen Gew\u00fcrzbeh\u00e4ltern, die Ihre K\u00fcche chaotisch wirken lassen! Wir fertigen hochwertige, luftdichte Gew\u00fcrzgl\u00e4ser, die Ihre K\u00fcche in einen stilvollen Raum verwandeln und gleichzeitig Ihre Gew\u00fcrze frisch halten. Diese Gl\u00e4ser sind mehr als nur Beh\u00e4lter \u2013 sie sind die neue Geheimwaffe f\u00fcr optimale K\u00fcchenorganisation und Lebensmittelverpackung.<\/p>\n<h2>Produktmerkmale<\/h2>\n<ol>\n<li><strong>Kristallklar:<\/strong>Der Glasbeh\u00e4lter mit hervorragender Transparenz erm\u00f6glicht es Ihnen, die Gew\u00fcrze visuell zu \u00fcberpr\u00fcfen, sodass Sie nicht mehr raten m\u00fcssen, wann Sie nachf\u00fcllen m\u00fcssen.<\/li>\n<li><strong>Dicht verschlossen:<\/strong>Die durch den Edelstahldeckel erzeugte Metallranddichtung sorgt f\u00fcr eine hermetische Abdichtung, die die Gew\u00fcrze frisch h\u00e4lt und gleichzeitig verhindert, dass Feuchtigkeit dem Gew\u00fcrzbeh\u00e4lter Schaden zuf\u00fcgt.<\/li>\n<li><strong>Multifunktionale Innenkappe:<\/strong>Der luftdichte Deckel des Gew\u00fcrzglases ist au\u00dferdem mit einem multifunktionalen Streuer ausgestattet, der gr\u00f6\u00dfere L\u00f6cher f\u00fcr gr\u00f6\u00dfere Pfefferk\u00f6rner und kleinere L\u00f6cher f\u00fcr kleinere Pulver aufweist.<\/li>\n<\/ol>\n<h2>Wichtigste Spezifikationen<\/h2>\n<table style=\"border-collapse: collapse; width: 80%; margin-left: auto; margin-right: auto;\" border=\"0\" width=\"144\" cellspacing=\"0\" cellpadding=\"0\">\n<tbody>\n<tr style=\"height: 13.50pt;\">\n<td style=\"height: 13.5pt; width: 54pt; text-align: center;\" width=\"72\" height=\"18\">Besonderheit<\/td>\n<td style=\"width: 54pt; text-align: center;\" width=\"72\">Specification<\/td>\n<\/tr>\n<tr style=\"height: 13.50pt;\">\n<td style=\"height: 13.5pt; text-align: center;\" height=\"18\">Kapazit\u00e4t<\/td>\n<td style=\"text-align: center;\">100 ml<\/td>\n<\/tr>\n<tr style=\"height: 13.50pt;\">\n<td style=\"height: 13.5pt; text-align: center;\" height=\"18\">Gr\u00f6\u00dfe<\/td>\n<td style=\"text-align: center;\">4,3 * 9,4 cm<\/td>\n<\/tr>\n<tr style=\"height: 13.50pt;\">\n<td style=\"height: 13.5pt; text-align: center;\" height=\"18\">Form<\/td>\n<td style=\"text-align: center;\">Zylinder<\/td>\n<\/tr>\n<tr style=\"height: 13.50pt;\">\n<td style=\"height: 13.5pt; text-align: center;\" height=\"18\">Farbe<\/td>\n<td style=\"text-align: center;\">Klar oder benutzerdefiniert<\/td>\n<\/tr>\n<\/tbody>\n<\/table>\n<h2>Erfolgsbeispiel<\/h2>\n<p>Wir wurden von einer deutschen Gew\u00fcrzmarke beauftragt, eine exklusive Serie luftdichter Gew\u00fcrzgl\u00e4ser als Verpackung f\u00fcr deren neues Produkt zu entwickeln. Das Design besteht im Wesentlichen aus Klarglas und einem Deckel aus geb\u00fcrstetem Edelstahl und besticht durch einen minimalistischen, aber eleganten Stil. Zur Steigerung der Markenbekanntheit gravierten wir das Markenlogo in den Deckel und brachten ein abnehmbares Etikett am Gew\u00fcrzbeh\u00e4lter an, um die Identifizierung im Einzelhandel und in der Gastronomie zu erleichtern.<\/p>\n<p>Bereits 3 Monate nach der Produkteinf\u00fchrung stiegen die Offline-Verk\u00e4ufe der Marke um 28 % und sie entwickelte sich zu einer der meistverkauften Marken in einer Reihe von Luxus-Superm\u00e4rkten.<\/p>\n<h2>Ihre Anpassungstipps<\/h2>\n<p>Ihre luftdichten Gew\u00fcrzgl\u00e4ser sollten genauso edel sein wie Ihr Geschirr. Wir bieten Ihnen die passende Glasqualit\u00e4t \u2013 von kristallklar f\u00fcr farbenfrohe Gew\u00fcrze bis hin zu matt f\u00fcr einen minimalistischen K\u00fcchenlook. Mit einem per Laser gravierten oder bedruckten Logo verleihen Sie Ihrer Marke den letzten Schliff. Ben\u00f6tigen Sie verschiedene Gr\u00f6\u00dfen f\u00fcr Ihre Produktlinie oder Ihr Ladenregal? Wir passen Volumen, Verpackung und Etikettierung individuell an, damit Sie die perfekte Gew\u00fcrzbeh\u00e4lter-Kollektion erhalten, die Ihre Marke optimal repr\u00e4sentiert.<\/p>","protected":false},"excerpt":{"rendered":"<p>Bewahren Sie Ihre Kr\u00e4uter und Gew\u00fcrze frisch in unseren luftdichten Gew\u00fcrzgl\u00e4sern auf. Diese Gew\u00fcrzbeh\u00e4lter aus Glas verf\u00fcgen \u00fcber elegante Stahldeckel und sorgen so f\u00fcr eine moderne K\u00fcchenorganisation.<\/p>","protected":false},"featured_media":2462,"template":"","meta":{"postBodyCss":"","postBodyMargin":[],"postBodyPadding":[],"postBodyBackground":{"backgroundType":"classic","gradient":""}},"product_brand":[],"product_cat":[15,17,53],"product_tag":[],"class_list":{"0":"post-2456","1":"product","2":"type-product","3":"status-publish","4":"has-post-thumbnail","6":"product_cat-glass-containers","7":"product_cat-glass-jars","8":"product_cat-spice-jars","10":"first","11":"instock","12":"shipping-taxable","13":"product-type-simple"},"jetpack_sharing_enabled":true,"_links":{"self":[{"href":"https:\/\/minghanggroup.com\/de\/wp-json\/wp\/v2\/product\/2456","targetHints":{"allow":["GET"]}}],"collection":[{"href":"https:\/\/minghanggroup.com\/de\/wp-json\/wp\/v2\/product"}],"about":[{"href":"https:\/\/minghanggroup.com\/de\/wp-json\/wp\/v2\/types\/product"}],"wp:featuredmedia":[{"embeddable":true,"href":"https:\/\/minghanggroup.com\/de\/wp-json\/wp\/v2\/media\/2462"}],"wp:attachment":[{"href":"https:\/\/minghanggroup.com\/de\/wp-json\/wp\/v2\/media?parent=2456"}],"wp:term":[{"taxonomy":"product_brand","embeddable":true,"href":"https:\/\/minghanggroup.com\/de\/wp-json\/wp\/v2\/product_brand?post=2456"},{"taxonomy":"product_cat","embeddable":true,"href":"https:\/\/minghanggroup.com\/de\/wp-json\/wp\/v2\/product_cat?post=2456"},{"taxonomy":"product_tag","embeddable":true,"href":"https:\/\/minghanggroup.com\/de\/wp-json\/wp\/v2\/product_tag?post=2456"}],"curies":[{"name":"wp","href":"https:\/\/api.w.org\/{rel}","templated":true}]}}