{"id":2455,"date":"2025-11-06T13:25:27","date_gmt":"2025-11-06T05:25:27","guid":{"rendered":"https:\/\/minghanggroup.com\/?post_type=product&#038;p=2455"},"modified":"2026-03-02T15:18:34","modified_gmt":"2026-03-02T07:18:34","slug":"bulk-glass-8-oz-hot-sauce-bottles-for-canning","status":"publish","type":"product","link":"https:\/\/minghanggroup.com\/de\/produkt\/bulk-glass-8-oz-hot-sauce-bottles-for-canning\/","title":{"rendered":"Gro\u00dfpackung 8-Unzen-Glasflaschen f\u00fcr scharfe So\u00dfen zum Einkochen"},"content":{"rendered":"<p>Diese 8-Unzen-Flaschen mit scharfer Sauce sind aus transparentem Glas gefertigt und haben eine stilvolle, konische Form und einen roten Deckel \u2013 schlicht und doch einzigartig \u2013, wodurch der k\u00f6stliche Geschmack der Sauce im Inneren auf die perfekte Weise zur Geltung kommt.<\/p>\n<h2>Produktmerkmale<\/h2>\n<ul>\n<li><strong>Sicheres Griffdesign:<\/strong> Das ergonomisch geformte, konische Design bietet einen komfortablen und rutschfesten Griff, sodass der Benutzer problemlos ausgie\u00dfen und tragen kann.<\/li>\n<li><strong>Gut geeignet f\u00fcr Hochtemperaturverarbeitung:<\/strong> Die Glasflasche ist robust genug, um bei hohen Temperaturen abgef\u00fcllt zu werden, und gleichzeitig kann sie das Produkt gut erfrischen.<\/li>\n<li><strong>Sch\u00f6ner Look:<\/strong> Der leuchtend rote Schraubverschluss verleiht dem Produkt ein unverwechselbares Aussehen auf einem hart umk\u00e4mpften Markt.<\/li>\n<\/ul>\n<h2 style=\"text-align: left;\">Wichtigste Spezifikationen<\/h2>\n<table class=\"aligncenter\" style=\"border-collapse: collapse; width: 462.77pt;\" border=\"0\" width=\"617\" cellspacing=\"0\" cellpadding=\"0\">\n<tbody>\n<tr style=\"height: 13.50pt;\">\n<td style=\"height: 13.50pt; width: 116.25pt;\" width=\"155\" height=\"18\">Besonderheit<\/td>\n<td style=\"width: 346.50pt;\" width=\"462\">Specification<\/td>\n<\/tr>\n<tr style=\"height: 13.50pt;\">\n<td style=\"height: 13.50pt;\" height=\"18\">Kapazit\u00e4t<\/td>\n<td>250 ml (8 oz)<\/td>\n<\/tr>\n<tr style=\"height: 13.50pt;\">\n<td style=\"height: 13.50pt;\" height=\"18\">Form<\/td>\n<td>Klassischer Glass Woozy mit sich verj\u00fcngender Taille<\/td>\n<\/tr>\n<tr style=\"height: 13.50pt;\">\n<td style=\"height: 13.50pt;\" height=\"18\">Material<\/td>\n<td>Klares, stabiles Glas, lebensmittelecht, bleifrei<\/td>\n<\/tr>\n<tr style=\"height: 13.50pt;\">\n<td style=\"height: 13.50pt;\" height=\"18\">Schlie\u00dfungsbereit<\/td>\n<td>schwarze, goldene, rote oder metallene Kappen<\/td>\n<\/tr>\n<tr style=\"height: 13.50pt;\">\n<td style=\"height: 13.50pt;\" height=\"18\">Verpackungsgr\u00f6\u00dfe<\/td>\n<td>15 \u00d7 17 \u00d7 30 cm<\/td>\n<\/tr>\n<tr style=\"height: 13.50pt;\">\n<td style=\"height: 13.50pt;\" height=\"18\">Am besten geeignet f\u00fcr<\/td>\n<td>Scharfe So\u00dfe, Chilisauce, W\u00fcrzmittel, Getr\u00e4nke, Saft<\/td>\n<\/tr>\n<tr style=\"height: 13.50pt;\">\n<td style=\"height: 13.50pt;\" height=\"18\">Ideale Verwendung<\/td>\n<td>Scharfe Saucenflaschen zum Einkochen, Gro\u00dfpackungen f\u00fcr W\u00fcrzmittel,<\/td>\n<\/tr>\n<\/tbody>\n<\/table>\n<h2>Erfolgsgeschichte: Vom lokalen Start-up zum nationalen Vertrieb<\/h2>\n<p>Das Unternehmen, das in kleinen Chargen scharfe Saucen herstellt, verwendet diese 237-ml-Flasche f\u00fcr sein gesamtes Sortiment. Ihre gute thermische Stabilit\u00e4t war der Hauptgrund f\u00fcr die Wahl dieser Flasche f\u00fcr den Abf\u00fcllprozess, wodurch Produktionsprobleme effektiv um 30 % reduziert werden konnten. Das besondere Flaschenkonzept trug dazu bei, dass die Produkte innerhalb von nur sechs Monaten in \u00fcber 200 Einzelhandelsgesch\u00e4ften erh\u00e4ltlich waren. Dank des Online-Umsatzwachstums von 45 %, das auf die hochwertige Verpackung zur\u00fcckzuf\u00fchren ist, konnte das Unternehmen drei Jahre in Folge ein viertelj\u00e4hrliches Bestellvolumen von \u00fcber 150.000 Einheiten erzielen und so auf dem nationalen Markt expandieren.<\/p>\n<h2>Vorschl\u00e4ge zur Flaschenindividualisierung<\/h2>\n<ul>\n<li><strong>Individuelle Kappenfarben:<\/strong> Optionen in Schwarz, Wei\u00df oder Metallt\u00f6nen, die entweder perfekt oder teilweise zu Ihrer Markenfarbe passen.<\/li>\n<li><strong>Farbige Glasoptionen:<\/strong> Bernstein- oder gr\u00fcnes Glas w\u00e4re ideal f\u00fcr lichtempfindliche Produkte und w\u00fcrde somit dazu beitragen, die Positionierung des Produkts zu verbessern.<\/li>\n<li><strong>Mattierte Oberfl\u00e4che:<\/strong> Die s\u00e4urege\u00e4tzte, transparente Oberfl\u00e4che hat eine matte Textur, die sowohl das Aussehen als auch die Griffigkeit f\u00fcr den Benutzer verbessert.<\/li>\n<li><strong>Strukturierte Glasmuster:<\/strong> Die Oberfl\u00e4chenstruktur sorgt f\u00fcr eine reibungslosere Handhabung, da sie einen besseren Halt an den Konturen der Flasche erm\u00f6glicht.<\/li>\n<\/ul>\n<p>Sind Sie bereit, Ihre Verpackungen mit diesen vielseitigen 237-ml-Hot-Sauce-Flaschen auf die n\u00e4chste Stufe zu heben? Gro\u00dfhandelspreise, einfache Bestellung und schneller Versand \u2013 kontaktieren Sie uns noch heute!<\/p>","protected":false},"excerpt":{"rendered":"<p>Elegante 237-ml-Flaschen f\u00fcr scharfe Saucen mit einzigartigem Taillendesign. Ideal zum Einkochen, f\u00fcr Gro\u00dfbestellungen, individuelle Gestaltung, schnelle Lieferung und kostenlose Proben.<\/p>","protected":false},"featured_media":2457,"template":"","meta":{"postBodyCss":"","postBodyMargin":[],"postBodyPadding":[],"postBodyBackground":{"backgroundType":"classic","gradient":""}},"product_brand":[],"product_cat":[15,16,54],"product_tag":[99,72,98],"class_list":{"0":"post-2455","1":"product","2":"type-product","3":"status-publish","4":"has-post-thumbnail","6":"product_cat-glass-containers","7":"product_cat-glass-bottles","8":"product_cat-hot-sauce-bottles","9":"product_tag-glass-vinegar-bottles","10":"product_tag-juice-bottles","11":"product_tag-salad-dressing-bottles","13":"first","14":"instock","15":"shipping-taxable","16":"product-type-simple"},"jetpack_sharing_enabled":true,"_links":{"self":[{"href":"https:\/\/minghanggroup.com\/de\/wp-json\/wp\/v2\/product\/2455","targetHints":{"allow":["GET"]}}],"collection":[{"href":"https:\/\/minghanggroup.com\/de\/wp-json\/wp\/v2\/product"}],"about":[{"href":"https:\/\/minghanggroup.com\/de\/wp-json\/wp\/v2\/types\/product"}],"wp:featuredmedia":[{"embeddable":true,"href":"https:\/\/minghanggroup.com\/de\/wp-json\/wp\/v2\/media\/2457"}],"wp:attachment":[{"href":"https:\/\/minghanggroup.com\/de\/wp-json\/wp\/v2\/media?parent=2455"}],"wp:term":[{"taxonomy":"product_brand","embeddable":true,"href":"https:\/\/minghanggroup.com\/de\/wp-json\/wp\/v2\/product_brand?post=2455"},{"taxonomy":"product_cat","embeddable":true,"href":"https:\/\/minghanggroup.com\/de\/wp-json\/wp\/v2\/product_cat?post=2455"},{"taxonomy":"product_tag","embeddable":true,"href":"https:\/\/minghanggroup.com\/de\/wp-json\/wp\/v2\/product_tag?post=2455"}],"curies":[{"name":"wp","href":"https:\/\/api.w.org\/{rel}","templated":true}]}}