{"id":2446,"date":"2025-11-06T11:38:16","date_gmt":"2025-11-06T03:38:16","guid":{"rendered":"https:\/\/minghanggroup.com\/?post_type=product&#038;p=2446"},"modified":"2026-03-02T15:19:36","modified_gmt":"2026-03-02T07:19:36","slug":"wholesale-transparent-glass-sauce-container-with-lids","status":"publish","type":"product","link":"https:\/\/minghanggroup.com\/de\/produkt\/wholesale-transparent-glass-sauce-container-with-lids\/","title":{"rendered":"Gro\u00dfhandel Transparente Glas-Saucenbeh\u00e4lter mit Deckel 250 ml 350 ml"},"content":{"rendered":"<p>Die Glasbeh\u00e4lter dieser Saucenbeh\u00e4lter sind transparent, sie haben eine breite Form und einen schmalen Hals, sodass die feurig rote Sauce im Inneren gut sichtbar ist. Dank der zwei Gr\u00f6\u00dfenvarianten bietet der Beh\u00e4lter f\u00fcr verschiedene Anl\u00e4sse die passende Gr\u00f6\u00dfe.<\/p>\n<h2>Produktmerkmale<\/h2>\n<ul>\n<li>Optimale Transparenz: Der transparente Beh\u00e4lter mit seinem minimalistischen Design vermittelt visuell innerhalb von Sekunden die Qualit\u00e4t und Reinheit des Produkts, wodurch schnell das Vertrauen des Verbrauchers aufgebaut wird.<\/li>\n<li>Flaschendesign f\u00fcr einfache Fertigung: Das robuste und stabile Flaschendesign erm\u00f6glicht den Einsatz auch auf Hochgeschwindigkeits-Abf\u00fcllanlagen ohne Unterbrechungen durch Unterst\u00fctzung.<\/li>\n<li>Zwei Kapazit\u00e4tsoptionen: Es stehen zwei Volumenoptionen von 250 ml und 350 ml zur Verf\u00fcgung, sodass sie optimal zu Ihren Produktdosierungs- und Preisstrategien passen.<\/li>\n<\/ul>\n<h2 style=\"text-align: left;\">Wichtigste Spezifikationen<\/h2>\n<table class=\"aligncenter\" style=\"border-collapse: collapse; width: 441.77pt;\" border=\"0\" width=\"589\" cellspacing=\"0\" cellpadding=\"0\">\n<tbody>\n<tr style=\"height: 13.50pt;\">\n<td style=\"height: 13.50pt; width: 125.25pt;\" width=\"167\" height=\"18\">Besonderheit<\/td>\n<td style=\"width: 316.50pt;\" width=\"422\">Specification<\/td>\n<\/tr>\n<tr style=\"height: 13.50pt;\">\n<td style=\"height: 13.50pt;\" height=\"18\">Kapazit\u00e4ten<\/td>\n<td>250 ml\/8 oz (6,8 \u00d7 16,7 cm), 350 ml\/12 oz (6,2 \u00d7 15,4 cm)<\/td>\n<\/tr>\n<tr style=\"height: 13.50pt;\">\n<td style=\"height: 13.50pt;\" height=\"18\">Form<\/td>\n<td>Gerade, zylindrische, runde Glasflasche<\/td>\n<\/tr>\n<tr style=\"height: 13.50pt;\">\n<td style=\"height: 13.50pt;\" height=\"18\">Material<\/td>\n<td>Klares, stabiles Glas, lebensmittelecht, bleifrei<\/td>\n<\/tr>\n<tr style=\"height: 13.50pt;\">\n<td style=\"height: 13.50pt;\" height=\"18\">Schlie\u00dfungsoptionen<\/td>\n<td>Schraubverschluss in Schwarz oder Wei\u00df (anpassbar)<\/td>\n<\/tr>\n<tr style=\"height: 13.50pt;\">\n<td style=\"height: 13.50pt;\" height=\"18\">Am besten geeignet f\u00fcr<\/td>\n<td>Scharfe So\u00dfe, Chilisauce, Ketchup, Salatdressing<\/td>\n<\/tr>\n<tr style=\"height: 13.50pt;\">\n<td style=\"height: 13.50pt;\" height=\"18\">Ideale Verwendung<\/td>\n<td>Gro\u00dfhandel mit Saucenbeh\u00e4ltern, Glas-Saucenflaschen<\/td>\n<\/tr>\n<\/tbody>\n<\/table>\n<h2>Erfolgsgeschichten: Wie die richtige Verpackung zu einer Steigerung der Einzelhandelsums\u00e4tze f\u00fchrte<\/h2>\n<p>Der Hersteller von Feinkostprodukten entschied sich f\u00fcr unsere 350-ml-Glasso\u00dfenflaschen f\u00fcr sein Flaggschiffprodukt, die scharfe So\u00dfe. Dank der Transparenz der Flaschen wurde die hohe Qualit\u00e4t des Produkts sofort sichtbar. Innerhalb von nur sechs Monaten stieg der Einzelhandelsumsatz um 25 %, und ein Grillrestaurant reduzierte seinen Abfall um 33 %, da es die Ausgie\u00dfmenge mithilfe eines Durchflussbegrenzers kontrollierte. Der Kunde lobte die Leistung und Langlebigkeit der So\u00dfenflaschen als ausschlaggebende Faktoren f\u00fcr seine Zufriedenheit und bestellte daher in den letzten zwei Jahren viertelj\u00e4hrlich \u00fcber 100.000 Flaschen nach.<\/p>\n<h2>Vorschl\u00e4ge zur Flaschenindividualisierung<\/h2>\n<ul>\n<li><strong>Optionen f\u00fcr Buntglas:<\/strong> Neben dem Schutz vor Lichteinfall sorgt bernsteinfarbenes oder blaues Glas f\u00fcr einen trendigen und klassischen Look.<\/li>\n<li><strong>Individuelle Kappenfarben:<\/strong> Eine wei\u00dfe, silberne oder eine individuell farbige Kappe, die perfekt zum Stil Ihrer Marke passt.<\/li>\n<li><strong>Aufgedrucktes Logo:<\/strong> Machen Sie es einzigartiger und wiedererkennbarer, indem Sie Ihr Logo direkt auf die Glasoberfl\u00e4che pr\u00e4gen.<\/li>\n<\/ul>\n<p>M\u00f6chten Sie Ihre Saucenbeh\u00e4lter aufwerten? Diese Glas-Saucenbeh\u00e4lter sind sofort verf\u00fcgbar und werden schnell geliefert. Kontaktieren Sie uns noch heute, um mehr \u00fcber unsere Gro\u00dfhandelspreise zu erfahren und wie wir Ihre Marke optimal pr\u00e4sentieren k\u00f6nnen.<\/p>","protected":false},"excerpt":{"rendered":"<p>Elegante Glasflaschen f\u00fcr Chili, Grillsauce oder W\u00fcrzmittel. Ideal f\u00fcr Restaurants und Lebensmittelbetriebe. Kostenlose Muster und schneller Versand.<\/p>","protected":false},"featured_media":2447,"template":"","meta":{"postBodyCss":"","postBodyMargin":[],"postBodyPadding":[],"postBodyBackground":{"backgroundType":"classic","gradient":""}},"product_brand":[],"product_cat":[15,16,54],"product_tag":[72,98],"class_list":{"0":"post-2446","1":"product","2":"type-product","3":"status-publish","4":"has-post-thumbnail","6":"product_cat-glass-containers","7":"product_cat-glass-bottles","8":"product_cat-hot-sauce-bottles","9":"product_tag-juice-bottles","10":"product_tag-salad-dressing-bottles","12":"first","13":"instock","14":"shipping-taxable","15":"product-type-simple"},"jetpack_sharing_enabled":true,"_links":{"self":[{"href":"https:\/\/minghanggroup.com\/de\/wp-json\/wp\/v2\/product\/2446","targetHints":{"allow":["GET"]}}],"collection":[{"href":"https:\/\/minghanggroup.com\/de\/wp-json\/wp\/v2\/product"}],"about":[{"href":"https:\/\/minghanggroup.com\/de\/wp-json\/wp\/v2\/types\/product"}],"wp:featuredmedia":[{"embeddable":true,"href":"https:\/\/minghanggroup.com\/de\/wp-json\/wp\/v2\/media\/2447"}],"wp:attachment":[{"href":"https:\/\/minghanggroup.com\/de\/wp-json\/wp\/v2\/media?parent=2446"}],"wp:term":[{"taxonomy":"product_brand","embeddable":true,"href":"https:\/\/minghanggroup.com\/de\/wp-json\/wp\/v2\/product_brand?post=2446"},{"taxonomy":"product_cat","embeddable":true,"href":"https:\/\/minghanggroup.com\/de\/wp-json\/wp\/v2\/product_cat?post=2446"},{"taxonomy":"product_tag","embeddable":true,"href":"https:\/\/minghanggroup.com\/de\/wp-json\/wp\/v2\/product_tag?post=2446"}],"curies":[{"name":"wp","href":"https:\/\/api.w.org\/{rel}","templated":true}]}}