{"id":2433,"date":"2025-11-06T09:19:13","date_gmt":"2025-11-06T01:19:13","guid":{"rendered":"https:\/\/minghanggroup.com\/?post_type=product&#038;p=2433"},"modified":"2026-03-02T15:19:16","modified_gmt":"2026-03-02T07:19:16","slug":"wholesale-empty-clear-glass-bbq-sauce-bottles","status":"publish","type":"product","link":"https:\/\/minghanggroup.com\/de\/produkt\/wholesale-empty-clear-glass-bbq-sauce-bottles\/","title":{"rendered":"Leere, durchsichtige Glasflaschen f\u00fcr BBQ-Sauce im Gro\u00dfhandel, 267 ml und 473 ml"},"content":{"rendered":"<p>Diese Saucenflasche besticht durch ihr geradwandiges, rundes Glasdesign ohne Schn\u00f6rkel oder unn\u00f6tige Verzierungen. Ihr purer, transparenter K\u00f6rper r\u00fcckt Ihre scharfe Sauce, Barbecue-Sauce oder Ihr goldenes Salatdressing in den Mittelpunkt.<\/p>\n<h2>Produktmerkmale<\/h2>\n<ul>\n<li><strong>Transparentes Glasmaterial:<\/strong> Bei einem transparenten Glasbeh\u00e4lter r\u00fccken die Farbe und die Konsistenz des Produkts sofort in den Fokus der Kunden.<\/li>\n<li><strong>Minimalistisches Design:<\/strong> Die transparente Flasche mit silbernem oder schwarzem Verschluss vermittelt einen klaren und schlichten optischen Eindruck und ist somit sowohl praktisch als auch vielseitig.<\/li>\n<li><strong>Optionen mit doppelter Kapazit\u00e4t:<\/strong> Es stehen zwei Flaschengr\u00f6\u00dfen zur Auswahl: 267 ml und 473 ml. Damit sind Sie bestens ger\u00fcstet, um entweder eine kleine Menge Spezialsaucen oder eine gro\u00dfe Menge Barbecue-Saucen aufzubewahren.<\/li>\n<\/ul>\n<h2 style=\"text-align: left;\">Wichtigste Spezifikationen<\/h2>\n<table class=\"aligncenter\" style=\"border-collapse: collapse; width: 435.77pt;\" border=\"0\" width=\"581\" cellspacing=\"0\" cellpadding=\"0\">\n<tbody>\n<tr style=\"height: 13.50pt;\">\n<td style=\"height: 13.50pt; width: 119.25pt;\" width=\"159\" height=\"18\">Besonderheit<\/td>\n<td style=\"width: 316.50pt;\" width=\"422\">Specification<\/td>\n<\/tr>\n<tr style=\"height: 13.50pt;\">\n<td style=\"height: 13.50pt;\" height=\"18\">Kapazit\u00e4ten<\/td>\n<td>267 ml, 473 ml<\/td>\n<\/tr>\n<tr style=\"height: 13.50pt;\">\n<td style=\"height: 13.50pt;\" height=\"18\">Verpackungsgr\u00f6\u00dfe<\/td>\n<td>20 \u00d7 15 \u00d7 15 cm (f\u00fcr beide Gr\u00f6\u00dfen gleich)<\/td>\n<\/tr>\n<tr style=\"height: 13.50pt;\">\n<td style=\"height: 13.50pt;\" height=\"18\">Form<\/td>\n<td>Gerade, zylindrische, runde Glasflasche<\/td>\n<\/tr>\n<tr style=\"height: 13.50pt;\">\n<td style=\"height: 13.50pt;\" height=\"18\">Material<\/td>\n<td>Klares, stabiles Glas, lebensmittelecht, bleifrei<\/td>\n<\/tr>\n<tr style=\"height: 13.50pt;\">\n<td style=\"height: 13.50pt;\" height=\"18\">Schlie\u00dfungsoptionen<\/td>\n<td>Schraubverschluss in Schwarz oder Silber (anpassbar)<\/td>\n<\/tr>\n<tr style=\"height: 13.50pt;\">\n<td style=\"height: 13.50pt;\" height=\"18\">Am besten geeignet f\u00fcr<\/td>\n<td>Scharfe So\u00dfe, BBQ-So\u00dfe, W\u00fcrzmittel<\/td>\n<\/tr>\n<tr style=\"height: 13.50pt;\">\n<td style=\"height: 13.50pt;\" height=\"18\">Ideale Verwendung<\/td>\n<td>Gro\u00dfhandel mit Chilisaucenflaschen und BBQ-Sauceflaschen<\/td>\n<\/tr>\n<\/tbody>\n<\/table>\n<h2>Erfolgsgeschichte: Wie ein Gew\u00fcrzhersteller seine Verpackung vereinfachte<\/h2>\n<p>Ein schnell wachsendes Unternehmen im Bereich W\u00fcrzmittel verwendete bisher verschiedene Flaschenarten f\u00fcr die Verpackung seiner Produkte, was zu Schwierigkeiten bei der Lagerhaltung und dem Versand f\u00fchrte. Anfang 2024 testete es unsere Gro\u00dfhandelsflaschen f\u00fcr scharfe Saucen und bestellte zun\u00e4chst 3.000 St\u00fcck (je 1.500 St\u00fcck pro Gr\u00f6\u00dfe). Das Ergebnis war beeindruckend: Eine Marke f\u00fcr Barbecue-Produkte, die 473-ml-Flaschen f\u00fcr scharfe Saucen verwendete, verzeichnete einen Umsatzanstieg von 41 %, da die Kunden vom trendigen Design und dem praktischen Ausgie\u00dfer begeistert waren. Ein anderer Hersteller scharfer Saucen experimentierte mit 267-ml-Probierflaschen und konnte so die Kundenretouren um 35 % steigern \u2013 die Kunden \u00e4u\u00dferten nach dem Testen den Wunsch, das Produkt in Originalgr\u00f6\u00dfe zu kaufen. Derzeit bestellen sie viertelj\u00e4hrlich beide Gr\u00f6\u00dfen in gro\u00dfen Mengen, was ein deutlicher Beweis f\u00fcr die Effektivit\u00e4t vereinfachter und skalierbarer Verpackungsl\u00f6sungen ist.<\/p>\n<h2>Vorschl\u00e4ge zur Flaschenindividualisierung<\/h2>\n<ul>\n<li><strong>Glasfarboptionen:<\/strong> Runde Glasflaschen aus bernsteinfarbenem oder gr\u00fcnem Glas k\u00f6nnen im Regal eine attraktive und einzigartige Wirkung entfalten und bieten zudem Schutz f\u00fcr lichtempfindliche Produkte.<\/li>\n<li><strong>Individuelle Kappenfarben:<\/strong> Es ist m\u00f6glich, verschiedene Kappenfarben zu verwenden, zum Beispiel Silber, Gold oder Wei\u00df, um entweder Ihre Produktlinie hervorzuheben oder einfach Ihr Markenimage widerzuspiegeln.<\/li>\n<li><strong>Siebdruckgrafiken:<\/strong> Es ist m\u00f6glich, Ihr Logo oder ein anderes Design direkt auf die Glasoberfl\u00e4che zu drucken und so ein haltbares, wasserfestes Etikett zu erhalten, das optisch und haptisch ein untrennbarer Bestandteil des Beh\u00e4lters ist.<\/li>\n<li><strong>Optionen f\u00fcr Durchflussregler:<\/strong> Durch die Wahl einer Durchflussreglergr\u00f6\u00dfe, die der Viskosit\u00e4t Ihrer Sauce entspricht, l\u00e4sst sich die Durchflussrate einfach kontrollieren, egal ob es sich um einen d\u00fcnnen Sirup oder eine dickfl\u00fcssige Barbecue-Sauce handelt.<\/li>\n<\/ul>","protected":false},"excerpt":{"rendered":"<p>Hochwertige Saucenflaschen aus dickwandigem, klarem Glas \u2013 ideal f\u00fcr BBQ- oder Chilisauce. Individuelle Gestaltung m\u00f6glich, inklusive Gratisproben f\u00fcr Gro\u00dfpackungen BBQ-Sauce.<\/p>","protected":false},"featured_media":2435,"template":"","meta":{"postBodyCss":"","postBodyMargin":[],"postBodyPadding":[],"postBodyBackground":{"backgroundType":"classic","gradient":""}},"product_brand":[],"product_cat":[15,16,54],"product_tag":[72,98],"class_list":{"0":"post-2433","1":"product","2":"type-product","3":"status-publish","4":"has-post-thumbnail","6":"product_cat-glass-containers","7":"product_cat-glass-bottles","8":"product_cat-hot-sauce-bottles","9":"product_tag-juice-bottles","10":"product_tag-salad-dressing-bottles","12":"first","13":"instock","14":"shipping-taxable","15":"product-type-simple"},"jetpack_sharing_enabled":true,"_links":{"self":[{"href":"https:\/\/minghanggroup.com\/de\/wp-json\/wp\/v2\/product\/2433","targetHints":{"allow":["GET"]}}],"collection":[{"href":"https:\/\/minghanggroup.com\/de\/wp-json\/wp\/v2\/product"}],"about":[{"href":"https:\/\/minghanggroup.com\/de\/wp-json\/wp\/v2\/types\/product"}],"wp:featuredmedia":[{"embeddable":true,"href":"https:\/\/minghanggroup.com\/de\/wp-json\/wp\/v2\/media\/2435"}],"wp:attachment":[{"href":"https:\/\/minghanggroup.com\/de\/wp-json\/wp\/v2\/media?parent=2433"}],"wp:term":[{"taxonomy":"product_brand","embeddable":true,"href":"https:\/\/minghanggroup.com\/de\/wp-json\/wp\/v2\/product_brand?post=2433"},{"taxonomy":"product_cat","embeddable":true,"href":"https:\/\/minghanggroup.com\/de\/wp-json\/wp\/v2\/product_cat?post=2433"},{"taxonomy":"product_tag","embeddable":true,"href":"https:\/\/minghanggroup.com\/de\/wp-json\/wp\/v2\/product_tag?post=2433"}],"curies":[{"name":"wp","href":"https:\/\/api.w.org\/{rel}","templated":true}]}}