{"id":2428,"date":"2025-11-05T15:24:26","date_gmt":"2025-11-05T07:24:26","guid":{"rendered":"https:\/\/minghanggroup.com\/?post_type=product&#038;p=2428"},"modified":"2026-03-02T15:18:57","modified_gmt":"2026-03-02T07:18:57","slug":"custom-hot-sauce-bottles-with-textured-glass-design","status":"publish","type":"product","link":"https:\/\/minghanggroup.com\/de\/produkt\/custom-hot-sauce-bottles-with-textured-glass-design\/","title":{"rendered":"Individuell gestaltete Flaschen f\u00fcr scharfe Saucen mit strukturiertem Glasdesign, 375 ml, 500 ml"},"content":{"rendered":"<p>Diese Hot-Sauce-Flaschen werden aus transparentem Glas hergestellt und verf\u00fcgen \u00fcber vertikale Rillen f\u00fcr einen bequemen Griff. Dadurch eignen sie sich perfekt f\u00fcr \u00f6lige Speisen und verleihen Ihrer Verpackung Stil.<\/p>\n<h2>Produktmerkmale<\/h2>\n<ul>\n<li><strong>Rutschfester Halt:<\/strong> Die speziell entwickelte Textur bietet dem Benutzer einen sicheren Halt und erm\u00f6glicht so eine problemlose Anwendung auch bei \u00f6ligen H\u00e4nden.<\/li>\n<li><strong>Langlebig und f\u00fcr den Gro\u00dfhandel geeignet:<\/strong> Die robusten, durchsichtigen Glasflaschen k\u00f6nnen in gro\u00dfen Mengen versendet werden und sind f\u00fcr den t\u00e4glichen Gebrauch geeignet, ohne zu verschlei\u00dfen. Daher sind sie die perfekte L\u00f6sung f\u00fcr Gro\u00dfpackungen scharfer Saucen oder Gew\u00fcrzstationen in Restaurants.<\/li>\n<li><strong>Zwei Gr\u00f6\u00dfen erh\u00e4ltlich:<\/strong> 375 ml (kleine Einzelhandelsverpackung) und 500 ml (gro\u00dfe Gro\u00dfpackung) f\u00fcr unterschiedliche Zwecke.<\/li>\n<\/ul>\n<h2 style=\"text-align: left;\">Wichtigste Spezifikationen<\/h2>\n<table class=\"aligncenter\" style=\"border-collapse: collapse; width: 468.77pt;\" border=\"0\" width=\"625\" cellspacing=\"0\" cellpadding=\"0\">\n<tbody>\n<tr style=\"height: 13.50pt;\">\n<td style=\"height: 13.50pt; width: 127.50pt;\" width=\"170\" height=\"18\">Besonderheit<\/td>\n<td style=\"width: 341.25pt;\" width=\"455\">Specification<\/td>\n<\/tr>\n<tr style=\"height: 13.50pt;\">\n<td style=\"height: 13.50pt;\" height=\"18\">Kapazit\u00e4ten<\/td>\n<td>375 ml &amp; 500 ml<\/td>\n<\/tr>\n<tr style=\"height: 13.50pt;\">\n<td style=\"height: 13.50pt;\" height=\"18\">Verpackungsgr\u00f6\u00dfe<\/td>\n<td>20\u00d715\u00d715 cm (passt f\u00fcr beide Gr\u00f6\u00dfen)<\/td>\n<\/tr>\n<tr style=\"height: 13.50pt;\">\n<td style=\"height: 13.50pt;\" height=\"18\">Material<\/td>\n<td>Klares Stout in Glasqualit\u00e4t, lebensmittelecht<\/td>\n<\/tr>\n<tr style=\"height: 13.50pt;\">\n<td style=\"height: 13.50pt;\" height=\"18\">Oberfl\u00e4che<\/td>\n<td>Vertikale Rippenstruktur f\u00fcr besseren Halt<\/td>\n<\/tr>\n<tr style=\"height: 13.50pt;\">\n<td style=\"height: 13.50pt;\" height=\"18\">Schlie\u00dfungsoptionen<\/td>\n<td>Schraubverschluss in Schwarz oder Gold<\/td>\n<\/tr>\n<tr style=\"height: 13.50pt;\">\n<td style=\"height: 13.50pt;\" height=\"18\">Am besten geeignet f\u00fcr<\/td>\n<td>Scharfe So\u00dfe, Essig, Dressing, Chilisauce, W\u00fcrzmittel<\/td>\n<\/tr>\n<tr style=\"height: 13.50pt;\">\n<td style=\"height: 13.50pt;\" height=\"18\">Ideale Verwendung<\/td>\n<td>Gro\u00dfhandel mit Flaschen f\u00fcr scharfe So\u00dfe, Chilisaucenflaschen<\/td>\n<\/tr>\n<\/tbody>\n<\/table>\n<h2>Erfolgsgeschichte: Wie Textur die Markenbekanntheit steigert<\/h2>\n<p>Die Marke f\u00fcr schnelle BBQ-Sauce stand vor dem Problem, dass ihre Produkte aufgrund des gleichen Designs mit runden Glasflaschen nicht von denen der Konkurrenz zu unterscheiden waren. Schlie\u00dflich entschied sie sich f\u00fcr unsere 500-ml-Glasflasche mit Struktur und goldenem Verschluss als Verpackung f\u00fcr ihr Hauptprodukt. Daraufhin verzeichnete das Unternehmen innerhalb von weniger als einem halben Jahr ein Umsatzwachstum von 40 %. Zudem f\u00fchrte der sichere Verschluss zu einer Reduzierung von Transportsch\u00e4den um 15 %, wodurch die Betriebskosten gesenkt werden konnten. Der Kunde ist sehr zufrieden und hat beschlossen, vier aufeinanderfolgende Gro\u00dfbestellungen \u00fcber jeweils 100.000 Flaschen aufzugeben.<\/p>\n<h2>Individualisierungsoptionen f\u00fcr Saucenflaschen<\/h2>\n<p>Nutzen Sie die folgenden Optionen zur Glasgestaltung, um einzigartige Saucenflaschen zu kreieren:<\/p>\n<ul>\n<li>Texturtiefen\u00e4nderung: Durch den Wechsel von hellen und dunklen Texturen lassen sich eindrucksvolle visuelle Illusionen erzeugen.<\/li>\n<li>Mattierte Textur: Die Lichtstreuung und die Griffigkeit k\u00f6nnen erheblich verbessert werden, wenn die strukturierten Bereiche mit einer mattierten Oberfl\u00e4che versehen werden.<\/li>\n<li>Aufgedrucktes Logo auf der Unterseite: Das Logo Ihres Unternehmens kann auf eine elegante Unterseite gedruckt werden, was f\u00fcr ein ansprechendes und gleichzeitig dezentes Erscheinungsbild sorgt.<\/li>\n<li>Buntglasstruktur: Strukturierte Muster auf bernsteinfarbene oder gr\u00fcne Glasflaschen aufbringen.<\/li>\n<\/ul>\n<p>Warum kontaktieren Sie uns nicht f\u00fcr Gro\u00dfhandelspreise f\u00fcr diese praktischen Glas-Saucenflaschen?<\/p>","protected":false},"excerpt":{"rendered":"<p>Hochwertige Hot-Sauce-Flaschen mit edler Textur, ideal f\u00fcr Premiummarken. Langlebig, individuell mit Logos gestaltbar, in gro\u00dfen Mengen mit attraktiven Gro\u00dfhandelsrabatten erh\u00e4ltlich.<\/p>","protected":false},"featured_media":2429,"template":"","meta":{"postBodyCss":"","postBodyMargin":[],"postBodyPadding":[],"postBodyBackground":{"backgroundType":"classic","gradient":""}},"product_brand":[],"product_cat":[15,16,54],"product_tag":[72,98],"class_list":{"0":"post-2428","1":"product","2":"type-product","3":"status-publish","4":"has-post-thumbnail","6":"product_cat-glass-containers","7":"product_cat-glass-bottles","8":"product_cat-hot-sauce-bottles","9":"product_tag-juice-bottles","10":"product_tag-salad-dressing-bottles","12":"first","13":"instock","14":"shipping-taxable","15":"product-type-simple"},"jetpack_sharing_enabled":true,"_links":{"self":[{"href":"https:\/\/minghanggroup.com\/de\/wp-json\/wp\/v2\/product\/2428","targetHints":{"allow":["GET"]}}],"collection":[{"href":"https:\/\/minghanggroup.com\/de\/wp-json\/wp\/v2\/product"}],"about":[{"href":"https:\/\/minghanggroup.com\/de\/wp-json\/wp\/v2\/types\/product"}],"wp:featuredmedia":[{"embeddable":true,"href":"https:\/\/minghanggroup.com\/de\/wp-json\/wp\/v2\/media\/2429"}],"wp:attachment":[{"href":"https:\/\/minghanggroup.com\/de\/wp-json\/wp\/v2\/media?parent=2428"}],"wp:term":[{"taxonomy":"product_brand","embeddable":true,"href":"https:\/\/minghanggroup.com\/de\/wp-json\/wp\/v2\/product_brand?post=2428"},{"taxonomy":"product_cat","embeddable":true,"href":"https:\/\/minghanggroup.com\/de\/wp-json\/wp\/v2\/product_cat?post=2428"},{"taxonomy":"product_tag","embeddable":true,"href":"https:\/\/minghanggroup.com\/de\/wp-json\/wp\/v2\/product_tag?post=2428"}],"curies":[{"name":"wp","href":"https:\/\/api.w.org\/{rel}","templated":true}]}}