{"id":2423,"date":"2025-11-05T14:10:38","date_gmt":"2025-11-05T06:10:38","guid":{"rendered":"https:\/\/minghanggroup.com\/?post_type=product&#038;p=2423"},"modified":"2025-11-05T17:02:08","modified_gmt":"2025-11-05T09:02:08","slug":"wholesale-woozy-bottles-for-hot-sauce-packaging","status":"publish","type":"product","link":"https:\/\/minghanggroup.com\/de\/produkt\/wholesale-woozy-bottles-for-hot-sauce-packaging\/","title":{"rendered":"Gro\u00dfhandel 3oz 5oz 8oz Woozy Flaschen f\u00fcr die Verpackung von scharfen Saucen"},"content":{"rendered":"<p>Eine dieser typischen Flaschen f\u00fcr scharfe Saucen \u2013 die Woozy-Flasche \u2013 ist transparent und besteht aus 100 % reinem Glas. Die Flasche ist rund mit einem schlanken Hals, der sich allm\u00e4hlich zu einer Standard\u00f6ffnung verj\u00fcngt. Dadurch kann der Benutzer die Saucenmenge genau dosieren.<\/p>\n<h2>Produktmerkmale<\/h2>\n<ul>\n<li><strong>Die Durchflussregelung ist pr\u00e4zise:<\/strong> Durch den d\u00fcnnen Hals und die \u00fcbliche \u00d6ffnung des Designs kann der Fl\u00fcssigkeitsfluss kontrolliert werden, wodurch ein Versch\u00fctten auch bei dickfl\u00fcssigen oder scharfen Saucen, die mit einer Hand gehalten werden k\u00f6nnen, effektiv verhindert wird.<\/li>\n<li><strong>Vielseitige Verwendungsm\u00f6glichkeiten:<\/strong> Der Beh\u00e4lter eignet sich hervorragend f\u00fcr alle Arten von Saucen, sei es Vinaigrette, cremiges Salatdressing oder Sirup.<\/li>\n<li><strong>Klarglasmaterial:<\/strong> Die Flasche besteht aus nat\u00fcrlichem Glas, das transparent ist, und die Farbe sowie die Restmenge der So\u00dfe in der Flasche sind gut sichtbar.<\/li>\n<\/ul>\n<h2 style=\"text-align: left;\">Wichtigste Spezifikationen<\/h2>\n<table class=\"aligncenter\" style=\"border-collapse: collapse; width: 516.02pt;\" border=\"0\" width=\"688\" cellspacing=\"0\" cellpadding=\"0\">\n<tbody>\n<tr style=\"height: 13.50pt;\">\n<td class=\"et2\" style=\"height: 13.50pt; width: 90.00pt;\" width=\"120\" height=\"18\">Besonderheit<\/td>\n<td class=\"et2\" style=\"width: 426.00pt;\" width=\"568\">Specification<\/td>\n<\/tr>\n<tr style=\"height: 13.50pt;\">\n<td class=\"et2\" style=\"height: 13.50pt; width: 90.00pt;\" width=\"120\" height=\"18\">Kapazit\u00e4ten<\/td>\n<td class=\"et2\" style=\"width: 426.00pt;\" width=\"568\">90 ml\/3 oz (4 \u00d7 15,1 cm), 150 ml\/5 oz (4,8 \u00d7 17,2 cm), 250 ml\/8 oz (5,5 \u00d7 19,8 cm)<\/td>\n<\/tr>\n<tr style=\"height: 13.50pt;\">\n<td class=\"et2\" style=\"height: 13.50pt; width: 90.00pt;\" width=\"120\" height=\"18\">Material<\/td>\n<td class=\"et2\" style=\"width: 426.00pt;\" width=\"568\">Klares, stabiles Glas, lebensmittelecht, bleifrei<\/td>\n<\/tr>\n<tr style=\"height: 13.50pt;\">\n<td class=\"et2\" style=\"height: 13.50pt; width: 90.00pt;\" width=\"120\" height=\"18\">Schlie\u00dfung<\/td>\n<td class=\"et2\" style=\"width: 426.00pt;\" width=\"568\">Schraubverschluss (schwarz oder in Sonderfarbe)<\/td>\n<\/tr>\n<tr style=\"height: 13.50pt;\">\n<td class=\"et2\" style=\"height: 13.50pt; width: 90.00pt;\" width=\"120\" height=\"18\">Am besten geeignet f\u00fcr<\/td>\n<td class=\"et2\" style=\"width: 426.00pt;\" width=\"568\">Scharfe So\u00dfe, Sauce, Dressing<\/td>\n<\/tr>\n<tr style=\"height: 13.50pt;\">\n<td class=\"et2\" style=\"height: 13.50pt; width: 90.00pt;\" width=\"120\" height=\"18\">Ideale Verwendung<\/td>\n<td class=\"et2\" style=\"width: 426.00pt;\" width=\"568\">Gro\u00dfpackungen mit scharfen Saucenflaschen, W\u00fcrzmittelflaschen, Woozy-Flaschen<\/td>\n<\/tr>\n<\/tbody>\n<\/table>\n<h2>Erfolgsgeschichte: Wie ein Start-up mit einem klassischen Produkt skalierbar wurde<\/h2>\n<p>Ein schnell wachsender Hersteller von handwerklich hergestellten scharfen Saucen stand vor einem Problem: Seine Kunden hatten Schwierigkeiten mit undichten und minderwertigen Plastikflaschen oder schlecht schlie\u00dfenden Glasflaschen. Nach der Umstellung auf 150-ml-Glasflaschen mit Perforation und schwarzen Verschl\u00fcssen verzeichnete das Unternehmen eine deutliche Verbesserung seiner Verkaufszahlen. Das klassische Flaschendesign ist ein hervorragendes Mittel, um Kundenvertrauen aufzubauen \u2013 eine Marke f\u00fcr scharfe Saucen berichtete von einem Anstieg der Online-Verk\u00e4ufe um 42 %. Dies wurde durch den Durchflussbegrenzer am Flaschenhals erm\u00f6glicht, der das Ausgie\u00dfen der Sauce erleichterte und so den Abfall um 31 % reduzierte. Dieser Erfolg f\u00fchrte dazu, dass die Nachbestellungen des Unternehmens von 50.000 auf 250.000 Flaschen pro Bestellung sprunghaft anstiegen. Anschlie\u00dfend erweiterte das Unternehmen sein Produktsortiment und verwendet weiterhin alle drei Flaschengr\u00f6\u00dfen aus unserem Katalog.<\/p>\n<h2>Flaschen f\u00fcr Hot Sauce \u2013 Vorschl\u00e4ge zur individuellen Gestaltung<\/h2>\n<ul>\n<li><strong>Gefrostete Flasche:<\/strong> Die einteilige, mattierte Oberfl\u00e4che sorgt f\u00fcr ein sanftes, mattes Finish, mindert die Sichtbarkeit von Fingerabdr\u00fccken und erh\u00f6ht den wahrgenommenen Wert des Produkts.<\/li>\n<li><strong>Erh\u00f6hte Lautst\u00e4rkemarkierungen:<\/strong> Erhabene Buchstaben im Halsbereich geben das Volumen an und eignen sich ideal zur Beschriftung von Rezepten oder So\u00dfen.<\/li>\n<li><strong>Siebgedrucktes Logo:<\/strong> Ihr Logo kann im Siebdruckverfahren direkt auf Ihre Glasflasche gedruckt werden \u2013 f\u00fcr eine langlebige, hochwertige Markenidentit\u00e4t, die auch nach langer Zeit ihre Leuchtkraft beh\u00e4lt.<\/li>\n<li><strong>Optionen f\u00fcr Buntglas:<\/strong> Bernsteinfarbene oder gr\u00fcne Gl\u00e4ser eignen sich zum Schutz der lichtempfindlichen Zutaten und verleihen den Gl\u00e4sern gleichzeitig einen Vintage-Look.<\/li>\n<\/ul>","protected":false},"excerpt":{"rendered":"<p>Hochwertige, stabile Flaschen, ideal f\u00fcr verschiedene Saucen. Flaschen in Top-Qualit\u00e4t f\u00fcr scharfe Saucen, erh\u00e4ltlich in gro\u00dfen Mengen \u2013 perfekt f\u00fcr Restaurants und Lebensmittelbetriebe. Gratisproben.<\/p>","protected":false},"featured_media":2427,"template":"","meta":{"postBodyCss":"","postBodyMargin":[],"postBodyPadding":[],"postBodyBackground":{"backgroundType":"classic","gradient":""}},"product_brand":[],"product_cat":[15,16,54],"product_tag":[],"class_list":{"0":"post-2423","1":"product","2":"type-product","3":"status-publish","4":"has-post-thumbnail","6":"product_cat-glass-containers","7":"product_cat-glass-bottles","8":"product_cat-hot-sauce-bottles","10":"first","11":"instock","12":"shipping-taxable","13":"product-type-simple"},"jetpack_sharing_enabled":true,"_links":{"self":[{"href":"https:\/\/minghanggroup.com\/de\/wp-json\/wp\/v2\/product\/2423","targetHints":{"allow":["GET"]}}],"collection":[{"href":"https:\/\/minghanggroup.com\/de\/wp-json\/wp\/v2\/product"}],"about":[{"href":"https:\/\/minghanggroup.com\/de\/wp-json\/wp\/v2\/types\/product"}],"wp:featuredmedia":[{"embeddable":true,"href":"https:\/\/minghanggroup.com\/de\/wp-json\/wp\/v2\/media\/2427"}],"wp:attachment":[{"href":"https:\/\/minghanggroup.com\/de\/wp-json\/wp\/v2\/media?parent=2423"}],"wp:term":[{"taxonomy":"product_brand","embeddable":true,"href":"https:\/\/minghanggroup.com\/de\/wp-json\/wp\/v2\/product_brand?post=2423"},{"taxonomy":"product_cat","embeddable":true,"href":"https:\/\/minghanggroup.com\/de\/wp-json\/wp\/v2\/product_cat?post=2423"},{"taxonomy":"product_tag","embeddable":true,"href":"https:\/\/minghanggroup.com\/de\/wp-json\/wp\/v2\/product_tag?post=2423"}],"curies":[{"name":"wp","href":"https:\/\/api.w.org\/{rel}","templated":true}]}}