{"id":2399,"date":"2025-11-04T15:52:22","date_gmt":"2025-11-04T07:52:22","guid":{"rendered":"https:\/\/minghanggroup.com\/?post_type=product&#038;p=2399"},"modified":"2025-11-14T10:07:42","modified_gmt":"2025-11-14T02:07:42","slug":"striped-empty-spice-jars-with-lids-bulk","status":"publish","type":"product","link":"https:\/\/minghanggroup.com\/de\/produkt\/striped-empty-spice-jars-with-lids-bulk\/","title":{"rendered":"5oz gestreifte leere Gew\u00fcrzgl\u00e4ser mit Deckel (Gro\u00dfpackung)"},"content":{"rendered":"<p>Schluss mit unordentlichen Gew\u00fcrzbeh\u00e4ltern, die Ihre K\u00fcche chaotisch wirken lassen! Wir fertigen hochwertige, leere Gew\u00fcrzgl\u00e4ser, die Ihre K\u00fcche in einen stilvollen Raum verwandeln und gleichzeitig Ihre Gew\u00fcrze frisch halten. Diese Gl\u00e4ser sind mehr als nur Beh\u00e4lter \u2013 sie sind die neue Geheimwaffe f\u00fcr optimale K\u00fcchenorganisation und Lebensmittelverpackung.<\/p>\n<h2>Produktmerkmale<\/h2>\n<ol>\n<li><strong>Kristallklarheit:<\/strong>Dank des robusten Klarglases k\u00f6nnen Sie den Zustand Ihrer Gew\u00fcrze schnell \u00fcberpr\u00fcfen und m\u00fcssen nicht raten, wann Sie Ihre Glasgew\u00fcrzbeh\u00e4lter nachbestellen m\u00fcssen.<\/li>\n<li><strong>Einfaches Bef\u00fclldesign:<\/strong>Dank der gro\u00dfen \u00d6ffnung l\u00e4sst sich der Beh\u00e4lter leicht mit Salz, Zucker, Pfeffer, Mehl oder anderen pulverf\u00f6rmigen Gew\u00fcrzen f\u00fcr die Aufbewahrung in der K\u00fcche bef\u00fcllen.<\/li>\n<li><strong>Elegante Ergonomie:<\/strong>Das schlichte, geschwungene Design des Griffs sorgt f\u00fcr einen bequemen Halt beim m\u00fchelosen Ausgie\u00dfen und bietet gleichzeitig eine praktische Aufbewahrungsm\u00f6glichkeit f\u00fcr Ihre runden Gew\u00fcrzgl\u00e4ser.<\/li>\n<\/ol>\n<h2>Wichtigste Spezifikationen<\/h2>\n<table style=\"border-collapse: collapse; width: 80%; margin-left: auto; margin-right: auto;\" border=\"0\" width=\"144\" cellspacing=\"0\" cellpadding=\"0\">\n<tbody>\n<tr style=\"height: 13.50pt;\">\n<td style=\"height: 13.5pt; width: 54pt; text-align: center;\" width=\"72\" height=\"18\">Kapazit\u00e4t<\/td>\n<td style=\"width: 54pt; text-align: center;\" width=\"72\">150 ml \/ 5 oz<\/td>\n<\/tr>\n<tr style=\"height: 13.50pt;\">\n<td style=\"height: 13.5pt; text-align: center;\" height=\"18\">Material<\/td>\n<td style=\"text-align: center;\">Glas + Metalldeckel<\/td>\n<\/tr>\n<tr style=\"height: 13.50pt;\">\n<td style=\"height: 13.5pt; text-align: center;\" height=\"18\">Farbe<\/td>\n<td style=\"text-align: center;\">Transparent, anpassbar<\/td>\n<\/tr>\n<tr style=\"height: 13.50pt;\">\n<td style=\"height: 13.5pt; text-align: center;\" height=\"18\">Oberfl\u00e4chenbehandlung<\/td>\n<td style=\"text-align: center;\">Siebdruck\/Mattdruck\/Aufkleber\/Farbspray\/Etikett<\/td>\n<\/tr>\n<\/tbody>\n<\/table>\n<h2>Erfolgsbeispiel<\/h2>\n<p>Wir wurden von einer italienischen Restaurantkette beauftragt, diese runden Glasbeh\u00e4lter f\u00fcr Gew\u00fcrze wie Salz, Pfefferflocken und geriebenen K\u00e4se zu personalisieren. Jeder Deckel wurde mit dem Logo des Restaurants graviert, wodurch ein hochwertiges Markenimage entstand.<\/p>\n<p>Wie war es also letztendlich? Die neuen Gew\u00fcrzgl\u00e4ser wurden von den Kunden als einer der Hauptgr\u00fcnde f\u00fcr eine \u201eprofessionelle und dennoch einladende\u201c Atmosph\u00e4re genannt \u2013 genau so, wie der minimalistische italienische Stil der Marke nach der Einf\u00fchrung in mehr als 60 Gesch\u00e4ften empfunden wurde.<\/p>\n<h2>Ihre Anpassungstipps<\/h2>\n<p>M\u00f6chten Sie die Tische in Ihrem Restaurant oder die Einrichtung Ihrer K\u00fcche hervorheben? Personalisieren Sie diese Gew\u00fcrzgl\u00e4ser mit Ihrem Logo oder einem individuellen Deckeldesign. Sie haben die Wahl zwischen Edelstahl- oder mattschwarzen Deckeln, k\u00f6nnen die Lochgr\u00f6\u00dfen f\u00fcr Salz, Chili oder K\u00e4se anpassen und farbige Gl\u00e4ser passend zu Ihrem Markenauftritt w\u00e4hlen. Ob in Restaurants, Caf\u00e9s oder als Geschenkset f\u00fcr Feinkostliebhaber \u2013 die Einsatzm\u00f6glichkeiten sind vielf\u00e4ltig. Jedes einzelne Gew\u00fcrz erz\u00e4hlt auf elegante Weise die Geschichte Ihrer Marke.<\/p>","protected":false},"excerpt":{"rendered":"<p>Robuste, runde, leere Gew\u00fcrzgl\u00e4ser aus Klarglas mit Edelstahldeckeln. Ideal zur Aufbewahrung von Kr\u00e4utern, Salz, Pfeffer und anderen Gew\u00fcrzen.<\/p>","protected":false},"featured_media":2400,"template":"","meta":{"postBodyCss":"","postBodyMargin":[],"postBodyPadding":[],"postBodyBackground":{"backgroundType":"classic","gradient":""}},"product_brand":[],"product_cat":[15,17,53],"product_tag":[],"class_list":{"0":"post-2399","1":"product","2":"type-product","3":"status-publish","4":"has-post-thumbnail","6":"product_cat-glass-containers","7":"product_cat-glass-jars","8":"product_cat-spice-jars","10":"first","11":"instock","12":"shipping-taxable","13":"product-type-simple"},"jetpack_sharing_enabled":true,"_links":{"self":[{"href":"https:\/\/minghanggroup.com\/de\/wp-json\/wp\/v2\/product\/2399","targetHints":{"allow":["GET"]}}],"collection":[{"href":"https:\/\/minghanggroup.com\/de\/wp-json\/wp\/v2\/product"}],"about":[{"href":"https:\/\/minghanggroup.com\/de\/wp-json\/wp\/v2\/types\/product"}],"wp:featuredmedia":[{"embeddable":true,"href":"https:\/\/minghanggroup.com\/de\/wp-json\/wp\/v2\/media\/2400"}],"wp:attachment":[{"href":"https:\/\/minghanggroup.com\/de\/wp-json\/wp\/v2\/media?parent=2399"}],"wp:term":[{"taxonomy":"product_brand","embeddable":true,"href":"https:\/\/minghanggroup.com\/de\/wp-json\/wp\/v2\/product_brand?post=2399"},{"taxonomy":"product_cat","embeddable":true,"href":"https:\/\/minghanggroup.com\/de\/wp-json\/wp\/v2\/product_cat?post=2399"},{"taxonomy":"product_tag","embeddable":true,"href":"https:\/\/minghanggroup.com\/de\/wp-json\/wp\/v2\/product_tag?post=2399"}],"curies":[{"name":"wp","href":"https:\/\/api.w.org\/{rel}","templated":true}]}}