{"id":2369,"date":"2025-10-31T16:10:54","date_gmt":"2025-10-31T08:10:54","guid":{"rendered":"https:\/\/minghanggroup.com\/?post_type=product&#038;p=2369"},"modified":"2026-01-20T13:42:01","modified_gmt":"2026-01-20T05:42:01","slug":"wholesale-small-glass-jars-with-lids-for-yogurt-packaging","status":"publish","type":"product","link":"https:\/\/minghanggroup.com\/de\/produkt\/wholesale-small-glass-jars-with-lids-for-yogurt-packaging\/","title":{"rendered":"Kleine, quadratische 150-ml-Glasbeh\u00e4lter mit Deckel f\u00fcr Joghurtverpackungen"},"content":{"rendered":"<p>Schluss mit langweiligen Gl\u00e4sern, in denen Ihr Joghurt untergeht! Wir fertigen individuelle Joghurtgl\u00e4ser mit Deckel, die jeden L\u00f6ffel zu einem Genussmoment machen. Diese Gl\u00e4ser sind mehr als nur Beh\u00e4lter \u2013 sie sind die neue Geheimwaffe Ihrer Marke f\u00fcr frische und stilvolle Milchprodukteverpackungen. Als Ihr zuverl\u00e4ssiger Hersteller von Glasverpackungen verwenden wir nur die besten Materialien, damit Ihr Produkt l\u00e4nger frisch bleibt.<\/p>\n<h2>Produktmerkmale<\/h2>\n<ol>\n<li><strong>Stapelbares quadratisches Design:<\/strong>Die perfekt geformten Gl\u00e4ser bieten eine m\u00fchelose Aufbewahrungs- und Pr\u00e4sentationsl\u00f6sung f\u00fcr Ihre kleinen Joghurtgl\u00e4ser \u2013 so k\u00f6nnen Sie Ihren Regalplatz optimal nutzen und dabei Stil bewahren.<\/li>\n<li><strong>Kristallklares Display:<\/strong>Durch die Verwendung von hochwertigem Klarglas werden die leuchtenden Farben Ihres Joghurts sofort sichtbar \u2013 die Kunden k\u00f6nnen die Frischequalit\u00e4t schon vor dem Kauf erkennen.<\/li>\n<li><strong>Farbenfrohe Individualisierung:<\/strong>Warum verwenden Sie nicht eine der sechs Farben \u2013 Rot, Gelb, Gr\u00fcn, Blau, Rosa oder Wei\u00df \u2013, um Ihre Glasmilchflaschen perfekt an Ihre Markenidentit\u00e4t anzupassen?<\/li>\n<li><strong>Sicheres Deckelsystem:<\/strong>Frische und Haltbarkeit sind zwei Ziele \u2013 die Gl\u00e4ser sind durch die farbenfrohen Kunststoffdeckel luftdicht verschlossen \u2013 es gibt kein Auslaufen aus Ihren Joghurtgl\u00e4sern mit Deckel.<\/li>\n<\/ol>\n<h2>Wichtigste Spezifikationen<\/h2>\n<table style=\"border-collapse: collapse; width: 80%; margin-left: auto; margin-right: auto;\" border=\"0\" width=\"360\" cellspacing=\"0\" cellpadding=\"0\">\n<tbody>\n<tr style=\"height: 13.50pt;\">\n<td style=\"height: 13.5pt; width: 54pt; text-align: center;\" width=\"72\" height=\"18\">Kapazit\u00e4t<\/td>\n<td style=\"width: 54pt; text-align: center;\" width=\"72\">Abmessungen<\/td>\n<td style=\"width: 54pt; text-align: center;\" width=\"72\">Form<\/td>\n<td style=\"width: 54pt; text-align: center;\" width=\"72\">Material<\/td>\n<td style=\"width: 54pt; text-align: center;\" width=\"72\">Farbe<\/td>\n<\/tr>\n<tr style=\"height: 13.50pt;\">\n<td style=\"height: 13.5pt; text-align: center;\" height=\"18\">150 ml<\/td>\n<td style=\"text-align: center;\">5,7 x 7,7 x 7,3 cm<\/td>\n<td style=\"text-align: center;\">Quadrat<\/td>\n<td style=\"text-align: center;\">Glas<\/td>\n<td style=\"text-align: center;\">Transparent, anpassbar<\/td>\n<\/tr>\n<\/tbody>\n<\/table>\n<h2>Erfolgsbeispiel<\/h2>\n<p>Ein kleines kanadisches Dessertstudio hat mit uns zusammengearbeitet, um diese farbenfrohen, quadratischen Joghurtgl\u00e4ser mit Deckel f\u00fcr seine handgemachte Joghurtlinie herzustellen. Passend zu ihrer Marke, die f\u00fcr die fr\u00f6hliche und herzliche Ausstrahlung von Handarbeit steht, w\u00e4hlten sie sanfte Pastellfarben \u2013 Rosa, Blau und Gelb. Jedes Glas ist mit einem schlichten Markenlogo verziert und wird mit einer Silikonh\u00fclle geliefert, um die Frische des Produkts w\u00e4hrend Transport und Lagerung zu gew\u00e4hrleisten.<\/p>\n<p>Nach der Markteinf\u00fchrung der Produkte waren die Nutzer von deren frischem Look und umweltfreundlichem Design begeistert. Die Wiederkaufsrate des Studios stieg innerhalb von drei Monaten um 40 %.<\/p>\n<h2>Ihre Anpassungstipps<\/h2>\n<p>Bei diesen quadratischen Joghurtgl\u00e4sern mit Deckel k\u00f6nnen Sie Ihr Markenlogo oder ein Muster per Mattdruck oder individueller Aufklebergestaltung anbringen, um die Attraktivit\u00e4t im Regal zu steigern. F\u00fcr die Deckel stehen verschiedene Farben und Materialien zur Auswahl \u2013 wie Silikon, Bambus oder Aluminium \u2013, die zu Ihrer Markenidentit\u00e4t passen. Bieten Sie bei Aktionen verschiedene Gr\u00f6\u00dfen (100 ml\u2013250 ml) an, um die Produktvielfalt zu erh\u00f6hen. Gepr\u00e4gte Logos oder transparente Etiketten werten Ihre kleinen Joghurtgl\u00e4ser zus\u00e4tzlich auf und lassen sie besser zur Geltung kommen.<\/p>","protected":false},"excerpt":{"rendered":"<p>Unsere quadratischen Joghurtgl\u00e4ser mit Deckel sind individuell gestaltbar. Kleine Joghurtgl\u00e4ser mit farbigen Deckeln eignen sich auch f\u00fcr Desserts und Marmeladen. Kontaktieren Sie uns noch heute f\u00fcr kostenlose Muster.<\/p>","protected":false},"featured_media":2375,"template":"","meta":{"postBodyCss":"","postBodyMargin":[],"postBodyPadding":[],"postBodyBackground":{"backgroundType":"classic","gradient":""}},"product_brand":[],"product_cat":[15,16,46],"product_tag":[65,64],"class_list":{"0":"post-2369","1":"product","2":"type-product","3":"status-publish","4":"has-post-thumbnail","6":"product_cat-glass-containers","7":"product_cat-glass-bottles","8":"product_cat-glass-milk-bottles","9":"product_tag-glass-jam-jars","10":"product_tag-glass-yogurt-jars","12":"first","13":"instock","14":"shipping-taxable","15":"product-type-simple"},"jetpack_sharing_enabled":true,"_links":{"self":[{"href":"https:\/\/minghanggroup.com\/de\/wp-json\/wp\/v2\/product\/2369","targetHints":{"allow":["GET"]}}],"collection":[{"href":"https:\/\/minghanggroup.com\/de\/wp-json\/wp\/v2\/product"}],"about":[{"href":"https:\/\/minghanggroup.com\/de\/wp-json\/wp\/v2\/types\/product"}],"wp:featuredmedia":[{"embeddable":true,"href":"https:\/\/minghanggroup.com\/de\/wp-json\/wp\/v2\/media\/2375"}],"wp:attachment":[{"href":"https:\/\/minghanggroup.com\/de\/wp-json\/wp\/v2\/media?parent=2369"}],"wp:term":[{"taxonomy":"product_brand","embeddable":true,"href":"https:\/\/minghanggroup.com\/de\/wp-json\/wp\/v2\/product_brand?post=2369"},{"taxonomy":"product_cat","embeddable":true,"href":"https:\/\/minghanggroup.com\/de\/wp-json\/wp\/v2\/product_cat?post=2369"},{"taxonomy":"product_tag","embeddable":true,"href":"https:\/\/minghanggroup.com\/de\/wp-json\/wp\/v2\/product_tag?post=2369"}],"curies":[{"name":"wp","href":"https:\/\/api.w.org\/{rel}","templated":true}]}}