{"id":2355,"date":"2025-10-31T14:35:46","date_gmt":"2025-10-31T06:35:46","guid":{"rendered":"https:\/\/minghanggroup.com\/?post_type=product&#038;p=2355"},"modified":"2025-10-31T17:50:01","modified_gmt":"2025-10-31T09:50:01","slug":"bulk-hexagonal-glass-honey-storage-containers-with-dust-lids","status":"publish","type":"product","link":"https:\/\/minghanggroup.com\/de\/produkt\/bulk-hexagonal-glass-honey-storage-containers-with-dust-lids\/","title":{"rendered":"Sechseckige Honigbeh\u00e4lter aus Glas mit Staubschutzdeckeln, 380 ml, 730 ml"},"content":{"rendered":"<p>Diese sechseckigen Honigbeh\u00e4lter aus Glas bestechen durch ihren Korpus aus transparentem Glas mit sanft gerundeten Linien und scharfen Kanten. Die Deckel sind in Gr\u00fcn und Rotbraun sowie in verschiedenen Gr\u00f6\u00dfen erh\u00e4ltlich. Das Design ist minimalistisch und elegant zugleich und vereint Funktionalit\u00e4t und \u00c4sthetik auf ideale Weise.<\/p>\n<h2>Produktmerkmale<\/h2>\n<ul>\n<li><strong>Klarglasmaterial:<\/strong> Durch das klare Glas ist das Produkt im Inneren gut sichtbar, sodass Honig noch nie so gut aussah und gleichzeitig seinen praktischen Zweck erf\u00fcllte.<\/li>\n<li><strong>Abgerundete Kanten und Korpus:<\/strong> Die abgerundeten Linien der Gl\u00e4ser verleihen ihnen ein elegantes und glattes Aussehen, wodurch die optische Attraktivit\u00e4t des Produkts gesteigert und seine Wiedererkennbarkeit erh\u00f6ht wird.<\/li>\n<li><strong>Versiegeltes, staubdichtes Design:<\/strong> Man kann sagen, dass der Honig hygienisch gelagert wird, da ein versiegelter Deckel mit einer durchsichtigen Staubschutzabdeckung angebracht ist; auch die Hygiene wird durch diese Verpackung erleichtert.<\/li>\n<\/ul>\n<h2 style=\"text-align: left;\">Wichtigste Spezifikationen<\/h2>\n<table class=\"aligncenter\" style=\"border-collapse: collapse; width: 415.52pt;\" border=\"0\" width=\"554\" cellspacing=\"0\" cellpadding=\"0\">\n<tbody>\n<tr style=\"height: 13.50pt;\">\n<td style=\"height: 13.50pt; width: 95.25pt;\" width=\"127\" height=\"18\">Besonderheit<\/td>\n<td style=\"width: 320.25pt;\" width=\"427\">Specification<\/td>\n<\/tr>\n<tr style=\"height: 13.50pt;\">\n<td style=\"height: 13.50pt;\" height=\"18\">Kapazit\u00e4t<\/td>\n<td>380 ml, 730 ml<\/td>\n<\/tr>\n<tr style=\"height: 13.50pt;\">\n<td style=\"height: 13.50pt;\" height=\"18\">Form<\/td>\n<td>Zylindrisch mit 6 weichen Facetten<\/td>\n<\/tr>\n<tr style=\"height: 13.50pt;\">\n<td style=\"height: 13.50pt;\" height=\"18\">Abmessungen<\/td>\n<td>8,5 \u00d7 13 cm, 10,4 \u00d7 16,2 cm<\/td>\n<\/tr>\n<tr style=\"height: 13.50pt;\">\n<td style=\"height: 13.50pt;\" height=\"18\">Material<\/td>\n<td>Klares Glas, staubdichter Deckel<\/td>\n<\/tr>\n<tr style=\"height: 13.50pt;\">\n<td style=\"height: 13.50pt;\" height=\"18\">Deckeloptionen<\/td>\n<td>Gr\u00fcn, rotbraun, gelb, blau<\/td>\n<\/tr>\n<tr style=\"height: 13.50pt;\">\n<td style=\"height: 13.50pt;\" height=\"18\">Am besten geeignet f\u00fcr<\/td>\n<td>Caf\u00e9s, \u00d6kol\u00e4den, Imkergenossenschaften<\/td>\n<\/tr>\n<tr style=\"height: 13.50pt;\">\n<td style=\"height: 13.50pt;\" height=\"18\">Ideale Verwendung<\/td>\n<td>Honigaufbewahrungsbeh\u00e4lter, sechseckige Honiggl\u00e4ser aus Glas<\/td>\n<\/tr>\n<\/tbody>\n<\/table>\n<h2>Erfolgsgeschichte: Wie bessere Verpackungen zu einem R\u00fcckgang der Retourenquote um 60 % f\u00fchrten<\/h2>\n<p>Bei einem Online-Honigh\u00e4ndler lag die Retourenquote aufgrund undichter Gl\u00e4ser bei 5 %. Nach der Umstellung auf unsere 730-ml-Sechseck-Honiggl\u00e4ser mit dicht schlie\u00dfenden Deckeln sank die Retourenquote aufgrund der Verpackung um 60 %, und die Zahl der Stammkunden stieg um 25 %. Die Kunden freuen sich \u00fcber die auslaufsichere Verpackung, und das Unternehmen verwendet diese Glasbeh\u00e4lter nun f\u00fcr alle seine Produkte. Es bestellt alle zwei Monate 200.000 Flaschen in beiden Gr\u00f6\u00dfen.<\/p>\n<h2>Ideen zur individuellen Gestaltung von Glasaufbewahrungsbeh\u00e4ltern<\/h2>\n<ul>\n<li>Individuelle Kappenfarbe: Um sicherzustellen, dass die Farbe der Kappe nicht nur perfekt passt, sondern auch zum Farbschema Ihrer Marke passt, sollte die Pantone-Farbkarte zur Farbabstimmung verwendet werden.<\/li>\n<li>Mattierte Facetten: Sie k\u00f6nnen einen sch\u00f6nen Kontrasteffekt erzielen, indem Sie die Facetten, die nicht Ihre Buchstaben sind, mattieren. Dadurch wird die Sechseckform st\u00e4rker hervorgehoben.<\/li>\n<li>Auswahl der Glasst\u00e4rke: Sie k\u00f6nnen entweder die Standardst\u00e4rke w\u00e4hlen oder auf dickeres Glas umsteigen, wodurch dieses strukturierter und haltbarer wird.<\/li>\n<li>UV-Schutzt\u00f6nung: Gehen Sie noch einen Schritt weiter und verwenden Sie bernsteinfarbenes Glas, um Ihre lichtempfindlichen Produkte w\u00e4hrend der Lagerung vor UV-Strahlen zu sch\u00fctzen.<\/li>\n<\/ul>","protected":false},"excerpt":{"rendered":"<p>Hochwertige Honiggl\u00e4ser aus Glas mit luftdichten Staubdeckeln. Diese sechseckigen Gl\u00e4ser eignen sich ideal zum Abf\u00fcllen von Honig, Marmelade oder Sirup. Mengenrabatte!<\/p>","protected":false},"featured_media":2370,"template":"","meta":{"postBodyCss":"","postBodyMargin":[],"postBodyPadding":[],"postBodyBackground":{"backgroundType":"classic","gradient":""}},"product_brand":[],"product_cat":[15,17,52],"product_tag":[],"class_list":{"0":"post-2355","1":"product","2":"type-product","3":"status-publish","4":"has-post-thumbnail","6":"product_cat-glass-containers","7":"product_cat-glass-jars","8":"product_cat-glass-honey-jars","10":"first","11":"instock","12":"shipping-taxable","13":"product-type-simple"},"jetpack_sharing_enabled":true,"_links":{"self":[{"href":"https:\/\/minghanggroup.com\/de\/wp-json\/wp\/v2\/product\/2355","targetHints":{"allow":["GET"]}}],"collection":[{"href":"https:\/\/minghanggroup.com\/de\/wp-json\/wp\/v2\/product"}],"about":[{"href":"https:\/\/minghanggroup.com\/de\/wp-json\/wp\/v2\/types\/product"}],"wp:featuredmedia":[{"embeddable":true,"href":"https:\/\/minghanggroup.com\/de\/wp-json\/wp\/v2\/media\/2370"}],"wp:attachment":[{"href":"https:\/\/minghanggroup.com\/de\/wp-json\/wp\/v2\/media?parent=2355"}],"wp:term":[{"taxonomy":"product_brand","embeddable":true,"href":"https:\/\/minghanggroup.com\/de\/wp-json\/wp\/v2\/product_brand?post=2355"},{"taxonomy":"product_cat","embeddable":true,"href":"https:\/\/minghanggroup.com\/de\/wp-json\/wp\/v2\/product_cat?post=2355"},{"taxonomy":"product_tag","embeddable":true,"href":"https:\/\/minghanggroup.com\/de\/wp-json\/wp\/v2\/product_tag?post=2355"}],"curies":[{"name":"wp","href":"https:\/\/api.w.org\/{rel}","templated":true}]}}