{"id":2335,"date":"2025-10-31T11:15:42","date_gmt":"2025-10-31T03:15:42","guid":{"rendered":"https:\/\/minghanggroup.com\/?post_type=product&#038;p=2335"},"modified":"2025-10-31T14:50:02","modified_gmt":"2025-10-31T06:50:02","slug":"bulk-hexagon-glass-honey-jars-with-honeycomb","status":"publish","type":"product","link":"https:\/\/minghanggroup.com\/de\/produkt\/bulk-hexagon-glass-honey-jars-with-honeycomb\/","title":{"rendered":"Sechseckige Honiggl\u00e4ser mit Wabenstruktur, 500 ml und 1000 ml"},"content":{"rendered":"<p>Diese sechseckigen Honiggl\u00e4ser aus Glas bestechen durch ihren transparenten Korpus mit gepr\u00e4gtem Wabenmuster und die gold-gelben Deckel. Sie sind in zwei Gr\u00f6\u00dfen erh\u00e4ltlich. Jedes Detail spiegelt das Honigthema perfekt wider, und der Honig selbst wird durch das klare Glas elegant pr\u00e4sentiert.<\/p>\n<h2>Produktmerkmale<\/h2>\n<ul>\n<li><strong>Wabenartige Textur:<\/strong> Die sechseckigen Honiggl\u00e4ser zeichnen sich durch ein einzigartiges, wabenf\u00f6rmiges Pr\u00e4gemuster aus, das perfekt zum Honigthema passt und die Wiedererkennung des Produkts sowie die thematische Attraktivit\u00e4t erh\u00f6ht.<\/li>\n<li><strong>Zwei Gr\u00f6\u00dfen erh\u00e4ltlich:<\/strong> Durch die Verwendung von zwei Honiggl\u00e4sern in unterschiedlichen Gr\u00f6\u00dfen kann der Benutzer beiden Bed\u00fcrfnissen gerecht werden, sei es dem t\u00e4glichen Gebrauch im Haushalt oder dem Verpacken von Geschenken und damit der Teilnahme an anderen Veranstaltungen.<\/li>\n<li><strong>Pr\u00e4sentation im thematischen Stil:<\/strong> Die wabenf\u00f6rmigen Gl\u00e4ser in Kombination mit den metallenen\/farbigen Deckeln erzeugen einen optisch stimmigen Effekt, der mit dem Honigthema harmoniert und die einzigartige Pers\u00f6nlichkeit des Produkts unterstreicht.<\/li>\n<\/ul>\n<h2 style=\"text-align: left;\">Wichtigste Spezifikationen<\/h2>\n<table class=\"aligncenter\" style=\"border-collapse: collapse; width: 455.27pt;\" border=\"0\" width=\"607\" cellspacing=\"0\" cellpadding=\"0\">\n<tbody>\n<tr style=\"height: 13.50pt;\">\n<td style=\"height: 13.50pt; width: 95.25pt;\" width=\"127\" height=\"18\">Besonderheit<\/td>\n<td style=\"width: 360.00pt;\" width=\"480\">Specification<\/td>\n<\/tr>\n<tr style=\"height: 13.50pt;\">\n<td style=\"height: 13.50pt;\" height=\"18\">Kapazit\u00e4t<\/td>\n<td>500 ml, 1000 ml<\/td>\n<\/tr>\n<tr style=\"height: 13.50pt;\">\n<td style=\"height: 13.50pt;\" height=\"18\">Form<\/td>\n<td>Sechseckig mit vollst\u00e4ndiger Wabenpr\u00e4gung<\/td>\n<\/tr>\n<tr style=\"height: 13.50pt;\">\n<td style=\"height: 13.50pt;\" height=\"18\">Abmessungen<\/td>\n<td>8 \u00d7 7,5 \u00d7 11,9 cm, 9,7 \u00d7 9,2 \u00d7 14,5 cm<\/td>\n<\/tr>\n<tr style=\"height: 13.50pt;\">\n<td style=\"height: 13.50pt;\" height=\"18\">Material<\/td>\n<td>Klares Glas, Schraubverschluss<\/td>\n<\/tr>\n<tr style=\"height: 13.50pt;\">\n<td style=\"height: 13.50pt;\" height=\"18\">Deckeloptionen<\/td>\n<td>Gold, Gelb, Silber, Schwarz<\/td>\n<\/tr>\n<tr style=\"height: 13.50pt;\">\n<td style=\"height: 13.50pt;\" height=\"18\">Am besten geeignet f\u00fcr<\/td>\n<td>Rohhonig, Geschenksets, Boutique-Einzelhandel, Imkergenossenschaften<\/td>\n<\/tr>\n<tr style=\"height: 13.50pt;\">\n<td style=\"height: 13.50pt;\" height=\"18\">Ideale Verwendung<\/td>\n<td>Honigglas mit Honigwaben, Honigglas aus Glas<\/td>\n<\/tr>\n<\/tbody>\n<\/table>\n<h2>Erfolgsgeschichte: Wie themenbezogene Verpackungen ein Wachstum von 40 % erzielen k\u00f6nnen<\/h2>\n<p>Ein mittelst\u00e4ndischer Imkereibetrieb hatte Schwierigkeiten, sich mit schlichten runden Gl\u00e4sern von der Konkurrenz abzuheben. Nach drei Monaten mit unseren 500-ml-Sechskant-Honiggl\u00e4sern aus Glas mit Wabenmuster und goldenen Deckeln konnte der Betrieb seinen Umsatz um 40 % und die Zahl der Wiederk\u00e4ufe um 58 % steigern. Die Kunden waren begeistert von der einzigartigen Optik, die echten Honig so authentisch wirken lie\u00df und die Marke sofort erkennbar machte. Nachdem der Betrieb drei Bestellungen in Folge aufgegeben hatte, verwendet er die Gl\u00e4ser nun f\u00fcr sein gesamtes Produktsortiment.<\/p>\n<h2>Vorschl\u00e4ge zur individuellen Gestaltung von Glasverpackungen<\/h2>\n<ul>\n<li><strong>Individuelle Deckeloberfl\u00e4che:<\/strong> Sie k\u00f6nnen zwischen matten, gl\u00e4nzenden oder metallischen Deckeln w\u00e4hlen, die optisch zur Marke passen.<\/li>\n<li><strong>Dichte des Wabenmusters:<\/strong> Die Gr\u00f6\u00dfe und Tiefe des Wabenmusters im Honigglas k\u00f6nnen angepasst werden, je nachdem, ob der Effekt mehr oder weniger sichtbar sein soll.<\/li>\n<li><strong>Buntglas:<\/strong> Braunglas eignet sich nicht nur hervorragend zum UV-Schutz, sondern verleiht dem Produkt auch eine sch\u00f6ne, warme, goldene Optik \u2013 warum also nicht verwenden?<\/li>\n<li><strong>Metallischer Glanz:<\/strong> Durch die Verwendung eines metallischen Glanzes, der das Licht von bestimmten Bereichen des Wabenmusters reflektiert, entsteht ein optisch ansprechender Effekt.<\/li>\n<\/ul>","protected":false},"excerpt":{"rendered":"<p>Elegantes sechseckiges Honigglas aus hochwertigem Glas mit Wabenmuster und goldenem Deckel. Ideal zum Verpacken von Honig. Bestellen Sie in gro\u00dfen Mengen und erhalten Sie kostenlose Muster!<\/p>","protected":false},"featured_media":2351,"template":"","meta":{"postBodyCss":"","postBodyMargin":[],"postBodyPadding":[],"postBodyBackground":{"backgroundType":"classic","gradient":""}},"product_brand":[],"product_cat":[15,17,52],"product_tag":[],"class_list":{"0":"post-2335","1":"product","2":"type-product","3":"status-publish","4":"has-post-thumbnail","6":"product_cat-glass-containers","7":"product_cat-glass-jars","8":"product_cat-glass-honey-jars","10":"first","11":"instock","12":"shipping-taxable","13":"product-type-simple"},"jetpack_sharing_enabled":true,"_links":{"self":[{"href":"https:\/\/minghanggroup.com\/de\/wp-json\/wp\/v2\/product\/2335","targetHints":{"allow":["GET"]}}],"collection":[{"href":"https:\/\/minghanggroup.com\/de\/wp-json\/wp\/v2\/product"}],"about":[{"href":"https:\/\/minghanggroup.com\/de\/wp-json\/wp\/v2\/types\/product"}],"wp:featuredmedia":[{"embeddable":true,"href":"https:\/\/minghanggroup.com\/de\/wp-json\/wp\/v2\/media\/2351"}],"wp:attachment":[{"href":"https:\/\/minghanggroup.com\/de\/wp-json\/wp\/v2\/media?parent=2335"}],"wp:term":[{"taxonomy":"product_brand","embeddable":true,"href":"https:\/\/minghanggroup.com\/de\/wp-json\/wp\/v2\/product_brand?post=2335"},{"taxonomy":"product_cat","embeddable":true,"href":"https:\/\/minghanggroup.com\/de\/wp-json\/wp\/v2\/product_cat?post=2335"},{"taxonomy":"product_tag","embeddable":true,"href":"https:\/\/minghanggroup.com\/de\/wp-json\/wp\/v2\/product_tag?post=2335"}],"curies":[{"name":"wp","href":"https:\/\/api.w.org\/{rel}","templated":true}]}}