{"id":2302,"date":"2025-10-30T15:36:54","date_gmt":"2025-10-30T07:36:54","guid":{"rendered":"https:\/\/minghanggroup.com\/?post_type=product&#038;p=2302"},"modified":"2026-01-20T14:32:18","modified_gmt":"2026-01-20T06:32:18","slug":"bulk-beautiful-embossed-honey-glass-jars-with-metal-lids","status":"publish","type":"product","link":"https:\/\/minghanggroup.com\/de\/produkt\/bulk-beautiful-embossed-honey-glass-jars-with-metal-lids\/","title":{"rendered":"Wundersch\u00f6ne, gepr\u00e4gte Honiggl\u00e4ser (280 ml, 380 ml) in Gro\u00dfpackung"},"content":{"rendered":"<p>Diese Honiggl\u00e4ser befinden sich in transparenten Glask\u00f6rpern, die mit wundersch\u00f6nen gepr\u00e4gten Mustern verziert sind, und sind mit Deckeln in Rot und Braun in verschiedenen Gr\u00f6\u00dfen erh\u00e4ltlich. Sie repr\u00e4sentieren ein stilvolles, kunstvoll-raffiniertes Design, das nicht nur gut aussieht, sondern auch von gro\u00dfem Nutzen ist.<\/p>\n<h2>Produktmerkmale<\/h2>\n<ul>\n<li><strong>Gepr\u00e4gter Glask\u00f6rper:<\/strong> Die Gl\u00e4ser sind mit wundersch\u00f6nen Pr\u00e4gemustern versehen, und das elegante, k\u00fcnstlerische Design steigert den Wiedererkennungswert und die optische Attraktivit\u00e4t des Produkts.<\/li>\n<li><strong>Zwei Gr\u00f6\u00dfen verf\u00fcgbar: <\/strong>F\u00fcr verschiedene Anl\u00e4sse und Bed\u00fcrfnisse stehen Ausgaben in unterschiedlichen Gr\u00f6\u00dfen zur Verf\u00fcgung, darunter Honigaufbewahrung und Geschenkverpackung.<\/li>\n<li><strong>Fantasievolles Design:<\/strong> Der transparente Beh\u00e4lter des Glases, der ein gepr\u00e4gtes Dekorationselement darstellt, erzeugt ein einzigartiges k\u00fcnstlerisches Design, das dem Produkt modische Eleganz und Pracht verleiht.<\/li>\n<\/ul>\n<h2 style=\"text-align: left;\">Wichtigste Spezifikationen<\/h2>\n<table class=\"aligncenter\" style=\"border-collapse: collapse; width: 390.77pt;\" border=\"0\" width=\"521\" cellspacing=\"0\" cellpadding=\"0\">\n<tbody>\n<tr style=\"height: 13.50pt;\">\n<td style=\"height: 13.50pt; width: 108.75pt;\" width=\"145\" height=\"18\">Besonderheit<\/td>\n<td style=\"width: 282.00pt;\" width=\"376\">Specification<\/td>\n<\/tr>\n<tr style=\"height: 13.50pt;\">\n<td style=\"height: 13.50pt;\" height=\"18\">Kapazit\u00e4t<\/td>\n<td>280 ml, 380 ml<\/td>\n<\/tr>\n<tr style=\"height: 13.50pt;\">\n<td style=\"height: 13.50pt;\" height=\"18\">Form<\/td>\n<td>Zylindrisch mit vollfl\u00e4chiger \u00c4tzung<\/td>\n<\/tr>\n<tr style=\"height: 13.50pt;\">\n<td style=\"height: 13.50pt;\" height=\"18\">Abmessungen<\/td>\n<td>7,7 \u00d7 10,5 cm, 8,4 \u00d7 11,5 cm<\/td>\n<\/tr>\n<tr style=\"height: 13.50pt;\">\n<td style=\"height: 13.50pt;\" height=\"18\">Halsart<\/td>\n<td>Weite \u00d6ffnung (5,2\u20135,6 cm Durchmesser)<\/td>\n<\/tr>\n<tr style=\"height: 13.50pt;\">\n<td style=\"height: 13.50pt;\" height=\"18\">Material<\/td>\n<td>Klares Glas, Metallschraubdeckel<\/td>\n<\/tr>\n<tr style=\"height: 13.50pt;\">\n<td style=\"height: 13.50pt;\" height=\"18\">Deckeloptionen<\/td>\n<td>Rot, Braun, Gold, Silber<\/td>\n<\/tr>\n<tr style=\"height: 13.50pt;\">\n<td style=\"height: 13.50pt;\" height=\"18\">Am besten geeignet f\u00fcr<\/td>\n<td>Premium-Honig, Geschenksets, Boutique-Einzelhandel<\/td>\n<\/tr>\n<tr style=\"height: 13.50pt;\">\n<td style=\"height: 13.50pt;\" height=\"18\">Ideale Verwendung<\/td>\n<td>Wundersch\u00f6ne Honiggl\u00e4ser, gepr\u00e4gte Marmeladengl\u00e4ser<\/td>\n<\/tr>\n<\/tbody>\n<\/table>\n<h2>Erfolgsgeschichte: Wie gepr\u00e4gte Gl\u00e4ser die Markenpositionierung ver\u00e4nderten<\/h2>\n<p>Die Imkergenossenschaft, die die Region mit Honig versorgte, hatte es schwer, ihre Produkte in den Souvenirl\u00e4den der Gegend bekannt zu machen. Ihre schlichte Verpackung hob sie nicht von der Konkurrenz ab. Daraufhin stellten sie die Verpackung ihrer Hauptproduktlinie auf unsere eleganten 380-ml-Honiggl\u00e4ser mit braunem Deckel um. Die Ver\u00e4nderung war bemerkenswert. Innerhalb von nur sechs Monaten steigerten sie ihren durchschnittlichen Verkaufspreis um 35 %. Eink\u00e4ufer der L\u00e4den hoben hervor, dass die attraktiven Honiggl\u00e4ser nicht nur ein Produkt, sondern auch eine Augenweide seien. Noch bemerkenswerter ist, dass die Genossenschaft \u2013 neben anderen \u2013 Vertr\u00e4ge mit drei Luxuskaufh\u00e4usern abschlie\u00dfen konnte, die ihre Produkte zuvor abgelehnt hatten. Diese Kaufh\u00e4user verwenden die eleganten Honiggl\u00e4ser nun f\u00fcr ihr gesamtes Sortiment und bestellen alle zwei Monate 100.000 St\u00fcck.<\/p>\n<h2>Vorschl\u00e4ge zur individuellen Gestaltung von Glasverpackungen<\/h2>\n<ul>\n<li><strong>Individuell gepr\u00e4gte Muster:<\/strong> Ver\u00e4ndern Sie das aktuelle Blumenmuster, integrieren Sie Elemente Ihrer Markenidentit\u00e4t oder entwerfen Sie einfach ganz neue Designs.<\/li>\n<li><strong>Farbabstimmung der Kappe:<\/strong> Wir sind in der Lage, die Farbe der Kappe mit gro\u00dfer Genauigkeit an die Pantone-Farbe Ihrer Marke anzupassen, um eine absolute Farbkonsistenz zu gew\u00e4hrleisten.<\/li>\n<li><strong>Spezielle Glanz-\/Matt-Oberfl\u00e4chen:<\/strong> Durch den Einsatz von Glanz- und Mattlackierungen an verschiedenen Stellen der Flasche k\u00f6nnen Blicke auf sich gezogen werden.<\/li>\n<li><strong>Metallic-Highlights:<\/strong> Platzieren Sie kleine Mengen Gold- oder Silbermetallstaub auf den erhabenen Stellen der Pr\u00e4gung, um ihnen ein edles und sch\u00f6nes Aussehen zu verleihen.<\/li>\n<\/ul>","protected":false},"excerpt":{"rendered":"<p>Elegante, transparente Honiggl\u00e4ser mit kunstvollen Pr\u00e4gemustern. Ideal f\u00fcr Premium-Honigmarken. Gro\u00dfhandelspreise, schneller Versand und Gratisproben!<\/p>","protected":false},"featured_media":2330,"template":"","meta":{"postBodyCss":"","postBodyMargin":[],"postBodyPadding":[],"postBodyBackground":{"backgroundType":"classic","gradient":""}},"product_brand":[],"product_cat":[15,17,52],"product_tag":[81,65],"class_list":{"0":"post-2302","1":"product","2":"type-product","3":"status-publish","4":"has-post-thumbnail","6":"product_cat-glass-containers","7":"product_cat-glass-jars","8":"product_cat-glass-honey-jars","9":"product_tag-birds-nest-jar","10":"product_tag-glass-jam-jars","12":"first","13":"instock","14":"shipping-taxable","15":"product-type-simple"},"jetpack_sharing_enabled":true,"_links":{"self":[{"href":"https:\/\/minghanggroup.com\/de\/wp-json\/wp\/v2\/product\/2302","targetHints":{"allow":["GET"]}}],"collection":[{"href":"https:\/\/minghanggroup.com\/de\/wp-json\/wp\/v2\/product"}],"about":[{"href":"https:\/\/minghanggroup.com\/de\/wp-json\/wp\/v2\/types\/product"}],"wp:featuredmedia":[{"embeddable":true,"href":"https:\/\/minghanggroup.com\/de\/wp-json\/wp\/v2\/media\/2330"}],"wp:attachment":[{"href":"https:\/\/minghanggroup.com\/de\/wp-json\/wp\/v2\/media?parent=2302"}],"wp:term":[{"taxonomy":"product_brand","embeddable":true,"href":"https:\/\/minghanggroup.com\/de\/wp-json\/wp\/v2\/product_brand?post=2302"},{"taxonomy":"product_cat","embeddable":true,"href":"https:\/\/minghanggroup.com\/de\/wp-json\/wp\/v2\/product_cat?post=2302"},{"taxonomy":"product_tag","embeddable":true,"href":"https:\/\/minghanggroup.com\/de\/wp-json\/wp\/v2\/product_tag?post=2302"}],"curies":[{"name":"wp","href":"https:\/\/api.w.org\/{rel}","templated":true}]}}