{"id":2259,"date":"2025-10-30T14:27:41","date_gmt":"2025-10-30T06:27:41","guid":{"rendered":"https:\/\/minghanggroup.com\/?post_type=product&#038;p=2259"},"modified":"2026-01-20T14:32:32","modified_gmt":"2026-01-20T06:32:32","slug":"wholesale-glass-jam-jars-canning-small-honey-jars-multi-faceted","status":"publish","type":"product","link":"https:\/\/minghanggroup.com\/de\/produkt\/wholesale-glass-jam-jars-canning-small-honey-jars-multi-faceted\/","title":{"rendered":"Gro\u00dfhandel mit mehrfarbigen Marmeladengl\u00e4sern aus Glas zum Einmachen (100 ml, 150 ml, 200 ml)"},"content":{"rendered":"<p>Mit einem transparenten, facettenreichen Glask\u00f6rper und einem rot-wei\u00df karierten Deckel sind diese Marmeladengl\u00e4ser in verschiedenen Gr\u00f6\u00dfen erh\u00e4ltlich und haben einen sch\u00f6nen l\u00e4ndlichen Stil, der eine gro\u00dfartige M\u00f6glichkeit bietet, den goldenen Honig zu pr\u00e4sentieren.<\/p>\n<h2>Produktmerkmale<\/h2>\n<ul>\n<li><strong>Facettenreiches Flaschendesign:<\/strong> Ein schlichtes, geometrisches Flaschendesign mit vielen Facetten erh\u00f6ht den Wiedererkennungswert und die visuelle Attraktivit\u00e4t des Produkts deutlich.<\/li>\n<li><strong>Verschiedene Gr\u00f6\u00dfen erh\u00e4ltlich:<\/strong> Durch das Angebot einer Vielzahl von Honigglasgr\u00f6\u00dfen erf\u00fcllt das Unternehmen die unterschiedlichen Bed\u00fcrfnisse der Kunden, die Honig f\u00fcr den t\u00e4glichen Gebrauch zu Hause, als Geschenkverpackung oder f\u00fcr andere Anl\u00e4sse ben\u00f6tigen.<\/li>\n<li><strong>Design im Landhausstil:<\/strong> Das Flaschendesign in Kombination mit dem rot-wei\u00df karierten Deckel vermittelt eine stark rustikale Atmosph\u00e4re, die nicht nur den einzigartigen Stil des Produkts bereichert, sondern auch seine optische Attraktivit\u00e4t steigert.<\/li>\n<\/ul>\n<h2 style=\"text-align: left;\">Wichtigste Spezifikationen<\/h2>\n<table class=\"aligncenter\" style=\"border-collapse: collapse; width: 446.27pt;\" border=\"0\" width=\"595\" cellspacing=\"0\" cellpadding=\"0\">\n<tbody>\n<tr style=\"height: 13.50pt;\">\n<td style=\"height: 13.50pt; width: 122.25pt;\" width=\"163\" height=\"18\">Besonderheit<\/td>\n<td style=\"width: 324.00pt;\" width=\"432\">Specification<\/td>\n<\/tr>\n<tr style=\"height: 13.50pt;\">\n<td style=\"height: 13.50pt;\" height=\"18\">Kapazit\u00e4t<\/td>\n<td>100 ml, 150 ml, 200 ml<\/td>\n<\/tr>\n<tr style=\"height: 13.50pt;\">\n<td style=\"height: 13.50pt;\" height=\"18\">Abmessungen<\/td>\n<td>5,4 \u00d7 6,2 cm bis 6 \u00d7 8,5 cm<\/td>\n<\/tr>\n<tr style=\"height: 13.50pt;\">\n<td style=\"height: 13.50pt;\" height=\"18\">Halsart<\/td>\n<td>Weite \u00d6ffnung (5,8\u20136,5 cm Au\u00dfendurchmesser)<\/td>\n<\/tr>\n<tr style=\"height: 13.50pt;\">\n<td style=\"height: 13.50pt;\" height=\"18\">Material<\/td>\n<td>Klares Glas, Metallschraubdeckel<\/td>\n<\/tr>\n<tr style=\"height: 13.50pt;\">\n<td style=\"height: 13.50pt;\" height=\"18\">Deckeloptionen<\/td>\n<td>Rot\/wei\u00df kariert, einfarbig rot, Gold, Silber<\/td>\n<\/tr>\n<tr style=\"height: 13.50pt;\">\n<td style=\"height: 13.50pt;\" height=\"18\">Am besten geeignet f\u00fcr<\/td>\n<td>Rohhonig, Marmeladen, Konfit\u00fcren<\/td>\n<\/tr>\n<tr style=\"height: 13.50pt;\">\n<td style=\"height: 13.50pt;\" height=\"18\">Ideale Verwendung<\/td>\n<td>Marmeladengl\u00e4ser zum Einkochen, Marmeladengl\u00e4ser aus Glas, Honiggl\u00e4ser in gro\u00dfen Mengen<\/td>\n<\/tr>\n<\/tbody>\n<\/table>\n<h2>Erfolgsgeschichte: Wie Verpackungen im Landhausstil den Online-Umsatz verdreifachten<\/h2>\n<p>Das Familienunternehmen f\u00fcr Imkerei, das im hart umk\u00e4mpften Online-Markt einst am Ende seiner Kr\u00e4fte war, wusste nicht, wie es seinen Rohhonig von der Konkurrenz abheben sollte. Schlie\u00dflich wagten sie einen mutigen Schritt und verpackten ihre gesamte Produktlinie neu \u2013 mit unseren Marmeladengl\u00e4sern und karierten Stoffdeckeln. Der Erfolg war enorm. Das Social-Media-Engagement des Unternehmens stieg um 150 %, da die Gl\u00e4ser ideal zum Fotografieren und Hochladen auf Instagram geeignet sind. Der Umsatz, der entscheidende Faktor, stieg innerhalb von nur vier Monaten um 80 %. Dank des um 150 % gestiegenen Social-Media-Engagements \u2013 die Gl\u00e4ser eignen sich perfekt zum Fotografieren und Hochladen auf Instagram \u2013 legten die Online-Verk\u00e4ufe in vier Monaten um 80 % zu. Kunden berichten immer wieder, wie sehr sie die Gl\u00e4ser ansprechen. Diese visuelle Differenzierung hat sie von anderen Produkten abgehoben und ihnen so eine treue Anh\u00e4ngerschaft beschert. Seitdem hat das Unternehmen sein Produktsortiment stetig erweitert und bestellt regelm\u00e4\u00dfig 100.000 Gl\u00e4ser in allen drei Gr\u00f6\u00dfen, um den unterschiedlichen Kundenw\u00fcnschen gerecht zu werden und eine langfristige Partnerschaft zu sichern.<\/p>\n<h2>Vorschl\u00e4ge zur individuellen Gestaltung von Glasverpackungen<\/h2>\n<ul>\n<li><strong>Individuelle Kappenmuster:<\/strong> Obwohl das antike Karomuster immer im Trend liegt, k\u00f6nnen wir auch Kappen mit anderen Mustern wie Punkten, Streifen oder sogar Ihrem Markenlogo herstellen.<\/li>\n<li><strong>Glast\u00f6nung:<\/strong> Die Verwendung von hellbernsteinfarbenem oder gr\u00fcnem Glas verleiht dem Ganzen nicht nur einen klassischen Stil, sondern bietet auch Schutz vor Lichtalterung.<\/li>\n<li><strong>Logo der Siebdruckmarke:<\/strong> Ein Markenname oder ein kleines Symbol kann direkt auf das Glas gedruckt werden, um ein dauerhaftes und professionelles Image der Marke zu vermitteln.<\/li>\n<\/ul>","protected":false},"excerpt":{"rendered":"<p>Hochwertige Marmeladengl\u00e4ser in verschiedenen Gr\u00f6\u00dfen mit sicher schlie\u00dfenden, karierten Deckeln. Ideal zum Abf\u00fcllen von Marmelade und Honig. Gratisproben und schneller Versand!<\/p>","protected":false},"featured_media":2282,"template":"","meta":{"postBodyCss":"","postBodyMargin":[],"postBodyPadding":[],"postBodyBackground":{"backgroundType":"classic","gradient":""}},"product_brand":[],"product_cat":[15,17,52],"product_tag":[65],"class_list":{"0":"post-2259","1":"product","2":"type-product","3":"status-publish","4":"has-post-thumbnail","6":"product_cat-glass-containers","7":"product_cat-glass-jars","8":"product_cat-glass-honey-jars","9":"product_tag-glass-jam-jars","11":"first","12":"instock","13":"shipping-taxable","14":"product-type-simple"},"jetpack_sharing_enabled":true,"_links":{"self":[{"href":"https:\/\/minghanggroup.com\/de\/wp-json\/wp\/v2\/product\/2259","targetHints":{"allow":["GET"]}}],"collection":[{"href":"https:\/\/minghanggroup.com\/de\/wp-json\/wp\/v2\/product"}],"about":[{"href":"https:\/\/minghanggroup.com\/de\/wp-json\/wp\/v2\/types\/product"}],"wp:featuredmedia":[{"embeddable":true,"href":"https:\/\/minghanggroup.com\/de\/wp-json\/wp\/v2\/media\/2282"}],"wp:attachment":[{"href":"https:\/\/minghanggroup.com\/de\/wp-json\/wp\/v2\/media?parent=2259"}],"wp:term":[{"taxonomy":"product_brand","embeddable":true,"href":"https:\/\/minghanggroup.com\/de\/wp-json\/wp\/v2\/product_brand?post=2259"},{"taxonomy":"product_cat","embeddable":true,"href":"https:\/\/minghanggroup.com\/de\/wp-json\/wp\/v2\/product_cat?post=2259"},{"taxonomy":"product_tag","embeddable":true,"href":"https:\/\/minghanggroup.com\/de\/wp-json\/wp\/v2\/product_tag?post=2259"}],"curies":[{"name":"wp","href":"https:\/\/api.w.org\/{rel}","templated":true}]}}