{"id":2250,"date":"2025-10-30T14:08:43","date_gmt":"2025-10-30T06:08:43","guid":{"rendered":"https:\/\/minghanggroup.com\/?post_type=product&#038;p=2250"},"modified":"2026-01-20T13:42:15","modified_gmt":"2026-01-20T05:42:15","slug":"custom-ball-ribbed-glass-jars-for-yogurt-honey-wholesale","status":"publish","type":"product","link":"https:\/\/minghanggroup.com\/de\/produkt\/custom-ball-ribbed-glass-jars-for-yogurt-honey-wholesale\/","title":{"rendered":"150-380 ml Ball-Rippgl\u00e4ser f\u00fcr Joghurt &amp; Honig (Gro\u00dfhandel)"},"content":{"rendered":"<p>Schluss mit langweiligen Joghurtbechern, in denen Ihr Joghurt untergeht! Wir fertigen individuelle Joghurtgl\u00e4ser, die jeden L\u00f6ffel zu einem Genussmoment machen. Diese Gl\u00e4ser sind mehr als nur Beh\u00e4lter \u2013 sie sind die neue Geheimwaffe Ihrer Marke f\u00fcr frische und stilvolle Milchprodukte. Als Ihr zuverl\u00e4ssiger Hersteller von Glasverpackungen verwenden wir nur die besten Materialien, damit Ihr Produkt l\u00e4nger frisch bleibt.<\/p>\n<h2>Produktmerkmale<\/h2>\n<ol>\n<li><strong>Elegante vertikale Textur:<\/strong>Feine Rillen schm\u00fccken die Gl\u00e4ser optisch und sorgen au\u00dferdem daf\u00fcr, dass die Gl\u00e4ser f\u00fcr Joghurt gut und griffig sind.<\/li>\n<li><strong>Sicheres Siegeldesign:<\/strong>Unsere Schraubdeckel gew\u00e4hrleisten eine hervorragende luftdichte Versiegelung, die Ihren Joghurt frisch h\u00e4lt und daf\u00fcr sorgt, dass Joghurtgl\u00e4ser aus Glas im Gro\u00dfhandel auslaufsicher sind.<\/li>\n<li><strong>Kristallklare Klarheit:<\/strong>Hochwertiges, transparentes Glas ist das Mittel, um die leuchtenden Farben Ihres Joghurts sofort zur Geltung zu bringen \u2013 je frischer die Qualit\u00e4t, desto mehr werden die Kunden kaufen.<\/li>\n<li><strong>Vielseitige Gr\u00f6\u00dfen:<\/strong>Unser Sortiment an Joghurtgl\u00e4sern aus Glas im Gro\u00dfhandel reicht von 150 ml bis 380 ml und deckt damit alle Anforderungen an Milchprodukte und Verpackungen ab.<\/li>\n<\/ol>\n<h2>Wichtigste Spezifikationen<\/h2>\n<table style=\"border-collapse: collapse; width: 80%; margin-left: auto; margin-right: auto;\" border=\"0\" width=\"288\" cellspacing=\"0\" cellpadding=\"0\">\n<tbody>\n<tr style=\"height: 13.50pt;\">\n<td style=\"height: 13.5pt; width: 54pt; text-align: center;\" width=\"72\" height=\"18\">Fassungsverm\u00f6gen (ml)<\/td>\n<td style=\"width: 54pt; text-align: center;\" width=\"72\">Abmessungen (cm)<\/td>\n<td style=\"width: 54pt; text-align: center;\" width=\"72\">Form<\/td>\n<td style=\"width: 54pt; text-align: center;\" width=\"72\">Material<\/td>\n<\/tr>\n<tr style=\"height: 13.50pt;\">\n<td style=\"height: 13.5pt; text-align: center;\" align=\"right\" height=\"18\">150<\/td>\n<td style=\"text-align: center;\">7.3*6.9<\/td>\n<td class=\"et2\" style=\"text-align: center;\" rowspan=\"4\">Runden<\/td>\n<td class=\"et2\" style=\"text-align: center;\" rowspan=\"4\">Glas<\/td>\n<\/tr>\n<tr style=\"height: 13.50pt;\">\n<td style=\"height: 13.5pt; text-align: center;\" align=\"right\" height=\"18\">200<\/td>\n<td style=\"text-align: center;\">8.1*7.5<\/td>\n<\/tr>\n<tr style=\"height: 13.50pt;\">\n<td style=\"height: 13.5pt; text-align: center;\" align=\"right\" height=\"18\">280<\/td>\n<td style=\"text-align: center;\">8.9*8.0<\/td>\n<\/tr>\n<tr style=\"height: 13.50pt;\">\n<td style=\"height: 13.5pt; text-align: center;\" align=\"right\" height=\"18\">380<\/td>\n<td style=\"text-align: center;\">9.7*9.0<\/td>\n<\/tr>\n<\/tbody>\n<\/table>\n<h2>Erfolgsbeispiel<\/h2>\n<p>Ein franz\u00f6sisches Dessertunternehmen hat mit uns zusammengearbeitet, um runde, gerippte Joghurtgl\u00e4ser im Gro\u00dfhandel zu entwerfen. Jedes Glas besteht aus schwerem, hochtransparentem Glas und ist mit feinen vertikalen Linien verziert, die das Licht reflektieren und so die Textur der handgefertigten Puddings und Fruchtjoghurts hervorheben. Um die Produkte w\u00e4hrend des K\u00fchltransports frisch zu halten, verwendet die Marke lebensmittelechte, luftdichte Beschichtungen. Wir haben au\u00dferdem ein gepr\u00e4gtes Logo und ein transparentes Rundum-Etikett hinzugef\u00fcgt, um die nat\u00fcrlichen Farben des Joghurts und der Zutaten optimal zur Geltung zu bringen.<\/p>\n<p>Die Produktlinie hat sich innerhalb von nur drei Monaten nach ihrer Markteinf\u00fchrung als wichtiger Treiber der Markenbekanntheit erwiesen, wobei die Marke mehr als 45 % der Gro\u00dfhandelsanfragen erhielt.<\/p>\n<h2>Ihre Anpassungstipps<\/h2>\n<p>Lassen Sie Ihre runden, geriffelten Joghurtgl\u00e4ser nicht im Dunkeln stehen \u2013 sie verdienen definitiv einen stilvollen Auftritt. Teilen Sie uns Ihre Idee mit \u2013 zum Beispiel \u201eGoldene Honigcreme\u201c oder \u201eBeerenfest\u201c \u2013 und wir finden die perfekte Plattform, um Ihre Markenbotschaft mit einem gepr\u00e4gten Logo, einem Metalldeckel oder Buntglas zu vermitteln.<\/p>\n<p>Sie k\u00f6nnen zwischen 200 ml und 280 ml Volumen w\u00e4hlen, sowie die passende Versiegelung und Verpackung f\u00fcr den Einzelhandel oder die Pr\u00e4sentation in Caf\u00e9s. F\u00fcr eine schnelle Bestellung bieten wir Ihnen Joghurtgl\u00e4ser aus Glas im Gro\u00dfhandel an. So verwandeln wir Ihre Joghurtgl\u00e4ser von einfachen Beh\u00e4ltern in stilvolle Vintage-Gl\u00e4ser, die die handwerkliche Qualit\u00e4t Ihrer Marke perfekt zum Ausdruck bringen.<\/p>","protected":false},"excerpt":{"rendered":"<p>Entdecken Sie unsere gerippten Joghurtgl\u00e4ser aus Glas mit Metalldeckel. Ideal f\u00fcr Dessertmarken, die individuell gestaltbare Joghurtgl\u00e4ser aus Glas im Gro\u00dfhandel suchen \u2013 stilvoll, luftdicht und wiederverwendbar.<\/p>","protected":false},"featured_media":2251,"template":"","meta":{"postBodyCss":"","postBodyMargin":[],"postBodyPadding":[],"postBodyBackground":{"backgroundType":"classic","gradient":""}},"product_brand":[],"product_cat":[15,16,46],"product_tag":[65,64],"class_list":{"0":"post-2250","1":"product","2":"type-product","3":"status-publish","4":"has-post-thumbnail","6":"product_cat-glass-containers","7":"product_cat-glass-bottles","8":"product_cat-glass-milk-bottles","9":"product_tag-glass-jam-jars","10":"product_tag-glass-yogurt-jars","12":"first","13":"instock","14":"shipping-taxable","15":"product-type-simple"},"jetpack_sharing_enabled":true,"_links":{"self":[{"href":"https:\/\/minghanggroup.com\/de\/wp-json\/wp\/v2\/product\/2250","targetHints":{"allow":["GET"]}}],"collection":[{"href":"https:\/\/minghanggroup.com\/de\/wp-json\/wp\/v2\/product"}],"about":[{"href":"https:\/\/minghanggroup.com\/de\/wp-json\/wp\/v2\/types\/product"}],"wp:featuredmedia":[{"embeddable":true,"href":"https:\/\/minghanggroup.com\/de\/wp-json\/wp\/v2\/media\/2251"}],"wp:attachment":[{"href":"https:\/\/minghanggroup.com\/de\/wp-json\/wp\/v2\/media?parent=2250"}],"wp:term":[{"taxonomy":"product_brand","embeddable":true,"href":"https:\/\/minghanggroup.com\/de\/wp-json\/wp\/v2\/product_brand?post=2250"},{"taxonomy":"product_cat","embeddable":true,"href":"https:\/\/minghanggroup.com\/de\/wp-json\/wp\/v2\/product_cat?post=2250"},{"taxonomy":"product_tag","embeddable":true,"href":"https:\/\/minghanggroup.com\/de\/wp-json\/wp\/v2\/product_tag?post=2250"}],"curies":[{"name":"wp","href":"https:\/\/api.w.org\/{rel}","templated":true}]}}