{"id":2195,"date":"2025-10-29T16:01:53","date_gmt":"2025-10-29T08:01:53","guid":{"rendered":"https:\/\/minghanggroup.com\/?post_type=product&#038;p=2195"},"modified":"2025-10-29T17:47:43","modified_gmt":"2025-10-29T09:47:43","slug":"bulk-small-empty-jam-jars-for-canning-with-ribbing","status":"publish","type":"product","link":"https:\/\/minghanggroup.com\/de\/produkt\/bulk-small-empty-jam-jars-for-canning-with-ribbing\/","title":{"rendered":"Gro\u00dfpackung kleine leere Marmeladengl\u00e4ser zum Einkochen mit Rippen, 75 ml, 100 ml"},"content":{"rendered":"<p>Diese Einmachgl\u00e4ser sind mit transparentem Glask\u00f6rper ausgestattet, der mit vertikalen Rippen, runden Formen und roten Deckeln verziert ist. Sie sind in verschiedenen Gr\u00f6\u00dfen erh\u00e4ltlich und bestechen durch ein schlichtes, aber elegantes Design, das den k\u00f6stlichen Honig im Inneren perfekt zur Geltung bringt.<\/p>\n<h2>Produktmerkmale<\/h2>\n<ul>\n<li><strong>Vertikal gerippter Korpus:<\/strong> Durch das vertikale Rippenmuster weisen die Gl\u00e4ser eine gleichm\u00e4\u00dfige Textur auf, was die Optik des Produkts und den Wiedererkennungswert der Marke steigert.<\/li>\n<li><strong>Dauerhaft:<\/strong> Unsere mit viel Liebe zum Detail hergestellten Glasgef\u00e4\u00dfe sind \u00e4u\u00dferst langlebig und \u00fcberstehen daher problemlos Bef\u00fcllung, Transport und Lagerung ohne Besch\u00e4digung.<\/li>\n<li><strong>Einfaches Design:<\/strong> Durch die Kombination aus dem abgerundeten Gef\u00e4\u00dfk\u00f6rper und dem roten Deckel erzielen sie einen einfachen, aber optisch raffinierten Effekt, der sie zum perfekten Accessoire f\u00fcr jeden Stil macht.<\/li>\n<\/ul>\n<h2 style=\"text-align: left;\">Wichtigste Spezifikationen<\/h2>\n<table class=\"aligncenter\" style=\"border-collapse: collapse; width: 356.27pt;\" border=\"0\" width=\"475\" cellspacing=\"0\" cellpadding=\"0\">\n<tbody>\n<tr style=\"height: 13.50pt;\">\n<td style=\"height: 13.50pt; width: 96.00pt;\" width=\"128\" height=\"18\">Besonderheit<\/td>\n<td style=\"width: 260.25pt;\" width=\"347\">Specification<\/td>\n<\/tr>\n<tr style=\"height: 13.50pt;\">\n<td style=\"height: 13.50pt;\" height=\"18\">Kapazit\u00e4t<\/td>\n<td>75 ml, 100 ml<\/td>\n<\/tr>\n<tr style=\"height: 13.50pt;\">\n<td style=\"height: 13.50pt;\" height=\"18\">Form<\/td>\n<td>Rund mit vertikalen Rippen<\/td>\n<\/tr>\n<tr style=\"height: 13.50pt;\">\n<td style=\"height: 13.50pt;\" height=\"18\">Abmessungen<\/td>\n<td>6,5 \u00d7 4,6 cm, 6,9 \u00d7 5,2 cm<\/td>\n<\/tr>\n<tr style=\"height: 13.50pt;\">\n<td style=\"height: 13.50pt;\" height=\"18\">Material<\/td>\n<td>Klares Glas, Metallschraubdeckel<\/td>\n<\/tr>\n<tr style=\"height: 13.50pt;\">\n<td style=\"height: 13.50pt;\" height=\"18\">Deckeloptionen<\/td>\n<td>Rot, Gold, Silber, Schwarz (anpassbar)<\/td>\n<\/tr>\n<tr style=\"height: 13.50pt;\">\n<td style=\"height: 13.50pt;\" height=\"18\">Am besten geeignet f\u00fcr<\/td>\n<td>Honigproben, Marmeladen, kandierte Fr\u00fcchte<\/td>\n<\/tr>\n<tr style=\"height: 13.50pt;\">\n<td style=\"height: 13.50pt;\" height=\"18\">Ideale Verwendung<\/td>\n<td>Marmeladengl\u00e4ser zum Einkochen, kleine Honiggl\u00e4ser<\/td>\n<\/tr>\n<\/tbody>\n<\/table>\n<h2>Erfolgsgeschichte: Wie ein tolles Honigglas zu mehr Wiederk\u00e4ufen f\u00fchrt<\/h2>\n<p>Eine mittelst\u00e4ndische Honiggenossenschaft wollte ihr Markenimage verbessern und ihren Wert besser vermitteln. Bisher hatte sie sich auf die Verpackung konzentriert, diese war jedoch nicht einpr\u00e4gsam genug. Daher entschied sie sich f\u00fcr die Einf\u00fchrung einer neuen Premium-Produktlinie mit unseren gerippten, leeren 100-ml-Marmeladengl\u00e4sern und bestellte zun\u00e4chst 2.000 St\u00fcck. Das Ergebnis? Erstens weckte das gerippte Design und die abgerundete Form die Kauflust der Kunden und f\u00fchrte letztendlich zu einem Umsatzplus von 43 %. Zweitens reduzierten die robusten Glasbeh\u00e4lter die Bruchrate um etwa 60 %. Die Genossenschaft war mit der Marktresonanz sehr zufrieden und bestellte daraufhin 300.000 Honiggl\u00e4ser, wodurch diese Verpackung zu einem festen Bestandteil ihres Gesch\u00e4fts wurde.<\/p>\n<h2>Vorschl\u00e4ge zur individuellen Gestaltung von Glasverpackungen<\/h2>\n<ul>\n<li><strong>Glasfarbenauswahl:<\/strong> Neben Klarglas, das am h\u00e4ufigsten verwendet wird, k\u00f6nnen Sie auch bernsteinfarbenes oder gr\u00fcnes Glas w\u00e4hlen, um das Produkt vor der Sonne zu sch\u00fctzen und ihm im Regal ein besonderes Aussehen zu verleihen.<\/li>\n<li><strong>Mit mattierter Textur verziert:<\/strong> Die vertikalen Texturen der mattierten Oberfl\u00e4che verst\u00e4rkten den Kontrast zwischen dem griffigen Teil und der transparenten Flasche nicht nur optisch, sondern auch haptisch.<\/li>\n<li><strong>Dickeres Glas:<\/strong> Wenn das Glas dicker ist, ist es weniger wahrscheinlich, dass es zerbricht.<\/li>\n<li><strong>Siebdrucklogo:<\/strong> Lassen Sie Ihr Logo direkt auf die Vorderseite des Glasbeh\u00e4lters gravieren oder drucken \u2013 f\u00fcr eine langlebige und hochwertige Markenidentit\u00e4t.<\/li>\n<\/ul>","protected":false},"excerpt":{"rendered":"<p>Kleine, leere Marmeladengl\u00e4ser mit vertikaler Rillenstruktur zum Einkochen. Ideal zum Abf\u00fcllen, Verschenken oder Aufbewahren von Marmelade. Erh\u00e4ltlich zu Gro\u00dfhandelspreisen und mit individuellen Anpassungsm\u00f6glichkeiten.<\/p>","protected":false},"featured_media":2200,"template":"","meta":{"postBodyCss":"","postBodyMargin":[],"postBodyPadding":[],"postBodyBackground":{"backgroundType":"classic","gradient":""}},"product_brand":[],"product_cat":[15,17,52],"product_tag":[],"class_list":{"0":"post-2195","1":"product","2":"type-product","3":"status-publish","4":"has-post-thumbnail","6":"product_cat-glass-containers","7":"product_cat-glass-jars","8":"product_cat-glass-honey-jars","10":"first","11":"instock","12":"shipping-taxable","13":"product-type-simple"},"jetpack_sharing_enabled":true,"_links":{"self":[{"href":"https:\/\/minghanggroup.com\/de\/wp-json\/wp\/v2\/product\/2195","targetHints":{"allow":["GET"]}}],"collection":[{"href":"https:\/\/minghanggroup.com\/de\/wp-json\/wp\/v2\/product"}],"about":[{"href":"https:\/\/minghanggroup.com\/de\/wp-json\/wp\/v2\/types\/product"}],"wp:featuredmedia":[{"embeddable":true,"href":"https:\/\/minghanggroup.com\/de\/wp-json\/wp\/v2\/media\/2200"}],"wp:attachment":[{"href":"https:\/\/minghanggroup.com\/de\/wp-json\/wp\/v2\/media?parent=2195"}],"wp:term":[{"taxonomy":"product_brand","embeddable":true,"href":"https:\/\/minghanggroup.com\/de\/wp-json\/wp\/v2\/product_brand?post=2195"},{"taxonomy":"product_cat","embeddable":true,"href":"https:\/\/minghanggroup.com\/de\/wp-json\/wp\/v2\/product_cat?post=2195"},{"taxonomy":"product_tag","embeddable":true,"href":"https:\/\/minghanggroup.com\/de\/wp-json\/wp\/v2\/product_tag?post=2195"}],"curies":[{"name":"wp","href":"https:\/\/api.w.org\/{rel}","templated":true}]}}