{"id":2184,"date":"2025-10-29T15:53:47","date_gmt":"2025-10-29T07:53:47","guid":{"rendered":"https:\/\/minghanggroup.com\/?post_type=product&#038;p=2184"},"modified":"2026-01-20T13:42:50","modified_gmt":"2026-01-20T05:42:50","slug":"wholesale-glass-yogurt-jars-with-lids-for-packaging","status":"publish","type":"product","link":"https:\/\/minghanggroup.com\/de\/produkt\/wholesale-glass-yogurt-jars-with-lids-for-packaging\/","title":{"rendered":"Joghurtgl\u00e4ser aus Glas mit Deckel f\u00fcr die Verpackung von 40-500 ml im Gro\u00dfhandel"},"content":{"rendered":"<p>Verzichten Sie auf langweilige Verpackungen, die Ihren Joghurt unscheinbar wirken lassen. Wir fertigen ma\u00dfgeschneiderte Joghurtgl\u00e4ser mit Deckeln, die jeden L\u00f6ffel zum Genuss machen. Sie sind nicht nur Beh\u00e4lter, sondern die neue Geheimwaffe Ihrer Marke f\u00fcr stilvolle und trendige Milchprodukteverpackungen. Als Ihr bevorzugter Hersteller von Glasverpackungen verwenden wir nur die frischesten Materialien, damit Ihr Produkt l\u00e4nger frisch bleibt.<\/p>\n<h2>Produktmerkmale<\/h2>\n<ol>\n<li><strong>Kristallklare Klarheit:<\/strong>Hochtransparentes Glas macht die leuchtenden Schichten Ihres Joghurts f\u00fcr die Kunden sofort sichtbar \u2013 so erkennen sie die Frische der Qualit\u00e4t schon vor dem Kauf.<\/li>\n<li><strong>Geometrisches Design:<\/strong>Schweres Glas mit einem dezenten Muster am Boden versch\u00f6nert das Produkt nicht nur optisch, sondern verst\u00e4rkt auch die Stabilit\u00e4t des Produkts im Regal.<\/li>\n<li><strong>Sicheres Deckelsystem:<\/strong>Metall- oder Kunststoffkappen verschlie\u00dfen den Raum zwischen Glas und Deckel dicht \u2013 so kann aus Ihren Joghurtgl\u00e4sern mit Deckel nichts auslaufen.<\/li>\n<li><strong>Vielseitige Gr\u00f6\u00dfen:<\/strong>Unsere Joghurtgl\u00e4ser aus Glas mit Deckeln in Gr\u00f6\u00dfen von 40 ml bis 500 ml eignen sich f\u00fcr alle Milchprodukte und Verpackungsanforderungen.<\/li>\n<\/ol>\n<h2>Wichtigste Spezifikationen<\/h2>\n<table style=\"border-collapse: collapse; width: 80%; margin-left: auto; margin-right: auto;\" border=\"0\" width=\"288\" cellspacing=\"0\" cellpadding=\"0\">\n<tbody>\n<tr style=\"height: 13.50pt;\">\n<td style=\"height: 13.5pt; width: 54pt; text-align: center;\" width=\"72\" height=\"18\">Fassungsverm\u00f6gen (ml)<\/td>\n<td style=\"width: 54pt; text-align: center;\" width=\"72\">Abmessungen (cm)<\/td>\n<td style=\"width: 54pt; text-align: center;\" width=\"72\">Geeignet f\u00fcr<\/td>\n<td style=\"width: 54pt; text-align: center;\" width=\"72\">Benutzerdefinierte Optionen<\/td>\n<\/tr>\n<tr style=\"height: 13.50pt;\">\n<td style=\"height: 13.5pt; text-align: center;\" align=\"right\" height=\"18\">40<\/td>\n<td style=\"text-align: center;\">4.9&#215;4.9<\/td>\n<td class=\"et2\" style=\"text-align: center;\" rowspan=\"7\">Pudding, Joghurt, Dessert, Honig, Marmelade<\/td>\n<td class=\"et2\" style=\"text-align: center;\" rowspan=\"7\">Logos, Etiketten, Flaschenverschl\u00fcsse usw.<\/td>\n<\/tr>\n<tr style=\"height: 13.50pt;\">\n<td style=\"height: 13.5pt; text-align: center;\" align=\"right\" height=\"18\">75<\/td>\n<td style=\"text-align: center;\">5.5&#215;5.9<\/td>\n<\/tr>\n<tr style=\"height: 13.50pt;\">\n<td style=\"height: 13.5pt; text-align: center;\" align=\"right\" height=\"18\">100<\/td>\n<td style=\"text-align: center;\">6.3&#215;6.9<\/td>\n<\/tr>\n<tr style=\"height: 13.50pt;\">\n<td style=\"height: 13.5pt; text-align: center;\" align=\"right\" height=\"18\">200<\/td>\n<td style=\"text-align: center;\">7.5&#215;7.6<\/td>\n<\/tr>\n<tr style=\"height: 13.50pt;\">\n<td style=\"height: 13.5pt; text-align: center;\" align=\"right\" height=\"18\">280<\/td>\n<td style=\"text-align: center;\">8.7&#215;8.4<\/td>\n<\/tr>\n<tr style=\"height: 13.50pt;\">\n<td style=\"height: 13.5pt; text-align: center;\" align=\"right\" height=\"18\">380<\/td>\n<td style=\"text-align: center;\">9.3&#215;9.3<\/td>\n<\/tr>\n<tr style=\"height: 13.50pt;\">\n<td style=\"height: 13.5pt; text-align: center;\" align=\"right\" height=\"18\">500<\/td>\n<td style=\"text-align: center;\">9.8&#215;10.5<\/td>\n<\/tr>\n<\/tbody>\n<\/table>\n<h2>Erfolgsbeispiel<\/h2>\n<p>Wir haben uns mit einer s\u00fcdkoreanischen Luxus-Joghurtmarke zusammengetan, um exklusive Joghurtgl\u00e4ser f\u00fcr deren Dessertlinie herzustellen. Die Gl\u00e4ser bestehen aus dickem, hochtransparentem Glas und sind mit einem geometrischen Muster versehen, das am Boden eingepr\u00e4gt ist, wodurch Fr\u00fcchte und Joghurt besonders ansprechend wirken. Passend zu den Aromen der Linie entschied sich die Marke f\u00fcr pastellfarbene Aluminiumdeckel mit lebensmittelechten Silikondichtungen, die das Produkt frisch halten und ein Auslaufen beim Transport verhindern. Wir brachten das Logo auf den Gl\u00e4sern an und verwendeten transparente Etiketten, sodass die leuchtenden Zutaten gut sichtbar bleiben.<\/p>\n<p>Die Marke verzeichnete nach der Einf\u00fchrung des neuen Produkts einen monatlichen Umsatzanstieg von 40 % und hat daher auch in den Caf\u00e9s und Dessertl\u00e4den, in denen die Marke erh\u00e4ltlich ist, eine Verdopplung der Wiederkaufsrate festgestellt.<\/p>\n<h2>Ihre Anpassungstipps<\/h2>\n<p>Verleihen Sie Ihren Joghurtgl\u00e4sern eine ganz pers\u00f6nliche Note. Teilen Sie uns Ihre Idee mit (zum Beispiel \u201eFrischer Mangomix\u201c) und wir veredeln sie mit Pr\u00e4gung, Mattierung oder einem Metalldeckel, passend zu Ihrem Stil. W\u00fcnschen Sie eine kleinere 200-ml-Variante f\u00fcr Dessertverkostungen? Diese Joghurtgl\u00e4ser sind mehr als nur ein Werbemittel f\u00fcr Ihre Marke. Gemeinsam kreieren wir einzigartige, unvergessliche Produkte.<\/p>","protected":false},"excerpt":{"rendered":"<p>Entdecken Sie unsere hochwertigen Joghurtgl\u00e4ser mit Deckel \u2013 robust, stilvoll und individuell gestaltbar. Unsere Joghurtgl\u00e4ser mit Deckel eignen sich perfekt f\u00fcr Desserts, Puddings und selbstgemachte Leckereien.<\/p>","protected":false},"featured_media":2185,"template":"","meta":{"postBodyCss":"","postBodyMargin":[],"postBodyPadding":[],"postBodyBackground":{"backgroundType":"classic","gradient":""}},"product_brand":[],"product_cat":[15,16,46],"product_tag":[65,64],"class_list":{"0":"post-2184","1":"product","2":"type-product","3":"status-publish","4":"has-post-thumbnail","6":"product_cat-glass-containers","7":"product_cat-glass-bottles","8":"product_cat-glass-milk-bottles","9":"product_tag-glass-jam-jars","10":"product_tag-glass-yogurt-jars","12":"first","13":"instock","14":"shipping-taxable","15":"product-type-simple"},"jetpack_sharing_enabled":true,"_links":{"self":[{"href":"https:\/\/minghanggroup.com\/de\/wp-json\/wp\/v2\/product\/2184","targetHints":{"allow":["GET"]}}],"collection":[{"href":"https:\/\/minghanggroup.com\/de\/wp-json\/wp\/v2\/product"}],"about":[{"href":"https:\/\/minghanggroup.com\/de\/wp-json\/wp\/v2\/types\/product"}],"wp:featuredmedia":[{"embeddable":true,"href":"https:\/\/minghanggroup.com\/de\/wp-json\/wp\/v2\/media\/2185"}],"wp:attachment":[{"href":"https:\/\/minghanggroup.com\/de\/wp-json\/wp\/v2\/media?parent=2184"}],"wp:term":[{"taxonomy":"product_brand","embeddable":true,"href":"https:\/\/minghanggroup.com\/de\/wp-json\/wp\/v2\/product_brand?post=2184"},{"taxonomy":"product_cat","embeddable":true,"href":"https:\/\/minghanggroup.com\/de\/wp-json\/wp\/v2\/product_cat?post=2184"},{"taxonomy":"product_tag","embeddable":true,"href":"https:\/\/minghanggroup.com\/de\/wp-json\/wp\/v2\/product_tag?post=2184"}],"curies":[{"name":"wp","href":"https:\/\/api.w.org\/{rel}","templated":true}]}}