{"id":2183,"date":"2025-10-29T15:01:14","date_gmt":"2025-10-29T07:01:14","guid":{"rendered":"https:\/\/minghanggroup.com\/?post_type=product&#038;p=2183"},"modified":"2025-10-29T16:01:49","modified_gmt":"2025-10-29T08:01:49","slug":"bulk-small-glass-jam-jars-with-embossed-bottom-edges","status":"publish","type":"product","link":"https:\/\/minghanggroup.com\/de\/produkt\/bulk-small-glass-jam-jars-with-embossed-bottom-edges\/","title":{"rendered":"Kleine Marmeladengl\u00e4ser aus Glas mit gepr\u00e4gtem Boden (50 ml, 75 ml, 100 ml)"},"content":{"rendered":"<p>Diese kleinen Marmeladengl\u00e4ser aus Glas zeichnen sich durch ihren transparenten Korpus aus. Geometrisch, pr\u00e4zise und wundersch\u00f6n verziert, vereinen sie auf raffinierte Weise Charme und hohen praktischen Nutzen. Ihre edle und strukturierte Oberfl\u00e4che ist die perfekte Kombination aus Sch\u00f6nheit und Funktionalit\u00e4t.<\/p>\n<h2>Produktmerkmale<\/h2>\n<ul>\n<li><strong>Anspruchsvolles Produkt:<\/strong> Die Honiggl\u00e4ser haben ein sehr klares Aussehen und weisen gleichzeitig geometrische Pr\u00e4geelemente auf, die ihnen einen sehr schicken Stil verleihen und das Produkt zu einem einzigartigen Produkt der Spitzenklasse im Luxussegment auf dem Markt machen.<\/li>\n<li><strong>Material der Kr\u00fcge:<\/strong> Das optisch transparente Glas versperrt dem Verbraucher nicht den Blick auf den gekauften Honig. Vielmehr betont es die Pr\u00e4gung am Boden des Glases, indem es das gesamte Glas zeigt und so Funktionalit\u00e4t und \u00c4sthetik vereint.<\/li>\n<li><strong>Die Wahl der Gr\u00f6\u00dfe:<\/strong> Die Spezifikation der Honiggl\u00e4ser hinsichtlich der Gr\u00f6\u00dfe ist so flexibel, dass sie den Anforderungen an die Honigabgabe und Geschenkverpackung gerecht wird.<\/li>\n<\/ul>\n<h2 style=\"text-align: left;\">Wichtigste Spezifikationen<\/h2>\n<table class=\"aligncenter\" style=\"border-collapse: collapse; width: 415.52pt;\" border=\"0\" width=\"554\" cellspacing=\"0\" cellpadding=\"0\">\n<tbody>\n<tr style=\"height: 13.50pt;\">\n<td style=\"height: 13.50pt; width: 96.00pt;\" width=\"128\" height=\"18\">Besonderheit<\/td>\n<td style=\"width: 319.50pt;\" width=\"426\">Specification<\/td>\n<\/tr>\n<tr style=\"height: 13.50pt;\">\n<td style=\"height: 13.50pt;\" height=\"18\">Kapazit\u00e4t<\/td>\n<td>50 ml, 75 ml, 100 ml<\/td>\n<\/tr>\n<tr style=\"height: 13.50pt;\">\n<td style=\"height: 13.50pt;\" height=\"18\">Form<\/td>\n<td>Zylindrisch mit strukturierter Basis<\/td>\n<\/tr>\n<tr style=\"height: 13.50pt;\">\n<td style=\"height: 13.50pt;\" height=\"18\">Abmessungen<\/td>\n<td>4,6 \u00d7 6,2 cm bis 5,7 \u00d7 7,9 cm<\/td>\n<\/tr>\n<tr style=\"height: 13.50pt;\">\n<td style=\"height: 13.50pt;\" height=\"18\">Material<\/td>\n<td>Klares Glas, Metallschraubdeckel<\/td>\n<\/tr>\n<tr style=\"height: 13.50pt;\">\n<td style=\"height: 13.50pt;\" height=\"18\">Deckeloptionen<\/td>\n<td>Rot, Gold, Silber, Schwarz (Sonderfarben auf Anfrage)<\/td>\n<\/tr>\n<tr style=\"height: 13.50pt;\">\n<td style=\"height: 13.50pt;\" height=\"18\">Am besten geeignet f\u00fcr<\/td>\n<td>Honigproben, Marmeladen, Reisepackungen<\/td>\n<\/tr>\n<tr style=\"height: 13.50pt;\">\n<td style=\"height: 13.50pt;\" height=\"18\">Ideale Verwendung<\/td>\n<td>Kleine Marmeladengl\u00e4ser, kleine Honigbeh\u00e4lter<\/td>\n<\/tr>\n<\/tbody>\n<\/table>\n<h2>Erfolgsgeschichte: Wie Probiergl\u00e4ser schnelles Gesch\u00e4ftswachstum f\u00f6rdern<\/h2>\n<p>Der Markt f\u00fcr hochwertige Agrarprodukte war das Ziel eines jungen Imkereiunternehmens, das sich auf rohen Honig aus sortenreiner Herkunft spezialisieren wollte. Um in diesen Markt einzusteigen, bestellten sie zun\u00e4chst 1.000 kleine 50-ml-Marmeladengl\u00e4ser als Muster. Der Erfolg war \u00fcberw\u00e4ltigend. Schon anhand des Glasbodens und der Farbe des Deckels l\u00e4sst sich der Wert des Produkts erkennen: Eine Marke f\u00fcr handgefertigten Honig berichtete von einer fast doppelt so hohen Nachfrage (46 %) nach Geschenksets, und ein Imker, der 50-ml-Gl\u00e4ser als Honigprobe auf einem Bauernmarkt einsetzte, konnte einen Anstieg der Verk\u00e4ufe von Honig in Standardgr\u00f6\u00dfe um 39 % verzeichnen. Daraufhin bestellten sie diese gro\u00dfen Honiggl\u00e4ser regelm\u00e4\u00dfig, viertelj\u00e4hrlich, und nahmen au\u00dferdem die 75-ml-Gr\u00f6\u00dfe als Hauptprodukt in ihr Sortiment auf.<\/p>\n<h2>Vorschl\u00e4ge zur individuellen Gestaltung von Honiggl\u00e4sern<\/h2>\n<ul>\n<li><strong>Individuelle Deckelfarbe:<\/strong> Wir bieten standardm\u00e4\u00dfig rote Deckel an und verf\u00fcgen \u00fcber eine breite Farbpalette, aus der Sie diejenige ausw\u00e4hlen k\u00f6nnen, die am besten zu Ihrer Marke passt.<\/li>\n<li><strong>Individuell gepr\u00e4gter Boden:<\/strong> Sie k\u00f6nnen das geometrische Pr\u00e4gemuster am unteren Rand durch Ihr Markenlogo oder ein einzigartiges Design ersetzen, das f\u00fcr einen hohen Wiedererkennungswert Ihrer Marke sorgt.<\/li>\n<li><strong>Glast\u00f6nung:<\/strong> F\u00fcr einen besseren UV-Schutz Ihres Produkts k\u00f6nnen Sie sich f\u00fcr weiches bernsteinfarbenes oder gr\u00fcnes Glas entscheiden, falls das Produkt lichtempfindlich ist, wie beispielsweise Honig von h\u00f6chster Qualit\u00e4t.<\/li>\n<li><strong>Optionen f\u00fcr die Innendeckeldichtung:<\/strong> Sie k\u00f6nnen verschiedene F\u00fcllmaterialien f\u00fcr die Auskleidung w\u00e4hlen, damit die Abdichtung dicht ist und die Viskosit\u00e4t Ihres Produkts perfekt passt \u2013 von d\u00fcnnfl\u00fcssigem Honig bis hin zu dickfl\u00fcssiger Sahne.<\/li>\n<\/ul>","protected":false},"excerpt":{"rendered":"<p>Elegante kleine Marmeladengl\u00e4ser aus Glas mit gepr\u00e4gtem geometrischem Bodenrand und roten Deckeln. Hervorragender Verschluss, ideal zum Abf\u00fcllen von Honig und Marmelade. Kostenlose Muster erh\u00e4ltlich.<\/p>","protected":false},"featured_media":2192,"template":"","meta":{"postBodyCss":"","postBodyMargin":[],"postBodyPadding":[],"postBodyBackground":{"backgroundType":"classic","gradient":""}},"product_brand":[],"product_cat":[15,17,52],"product_tag":[],"class_list":{"0":"post-2183","1":"product","2":"type-product","3":"status-publish","4":"has-post-thumbnail","6":"product_cat-glass-containers","7":"product_cat-glass-jars","8":"product_cat-glass-honey-jars","10":"first","11":"instock","12":"shipping-taxable","13":"product-type-simple"},"jetpack_sharing_enabled":true,"_links":{"self":[{"href":"https:\/\/minghanggroup.com\/de\/wp-json\/wp\/v2\/product\/2183","targetHints":{"allow":["GET"]}}],"collection":[{"href":"https:\/\/minghanggroup.com\/de\/wp-json\/wp\/v2\/product"}],"about":[{"href":"https:\/\/minghanggroup.com\/de\/wp-json\/wp\/v2\/types\/product"}],"wp:featuredmedia":[{"embeddable":true,"href":"https:\/\/minghanggroup.com\/de\/wp-json\/wp\/v2\/media\/2192"}],"wp:attachment":[{"href":"https:\/\/minghanggroup.com\/de\/wp-json\/wp\/v2\/media?parent=2183"}],"wp:term":[{"taxonomy":"product_brand","embeddable":true,"href":"https:\/\/minghanggroup.com\/de\/wp-json\/wp\/v2\/product_brand?post=2183"},{"taxonomy":"product_cat","embeddable":true,"href":"https:\/\/minghanggroup.com\/de\/wp-json\/wp\/v2\/product_cat?post=2183"},{"taxonomy":"product_tag","embeddable":true,"href":"https:\/\/minghanggroup.com\/de\/wp-json\/wp\/v2\/product_tag?post=2183"}],"curies":[{"name":"wp","href":"https:\/\/api.w.org\/{rel}","templated":true}]}}