{"id":2160,"date":"2025-10-28T17:55:09","date_gmt":"2025-10-28T09:55:09","guid":{"rendered":"https:\/\/minghanggroup.com\/?post_type=product&#038;p=2160"},"modified":"2025-10-29T17:32:26","modified_gmt":"2025-10-29T09:32:26","slug":"bulk-square-jam-canning-jars-with-embossed-fruit-pattern","status":"publish","type":"product","link":"https:\/\/minghanggroup.com\/de\/produkt\/bulk-square-jam-canning-jars-with-embossed-fruit-pattern\/","title":{"rendered":"Gro\u00dfpackung quadratische Marmeladengl\u00e4ser mit gepr\u00e4gtem Fruchtmuster, 250 ml, 500 ml, 750 ml"},"content":{"rendered":"<p>Einmachgl\u00e4ser wie diese bestehen aus klarem, quadratischem Glas, das mit charmanten, erhabenen Fruchtmotiven und Schriftz\u00fcgen verziert ist. Die Deckel sind in Gold und Silber sowie in verschiedenen Gr\u00f6\u00dfen erh\u00e4ltlich und zeugen von beeindruckender Handwerkskunst \u2013 eine perfekte Kombination aus Funktionalit\u00e4t und \u00c4sthetik.<\/p>\n<h2>Produktmerkmale<\/h2>\n<ul>\n<li><strong>Klares Glasmaterial:<\/strong> Durch die Verwendung von transparentem Glas kann man den im Glas aufbewahrten Honig sehr deutlich sehen und gleichzeitig die erhabenen Details erkennen, wodurch die beiden Aspekte \u2013 Nutzen und Sch\u00f6nheit \u2013 miteinander verbunden werden.<\/li>\n<li><strong>Korpus mit quadratischer Pr\u00e4gung:<\/strong> Der quadratische Korpus, verziert mit gepr\u00e4gten Fr\u00fcchten und Schriftz\u00fcgen, verk\u00f6rpert einen minimalistischen, aber gleichzeitig kreativen Stil und tr\u00e4gt so zur besseren Pr\u00e4sentation des Produkts und zur Aufwertung des Gesamtbildes der Produktlinie bei.<\/li>\n<li><strong>Verschiedene Gr\u00f6\u00dfen erh\u00e4ltlich:<\/strong> Sie werden in verschiedenen Gr\u00f6\u00dfen angeboten, um den unterschiedlichen Bed\u00fcrfnissen, die sich ergeben k\u00f6nnen, vollauf gerecht zu werden, sei es zur Honigaufbewahrung, als Geschenkverpackung oder f\u00fcr jeden anderen Anlass.<\/li>\n<\/ul>\n<h2 style=\"text-align: left;\">Wichtigste Spezifikationen<\/h2>\n<table class=\"aligncenter\" style=\"border-collapse: collapse; width: 405.02pt;\" border=\"0\" width=\"540\" cellspacing=\"0\" cellpadding=\"0\">\n<tbody>\n<tr style=\"height: 13.50pt;\">\n<td style=\"height: 13.50pt; width: 96.00pt;\" width=\"128\" height=\"18\">Besonderheit<\/td>\n<td style=\"width: 309.00pt;\" width=\"412\">Specification<\/td>\n<\/tr>\n<tr style=\"height: 13.50pt;\">\n<td style=\"height: 13.50pt;\" height=\"18\">Kapazit\u00e4t<\/td>\n<td>250 ml, 500 ml, 750 ml<\/td>\n<\/tr>\n<tr style=\"height: 13.50pt;\">\n<td style=\"height: 13.50pt;\" height=\"18\">Form<\/td>\n<td>Quadrat mit gepr\u00e4gtem Fruchtmuster<\/td>\n<\/tr>\n<tr style=\"height: 13.50pt;\">\n<td style=\"height: 13.50pt;\" height=\"18\">Abmessungen<\/td>\n<td>8 \u00d7 8,3 cm bis 10 \u00d7 13,3 cm<\/td>\n<\/tr>\n<tr style=\"height: 13.50pt;\">\n<td style=\"height: 13.50pt;\" height=\"18\">Material<\/td>\n<td>Klares Glas, Metallschraubdeckel<\/td>\n<\/tr>\n<tr style=\"height: 13.50pt;\">\n<td style=\"height: 13.50pt;\" height=\"18\">Deckeloptionen<\/td>\n<td>Gold, Silber, Schwarz (Sonderfarben auf Anfrage)<\/td>\n<\/tr>\n<tr style=\"height: 13.50pt;\">\n<td style=\"height: 13.50pt;\" height=\"18\">Am besten geeignet f\u00fcr<\/td>\n<td>Honig, Marmeladen, Konfit\u00fcren, Geschenksets, Einzelhandelspackungen<\/td>\n<\/tr>\n<tr style=\"height: 13.50pt;\">\n<td style=\"height: 13.50pt;\" height=\"18\">Ideale Verwendung<\/td>\n<td>Einmachgl\u00e4ser f\u00fcr Marmelade, Honiggl\u00e4ser<\/td>\n<\/tr>\n<\/tbody>\n<\/table>\n<h2>Erfolgsgeschichte: St\u00e4rkung lokaler Honigmarken<\/h2>\n<p>Einer unserer Kunden, ein aufstrebender Imkereibetrieb, der den lokalen Markt beliefert, war lange Zeit unzufrieden mit der Verwendung herk\u00f6mmlicher Honiggl\u00e4ser. F\u00fcr seine Premium-Produktlinie entschied er sich daher f\u00fcr unsere 500-ml-Marmeladengl\u00e4ser mit Deckel und gepr\u00e4gten Designs. Der Erfolg? Das Fruchtpr\u00e4gedesign trug ma\u00dfgeblich zu einem Umsatzplus von 52 % bei, und die Kunden bezeichneten die Gl\u00e4ser als \u201eKunstwerke\u201c. Dadurch stieg die Zahl der Stammkunden um 63 %. Die Marke war von den positiven R\u00fcckmeldungen so begeistert, dass sie drei weitere Bestellungen aufgab, die jeweils doppelt so gro\u00df waren wie die vorherige Bestellung von 100.000 St\u00fcck. Mittlerweile ist dieses Glas die Standardverpackung f\u00fcr die gesamte Produktlinie.<\/p>\n<h2>Ideen zur Modifizierung der Honigaufbewahrung in Glas<\/h2>\n<ul>\n<li><strong>Verschiedene Kappenfarben:<\/strong> Neben unseren aktuell verf\u00fcgbaren goldenen, silbernen, schwarzen oder wei\u00dfen Kappen k\u00f6nnen Sie auch eine individuelle Pantone-Farbe w\u00e4hlen, die perfekt zu Ihrer Marke passt.<\/li>\n<li><strong>Individuelle Pr\u00e4gung:<\/strong> Das Glas kann mit verschiedenen Fruchtmotiven gepr\u00e4gt werden, und Ihr Logo oder ein einzigartiges Design kann direkt auf die Gl\u00e4ser aufgebracht werden.<\/li>\n<li><strong>T\u00f6nung:<\/strong> Das Glas kann leicht get\u00f6nt werden, wenn Sie sehr helle Farbt\u00f6ne wie beispielsweise Bernstein oder Gr\u00fcn w\u00fcnschen, zum Schutz vor UV-Strahlen oder einfach f\u00fcr ein anderes Markenbild, obwohl das Glas vollst\u00e4ndig transparent ist.<\/li>\n<\/ul>\n<p>Ben\u00f6tigen Sie Glasverpackungen, die perfekt zu Ihrem Unternehmen passen? Sehen Sie sich unser gesamtes Sortiment an Honigbeh\u00e4ltern an und kontaktieren Sie uns f\u00fcr ein Gro\u00dfhandelsangebot.<\/p>","protected":false},"excerpt":{"rendered":"<p>Hochwertige Einmachgl\u00e4ser mit gepr\u00e4gten Fruchtmotiven. Ideal f\u00fcr handwerkliche Marmeladenhersteller und Lebensmittelverpackungen. Individuell gestaltbar, kostenlose Muster erh\u00e4ltlich.<\/p>","protected":false},"featured_media":2179,"template":"","meta":{"postBodyCss":"","postBodyMargin":[],"postBodyPadding":[],"postBodyBackground":{"backgroundType":"classic","gradient":""}},"product_brand":[],"product_cat":[15,17,52],"product_tag":[],"class_list":{"0":"post-2160","1":"product","2":"type-product","3":"status-publish","4":"has-post-thumbnail","6":"product_cat-glass-containers","7":"product_cat-glass-jars","8":"product_cat-glass-honey-jars","10":"first","11":"instock","12":"shipping-taxable","13":"product-type-simple"},"jetpack_sharing_enabled":true,"_links":{"self":[{"href":"https:\/\/minghanggroup.com\/de\/wp-json\/wp\/v2\/product\/2160","targetHints":{"allow":["GET"]}}],"collection":[{"href":"https:\/\/minghanggroup.com\/de\/wp-json\/wp\/v2\/product"}],"about":[{"href":"https:\/\/minghanggroup.com\/de\/wp-json\/wp\/v2\/types\/product"}],"wp:featuredmedia":[{"embeddable":true,"href":"https:\/\/minghanggroup.com\/de\/wp-json\/wp\/v2\/media\/2179"}],"wp:attachment":[{"href":"https:\/\/minghanggroup.com\/de\/wp-json\/wp\/v2\/media?parent=2160"}],"wp:term":[{"taxonomy":"product_brand","embeddable":true,"href":"https:\/\/minghanggroup.com\/de\/wp-json\/wp\/v2\/product_brand?post=2160"},{"taxonomy":"product_cat","embeddable":true,"href":"https:\/\/minghanggroup.com\/de\/wp-json\/wp\/v2\/product_cat?post=2160"},{"taxonomy":"product_tag","embeddable":true,"href":"https:\/\/minghanggroup.com\/de\/wp-json\/wp\/v2\/product_tag?post=2160"}],"curies":[{"name":"wp","href":"https:\/\/api.w.org\/{rel}","templated":true}]}}