{"id":2137,"date":"2025-10-28T15:03:04","date_gmt":"2025-10-28T07:03:04","guid":{"rendered":"https:\/\/minghanggroup.com\/?post_type=product&#038;p=2137"},"modified":"2026-01-20T13:43:03","modified_gmt":"2026-01-20T05:43:03","slug":"glass-milk-bottle-with-handle-for-yogurt","status":"publish","type":"product","link":"https:\/\/minghanggroup.com\/de\/produkt\/glass-milk-bottle-with-handle-for-yogurt\/","title":{"rendered":"120 ml geriffelte Glasmilchflasche mit Henkel f\u00fcr Pudding und Joghurt"},"content":{"rendered":"<p>Wir haben ma\u00dfgeblich dazu beigetragen, die Verpackungen zahlreicher Marken in der Milchindustrie von langweilig zu auff\u00e4llig zu ver\u00e4ndern. Unsere innovative Glasmilchflasche mit Griff ist nicht nur ein neuer Beh\u00e4lter \u2013 sie revolutioniert Ihr Joghurt-Sortiment. Stellen Sie sich vor: Ihre Kunden sehen die leuchtenden Farben Ihres Joghurts durch das glasklare Glas, greifen nach dem praktischen Griff und erkennen die hohe Qualit\u00e4t. Das ist die Wirkung der richtigen Glasverpackung.<\/p>\n<h2>Produktmerkmale<\/h2>\n<ul>\n<li><strong>Vintage-Textur-Eleganz:<\/strong>Riffelungen oder vertikale Rillen auf Ihrer Milchglasflasche verleihen ihr ein zeitloses Aussehen und sorgen daf\u00fcr, dass Ihr Joghurtglas im Regal attraktiv zur Geltung kommt.<\/li>\n<li><strong>Ergonomischer Komfort:<\/strong>Der Griff ist so geformt, dass er wie ein Handschuh in der Hand liegt und somit das Ausgie\u00dfen und Tragen Ihres Milchprodukts erleichtert.<\/li>\n<\/ul>\n<h2>Wichtigste Spezifikationen<\/h2>\n<table style=\"border-collapse: collapse; width: 80%; margin-right: auto; margin-left: auto;\" border=\"0\" width=\"360\" cellspacing=\"0\" cellpadding=\"0\">\n<tbody>\n<tr style=\"height: 13.50pt;\">\n<td style=\"height: 13.5pt; width: 54pt; text-align: center;\" width=\"72\" height=\"18\">Modell<\/td>\n<td style=\"width: 54pt; text-align: center;\" width=\"72\">Kapazit\u00e4t<\/td>\n<td style=\"width: 54pt; text-align: center;\" width=\"72\">Abmessungen<\/td>\n<td style=\"width: 54pt; text-align: center;\" width=\"72\">Zubeh\u00f6r<\/td>\n<td style=\"width: 54pt; text-align: center;\" width=\"72\">Textur<\/td>\n<\/tr>\n<tr style=\"height: 13.50pt;\">\n<td style=\"height: 13.5pt; text-align: center;\" align=\"right\" height=\"18\">64012047<\/td>\n<td style=\"text-align: center;\">120 ml<\/td>\n<td style=\"text-align: center;\">9,36,87,3 cm<\/td>\n<td style=\"text-align: center;\">Handhaben<\/td>\n<td style=\"text-align: center;\">Vertikale Nuten<\/td>\n<\/tr>\n<\/tbody>\n<\/table>\n<h2>Erfolgsbeispiel<\/h2>\n<p>Eine Molkereimarke hat sich mit uns zusammengetan, um eine individuell gestaltete, geriffelte Glasflasche mit Griff f\u00fcr ihre neue Linie handwerklich hergestellter Joghurts und aromatisierter Milchprodukte zu entwickeln. Jedes 120-ml-Joghurtglas verf\u00fcgt \u00fcber vertikale Rillen, die nicht nur den Griff erleichtern, sondern auch einen charmanten Retro-Look verleihen. Dar\u00fcber hinaus entschied sich die Marke f\u00fcr einen mattsilbernen Schraubverschluss mit Silikoneinlage f\u00fcr einen sicheren Verschluss und die bequeme Wiederverwendbarkeit.<\/p>\n<p>Die Produktlinie erfreute sich in den \u00f6rtlichen Caf\u00e9s sehr schnell gro\u00dfer Beliebtheit, und die Molkereimarke konnte einen Anstieg der Bestellungen um 30 % verzeichnen.<\/p>\n<h2>Individualisierungsideen f\u00fcr Ihre Marke<\/h2>\n<p>Verwandeln Sie Ihre Verpackung in ein unvergessliches Erlebnis. W\u00e4hlen Sie einfach Ihre Lieblingssorte \u2013 ob \u201eCold Brew Hafermilch\u201c oder \u201eAhorn-Zimt-Joghurt\u201c \u2013 und wir gestalten sie f\u00fcr Sie mit einem unverwechselbaren Design aus tiefge\u00e4tzten, vertikalen Rillen, einer sanften, matten Oberfl\u00e4che und einem individuellen Metall- oder Holzverschluss. Optional k\u00f6nnen Sie einen eleganten Originalit\u00e4tsverschluss hinzuf\u00fcgen, um die Frische Ihres Produkts zu bewahren, und Ihr Logo oder Bild per Hei\u00dfpr\u00e4gung oder auf mattiertem Glas veredeln. Machen Sie Ihren Joghurtbecher zur Ikone, die Ihre Marke verdient.<\/p>","protected":false},"excerpt":{"rendered":"<p>Elegante Glasmilchflasche mit Henkel, die sich auch als Joghurtglas eignet \u2013 perfekt f\u00fcr Milchprodukte, Desserts oder Getr\u00e4nke. Gestalten Sie die Flasche mit individuellen Deckeln, Farben und Logoaufdrucken passend zu Ihrer Marke.<\/p>","protected":false},"featured_media":2138,"template":"","meta":{"postBodyCss":"","postBodyMargin":[],"postBodyPadding":[],"postBodyBackground":{"backgroundType":"classic","gradient":""}},"product_brand":[],"product_cat":[15,16,46],"product_tag":[65,64],"class_list":{"0":"post-2137","1":"product","2":"type-product","3":"status-publish","4":"has-post-thumbnail","6":"product_cat-glass-containers","7":"product_cat-glass-bottles","8":"product_cat-glass-milk-bottles","9":"product_tag-glass-jam-jars","10":"product_tag-glass-yogurt-jars","12":"first","13":"instock","14":"shipping-taxable","15":"product-type-simple"},"jetpack_sharing_enabled":true,"_links":{"self":[{"href":"https:\/\/minghanggroup.com\/de\/wp-json\/wp\/v2\/product\/2137","targetHints":{"allow":["GET"]}}],"collection":[{"href":"https:\/\/minghanggroup.com\/de\/wp-json\/wp\/v2\/product"}],"about":[{"href":"https:\/\/minghanggroup.com\/de\/wp-json\/wp\/v2\/types\/product"}],"wp:featuredmedia":[{"embeddable":true,"href":"https:\/\/minghanggroup.com\/de\/wp-json\/wp\/v2\/media\/2138"}],"wp:attachment":[{"href":"https:\/\/minghanggroup.com\/de\/wp-json\/wp\/v2\/media?parent=2137"}],"wp:term":[{"taxonomy":"product_brand","embeddable":true,"href":"https:\/\/minghanggroup.com\/de\/wp-json\/wp\/v2\/product_brand?post=2137"},{"taxonomy":"product_cat","embeddable":true,"href":"https:\/\/minghanggroup.com\/de\/wp-json\/wp\/v2\/product_cat?post=2137"},{"taxonomy":"product_tag","embeddable":true,"href":"https:\/\/minghanggroup.com\/de\/wp-json\/wp\/v2\/product_tag?post=2137"}],"curies":[{"name":"wp","href":"https:\/\/api.w.org\/{rel}","templated":true}]}}