{"id":2132,"date":"2025-10-28T14:07:28","date_gmt":"2025-10-28T06:07:28","guid":{"rendered":"https:\/\/minghanggroup.com\/?post_type=product&#038;p=2132"},"modified":"2026-01-20T13:43:18","modified_gmt":"2026-01-20T05:43:18","slug":"100ml-200ml-round-planet-yogurt-glass-jars-for-yogurt-milk","status":"publish","type":"product","link":"https:\/\/minghanggroup.com\/de\/produkt\/100ml-200ml-round-planet-yogurt-glass-jars-for-yogurt-milk\/","title":{"rendered":"100 ml und 200 ml runde Planet Joghurtgl\u00e4ser f\u00fcr Joghurt und Milch"},"content":{"rendered":"<p>Schluss mit langweiligen Verpackungen, die Ihre Milchprodukte in der Masse untergehen lassen! Wir kreieren individuelle Joghurtgl\u00e4ser in Planetenform, die Ihre Milch, Ihren Joghurt und Ihre S\u00e4fte zum Blickfang machen. Diese Gl\u00e4ser sind mehr als nur Beh\u00e4lter \u2013 sie sind die neue Geheimwaffe Ihrer Marke f\u00fcr frische und stilvolle Milchprodukte. Als Ihr zuverl\u00e4ssiger Hersteller von Glasverpackungen verwenden wir nur die frischesten Materialien, damit Ihre Produkte l\u00e4nger frisch bleiben.<\/p>\n<h2>Produktmerkmale<\/h2>\n<ol>\n<li><strong>Kosmische Designs:<\/strong>Die Joghurtgl\u00e4ser von Planets eignen sich perfekt, um Ihre Milchprodukte im Regal hervorzuheben \u2013 Kunden werden diese wiederverwendbaren Glasmilchflaschen bestimmt auch als Dekoration f\u00fcr ihr Zuhause behalten wollen.<\/li>\n<li><strong>Weitgehender Komfort:<\/strong>Sie lassen sich kinderleicht bef\u00fcllen, servieren und reinigen \u2013 mit diesen Flaschen mit Deckel gibt es kein Kleckern. Ideal zum Abf\u00fcllen von Milchprodukten und f\u00fcr den Hausgebrauch.<\/li>\n<li><strong>Umweltfreundliche Wiederverwendbarkeit:<\/strong>Das Glas ist hochwertig, dickwandig und robust und kann t\u00e4glich wiederverwendet werden. So reduzieren Sie Abfall und schonen gleichzeitig die Umwelt. Diese Joghurtgl\u00e4ser sind nicht nur Beh\u00e4lter, sondern auch Markenbotschafter.<\/li>\n<\/ol>\n<h2>Wichtigste Spezifikationen<\/h2>\n<table style=\"border-collapse: collapse; width: 80%; margin-left: auto; margin-right: auto;\" border=\"0\" width=\"288\" cellspacing=\"0\" cellpadding=\"0\">\n<tbody>\n<tr style=\"height: 13.50pt;\">\n<td style=\"height: 13.5pt; width: 54pt; text-align: center;\" width=\"72\" height=\"18\">Modell<\/td>\n<td style=\"width: 54pt; text-align: center;\" width=\"72\">Fassungsverm\u00f6gen (ml)<\/td>\n<td style=\"width: 54pt; text-align: center;\" width=\"72\">Abmessungen (cm)<\/td>\n<td style=\"width: 54pt; text-align: center;\" width=\"72\">Form<\/td>\n<\/tr>\n<tr style=\"height: 13.50pt;\">\n<td style=\"height: 13.5pt; text-align: center;\" align=\"right\" height=\"18\">64010045<\/td>\n<td style=\"text-align: center;\" align=\"right\">100<\/td>\n<td style=\"text-align: center;\">6.9&#215;6.2<\/td>\n<td class=\"et2\" style=\"text-align: center;\" rowspan=\"2\">Planet Round<\/td>\n<\/tr>\n<tr style=\"height: 13.50pt;\">\n<td style=\"height: 13.5pt; text-align: center;\" align=\"right\" height=\"18\">64020046<\/td>\n<td style=\"text-align: center;\" align=\"right\">200<\/td>\n<td style=\"text-align: center;\">7.9&#215;7.3<\/td>\n<\/tr>\n<\/tbody>\n<\/table>\n<h2>Erfolgsbeispiel<\/h2>\n<p>Eine exklusive Dessertmarke hat mit uns zusammengearbeitet, um ein individuelles, planetenf\u00f6rmiges Glas f\u00fcr ihre Mousse- und Joghurtkollektion zu kreieren. Das 200-ml-Joghurtglas hat eine glatte, kugelf\u00f6rmige Gestalt, die an einen kleinen Planeten erinnert \u2013 eine verspielte und zugleich elegante Art, die Kreativit\u00e4t und Lebensfreude der Marke auszudr\u00fccken.<\/p>\n<p>Um sowohl gut auszusehen als auch funktional zu sein, entschied sich die Marke f\u00fcr matte silberne Drehverschl\u00fcsse mit lebensmittelechten Silikoneins\u00e4tzen, die f\u00fcr luftdichte Frische und einfaches Verschlie\u00dfen des Produkts w\u00e4hrend des K\u00fchltransports sorgen.<\/p>\n<p>Dank der dezenten Glasur und des minimalistischen wei\u00dfen Logodrucks erhielt das Glas einen eleganten, modernen Look, wodurch es sich sowohl in den Regalen der Caf\u00e9s als auch auf den Online-Plattformen der Marke hervorhob.<\/p>\n<p>Nach der Markteinf\u00fchrung der neuen Produktlinie erwiesen sich die Gl\u00e4ser mit dem \u201ePlanet Pudding\u201c-Motiv als die beliebteste Verpackung bei den Kunden, die das luxuri\u00f6se und sammelw\u00fcrdige Aussehen sehr sch\u00e4tzten. Die Marke konnte im ersten Quartal einen Anstieg der Wiederk\u00e4ufe um 28 % verzeichnen, wodurch der schlichte Dessertbecher zu einem ikonischen Bestandteil ihrer visuellen Identit\u00e4t wurde.<\/p>\n<h2>Ihre Anpassungstipps<\/h2>\n<p>Das beste individuell gestaltete, planetenf\u00f6rmige Glasgef\u00e4\u00df zeichnet sich durch seine runde, elegante Form aus, die optisch besonders zur Geltung kommt. Sie haben die Wahl zwischen mattierten oder Farbverlaufsoberfl\u00e4chen, die einen traumhaften, himmlischen Eindruck erzeugen, oder Sie entscheiden sich f\u00fcr eine Pr\u00e4gung Ihres Markenlogos f\u00fcr einen haptisch ansprechenden, luxuri\u00f6sen Look. Kombinieren Sie es mit Schraubdeckeln aus mattem Gold, Ros\u00e9 oder Silber f\u00fcr einen trendigen Touch oder w\u00e4hlen Sie luftdichte Holzdeckel, wenn Sie Wert auf Nachhaltigkeit legen. Dar\u00fcber hinaus k\u00f6nnen Sie Ihre Etiketten und den Siebdruck ganz nach dem Branding Ihres Desserts oder Joghurts gestalten \u2013 ob minimalistisch, verspielt oder luxuri\u00f6s.<\/p>","protected":false},"excerpt":{"rendered":"<p>Entdecken Sie unsere Joghurtgl\u00e4ser in Planetenform \u2013 ein stilvolles Design, perfekt f\u00fcr Desserts oder Puddings. Individuell gestaltbar mit Deckeln, Logos und verschiedenen Oberfl\u00e4chen.<\/p>","protected":false},"featured_media":2133,"template":"","meta":{"postBodyCss":"","postBodyMargin":[],"postBodyPadding":[],"postBodyBackground":{"backgroundType":"classic","gradient":""}},"product_brand":[],"product_cat":[15,16,46],"product_tag":[65,64],"class_list":{"0":"post-2132","1":"product","2":"type-product","3":"status-publish","4":"has-post-thumbnail","6":"product_cat-glass-containers","7":"product_cat-glass-bottles","8":"product_cat-glass-milk-bottles","9":"product_tag-glass-jam-jars","10":"product_tag-glass-yogurt-jars","12":"first","13":"instock","14":"shipping-taxable","15":"product-type-simple"},"jetpack_sharing_enabled":true,"_links":{"self":[{"href":"https:\/\/minghanggroup.com\/de\/wp-json\/wp\/v2\/product\/2132","targetHints":{"allow":["GET"]}}],"collection":[{"href":"https:\/\/minghanggroup.com\/de\/wp-json\/wp\/v2\/product"}],"about":[{"href":"https:\/\/minghanggroup.com\/de\/wp-json\/wp\/v2\/types\/product"}],"wp:featuredmedia":[{"embeddable":true,"href":"https:\/\/minghanggroup.com\/de\/wp-json\/wp\/v2\/media\/2133"}],"wp:attachment":[{"href":"https:\/\/minghanggroup.com\/de\/wp-json\/wp\/v2\/media?parent=2132"}],"wp:term":[{"taxonomy":"product_brand","embeddable":true,"href":"https:\/\/minghanggroup.com\/de\/wp-json\/wp\/v2\/product_brand?post=2132"},{"taxonomy":"product_cat","embeddable":true,"href":"https:\/\/minghanggroup.com\/de\/wp-json\/wp\/v2\/product_cat?post=2132"},{"taxonomy":"product_tag","embeddable":true,"href":"https:\/\/minghanggroup.com\/de\/wp-json\/wp\/v2\/product_tag?post=2132"}],"curies":[{"name":"wp","href":"https:\/\/api.w.org\/{rel}","templated":true}]}}