{"id":2112,"date":"2025-10-27T14:08:34","date_gmt":"2025-10-27T06:08:34","guid":{"rendered":"https:\/\/minghanggroup.com\/?post_type=product&#038;p=2112"},"modified":"2025-10-27T14:08:34","modified_gmt":"2025-10-27T06:08:34","slug":"glass-milk-bottles-with-lids-wholesale-for-dairy-and-dessert","status":"publish","type":"product","link":"https:\/\/minghanggroup.com\/de\/produkt\/glass-milk-bottles-with-lids-wholesale-for-dairy-and-dessert\/","title":{"rendered":"100-200 ml schlanke, hohe Glasmilchflaschen mit Deckel, Gro\u00dfhandel f\u00fcr Molkereiprodukte und Desserts"},"content":{"rendered":"<p>Gro\u00dfhandel mit Glasmilchflaschen und Deckeln, Glasflaschen f\u00fcr Schokoladenmilch<\/p>\n<p>Die Verpackung Ihrer Milchprodukte sollte die Aufmerksamkeit Ihrer Kunden beim Durchbl\u00e4ttern der Seiten auf sich ziehen. Wir produzieren im Gro\u00dfhandel Glasmilchflaschen mit Deckeln, die jedes Einschenken zu einem Genussmoment machen. Diese Glasflaschen im Retro-Stil vereinen zeitlosen Charme mit modernem Komfort \u2013 ideal f\u00fcr Schokoladenmilch, Milchprodukte oder Saft. Als Ihr zuverl\u00e4ssiger Lieferant f\u00fcr Glasverpackungen verwenden wir frische Rohstoffe, die die l\u00e4ngere Frische Ihres Produkts gew\u00e4hrleisten.<\/p>\n<h2>Produktmerkmale<\/h2>\n<ol>\n<li><strong>Schlankes und elegantes Design:<\/strong>Mit ihrem optisch leichten und eleganten Design passen die hohen und schlanken Linien der Glasflasche f\u00fcr Schokoladenmilch perfekt zum Stil einer Premium-Marke f\u00fcr Milch, Saft oder Pudding.<\/li>\n<li><strong>Verdicktes Klarglas:<\/strong>Es besteht aus hellem, robustem Glas, wodurch die nat\u00fcrliche Farbe des Produkts zur Geltung kommt; der Beh\u00e4lter ist somit gleichzeitig sch\u00f6n und funktional.<\/li>\n<li><strong>Vielseitige Kapazit\u00e4t:<\/strong>Dieses Fassungsverm\u00f6gen ist genau richtig f\u00fcr verschiedene Verwendungszwecke wie Frischmilch, Joghurt, Pudding und Cold Brew.<\/li>\n<li><strong>Verschlie\u00dfbares Munddesign:<\/strong>Die mit ihr kompatiblen Metall-, Kunststoff- oder Aluminiumfolienverschl\u00fcsse gew\u00e4hrleisten einen auslaufsicheren Verschluss und somit kann die Frische \u00fcber einen l\u00e4ngeren Zeitraum erhalten bleiben.<\/li>\n<\/ol>\n<h2>Wichtigste Spezifikationen<\/h2>\n<table style=\"border-collapse: collapse; width: 80%; margin-left: auto; margin-right: auto;\" border=\"0\" width=\"288\" cellspacing=\"0\" cellpadding=\"0\">\n<tbody>\n<tr style=\"height: 13.50pt;\">\n<td style=\"height: 13.5pt; width: 54pt; text-align: center;\" width=\"72\" height=\"18\">Modell<\/td>\n<td style=\"width: 54pt; text-align: center;\" width=\"72\">Fassungsverm\u00f6gen (ml)<\/td>\n<td style=\"width: 54pt; text-align: center;\" width=\"72\">Abmessungen (cm)<\/td>\n<td style=\"width: 54pt; text-align: center;\" width=\"72\">Flaschentyp<\/td>\n<\/tr>\n<tr style=\"height: 13.50pt;\">\n<td style=\"height: 13.5pt; text-align: center;\" align=\"right\" height=\"18\">64010038<\/td>\n<td style=\"text-align: center;\" align=\"right\">100<\/td>\n<td style=\"text-align: center;\">4.5&#215;9.5<\/td>\n<td class=\"et2\" style=\"text-align: center;\" rowspan=\"2\">Schlank, gro\u00df<\/td>\n<\/tr>\n<tr style=\"height: 13.50pt;\">\n<td style=\"height: 13.5pt; text-align: center;\" align=\"right\" height=\"18\">64020039<\/td>\n<td style=\"text-align: center;\" align=\"right\">200<\/td>\n<td style=\"text-align: center;\">6.0&#215;12.8<\/td>\n<\/tr>\n<\/tbody>\n<\/table>\n<h2>Erfolgsfall<\/h2>\n<p>Wir wurden von einer kleinen Molkereimarke beauftragt, individuell gestaltete Glasmilchflaschen mit Deckel f\u00fcr den Gro\u00dfhandel herzustellen. Die 200-ml-Flasche mit ihrer schlanken Form ist nicht nur eine hervorragende M\u00f6glichkeit, das Produkt platzsparend zu pr\u00e4sentieren, sondern vereint auch Eleganz und Funktionalit\u00e4t perfekt.<\/p>\n<p>Der Kunde entschied sich f\u00fcr einen matten, wei\u00dfen Schraubverschluss mit transparenter Schrumpffolie, passend zum minimalistischen Stil der Marke. Das Ergebnis ist eine elegante und zugleich schlichte Verpackung. Der dezente, mattierte Logodruck auf der Flasche verleiht ihr eine luxuri\u00f6se, handwerkliche Note, die ideal zu Caf\u00e9s und gehobenen Superm\u00e4rkten passt.<\/p>\n<p>Die neue Verpackung wurde seit ihrer Einf\u00fchrung von den Kunden begeistert aufgenommen. Das Milchlieferunternehmen verzeichnete in den ersten sechs Wochen einen Umsatzanstieg von 28 %.<\/p>\n<h2>Ihre Anpassungstipps<\/h2>\n<p>Die l\u00e4ngliche Glasflasche f\u00fcr Ihre Schokoladenmilch sollte den einzigartigen Charme Ihrer Marke widerspiegeln. Nennen Sie uns einfach Ihre Geschmacksrichtung (z. B. \u201eHonigcreme\u201c oder \u201eMangoaroma\u201c), und wir kreieren eine dezente Farbverlaufs-, Logo- oder Mattierungs-Optik, die perfekt zu Ihrer Marke passt. Ben\u00f6tigen Sie f\u00fcr eine Caf\u00e9-Kooperation 100 ml oder 200 ml? Dann ist diese hohe, schlanke Milchflasche genau das Richtige f\u00fcr Sie!<\/p>\n<p>Ihre Glasflasche ist mehr als nur eine Verpackung \u2013 sie spiegelt die Qualit\u00e4t und den Stil Ihrer Marke wider. Lassen Sie uns gemeinsam unvergessliche Drinks kreieren \u2013 aber immer nur eine Flasche nach der anderen.<\/p>","protected":false},"excerpt":{"rendered":"<p>Glasmilchflaschen mit Deckel im Gro\u00dfhandel \u2013 ideal f\u00fcr Joghurt und Smoothies. Die Schokoladenmilch-Glasflasche kann mit Logos und Farbbeschichtung individuell gestaltet werden.<\/p>","protected":false},"featured_media":2114,"template":"","meta":{"postBodyCss":"","postBodyMargin":[],"postBodyPadding":[],"postBodyBackground":{"backgroundType":"classic","gradient":""}},"product_brand":[],"product_cat":[15,16,46],"product_tag":[],"class_list":{"0":"post-2112","1":"product","2":"type-product","3":"status-publish","4":"has-post-thumbnail","6":"product_cat-glass-containers","7":"product_cat-glass-bottles","8":"product_cat-glass-milk-bottles","10":"first","11":"instock","12":"shipping-taxable","13":"product-type-simple"},"jetpack_sharing_enabled":true,"_links":{"self":[{"href":"https:\/\/minghanggroup.com\/de\/wp-json\/wp\/v2\/product\/2112","targetHints":{"allow":["GET"]}}],"collection":[{"href":"https:\/\/minghanggroup.com\/de\/wp-json\/wp\/v2\/product"}],"about":[{"href":"https:\/\/minghanggroup.com\/de\/wp-json\/wp\/v2\/types\/product"}],"wp:featuredmedia":[{"embeddable":true,"href":"https:\/\/minghanggroup.com\/de\/wp-json\/wp\/v2\/media\/2114"}],"wp:attachment":[{"href":"https:\/\/minghanggroup.com\/de\/wp-json\/wp\/v2\/media?parent=2112"}],"wp:term":[{"taxonomy":"product_brand","embeddable":true,"href":"https:\/\/minghanggroup.com\/de\/wp-json\/wp\/v2\/product_brand?post=2112"},{"taxonomy":"product_cat","embeddable":true,"href":"https:\/\/minghanggroup.com\/de\/wp-json\/wp\/v2\/product_cat?post=2112"},{"taxonomy":"product_tag","embeddable":true,"href":"https:\/\/minghanggroup.com\/de\/wp-json\/wp\/v2\/product_tag?post=2112"}],"curies":[{"name":"wp","href":"https:\/\/api.w.org\/{rel}","templated":true}]}}