{"id":2075,"date":"2025-10-24T17:06:14","date_gmt":"2025-10-24T09:06:14","guid":{"rendered":"https:\/\/minghanggroup.com\/?post_type=product&#038;p=2075"},"modified":"2026-01-20T13:44:11","modified_gmt":"2026-01-20T05:44:11","slug":"wholesale-glass-yogurt-bottles-for-packaging","status":"publish","type":"product","link":"https:\/\/minghanggroup.com\/de\/produkt\/wholesale-glass-yogurt-bottles-for-packaging\/","title":{"rendered":"Doppelherzf\u00f6rmige Glasflaschen (100 ml, 150 ml, 250 ml) f\u00fcr Joghurt, Milch und Desserts"},"content":{"rendered":"<p>Um Ihre Milchmarke von der Konkurrenz abzuheben, ist eine optisch ansprechende Verpackung unerl\u00e4sslich. Wir fertigen bezaubernde, herzf\u00f6rmige Joghurtbecher aus Glas, die beim Genuss Ihres Joghurts f\u00fcr Begeisterung sorgen. Als renommierter Hersteller von Glasverpackungen legen wir Wert darauf, Ihnen die besten Rohstoffe f\u00fcr Ihre Milchprodukte zu liefern. Diese stilvollen, recycelbaren Glasmilchflaschen vereinen klassischen Charme mit moderner Funktionalit\u00e4t \u2013 warum nicht Joghurt, Saft oder sogar ein kleines Dessert damit verfeinern?<\/p>\n<h2>Produktmerkmale<\/h2>\n<ol>\n<li><strong>Romantisches Herzdesign:<\/strong>Die Doppelherzpr\u00e4gung ist das Detail, das den Glasjoghurtflaschen einen romantischen Touch verleiht und garantiert in jedem Regal ein Blickfang sein wird.<\/li>\n<li><strong>Frischeblick durch Klarglas:<\/strong>Durch das transparente Glas kommt die leuchtende Farbe des Joghurts besonders gut zur Geltung, sodass der Kunde die Frische der Qualit\u00e4t schon vor dem Kauf erkennen kann.<\/li>\n<li><strong>Perfekter Deckelverschluss:<\/strong>Die leicht ausgestellte \u00d6ffnung passt auf alle Flaschenverschl\u00fcsse, sodass nichts ausl\u00e4uft und nichts versch\u00fcttet wird \u2013 nur purer Milchgenuss.<\/li>\n<li><strong>Gr\u00f6\u00dfenoptimiert f\u00fcr jede Milchproduktlinie:<\/strong>Wir unterst\u00fctzen Sie bei der Abf\u00fcllung Ihrer Milchprodukte \u2013 von 100-ml-Proben bis hin zu 250-ml-Gro\u00dfpackungen.<\/li>\n<\/ol>\n<h2>Wichtigste Spezifikationen<\/h2>\n<table style=\"border-collapse: collapse; width: 80%; margin-left: auto; margin-right: auto;\" border=\"0\" width=\"288\" cellspacing=\"0\" cellpadding=\"0\">\n<tbody>\n<tr style=\"height: 13.50pt;\">\n<td style=\"height: 13.5pt; width: 54pt; text-align: center;\" width=\"72\" height=\"18\">Modell<\/td>\n<td style=\"width: 54pt; text-align: center;\" width=\"72\">Fassungsverm\u00f6gen (ml)<\/td>\n<td style=\"width: 54pt; text-align: center;\" width=\"72\">Abmessungen (cm)<\/td>\n<td style=\"width: 54pt; text-align: center;\" width=\"72\">Muster<\/td>\n<\/tr>\n<tr style=\"height: 13.50pt;\">\n<td style=\"height: 13.5pt; text-align: center;\" align=\"right\" height=\"18\">64010035<\/td>\n<td style=\"text-align: center;\" align=\"right\">100<\/td>\n<td style=\"text-align: center;\">6.2&#215;6.7<\/td>\n<td class=\"et2\" style=\"text-align: center;\" rowspan=\"3\">Doppelherz<\/td>\n<\/tr>\n<tr style=\"height: 13.50pt;\">\n<td style=\"height: 13.5pt; text-align: center;\" align=\"right\" height=\"18\">64015036<\/td>\n<td style=\"text-align: center;\" align=\"right\">150<\/td>\n<td style=\"text-align: center;\">6.3&#215;7.9<\/td>\n<\/tr>\n<tr style=\"height: 13.50pt;\">\n<td style=\"height: 13.5pt; text-align: center;\" align=\"right\" height=\"18\">64025037<\/td>\n<td style=\"text-align: center;\" align=\"right\">250<\/td>\n<td style=\"text-align: center;\">7.0&#215;9.6<\/td>\n<\/tr>\n<\/tbody>\n<\/table>\n<h2>Erfolgsfall<\/h2>\n<p>Nachdem eine lokale Molkerei beschlossen hatte, eine neue Verpackung f\u00fcr ihren Joghurt einzuf\u00fchren, wandte sie sich an uns mit dem Bedarf an individuell gestalteten, herzf\u00f6rmigen Joghurtflaschen aus Glas. Eine dezente Doppelherzpr\u00e4gung, frisch und liebevoll gestaltet, ziert jede 150-ml-Flasche und passt perfekt zum Markenkonzept \u201eMit Herz gemacht\u201c.<\/p>\n<p>Passend zur Verpackung im Liebes-Design w\u00e4hlte der Milchhersteller einen pastellfarbenen Aluminiumverschluss mit luftdichtem Silikonverschluss, um die Frische des Produkts lange zu gew\u00e4hrleisten. Das saubere und auslaufsichere Design ist ideal f\u00fcr die K\u00fchlkette.<\/p>\n<p>Unmittelbar nach der Einf\u00fchrung des neuen Produkts waren die Kunden von dem ansprechenden und hochwertigen Aussehen des Produkts begeistert, weshalb der Umsatz innerhalb von zwei Monaten um 35 % gestiegen ist.<\/p>\n<h2>Ihre Anpassungstipps<\/h2>\n<p>Verabschieden Sie sich von Standardflaschen \u2013 Ihre Double Heart Glaspuddingflasche sollte den einzigartigen Stil Ihrer Marke widerspiegeln. Teilen Sie uns Ihre Geschmacksrichtung mit (z. B. \u201eRosenmilchpudding\u201c), gestalten Sie den Verschluss individuell und kreieren Sie eine pastellfarbene Glasur. Suchen Sie nach einem neuen Dessert in der 250-ml-Flasche? Lassen Sie uns gemeinsam ein unvergessliches Erlebnis schaffen.<\/p>","protected":false},"excerpt":{"rendered":"<p>Versch\u00f6nern Sie Ihre Marke mit unseren doppelherzf\u00f6rmigen Joghurtflaschen aus Glas \u2013 perfekt f\u00fcr Milch, Desserts oder Joghurt. Individuelle Deckel, Logos und Farben sind f\u00fcr eine ansprechende Note erh\u00e4ltlich.<\/p>","protected":false},"featured_media":2076,"template":"","meta":{"postBodyCss":"","postBodyMargin":[],"postBodyPadding":[],"postBodyBackground":{"backgroundType":"classic","gradient":""}},"product_brand":[],"product_cat":[15,16,46],"product_tag":[65,64],"class_list":{"0":"post-2075","1":"product","2":"type-product","3":"status-publish","4":"has-post-thumbnail","6":"product_cat-glass-containers","7":"product_cat-glass-bottles","8":"product_cat-glass-milk-bottles","9":"product_tag-glass-jam-jars","10":"product_tag-glass-yogurt-jars","12":"first","13":"instock","14":"shipping-taxable","15":"product-type-simple"},"jetpack_sharing_enabled":true,"_links":{"self":[{"href":"https:\/\/minghanggroup.com\/de\/wp-json\/wp\/v2\/product\/2075","targetHints":{"allow":["GET"]}}],"collection":[{"href":"https:\/\/minghanggroup.com\/de\/wp-json\/wp\/v2\/product"}],"about":[{"href":"https:\/\/minghanggroup.com\/de\/wp-json\/wp\/v2\/types\/product"}],"wp:featuredmedia":[{"embeddable":true,"href":"https:\/\/minghanggroup.com\/de\/wp-json\/wp\/v2\/media\/2076"}],"wp:attachment":[{"href":"https:\/\/minghanggroup.com\/de\/wp-json\/wp\/v2\/media?parent=2075"}],"wp:term":[{"taxonomy":"product_brand","embeddable":true,"href":"https:\/\/minghanggroup.com\/de\/wp-json\/wp\/v2\/product_brand?post=2075"},{"taxonomy":"product_cat","embeddable":true,"href":"https:\/\/minghanggroup.com\/de\/wp-json\/wp\/v2\/product_cat?post=2075"},{"taxonomy":"product_tag","embeddable":true,"href":"https:\/\/minghanggroup.com\/de\/wp-json\/wp\/v2\/product_tag?post=2075"}],"curies":[{"name":"wp","href":"https:\/\/api.w.org\/{rel}","templated":true}]}}