{"id":2037,"date":"2025-10-23T17:07:40","date_gmt":"2025-10-23T09:07:40","guid":{"rendered":"https:\/\/minghanggroup.com\/?post_type=product&#038;p=2037"},"modified":"2026-01-20T13:44:34","modified_gmt":"2026-01-20T05:44:34","slug":"glass-milk-bottles-with-lids-glass-pudding-cups-wholesale","status":"publish","type":"product","link":"https:\/\/minghanggroup.com\/de\/produkt\/glass-milk-bottles-with-lids-glass-pudding-cups-wholesale\/","title":{"rendered":"50-200 ml Glasmilchflaschen mit Deckel f\u00fcr Desserts, Joghurt und Pudding"},"content":{"rendered":"<p>Ihre s\u00fc\u00dfen Leckereien verdienen eine Verpackung, die f\u00fcr sich selbst spricht \u2013 und nicht nur f\u00fcr sie. Wir fertigen Puddingbecher aus Glas, die Ihre Desserts perfekt in Szene setzen, und unsere Milchflaschen aus Glas mit Deckel eignen sich ideal f\u00fcr Milchprodukte. Diese wiederverwendbaren Milchflaschen machen jedes Glas zu einem echten Hingucker im Regal.<\/p>\n<h2>Produktmerkmale<\/h2>\n<ol>\n<li><strong>Lebendige Produktpr\u00e4sentation:<\/strong>Durch die Verwendung von transparentem Glas kann die satte Farbe des Puddings hervorgehoben werden, sodass die Verbraucher die Qualit\u00e4t bereits vor dem Probieren erkennen.<\/li>\n<li><strong>Perfekter Deckelverschluss:<\/strong>Die Flaschenverschl\u00fcsse werden mithilfe von Gewindeh\u00e4lsen fest verschlossen, sodass es kein Auslaufen und keine Sauerei gibt und nur der pure Genuss des Desserts \u00fcbrig bleibt.<\/li>\n<li><strong>Platzsparende kleine Gr\u00f6\u00dfen:<\/strong>Ob 50-ml-Proben oder 200-ml-Gro\u00dfpackungen \u2013 diese Glasmilchflaschen mit Deckel lassen sich genauso stapeln wie ein Stapel B\u00fccher.<\/li>\n<li><strong>S\u00fc\u00df &amp; Sicher Wiederverwendbarkeit:<\/strong>Durch das dicke Glas, das hitzebest\u00e4ndig ist, kann es zur Aufbewahrung von Joghurt, Marmelade oder sogar Milch wiederverwendet werden.<\/li>\n<\/ol>\n<h2>Wichtigste Spezifikationen<\/h2>\n<table style=\"border-collapse: collapse; width: 80%; margin-left: auto; margin-right: auto;\" border=\"0\" width=\"363\" cellspacing=\"0\" cellpadding=\"0\">\n<tbody>\n<tr style=\"height: 13.50pt;\">\n<td style=\"height: 13.5pt; width: 56.25pt; text-align: center;\" width=\"75\" height=\"18\">Modell<\/td>\n<td style=\"width: 54pt; text-align: center;\" width=\"72\">Fassungsverm\u00f6gen (ml)<\/td>\n<td style=\"width: 54pt; text-align: center;\" width=\"72\">Abmessungen (cm)<\/td>\n<td style=\"width: 54pt; text-align: center;\" width=\"72\">Halsart<\/td>\n<td style=\"width: 54pt; text-align: center;\" width=\"72\">Form<\/td>\n<\/tr>\n<tr style=\"height: 13.50pt;\">\n<td style=\"height: 13.5pt; text-align: center;\" align=\"right\" height=\"18\">64005021<\/td>\n<td style=\"text-align: center;\" align=\"right\">50<\/td>\n<td style=\"text-align: center;\">4.8&#215;5.8<\/td>\n<td class=\"et2\" style=\"text-align: center;\" rowspan=\"5\">Gewinde<\/td>\n<td class=\"et2\" style=\"text-align: center;\" rowspan=\"5\">Runden<\/td>\n<\/tr>\n<tr style=\"height: 13.50pt;\">\n<td style=\"height: 13.5pt; text-align: center;\" align=\"right\" height=\"18\">64007522<\/td>\n<td style=\"text-align: center;\" align=\"right\">75<\/td>\n<td style=\"text-align: center;\">5.1&#215;7.1<\/td>\n<\/tr>\n<tr style=\"height: 13.50pt;\">\n<td style=\"height: 13.5pt; text-align: center;\" align=\"right\" height=\"18\">64010023<\/td>\n<td style=\"text-align: center;\" align=\"right\">100<\/td>\n<td style=\"text-align: center;\">5.5&#215;7.3<\/td>\n<\/tr>\n<tr style=\"height: 13.50pt;\">\n<td style=\"height: 13.5pt; text-align: center;\" align=\"right\" height=\"18\">64015024<\/td>\n<td style=\"text-align: center;\" align=\"right\">150<\/td>\n<td style=\"text-align: center;\">6.5&#215;7.8<\/td>\n<\/tr>\n<tr style=\"height: 13.50pt;\">\n<td style=\"height: 13.5pt; text-align: center;\" align=\"right\" height=\"18\">64020025<\/td>\n<td style=\"text-align: center;\" align=\"right\">200<\/td>\n<td style=\"text-align: center;\">7.0&#215;9.0<\/td>\n<\/tr>\n<\/tbody>\n<\/table>\n<h2>Erfolgsfall<\/h2>\n<p>Ein exklusives Dessertgesch\u00e4ft wandte sich an uns, um ma\u00dfgefertigte 100-ml-Glasbecher f\u00fcr seine Beerencremepudding-Linie herzustellen. Jeder Becher hat eine runde, weite \u00d6ffnung, sodass die Kunden Beeren und Sahne schichten und gleichzeitig die leuchtenden Farben des Desserts durch das kristallklare Glas genie\u00dfen k\u00f6nnen.<\/p>\n<p>Um das Produkt ansprechender zu gestalten und seine Frische zu bewahren, entschied sich das Gesch\u00e4ft f\u00fcr einen goldenen Schraubverschluss und eine l\u00f6ffelf\u00f6rmige Papierh\u00fclle \u2013 ein elegantes und praktisches Design. Das Markenlogo ist zudem auf dem Boden des Bechers eingepr\u00e4gt, wodurch jeder Pudding eine dezente, handgefertigte Note erh\u00e4lt, ganz im Sinne der Philosophie der Marke, handwerklich hergestellte Desserts anzubieten.<\/p>\n<p>Nach Einf\u00fchrung der neuen Verpackung sind die Online-Dessertverk\u00e4ufe des Gesch\u00e4fts um \u200b\u200d\u200b\u200c\u200d\u200b\u200d\u200c\u200b\u200d\u200b\u200c\u200d\u200b\u200d\u200c40% in die H\u00f6he geschnellt.<\/p>\n<h2>Ihre Anpassungstipps<\/h2>\n<p>Vergessen Sie Standardgl\u00e4ser. Teilen Sie uns Ihre Puddingidee mit \u2013 denken Sie an \u201eVanilletraum\u201c oder \u201eMangoduft\u201c \u2013 und Sie k\u00f6nnen nicht nur die Form und die zarte Farbe personalisieren, sondern auch Ihr Logo einpr\u00e4gen lassen. Ein 150-ml-Puddingglas f\u00fcr ein neues Saisonprodukt ist genau das Richtige, oder? Ihr Milchpuddingglas aus Glas ist mehr als nur eine Verpackung; es ist ein k\u00f6stliches Mittel, um Ihre Markengeschichte zu erz\u00e4hlen.<\/p>","protected":false},"excerpt":{"rendered":"<p>Klare Glasmilchflaschen mit Deckel und Glaspuddingbecher, ideal f\u00fcr Joghurt, Desserts oder Pudding. Individuell gestaltbar mit Deckeln, Logos und Farben f\u00fcr Caf\u00e9s, Molkereien oder den privaten Gebrauch.<\/p>","protected":false},"featured_media":2046,"template":"","meta":{"postBodyCss":"","postBodyMargin":[],"postBodyPadding":[],"postBodyBackground":{"backgroundType":"classic","gradient":""}},"product_brand":[],"product_cat":[15,46],"product_tag":[65,64],"class_list":{"0":"post-2037","1":"product","2":"type-product","3":"status-publish","4":"has-post-thumbnail","6":"product_cat-glass-containers","7":"product_cat-glass-milk-bottles","8":"product_tag-glass-jam-jars","9":"product_tag-glass-yogurt-jars","11":"first","12":"instock","13":"shipping-taxable","14":"product-type-simple"},"jetpack_sharing_enabled":true,"_links":{"self":[{"href":"https:\/\/minghanggroup.com\/de\/wp-json\/wp\/v2\/product\/2037","targetHints":{"allow":["GET"]}}],"collection":[{"href":"https:\/\/minghanggroup.com\/de\/wp-json\/wp\/v2\/product"}],"about":[{"href":"https:\/\/minghanggroup.com\/de\/wp-json\/wp\/v2\/types\/product"}],"wp:featuredmedia":[{"embeddable":true,"href":"https:\/\/minghanggroup.com\/de\/wp-json\/wp\/v2\/media\/2046"}],"wp:attachment":[{"href":"https:\/\/minghanggroup.com\/de\/wp-json\/wp\/v2\/media?parent=2037"}],"wp:term":[{"taxonomy":"product_brand","embeddable":true,"href":"https:\/\/minghanggroup.com\/de\/wp-json\/wp\/v2\/product_brand?post=2037"},{"taxonomy":"product_cat","embeddable":true,"href":"https:\/\/minghanggroup.com\/de\/wp-json\/wp\/v2\/product_cat?post=2037"},{"taxonomy":"product_tag","embeddable":true,"href":"https:\/\/minghanggroup.com\/de\/wp-json\/wp\/v2\/product_tag?post=2037"}],"curies":[{"name":"wp","href":"https:\/\/api.w.org\/{rel}","templated":true}]}}