{"id":2032,"date":"2025-10-23T15:54:11","date_gmt":"2025-10-23T07:54:11","guid":{"rendered":"https:\/\/minghanggroup.com\/?post_type=product&#038;p=2032"},"modified":"2026-01-20T13:45:59","modified_gmt":"2026-01-20T05:45:59","slug":"square-glass-milk-bottles-for-dairy-storage-and-packaging","status":"publish","type":"product","link":"https:\/\/minghanggroup.com\/de\/produkt\/square-glass-milk-bottles-for-dairy-storage-and-packaging\/","title":{"rendered":"300 ml und 500 ml quadratische Glasmilchflaschen f\u00fcr die Aufbewahrung und Verpackung von Milchprodukten"},"content":{"rendered":"<p>Ihre Milchprodukte-Marke braucht Flaschen, die wirklich Platz sparen und den Umsatz steigern \u2013 Schluss mit unhandlichen runden Flaschen, die Ihr Regal verstopfen. Wir fertigen quadratische Glasmilchflaschen, die sich perfekt stapeln lassen und jedem Einschenken ein hochwertiges Gef\u00fchl verleihen. Diese Glasflaschen zur Aufbewahrung von Milch machen Ihre Produkte zu einem optischen Highlight \u2013 perfekt f\u00fcr Milchprodukte, S\u00e4fte oder Cold Brew.<\/p>\n<h2>Produktmerkmale<\/h2>\n<ol>\n<li><strong>Quadratisches &amp; modernes Design:<\/strong>Die quadratische Flaschenform ist optisch sehr ansprechend und bietet der Marke eine hervorragende L\u00f6sung f\u00fcr ein stabiles Design, bei dem die Flasche nicht umkippt. Dies verleiht ihr ein modernes und stilvolles Aussehen und tr\u00e4gt zum Wachstum des Markenimages bei.<\/li>\n<li><strong>Dickes, robustes Glas:<\/strong>Es wird aus hochtransparentem, verdicktem Glas hergestellt und ist daher robust und kann mehrmals verwendet werden, ohne besch\u00e4digt zu werden.<\/li>\n<li><strong>Breiter Hals zum einfachen Bef\u00fcllen:<\/strong>Der weite Hals ist so gestaltet, dass das Einf\u00fcllen von Milch, Saft oder Kaffee sehr einfach ist und auch die Reinigung kinderleicht vonstattengeht.<\/li>\n<li><strong>Anpassbare Optionen:<\/strong>Es kann einen Deckel aus Metall, Kunststoff oder Bambus haben und unterst\u00fctzt kundenspezifische Merkmale wie Bedrucken, Lackieren und Pr\u00e4gen.<\/li>\n<\/ol>\n<h2>Wichtigste Spezifikationen<\/h2>\n<table style=\"border-collapse: collapse; width: 80%; margin-left: auto; margin-right: auto;\" border=\"0\" width=\"288\" cellspacing=\"0\" cellpadding=\"0\">\n<tbody>\n<tr style=\"height: 13.50pt;\">\n<td style=\"height: 13.5pt; width: 54pt; text-align: center;\" width=\"72\" height=\"18\">Modell<\/td>\n<td style=\"width: 54pt; text-align: center;\" width=\"72\">Kapazit\u00e4t<\/td>\n<td style=\"width: 54pt; text-align: center;\" width=\"72\">Abmessungen (cm)<\/td>\n<td style=\"width: 54pt; text-align: center;\" width=\"72\">Form<\/td>\n<\/tr>\n<tr style=\"height: 13.50pt;\">\n<td style=\"height: 13.5pt; text-align: center;\" align=\"right\" height=\"18\">64030019<\/td>\n<td style=\"text-align: center;\" align=\"right\">300 ml \/ 10 oz<\/td>\n<td style=\"text-align: center;\">7.6&#215;12.3<\/td>\n<td class=\"et2\" style=\"text-align: center;\" rowspan=\"2\">Quadrat<\/td>\n<\/tr>\n<tr style=\"height: 13.50pt;\">\n<td style=\"height: 13.5pt; text-align: center;\" align=\"right\" height=\"18\">64050020<\/td>\n<td style=\"text-align: center;\" align=\"right\">500 ml \/ 16 oz<\/td>\n<td style=\"text-align: center;\">8.6&#215;13.6<\/td>\n<\/tr>\n<\/tbody>\n<\/table>\n<h2>Erfolgsbeispiel<\/h2>\n<p>Eine Molkerei kam mit der Anfrage nach 150.000 individuell angefertigten, quadratischen 300-ml-Glasflaschen zu uns.<\/p>\n<p>Das Bef\u00fcllen und Reinigen der Flasche ist durch die weite \u00d6ffnung sehr praktisch, und die Metallschraubverschl\u00fcsse und Bambusdeckel k\u00f6nnen auf den vollst\u00e4ndig mit Gewinde versehenen Flaschenhals aufgesetzt werden, wodurch Einzelh\u00e4ndlern und Kaffeepartnern flexible Optionen geboten werden.<\/p>\n<p>Die quadratische Form verleiht dem Produkt nicht nur einen trendigen, minimalistischen Stil, sondern spart auch Lager- und Regalplatz \u2013 sowohl beim Transport als auch bei der Pr\u00e4sentation. Um die Marke aufzuwerten, wurde die Flasche mit einer mattierten Oberfl\u00e4che und einem Siebdrucklogo versehen.<\/p>\n<p>Die Hafermilch-Produktlinie erfreute sich gro\u00dfer Beliebtheit bei den Kunden, insbesondere das auslaufsichere Design und die wiederverwendbare Flasche kamen gut an. Innerhalb von zwei Monaten trug die neue Flasche zu 65 % des Gesamtumsatzes bei.<\/p>\n<h2>Ihre Anpassungstipps<\/h2>\n<p>Sie m\u00f6chten, dass Ihre quadratische Glasmilchflasche mehr Aufmerksamkeit erregt? W\u00e4hlen Sie eine mattierte Oberfl\u00e4che, ein gepr\u00e4gtes Logo oder einen sanften Farbverlauf, passend zu Ihrem Geschmack. Mit einem Deckel aus Bambus oder Aluminium werten Sie die Flasche zus\u00e4tzlich auf und sorgen f\u00fcr eine perfekte Abstimmung mit Ihrem saisonalen Angebot \u2013 egal ob Beerenmilch, Haferdrinks oder Cold-Brew-Kaffee. Ihre Flasche wird sich schnell verkaufen und dank der Deckelgr\u00f6\u00dfen von 300 ml bis 500 ml ein echter Hingucker sein.<\/p>","protected":false},"excerpt":{"rendered":"<p>Elegante, quadratische Glasmilchflaschen im Gro\u00dfhandel sowie Milchaufbewahrungsbeh\u00e4lter aus Glas f\u00fcr Milchprodukte, Kaffee oder S\u00e4fte. Individuell gestaltbar mit Verschl\u00fcssen, Farben und gepr\u00e4gtem Logo f\u00fcr ein hochwertiges Branding.<\/p>","protected":false},"featured_media":2033,"template":"","meta":{"postBodyCss":"","postBodyMargin":[],"postBodyPadding":[],"postBodyBackground":{"backgroundType":"classic","gradient":""}},"product_brand":[],"product_cat":[15,16,46],"product_tag":[64,72],"class_list":{"0":"post-2032","1":"product","2":"type-product","3":"status-publish","4":"has-post-thumbnail","6":"product_cat-glass-containers","7":"product_cat-glass-bottles","8":"product_cat-glass-milk-bottles","9":"product_tag-glass-yogurt-jars","10":"product_tag-juice-bottles","12":"first","13":"instock","14":"shipping-taxable","15":"product-type-simple"},"jetpack_sharing_enabled":true,"_links":{"self":[{"href":"https:\/\/minghanggroup.com\/de\/wp-json\/wp\/v2\/product\/2032","targetHints":{"allow":["GET"]}}],"collection":[{"href":"https:\/\/minghanggroup.com\/de\/wp-json\/wp\/v2\/product"}],"about":[{"href":"https:\/\/minghanggroup.com\/de\/wp-json\/wp\/v2\/types\/product"}],"wp:featuredmedia":[{"embeddable":true,"href":"https:\/\/minghanggroup.com\/de\/wp-json\/wp\/v2\/media\/2033"}],"wp:attachment":[{"href":"https:\/\/minghanggroup.com\/de\/wp-json\/wp\/v2\/media?parent=2032"}],"wp:term":[{"taxonomy":"product_brand","embeddable":true,"href":"https:\/\/minghanggroup.com\/de\/wp-json\/wp\/v2\/product_brand?post=2032"},{"taxonomy":"product_cat","embeddable":true,"href":"https:\/\/minghanggroup.com\/de\/wp-json\/wp\/v2\/product_cat?post=2032"},{"taxonomy":"product_tag","embeddable":true,"href":"https:\/\/minghanggroup.com\/de\/wp-json\/wp\/v2\/product_tag?post=2032"}],"curies":[{"name":"wp","href":"https:\/\/api.w.org\/{rel}","templated":true}]}}