{"id":2025,"date":"2025-10-23T14:12:42","date_gmt":"2025-10-23T06:12:42","guid":{"rendered":"https:\/\/minghanggroup.com\/?post_type=product&#038;p=2025"},"modified":"2026-01-20T15:35:46","modified_gmt":"2026-01-20T07:35:46","slug":"bulk-cylindrical-clear-glass-honey-vials-for-food-packaging","status":"publish","type":"product","link":"https:\/\/minghanggroup.com\/de\/produkt\/bulk-cylindrical-clear-glass-honey-vials-for-food-packaging\/","title":{"rendered":"Zylindrische Honigfl\u00e4schchen aus Klarglas (50\u2013260 ml) f\u00fcr Lebensmittelverpackungen"},"content":{"rendered":"<p>These glass\u200b\u200d\u200b\u200c\u200d\u200b\u200d\u200c\u200b\u200d\u200b\u200c\u200d\u200b\u200d\u200c honey vials have a clear cylindrical body along with gold and silver lids of different sizes. Their minimal and at the same time functional design makes them ideal for storing honey with a touch of sophistication.<\/p>\n<h2>Produktmerkmale<\/h2>\n<ul>\n<li><strong>Klarglas:<\/strong> Die Verwendung von Klarglas erm\u00f6glicht die Aufzeichnung des Inhalts und die Betrachtung seines Zustands, was f\u00fcr eine schnelle Identifizierung und Inspektion sehr hilfreich ist.<\/li>\n<li><strong>Zylindrisch:<\/strong> Aufgrund ihrer zylinderf\u00f6rmigen Struktur k\u00f6nnen diese Gl\u00e4ser in der K\u00fcche oder in jedem anderen Bereich des Hauses platzsparend \u00fcbereinandergestapelt werden.<\/li>\n<li><strong>Verschiedene Gr\u00f6\u00dfen erh\u00e4ltlich:<\/strong> Durch das Angebot von Beh\u00e4ltern in verschiedenen Gr\u00f6\u00dfen kann man den am besten geeigneten Beh\u00e4lter f\u00fcr seine\/ihre Lagerbed\u00fcrfnisse ausw\u00e4hlen.<\/li>\n<\/ul>\n<h2>Wichtigste Spezifikationen<\/h2>\n<table style=\"border-collapse: collapse; margin-left: auto; margin-right: auto; width: 348.02pt;\" border=\"0\" width=\"464\" cellspacing=\"0\" cellpadding=\"0\">\n<tbody>\n<tr style=\"height: 13.50pt;\">\n<td style=\"height: 13.50pt; width: 90.00pt;\" width=\"120\" height=\"18\">Besonderheit<\/td>\n<td style=\"width: 258.00pt;\" width=\"344\">Specification<\/td>\n<\/tr>\n<tr style=\"height: 13.50pt;\">\n<td style=\"height: 13.50pt;\" height=\"18\">Kapazit\u00e4t<\/td>\n<td>50 ml bis 260 ml (9 Gr\u00f6\u00dfen)<\/td>\n<\/tr>\n<tr style=\"height: 13.50pt;\">\n<td style=\"height: 13.50pt;\" height=\"18\">Durchmesser<\/td>\n<td>4,7 cm (alle Gr\u00f6\u00dfen)<\/td>\n<\/tr>\n<tr style=\"height: 13.50pt;\">\n<td style=\"height: 13.50pt;\" height=\"18\">H\u00f6he<\/td>\n<td>5,3 cm bis 20,3 cm<\/td>\n<\/tr>\n<tr style=\"height: 13.50pt;\">\n<td style=\"height: 13.50pt;\" height=\"18\">Material<\/td>\n<td>Klarglas, Deckel aus gold-\/silberfarbenem Polypropylen<\/td>\n<\/tr>\n<tr style=\"height: 13.50pt;\">\n<td style=\"height: 13.50pt;\" height=\"18\">Deckeloptionen<\/td>\n<td>Gold, Silber (Sonderfarben auf Anfrage)<\/td>\n<\/tr>\n<tr style=\"height: 13.50pt;\">\n<td style=\"height: 13.50pt;\" height=\"18\">Am besten geeignet f\u00fcr<\/td>\n<td>Probierpackungen, Geschenksets<\/td>\n<\/tr>\n<tr style=\"height: 13.50pt;\">\n<td style=\"height: 13.50pt;\" height=\"18\">Ideale Verwendung<\/td>\n<td>Honigfl\u00e4schchen, Honiggl\u00e4ser<\/td>\n<\/tr>\n<\/tbody>\n<\/table>\n<h2>Erfolgsgeschichte: Wie eine Probierstrategie den Umsatz steigerte<\/h2>\n<p>Der mittelst\u00e4ndische Imkereibetrieb hatte Schwierigkeiten, neben seinen Stammkunden, die die \u00fcblichen 250-Gramm-Gl\u00e4ser Honig kauften, neue Kunden zu gewinnen. Daraufhin entwickelten sie die Idee, ein Probierpaket mit vier verschiedenen Honigsorten anzubieten, das sie \u201eHoney Flight\u201c nannten. Anschlie\u00dfend entschieden sie sich, die bestehenden Honiggl\u00e4ser (50 ml, 60 ml, 80 ml und 100 ml) mit goldenen Deckeln zu versehen, um ihnen ein luxuri\u00f6seres Aussehen zu verleihen. Die Einf\u00fchrung des Probierpakets war ein durchschlagender Erfolg. Innerhalb von nur drei Monaten avancierte es zum meistverkauften Online-Produkt, steigerte den Website-Traffic um 35 % und brachte zahlreiche Neukunden. Doch der Erfolg hielt an. Statistiken zeigen, dass jeder f\u00fcnfte Kunde, der ein Probierpaket erhalten hat, innerhalb von zwei Monaten ein Glas Honig in Originalgr\u00f6\u00dfe kauft. Diese Strategie verwandelte neugierige Interessenten in treue Kunden, und die 200.000 kleinen Gl\u00e4ser, die sie nun jedes Quartal bestellen, sind f\u00fcr sie bestimmt.<\/p>\n<h2>Gestalten Sie Ihre Honigfl\u00e4schchen mit Ihrem Markennamen<\/h2>\n<ul>\n<li><strong>Farbakzente:<\/strong> Verleihen Sie dem Klarglas einen Hauch von Bernstein, um die goldene Farbe des Honigs hervorzuheben. So wirken die Gl\u00e4ser unabh\u00e4ngig von ihrer Gr\u00f6\u00dfe edler.<\/li>\n<li><strong>Siebdruck:<\/strong> Ihr Logo oder ein anderes Kunstwerk kann dauerhaft und unverwechselbar auf das Glas gedruckt werden, um Ihre Markenidentit\u00e4t widerzuspiegeln.<\/li>\n<li><strong>Gepr\u00e4gte Bandmarkierungen:<\/strong> Wir pr\u00e4sentieren eine innovative und stilvolle Art der Volumenangabe. Die gepr\u00e4gten Milliliter-\/Unzenangaben auf dem Glas verleihen ihm ein praktisches und professionelles Aussehen.<\/li>\n<li><strong>Individuelle Kappenfarben:<\/strong> Warum sich auf Silber und Gold beschr\u00e4nken? Neben diesen beiden Farben k\u00f6nnen die Farben der Kappen an Ihre Markenfarben angepasst werden.<\/li>\n<\/ul>\n<p>M\u00f6chten Sie Ihre Verpackung vereinfachen und eine gro\u00dfe Auswahl an Honiggl\u00e4sern und -flaschen anbieten? Kontaktieren Sie uns gerne f\u00fcr ein Angebot f\u00fcr Gro\u00dfabnehmer. Dar\u00fcber hinaus k\u00f6nnen wir Ihr Imkereiunternehmen unterst\u00fctzen.<\/p>","protected":false},"excerpt":{"rendered":"<p>Transparente Honiggl\u00e4ser mit goldenen und silbernen Deckeln, ideal f\u00fcr die Honigverpackung und den Gro\u00dfhandel. Langlebig, elegant und individuell gestaltbar f\u00fcr Gro\u00dfabnehmer.<\/p>","protected":false},"featured_media":2040,"template":"","meta":{"postBodyCss":"","postBodyMargin":[],"postBodyPadding":[],"postBodyBackground":{"backgroundType":"classic","gradient":""}},"product_brand":[],"product_cat":[15,17,52],"product_tag":[],"class_list":{"0":"post-2025","1":"product","2":"type-product","3":"status-publish","4":"has-post-thumbnail","6":"product_cat-glass-containers","7":"product_cat-glass-jars","8":"product_cat-glass-honey-jars","10":"first","11":"instock","12":"shipping-taxable","13":"product-type-simple"},"jetpack_sharing_enabled":true,"_links":{"self":[{"href":"https:\/\/minghanggroup.com\/de\/wp-json\/wp\/v2\/product\/2025","targetHints":{"allow":["GET"]}}],"collection":[{"href":"https:\/\/minghanggroup.com\/de\/wp-json\/wp\/v2\/product"}],"about":[{"href":"https:\/\/minghanggroup.com\/de\/wp-json\/wp\/v2\/types\/product"}],"wp:featuredmedia":[{"embeddable":true,"href":"https:\/\/minghanggroup.com\/de\/wp-json\/wp\/v2\/media\/2040"}],"wp:attachment":[{"href":"https:\/\/minghanggroup.com\/de\/wp-json\/wp\/v2\/media?parent=2025"}],"wp:term":[{"taxonomy":"product_brand","embeddable":true,"href":"https:\/\/minghanggroup.com\/de\/wp-json\/wp\/v2\/product_brand?post=2025"},{"taxonomy":"product_cat","embeddable":true,"href":"https:\/\/minghanggroup.com\/de\/wp-json\/wp\/v2\/product_cat?post=2025"},{"taxonomy":"product_tag","embeddable":true,"href":"https:\/\/minghanggroup.com\/de\/wp-json\/wp\/v2\/product_tag?post=2025"}],"curies":[{"name":"wp","href":"https:\/\/api.w.org\/{rel}","templated":true}]}}