{"id":1891,"date":"2025-10-22T13:02:51","date_gmt":"2025-10-22T05:02:51","guid":{"rendered":"https:\/\/minghanggroup.com\/?post_type=product&#038;p=1891"},"modified":"2025-10-22T17:11:23","modified_gmt":"2025-10-22T09:11:23","slug":"wholesale-round-glass-honey-bottles-and-jam-jars","status":"publish","type":"product","link":"https:\/\/minghanggroup.com\/de\/produkt\/wholesale-round-glass-honey-bottles-and-jam-jars\/","title":{"rendered":"Gro\u00dfhandel mit runden Honigflaschen und Marmeladengl\u00e4sern aus Glas (100 ml \u2013 500 ml)"},"content":{"rendered":"<p>Die Honigflaschen bestechen durch ihren klaren, zylinderf\u00f6rmigen Glask\u00f6rper und den schwarzen Deckel. Ihr minimalistisches und praktisches Design ist in verschiedenen Gr\u00f6\u00dfen erh\u00e4ltlich.<\/p>\n<h2>Produktmerkmale<\/h2>\n<ul>\n<li><strong>Zylindrische Form:<\/strong> Durch die Verwendung dieses trendigen zylindrischen Beh\u00e4lters f\u00fcr Honig eignet er sich nicht nur perfekt zur Aufbewahrung in der K\u00fcche, sondern auch in anderen R\u00e4umen und spart so Platz.<\/li>\n<li><strong>Weitmaul:<\/strong> Durch die einfache \u00d6ffnung dieser Konstruktion ist das Nachf\u00fcllen schnell und die Reinigung problemlos, sodass die Kunden den Honig entnehmen k\u00f6nnen, ohne sich die H\u00e4nde klebrig zu machen.<\/li>\n<li><strong>Mehrere Gr\u00f6\u00dfen zur Auswahl:<\/strong> Wir f\u00fchren Honiggl\u00e4ser f\u00fcr den gesamten Gesch\u00e4ftszyklus, von kleinen 100-ml-Gl\u00e4sern zum Probieren bis hin zu 500-ml-Gro\u00dfpackungen.<\/li>\n<\/ul>\n<h2>Wichtigste Spezifikationen<\/h2>\n<table style=\"border-collapse: collapse; margin-left: auto; margin-right: auto; width: 455.27pt;\" border=\"0\" width=\"607\" cellspacing=\"0\" cellpadding=\"0\">\n<tbody>\n<tr style=\"height: 13.50pt;\">\n<td style=\"height: 13.50pt; width: 90.00pt;\" width=\"120\" height=\"18\">Besonderheit<\/td>\n<td style=\"width: 365.25pt;\" width=\"487\">Specification<\/td>\n<\/tr>\n<tr style=\"height: 13.50pt;\">\n<td style=\"height: 13.50pt;\" height=\"18\">Kapazit\u00e4t<\/td>\n<td>100 ml, 150 ml, 180 ml, 220 ml, 280 ml, 380 ml, 500 ml<\/td>\n<\/tr>\n<tr style=\"height: 13.50pt;\">\n<td style=\"height: 13.50pt;\" height=\"18\">Gr\u00f6\u00dfe<\/td>\n<td>6,1 \u00d7 6,8 cm bis 8,5 \u00d7 12,8 cm<\/td>\n<\/tr>\n<tr style=\"height: 13.50pt;\">\n<td style=\"height: 13.50pt;\" height=\"18\">Material<\/td>\n<td>Klarglas, schwarzer PP-Schraubdeckel<\/td>\n<\/tr>\n<tr style=\"height: 13.50pt;\">\n<td style=\"height: 13.50pt;\" height=\"18\">Deckelfarbe<\/td>\n<td>Schwarz (Sonderfarben auf Anfrage)<\/td>\n<\/tr>\n<tr style=\"height: 13.50pt;\">\n<td style=\"height: 13.50pt;\" height=\"18\">Am besten geeignet f\u00fcr<\/td>\n<td>Rohhonig, Marmeladen, Konfit\u00fcren<\/td>\n<\/tr>\n<tr style=\"height: 13.50pt;\">\n<td style=\"height: 13.50pt;\" height=\"18\">Ideale Verwendung<\/td>\n<td>Honigflaschen, runde Marmeladengl\u00e4ser, Honiggl\u00e4ser aus Glas<\/td>\n<\/tr>\n<\/tbody>\n<\/table>\n<h2>Erfolgsgeschichte: Klassisches Design treibt Umsatzwachstum an<\/h2>\n<p>Eine mittelst\u00e4ndische Imkergenossenschaft hatte Probleme mit der Verpackung. Um dem entgegenzuwirken, testete sie 1.400 runde Honiggl\u00e4ser mit schwarzen Deckeln (je 200 St\u00fcck in jeder Gr\u00f6\u00dfe). Das einpr\u00e4gsame und praktische Design passt perfekt zu ihrem Markenimage von reinem, naturbelassenem Honig. Diese Initiative hat ihr Gesch\u00e4ft grundlegend ver\u00e4ndert. Erstens erzielen die sieben Gr\u00f6\u00dfen der Honiggl\u00e4ser eine Kundenzufriedenheitsrate von 92 %, wodurch Verwechslungen zwischen Gl\u00e4sern verschiedener Anbieter vermieden werden. Ein handwerklicher Marmeladenhersteller verzeichnete dank der idealen Gr\u00f6\u00dfe der 100-ml- und 150-ml-Gl\u00e4ser zum Probieren einen Umsatzanstieg von 38 % bei Geschenksets. Dar\u00fcber hinaus reduzierten die luftdichten Deckel den Honig- und Marmeladenabfall um 40 %, was den Hersteller dazu veranlasste, vier weitere Bestellungen \u00fcber insgesamt 200.000 Honiggl\u00e4ser aufzugeben, um sein Gesch\u00e4ft auszubauen.<\/p>\n<h2>Empfehlungen zur individuellen Gestaltung von Honiggl\u00e4sern aus Glas<\/h2>\n<ul>\n<li><strong>Personalisierung der Deckelfarbe:<\/strong> Nicht einfach nur Schwarz? Indem Sie die Deckelfarben an Ihre Markenfarben anpassen, k\u00f6nnen Kunden Sie sofort erkennen.<\/li>\n<li><strong>Auswahlm\u00f6glichkeiten f\u00fcr Deckelmaterialien:<\/strong> Ob Kunststoff oder Metall, w\u00e4hlen Sie die Oberfl\u00e4che und Textur nach Ihren W\u00fcnschen, um einen glamour\u00f6sen oder alltagstauglichen Look zu kreieren.<\/li>\n<li><strong>Mattierte \u00c4tzung:<\/strong> Um eine elegante, stilvolle, luxuri\u00f6se und handgefertigte pers\u00f6nliche Optik zu erzielen, kann Glas\u00e4tzung verwendet werden, um mattierte Logos, B\u00e4nder oder Muster auf dem Produkt zu erzeugen.<\/li>\n<li><strong>Farbt\u00f6nungen:<\/strong> Honiggl\u00e4ser k\u00f6nnen etwas einladender wirken und mehr K\u00e4ufer anlocken, wenn dem klaren Teil des Glases dezente Bernsteint\u00f6ne (f\u00fcr Honig) oder Rott\u00f6ne (f\u00fcr Marmelade) hinzugef\u00fcgt werden, um das Produkt im Inneren zu erg\u00e4nzen und das Glas zwischen anderen sichtbar zu machen.<\/li>\n<li><strong>Kundenspezifische Kapazit\u00e4t:<\/strong> Unser Angebot ist sehr umfangreich, und falls Sie ausnahmsweise eine etwas andere Kapazit\u00e4t ben\u00f6tigen, k\u00f6nnen wir das in Zusammenarbeit mit Ihnen realisieren.<\/li>\n<\/ul>","protected":false},"excerpt":{"rendered":"<p>Runde Honiggl\u00e4ser in verschiedenen Gr\u00f6\u00dfen. Ideal f\u00fcr Honig- und Marmeladenverpackungen, mit Logo-Personalisierung, Gro\u00dfhandelspreisen und schneller Lieferung.<\/p>","protected":false},"featured_media":1893,"template":"","meta":{"postBodyCss":"","postBodyMargin":[],"postBodyPadding":[],"postBodyBackground":{"backgroundType":"classic","gradient":""}},"product_brand":[],"product_cat":[15,17,52],"product_tag":[],"class_list":{"0":"post-1891","1":"product","2":"type-product","3":"status-publish","4":"has-post-thumbnail","6":"product_cat-glass-containers","7":"product_cat-glass-jars","8":"product_cat-glass-honey-jars","10":"first","11":"instock","12":"shipping-taxable","13":"product-type-simple"},"jetpack_sharing_enabled":true,"_links":{"self":[{"href":"https:\/\/minghanggroup.com\/de\/wp-json\/wp\/v2\/product\/1891","targetHints":{"allow":["GET"]}}],"collection":[{"href":"https:\/\/minghanggroup.com\/de\/wp-json\/wp\/v2\/product"}],"about":[{"href":"https:\/\/minghanggroup.com\/de\/wp-json\/wp\/v2\/types\/product"}],"wp:featuredmedia":[{"embeddable":true,"href":"https:\/\/minghanggroup.com\/de\/wp-json\/wp\/v2\/media\/1893"}],"wp:attachment":[{"href":"https:\/\/minghanggroup.com\/de\/wp-json\/wp\/v2\/media?parent=1891"}],"wp:term":[{"taxonomy":"product_brand","embeddable":true,"href":"https:\/\/minghanggroup.com\/de\/wp-json\/wp\/v2\/product_brand?post=1891"},{"taxonomy":"product_cat","embeddable":true,"href":"https:\/\/minghanggroup.com\/de\/wp-json\/wp\/v2\/product_cat?post=1891"},{"taxonomy":"product_tag","embeddable":true,"href":"https:\/\/minghanggroup.com\/de\/wp-json\/wp\/v2\/product_tag?post=1891"}],"curies":[{"name":"wp","href":"https:\/\/api.w.org\/{rel}","templated":true}]}}