{"id":1869,"date":"2025-10-21T16:10:26","date_gmt":"2025-10-21T08:10:26","guid":{"rendered":"https:\/\/minghanggroup.com\/?post_type=product&#038;p=1869"},"modified":"2025-10-21T17:54:07","modified_gmt":"2025-10-21T09:54:07","slug":"wholesale-unique-honeycomb-glass-jars-with-screw-metal-lids","status":"publish","type":"product","link":"https:\/\/minghanggroup.com\/de\/produkt\/wholesale-unique-honeycomb-glass-jars-with-screw-metal-lids\/","title":{"rendered":"Gro\u00dfhandel mit einzigartigen Waben-Glasbeh\u00e4ltern mit Schraubverschluss aus Metall, 3\u201316 oz"},"content":{"rendered":"<p>Diese besonderen Honiggl\u00e4ser sind aus transparentem Glas gefertigt, weisen ein markantes Wabenmuster auf und haben einen schwarzen Deckel. Sie sind in verschiedenen Gr\u00f6\u00dfen erh\u00e4ltlich und eignen sich daher ideal zur Aufbewahrung von Honig.<\/p>\n<h2>Produktmerkmale<\/h2>\n<ul>\n<li><strong>Echte Wabenstruktur:<\/strong> Direkt mit dem Glas verbunden, ohne Aufkleber oder Etiketten, f\u00fcr eine dauerhafte und authentische Pr\u00e4sentation.<\/li>\n<li><strong>Klarglas \u2013 Highlights der Qualit\u00e4t:<\/strong> Man kann den goldenen Honig im Inneren sehen. Die Textur verst\u00e4rkt das Licht und l\u00e4sst ihn gl\u00e4nzen.<\/li>\n<li><strong>Weithalsdesign f\u00fcr schnelles Bef\u00fcllen:<\/strong> Spart Zeit beim Abf\u00fcllen. Kann mit einem L\u00f6ffel oder einer Pumpe f\u00fcr eine saubere und hygienische Anwendung verwendet werden.<\/li>\n<\/ul>\n<h2>Wichtigste Spezifikationen<\/h2>\n<table style=\"border-collapse: collapse; margin-left: auto; margin-right: auto; width: 518.27pt;\" border=\"0\" width=\"691\" cellspacing=\"0\" cellpadding=\"0\">\n<tbody>\n<tr style=\"height: 13.50pt;\">\n<td style=\"height: 13.50pt; width: 99.75pt;\" width=\"133\" height=\"18\">Besonderheit<\/td>\n<td style=\"width: 418.50pt;\" width=\"558\">Specification<\/td>\n<\/tr>\n<tr style=\"height: 13.50pt;\">\n<td style=\"height: 13.50pt;\" height=\"18\">Kapazit\u00e4t<\/td>\n<td>100 ml \/ 3 oz, 250 ml \/ 8 oz, 500 ml \/ 16 oz, 1000 ml \/ 32 oz<\/td>\n<\/tr>\n<tr style=\"height: 13.50pt;\">\n<td style=\"height: 13.50pt;\" height=\"18\">Abmessungen<\/td>\n<td>5,3 \u00d7 8,0 cm bis 10,1 \u00d7 14,7 cm<\/td>\n<\/tr>\n<tr style=\"height: 13.50pt;\">\n<td style=\"height: 13.50pt;\" height=\"18\">Material<\/td>\n<td>Klarglas, schwarzer PP-Schraubdeckel<\/td>\n<\/tr>\n<tr style=\"height: 13.50pt;\">\n<td style=\"height: 13.50pt;\" height=\"18\">Textur<\/td>\n<td>3D-Wabenmuster (Ganzk\u00f6rper)<\/td>\n<\/tr>\n<tr style=\"height: 13.50pt;\">\n<td style=\"height: 13.50pt;\" height=\"18\">Deckelfarbe<\/td>\n<td>Schwarz (Sonderfarben auf Anfrage)<\/td>\n<\/tr>\n<tr style=\"height: 13.50pt;\">\n<td style=\"height: 13.50pt;\" height=\"18\">Am besten geeignet f\u00fcr<\/td>\n<td>Rohhonig, Geschenksets, handwerklich hergestellte Honigmischungen<\/td>\n<\/tr>\n<tr style=\"height: 13.50pt;\">\n<td style=\"height: 13.50pt;\" height=\"18\">Ideale Verwendung<\/td>\n<td>Honigwabenf\u00f6rmige Glasgef\u00e4\u00dfe, einzigartige Honiggl\u00e4ser, Honigbeh\u00e4lter aus Glas<\/td>\n<\/tr>\n<\/tbody>\n<\/table>\n<h2>Erfolgsgeschichte: Honiggl\u00e4ser mit verschiedenen Motiven sollen das Gesch\u00e4ft ankurbeln<\/h2>\n<p>Ein lokaler, familiengef\u00fchrter Imkereibetrieb stand aufgrund des starken Wettbewerbs kurz vor dem Aus. Schlie\u00dflich entschied man sich f\u00fcr ein Rebranding der Produkte und setzte dabei auf unsere 500-ml-Honiggl\u00e4ser mit Wabenmuster. Der Erfolg war \u00fcberw\u00e4ltigend. Erstens zog das neuartige Wabenmuster die Kunden so sehr an, dass die Zahl der Stammkunden um 45 % stieg. Zweitens reduzierte die neue Verpackung die Transportsch\u00e4den um 40 % im Vergleich zu glatten Gl\u00e4sern. Dadurch spart der H\u00e4ndler monatlich 280 US-Dollar an Ersatzkosten. Dieser Erfolg f\u00fchrte zu einem Vertrag mit einem regionalen Feinkost-Abonnementunternehmen, das viertelj\u00e4hrlich eine gro\u00dfe und zuverl\u00e4ssige Lieferung von Honiggl\u00e4sern ben\u00f6tigt. Das Unternehmen ist seit \u00fcber zwei Jahren ein treuer Kunde und hat bereits sieben Mal in Folge jeweils 100.000 Einheiten bestellt. K\u00fcrzlich wurden auch 100-ml-Honiggl\u00e4ser f\u00fcr Geschenksets ins Sortiment aufgenommen.<\/p>\n<h2>Individuelle Gestaltung Ihrer Honigwabengl\u00e4ser<\/h2>\n<ul>\n<li><strong>Metalldeckel:<\/strong> Um dem Produkt ein luxuri\u00f6seres Aussehen zu verleihen, sollte der Plastikdeckel durch einen matten Metalldeckel ersetzt werden.<\/li>\n<li><strong>Monogrammieren Sie Ihren Namen:<\/strong> Durch eine dezente Pr\u00e4gung des Markenlogos oder der Initialen auf dem Deckel wird ein edleres Erscheinungsbild erzielt.<\/li>\n<li><strong>Glast\u00f6nungen:<\/strong> Verwenden Sie attraktives bernsteinfarbenes oder gr\u00fcnes Glas zum Verpacken Ihres Honigs, um ihm ein anderes Aussehen zu verleihen und den Inhalt vor sch\u00e4dlicher Sonneneinstrahlung zu sch\u00fctzen.<\/li>\n<li><strong>Benutzerdefinierte Formen:<\/strong> Wenn Sie planen, gro\u00dfe Mengen im Gro\u00dfhandel zu kaufen, k\u00f6nnen wir Ihre Gl\u00e4ser in der von Ihnen gew\u00fcnschten Form herstellen.<\/li>\n<\/ul>\n<p>Sie m\u00f6chten mit den thematisch ansprechendsten Gl\u00e4sern im Regal einen bleibenden Eindruck hinterlassen? Kontaktieren Sie uns f\u00fcr ein Gro\u00dfhandelsangebot und unser komplettes Sortiment an Honiggl\u00e4sern in Gro\u00dfpackungen. Lassen Sie uns gemeinsam Ihre Marke aufbauen.<\/p>","protected":false},"excerpt":{"rendered":"<p>Einzigartige Wabenglas-Einmachgl\u00e4ser mit strukturierter Oberfl\u00e4che. Ideal f\u00fcr Premium-Honigmarken. Gro\u00dfmengen, schnelle Lieferung und individuelle Gestaltungsm\u00f6glichkeiten f\u00fcr Marken.<\/p>","protected":false},"featured_media":1873,"template":"","meta":{"postBodyCss":"","postBodyMargin":[],"postBodyPadding":[],"postBodyBackground":{"backgroundType":"classic","gradient":""}},"product_brand":[],"product_cat":[15,17,52],"product_tag":[],"class_list":{"0":"post-1869","1":"product","2":"type-product","3":"status-publish","4":"has-post-thumbnail","6":"product_cat-glass-containers","7":"product_cat-glass-jars","8":"product_cat-glass-honey-jars","10":"first","11":"instock","12":"shipping-taxable","13":"product-type-simple"},"jetpack_sharing_enabled":true,"_links":{"self":[{"href":"https:\/\/minghanggroup.com\/de\/wp-json\/wp\/v2\/product\/1869","targetHints":{"allow":["GET"]}}],"collection":[{"href":"https:\/\/minghanggroup.com\/de\/wp-json\/wp\/v2\/product"}],"about":[{"href":"https:\/\/minghanggroup.com\/de\/wp-json\/wp\/v2\/types\/product"}],"wp:featuredmedia":[{"embeddable":true,"href":"https:\/\/minghanggroup.com\/de\/wp-json\/wp\/v2\/media\/1873"}],"wp:attachment":[{"href":"https:\/\/minghanggroup.com\/de\/wp-json\/wp\/v2\/media?parent=1869"}],"wp:term":[{"taxonomy":"product_brand","embeddable":true,"href":"https:\/\/minghanggroup.com\/de\/wp-json\/wp\/v2\/product_brand?post=1869"},{"taxonomy":"product_cat","embeddable":true,"href":"https:\/\/minghanggroup.com\/de\/wp-json\/wp\/v2\/product_cat?post=1869"},{"taxonomy":"product_tag","embeddable":true,"href":"https:\/\/minghanggroup.com\/de\/wp-json\/wp\/v2\/product_tag?post=1869"}],"curies":[{"name":"wp","href":"https:\/\/api.w.org\/{rel}","templated":true}]}}