{"id":1853,"date":"2025-10-21T12:59:50","date_gmt":"2025-10-21T04:59:50","guid":{"rendered":"https:\/\/minghanggroup.com\/?post_type=product&#038;p=1853"},"modified":"2025-10-21T17:49:48","modified_gmt":"2025-10-21T09:49:48","slug":"wholesale-hexagon-glass-honey-jars-with-dipper-wood-lid","status":"publish","type":"product","link":"https:\/\/minghanggroup.com\/de\/produkt\/wholesale-hexagon-glass-honey-jars-with-dipper-wood-lid\/","title":{"rendered":"Sechseckige Honiggl\u00e4ser aus Glas (220 ml und 380 ml) mit Holzdeckel und Honigl\u00f6ffel"},"content":{"rendered":"<p>Diese Honiggl\u00e4ser aus Glas bringen die einzigartige, nat\u00fcrliche und charmanteste Eigenschaft des goldenen Honigs visuell zum Ausdruck, indem sie aus einem klaren, sechseckigen Glask\u00f6rper, einem Holzdeckel und einem eingebauten Honigloch aus Holz bestehen, die alle auf sehr praktische Weise miteinander kombiniert sind.<\/p>\n<h2>Produktmerkmale<\/h2>\n<ul>\n<li><strong>Eingebauter Honigl\u00f6ffel aus Holz:<\/strong> Der h\u00f6lzerne Honigl\u00f6ffel ist mit einer kleinen Holzschraube an der Flasche befestigt und erleichtert so das Entnehmen des Honigs aus der Flasche erheblich.<\/li>\n<li><strong>Weitm\u00fcndungsdesign:<\/strong> Diese Funktion bietet eine schnelle und problemlose M\u00f6glichkeit, das Honigglas des Kunden bis zur maximalen Kapazit\u00e4t zu bef\u00fcllen und ihn so zum Weiterkauf im Laden anzuregen.<\/li>\n<li><strong>Premium-Klarheit:<\/strong> Die von uns angebotenen Glasbeh\u00e4lter bestehen aus hochwertigem Klarglas; dadurch kommen die leuchtende nat\u00fcrliche Farbe und die Reinheit des Honigs stets optimal zur Geltung und sind eine Augenweide.<\/li>\n<li><strong>Sechseckige Form:<\/strong> Die markante sechseckige Form bietet eine komfortable Pr\u00e4sentations- und Aufbewahrungsm\u00f6glichkeit in der K\u00fcche und sorgt daf\u00fcr, dass die Arbeitsfl\u00e4che und der Schrankraum f\u00fcr andere K\u00fcchenarbeiten zug\u00e4nglich bleiben.<\/li>\n<\/ul>\n<h2>Wichtigste Spezifikationen<\/h2>\n<table style=\"border-collapse: collapse; margin-left: auto; margin-right: auto; width: 389.27pt;\" border=\"0\" width=\"519\" cellspacing=\"0\" cellpadding=\"0\">\n<tbody>\n<tr style=\"height: 13.50pt;\">\n<td style=\"height: 13.50pt; width: 85.50pt;\" width=\"114\" height=\"18\">Besonderheit<\/td>\n<td style=\"width: 303.75pt;\" width=\"405\">Specification<\/td>\n<\/tr>\n<tr style=\"height: 13.50pt;\">\n<td style=\"height: 13.50pt;\" height=\"18\">Abmessungen<\/td>\n<td>11,7 \u00d7 11,8 cm (220 ml), 5,4 \u00d7 10,3 cm (380 ml)<\/td>\n<\/tr>\n<tr style=\"height: 13.50pt;\">\n<td style=\"height: 13.50pt;\" height=\"18\">Material<\/td>\n<td>Klares Glas, Deckel und L\u00f6ffel aus Naturholz<\/td>\n<\/tr>\n<tr style=\"height: 13.50pt;\">\n<td style=\"height: 13.50pt;\" height=\"18\">Deckel<\/td>\n<td>Aufschraubbare Massivholzkappe<\/td>\n<\/tr>\n<tr style=\"height: 13.50pt;\">\n<td style=\"height: 13.50pt;\" height=\"18\">Dipper<\/td>\n<td>spiralf\u00f6rmig gerillter Holzstab<\/td>\n<\/tr>\n<tr style=\"height: 13.50pt;\">\n<td style=\"height: 13.50pt;\" height=\"18\">Ideale Verwendung<\/td>\n<td>Honiggl\u00e4ser, Honigbeh\u00e4lter aus Glas, Geschenksets<\/td>\n<\/tr>\n<\/tbody>\n<\/table>\n<h2>Erfolgsgeschichte: Aufwertung einer handwerklichen Marke<\/h2>\n<p>Ein mittelst\u00e4ndischer Imker, der sich auf sortenreinen Honig spezialisiert hat, ben\u00f6tigte eine Verpackungsl\u00f6sung, die die herausragende Qualit\u00e4t seiner Produkte unterstreicht. Die Wahl fiel auf unser Flaggschiffprodukt: sechseckige Honiggl\u00e4ser mit 380 ml Inhalt. Das einzigartige Konzept wurde sofort zum Erfolg, und die Ergebnisse waren beeindruckend. Zum einen verzeichneten die Imker einen Umsatzanstieg von bis zu 40 % im Einzelhandel \u2013 die sechseckigen Gl\u00e4ser mit Holzelementen waren in aller Munde und brachten ihnen mehr Kunden. Zum anderen reduzierte der luftdichte Holzdeckel die Honigverunreinigung um 35 %, was zu weniger Retouren und geringerer Produktverschwendung f\u00fchrte. Dieser Erfolg sorgte f\u00fcr positive Resonanz im Markt und f\u00fchrte zu drei Nachbestellungen \u00fcber insgesamt 300.000 Gl\u00e4ser. Die n\u00e4chste Phase ist die Einf\u00fchrung einer neuen Produktlinie mit individuell gestalteten Honiggl\u00e4sern und -flaschen aus Glas.<\/p>\n<h2>Vorschl\u00e4ge zur individuellen Gestaltung von Honiggl\u00e4sern aus Glas<\/h2>\n<ul>\n<li><strong>Deckelmaterial:<\/strong> Statt herk\u00f6mmlicher Holzdeckel sollten Sie f\u00fcr Ihre Deckelkomponente Bambus- oder recycelte Metalldeckel verwenden.<\/li>\n<li><strong>Honigl\u00f6ffel:<\/strong> Der in das Glasgef\u00e4\u00df integrierte Honigl\u00f6ffel kann hinsichtlich L\u00e4nge und Holzart individuell angepasst werden.<\/li>\n<li><strong>Glasfarbe:<\/strong> Obwohl die Mehrheit der Verbraucher transparente Glasbeh\u00e4lter bevorzugt, entscheiden sie sich manchmal f\u00fcr farbige Glasbeh\u00e4lter wie bernsteinfarbene oder gr\u00fcne, um eine andere Optik zu erzielen und Schutz vor der Sonne zu bieten.<\/li>\n<li><strong>Glas\u00e4tzung:<\/strong> Bedrucken Sie Ihren Beh\u00e4lter mit mattierter Oberfl\u00e4che mit Ihrem Firmenlogo oder einem anderen gew\u00fcnschten Design f\u00fcr einen besonders edlen Look.<\/li>\n<\/ul>\n<p>W\u00fcnschen Sie sich hochwertigere Honigverpackungen f\u00fcr den Gro\u00dfhandel? Dann kontaktieren Sie uns noch heute, um Ihre Anforderungen und den Preis f\u00fcr Honiggl\u00e4ser in gro\u00dfen Mengen zu besprechen.<\/p>","protected":false},"excerpt":{"rendered":"<p>Stilvolle sechseckige Honiggl\u00e4ser aus Glas mit Holzdeckeln und Honigl\u00f6ffeln. Ideal f\u00fcr Honigmarken. Individuelles Logo, Gratisproben und Mengenrabatte verf\u00fcgbar.<\/p>","protected":false},"featured_media":1857,"template":"","meta":{"postBodyCss":"","postBodyMargin":[],"postBodyPadding":[],"postBodyBackground":{"backgroundType":"classic","gradient":""}},"product_brand":[],"product_cat":[15,17,52],"product_tag":[],"class_list":{"0":"post-1853","1":"product","2":"type-product","3":"status-publish","4":"has-post-thumbnail","6":"product_cat-glass-containers","7":"product_cat-glass-jars","8":"product_cat-glass-honey-jars","10":"first","11":"instock","12":"shipping-taxable","13":"product-type-simple"},"jetpack_sharing_enabled":true,"_links":{"self":[{"href":"https:\/\/minghanggroup.com\/de\/wp-json\/wp\/v2\/product\/1853","targetHints":{"allow":["GET"]}}],"collection":[{"href":"https:\/\/minghanggroup.com\/de\/wp-json\/wp\/v2\/product"}],"about":[{"href":"https:\/\/minghanggroup.com\/de\/wp-json\/wp\/v2\/types\/product"}],"wp:featuredmedia":[{"embeddable":true,"href":"https:\/\/minghanggroup.com\/de\/wp-json\/wp\/v2\/media\/1857"}],"wp:attachment":[{"href":"https:\/\/minghanggroup.com\/de\/wp-json\/wp\/v2\/media?parent=1853"}],"wp:term":[{"taxonomy":"product_brand","embeddable":true,"href":"https:\/\/minghanggroup.com\/de\/wp-json\/wp\/v2\/product_brand?post=1853"},{"taxonomy":"product_cat","embeddable":true,"href":"https:\/\/minghanggroup.com\/de\/wp-json\/wp\/v2\/product_cat?post=1853"},{"taxonomy":"product_tag","embeddable":true,"href":"https:\/\/minghanggroup.com\/de\/wp-json\/wp\/v2\/product_tag?post=1853"}],"curies":[{"name":"wp","href":"https:\/\/api.w.org\/{rel}","templated":true}]}}