{"id":1842,"date":"2025-10-20T15:25:57","date_gmt":"2025-10-20T07:25:57","guid":{"rendered":"https:\/\/minghanggroup.com\/?post_type=product&#038;p=1842"},"modified":"2025-10-20T17:23:29","modified_gmt":"2025-10-20T09:23:29","slug":"wholesale-clear-glass-kitchen-olive-oil-spray-bottles","status":"publish","type":"product","link":"https:\/\/minghanggroup.com\/de\/produkt\/wholesale-clear-glass-kitchen-olive-oil-spray-bottles\/","title":{"rendered":"Gro\u00dfhandel 200ml 300ml Klarglas-K\u00fcchen-Oliven\u00f6l-Spr\u00fchflaschen"},"content":{"rendered":"<p>Diese Oliven\u00f6l-Spr\u00fchflaschen sind aus transparentem Glas gefertigt und verf\u00fcgen \u00fcber eine trendige D\u00fcse, die die beiden Merkmale des Produkts \u2013 modernen Stil und Praktikabilit\u00e4t \u2013 vereint und dem Benutzer die einfache Anwendung von \u00d6l in der K\u00fcche erm\u00f6glicht.<\/p>\n<h2>Produktmerkmale<\/h2>\n<ul>\n<li><strong>Feiner Spr\u00fchnebel:<\/strong> Einfach aufspr\u00fchen, nicht gie\u00dfen. Sie ben\u00f6tigen bis zu 60 % weniger \u00d6l und eignen sich daher perfekt f\u00fcr eine gesunde K\u00fcche.<\/li>\n<li><strong>Langlebiges Glas:<\/strong> Durch die Verwendung von Klarglas bleibt das Produkt geruchlos und das \u00d6l frisch.<\/li>\n<li><strong>Ergonomisch und benutzerfreundlich:<\/strong> Das ansprechende Design des Ger\u00e4ts erm\u00f6glicht ein m\u00fcheloses \u00d6lspr\u00fchen mit einer Hand.<\/li>\n<\/ul>\n<h2>Wichtigste Spezifikationen<\/h2>\n<table style=\"border-collapse: collapse; margin-left: auto; margin-right: auto; width: 426.02pt;\" border=\"0\" width=\"568\" cellspacing=\"0\" cellpadding=\"0\">\n<tbody>\n<tr style=\"height: 13.50pt;\">\n<td style=\"height: 13.50pt; width: 103.50pt;\" width=\"138\" height=\"18\">Besonderheit<\/td>\n<td style=\"width: 322.50pt;\" width=\"430\">Specification<\/td>\n<\/tr>\n<tr style=\"height: 13.50pt;\">\n<td style=\"height: 13.50pt;\" height=\"18\">Abmessungen<\/td>\n<td>6,0 \u00d7 20,5 cm (200 ml), 6,0 \u00d7 22,5 cm (300 ml)<\/td>\n<\/tr>\n<tr style=\"height: 13.50pt;\">\n<td style=\"height: 13.50pt;\" height=\"18\">Material<\/td>\n<td>Geh\u00e4use aus Klarglas, Pumpe aus PP und Metall<\/td>\n<\/tr>\n<tr style=\"height: 13.50pt;\">\n<td style=\"height: 13.50pt;\" height=\"18\">Pumpenfarbe<\/td>\n<td>Schwarzer oder wei\u00dfer Abzug<\/td>\n<\/tr>\n<tr style=\"height: 13.50pt;\">\n<td style=\"height: 13.50pt;\" height=\"18\">Pumpentyp<\/td>\n<td>Feiner Spr\u00fchnebel, kein Aerosol, einstellbar<\/td>\n<\/tr>\n<tr style=\"height: 13.50pt;\">\n<td style=\"height: 13.50pt;\" height=\"18\">Am besten geeignet f\u00fcr<\/td>\n<td>Oliven\u00f6le, Essig, \u00d6l<\/td>\n<\/tr>\n<tr style=\"height: 13.50pt;\">\n<td style=\"height: 13.50pt;\" height=\"18\">Ideale Verwendung<\/td>\n<td>Oliven\u00f6l-Spr\u00fchflasche, \u00d6l-Spr\u00fchflasche<\/td>\n<\/tr>\n<\/tbody>\n<\/table>\n<h2>Erfolgsgeschichte: Vom Startup bis ins Supermarktregal<\/h2>\n<p>Das neu gegr\u00fcndete Unternehmen, das handgefertigte Oliven\u00f6l-Geschenksets herstellt, ben\u00f6tigte eine K\u00fcchen\u00f6l-Spr\u00fchflasche, die die K\u00e4ufer begeistern w\u00fcrde. Zun\u00e4chst bestellten sie testweise 2.000 Flaschen \u00e0 300 ml. Das Produkt verkaufte sich wie warme Semmeln. Ein H\u00e4ndler berichtete von einem Umsatzplus von 35 % und 74 % mehr Wiederk\u00e4ufen. So konnte das Unternehmen innerhalb eines Jahres drei weitere Bestellungen mit insgesamt \u00fcber 300.000 St\u00fcck aufgeben. Die \u00d6l-Spr\u00fchflasche diente nicht nur als Verpackung, sondern war auch der entscheidende Faktor f\u00fcr das j\u00e4hrliche Wachstum des Startups von 300 %.<\/p>\n<h2>Empfehlungen zur Markenanpassung<\/h2>\n<ul>\n<li><strong>Glast\u00f6nung:<\/strong> Verwenden Sie bernsteinfarbenes oder gr\u00fcnes Glas, um die lichtempfindlichen \u00d6le zus\u00e4tzlich vor UV-Strahlen zu sch\u00fctzen.<\/li>\n<li><strong>ACL-Kennzeichnung:<\/strong> Durch diese Art der Etikettierung wird das Etikett brillanter und kratzfester, da es direkt auf das Glas eingebrannt wird.<\/li>\n<li><strong>Kundenspezifisches Spr\u00fchger\u00e4t:<\/strong> Wir k\u00f6nnen Ihnen Spr\u00fchger\u00e4te mit unterschiedlichen Spr\u00fchmustern (Strahl oder Nebel) je nach Ihren Produktanforderungen anbieten.<\/li>\n<li><strong>Kundenspezifisches Volumen:<\/strong> Ben\u00f6tigen Sie 250 ml? Wir k\u00f6nnen das Volumen an Ihre spezifischen Abf\u00fcllbed\u00fcrfnisse anpassen.<\/li>\n<\/ul>\n<p>M\u00f6chten Sie unsere meistverkauften K\u00fcchen\u00f6l-Spr\u00fchflaschen kaufen? Kontaktieren Sie uns f\u00fcr Gro\u00dfhandelspreise und Direktvertrieb ab Werk. Wir fertigen die ideale Glasverpackung f\u00fcr Ihre Marke.<\/p>","protected":false},"excerpt":{"rendered":"<p>Stilvolle und robuste Oliven\u00f6l-Spr\u00fchflasche aus Klarglas mit aufsteckbarer D\u00fcse. Ideal zum Kochen und f\u00fcr den t\u00e4glichen Gebrauch. Gratisproben.<\/p>","protected":false},"featured_media":1847,"template":"","meta":{"postBodyCss":"","postBodyMargin":[],"postBodyPadding":[],"postBodyBackground":{"backgroundType":"classic","gradient":""}},"product_brand":[],"product_cat":[15,16,18],"product_tag":[],"class_list":{"0":"post-1842","1":"product","2":"type-product","3":"status-publish","4":"has-post-thumbnail","6":"product_cat-glass-containers","7":"product_cat-glass-bottles","8":"product_cat-glass-oil-bottles","10":"first","11":"instock","12":"shipping-taxable","13":"product-type-simple"},"jetpack_sharing_enabled":true,"_links":{"self":[{"href":"https:\/\/minghanggroup.com\/de\/wp-json\/wp\/v2\/product\/1842","targetHints":{"allow":["GET"]}}],"collection":[{"href":"https:\/\/minghanggroup.com\/de\/wp-json\/wp\/v2\/product"}],"about":[{"href":"https:\/\/minghanggroup.com\/de\/wp-json\/wp\/v2\/types\/product"}],"wp:featuredmedia":[{"embeddable":true,"href":"https:\/\/minghanggroup.com\/de\/wp-json\/wp\/v2\/media\/1847"}],"wp:attachment":[{"href":"https:\/\/minghanggroup.com\/de\/wp-json\/wp\/v2\/media?parent=1842"}],"wp:term":[{"taxonomy":"product_brand","embeddable":true,"href":"https:\/\/minghanggroup.com\/de\/wp-json\/wp\/v2\/product_brand?post=1842"},{"taxonomy":"product_cat","embeddable":true,"href":"https:\/\/minghanggroup.com\/de\/wp-json\/wp\/v2\/product_cat?post=1842"},{"taxonomy":"product_tag","embeddable":true,"href":"https:\/\/minghanggroup.com\/de\/wp-json\/wp\/v2\/product_tag?post=1842"}],"curies":[{"name":"wp","href":"https:\/\/api.w.org\/{rel}","templated":true}]}}