{"id":1837,"date":"2025-10-20T14:07:09","date_gmt":"2025-10-20T06:07:09","guid":{"rendered":"https:\/\/minghanggroup.com\/?post_type=product&#038;p=1837"},"modified":"2025-10-20T17:28:54","modified_gmt":"2025-10-20T09:28:54","slug":"wholesale-cooking-oil-spray-bottles-with-silver-metal-lid","status":"publish","type":"product","link":"https:\/\/minghanggroup.com\/de\/produkt\/wholesale-cooking-oil-spray-bottles-with-silver-metal-lid\/","title":{"rendered":"Gro\u00dfhandel mit 100-ml-Speise\u00f6l-Spr\u00fchflaschen mit silbernem Metalldeckel"},"content":{"rendered":"<p>Dies ist praktisch die beste Speise\u00f6l-Spr\u00fchflasche, die man sich vorstellen kann. Eine wunderbare Kombination aus modernem Design und praktischer K\u00fcchennutzung mit einer ansprechenden zylindrischen Form, einem transparenten Glask\u00f6rper und einem gl\u00e4nzenden silbernen Metallverschluss.<\/p>\n<h2>Produktmerkmale<\/h2>\n<ul>\n<li><strong>Klarglas:<\/strong> Ein transparenter Glasbeh\u00e4lter ist eine \u00e4u\u00dferst praktische M\u00f6glichkeit, die verbleibende \u00d6lmenge in der Flasche und damit die Nachf\u00fcllmengen zu bestimmen.<\/li>\n<li><strong>Schlank zylindrisch:<\/strong> Die schlanke, zylindrische Form der Flasche ist ein \u00e4u\u00dferst praktisches Hilfsmittel zum Aufbewahren und Platzsparen in der K\u00fcche.<\/li>\n<li><strong>Metallkappe:<\/strong> Der silberne Metalldeckel passt hervorragend zum Klarglas und bildet so ein schickes Paar, das Ihre K\u00fcche versch\u00f6nert.<\/li>\n<\/ul>\n<h2>Wichtigste Spezifikationen<\/h2>\n<table style=\"border-collapse: collapse; margin-left: auto; margin-right: auto; width: 363.02pt;\" border=\"0\" width=\"484\" cellspacing=\"0\" cellpadding=\"0\">\n<tbody>\n<tr style=\"height: 13.50pt;\">\n<td style=\"height: 13.50pt; width: 103.50pt;\" width=\"138\" height=\"18\">Besonderheit<\/td>\n<td style=\"width: 259.50pt;\" width=\"346\">Specification<\/td>\n<\/tr>\n<tr style=\"height: 13.50pt;\">\n<td style=\"height: 13.50pt;\" height=\"18\">Kapazit\u00e4t<\/td>\n<td>100 ml<\/td>\n<\/tr>\n<tr style=\"height: 13.50pt;\">\n<td style=\"height: 13.50pt;\" height=\"18\">Abmessungen<\/td>\n<td>4,0 \u00d7 18,5 cm (schlank zylindrisch)<\/td>\n<\/tr>\n<tr style=\"height: 13.50pt;\">\n<td style=\"height: 13.50pt;\" height=\"18\">Material<\/td>\n<td>Geh\u00e4use aus Klarglas, Pumpe aus Metall<\/td>\n<\/tr>\n<tr style=\"height: 13.50pt;\">\n<td style=\"height: 13.50pt;\" height=\"18\">Pumpentyp<\/td>\n<td>Feiner Spr\u00fchnebel, verstellbare D\u00fcse<\/td>\n<\/tr>\n<tr style=\"height: 13.50pt;\">\n<td style=\"height: 13.50pt;\" height=\"18\">Am besten geeignet f\u00fcr<\/td>\n<td>Oliven\u00f6l, Essig, \u00d6l, Dressings<\/td>\n<\/tr>\n<\/tbody>\n<\/table>\n<h2>Erfolgsgeschichte: Ein Bestseller f\u00fcr eine Gesundheitsmarke<\/h2>\n<p>Ein Startup, das gesunde K\u00fcchenger\u00e4te anbietet, suchte nach einer hochwertigen \u00d6lspr\u00fchflasche und bestellte daher 2.000 St\u00fcck zylindrische 100-ml-\u00d6lspr\u00fchflaschen mit Metall-Druckknopfmechanismus f\u00fcr einen Markttest. Der Test verlief \u00e4u\u00dferst erfolgreich. Die Glasflasche mit Metallspr\u00fchkopf erwies sich als extrem robust und wies eine um 70 % geringere Bruchrate im Vergleich zu Plastikflaschen auf. Dadurch sparte der H\u00e4ndler monatlich 600 US-Dollar an Ersatzkosten. Zudem konnte die B\u00e4ckerei dank des feinen Spr\u00fchnebels ihren \u00d6lverbrauch um 25 % reduzieren, was zu einer Umsatzsteigerung von 40 % f\u00fchrte. Sechs Monate sp\u00e4ter bestellte das Startup weitere 100.000 St\u00fcck. Die \u00d6lflasche ist nun f\u00fcr das Unternehmen viertelj\u00e4hrlich unverzichtbar.<\/p>\n<h2>Anpassungsempfehlungen<\/h2>\n<ul>\n<li><strong>Spr\u00fchger\u00e4t-Finish:<\/strong> Der Metallspr\u00fchkopf kann in verschiedenen Ausf\u00fchrungen wie Gold, Schwarz oder Ros\u00e9gold ausgetauscht werden.<\/li>\n<li><strong>Glasfarbe:<\/strong> Neben dem \u00fcblicherweise gew\u00e4hlten Standardklarglas bieten wir auch bernsteinfarbenes oder kobaltblaues Glas f\u00fcr einen markenorientierten UV-Schutz an.<\/li>\n<li><strong>Siebdruck:<\/strong> Verwenden Sie Ihr Logo und Ihre Marke als Druck, der direkt auf die Glasflasche mit einer robusten, sp\u00fclmaschinenfesten Tinte aufgebracht wird.<\/li>\n<li><strong>Individuelles Kappen-Design:<\/strong> Obwohl der Spr\u00fchmechanismus ein Standardmechanismus ist, k\u00f6nnen wir selbstverst\u00e4ndlich die Grundfarbe oder die Dekorationen an Ihre Montageanforderungen anpassen.<\/li>\n<li><strong>Kundenspezifische Kapazit\u00e4t:<\/strong> Ben\u00f6tigen Sie eine etwas andere Gr\u00f6\u00dfe? Wir k\u00f6nnen das 100-ml-Fassungsverm\u00f6gen an Ihre spezifischen Abf\u00fcllbed\u00fcrfnisse anpassen.<\/li>\n<\/ul>\n<p>M\u00f6chten Sie Ihren Kunden eine Bestseller-Spr\u00fchflasche f\u00fcr Speise\u00f6l anbieten? Kontaktieren Sie uns f\u00fcr Gro\u00dfhandelspreise und effizienten Versand.<\/p>","protected":false},"excerpt":{"rendered":"<p>Transparente Glas-Spr\u00fchflasche f\u00fcr Speise\u00f6l mit silbernem Metalldeckel. Langlebig, ideal f\u00fcr Speise\u00f6le, direkt vom Hersteller mit schnellem Versand.<\/p>","protected":false},"featured_media":1839,"template":"","meta":{"postBodyCss":"","postBodyMargin":[],"postBodyPadding":[],"postBodyBackground":{"backgroundType":"classic","gradient":""}},"product_brand":[],"product_cat":[15,16,18],"product_tag":[],"class_list":{"0":"post-1837","1":"product","2":"type-product","3":"status-publish","4":"has-post-thumbnail","6":"product_cat-glass-containers","7":"product_cat-glass-bottles","8":"product_cat-glass-oil-bottles","10":"first","11":"instock","12":"shipping-taxable","13":"product-type-simple"},"jetpack_sharing_enabled":true,"_links":{"self":[{"href":"https:\/\/minghanggroup.com\/de\/wp-json\/wp\/v2\/product\/1837","targetHints":{"allow":["GET"]}}],"collection":[{"href":"https:\/\/minghanggroup.com\/de\/wp-json\/wp\/v2\/product"}],"about":[{"href":"https:\/\/minghanggroup.com\/de\/wp-json\/wp\/v2\/types\/product"}],"wp:featuredmedia":[{"embeddable":true,"href":"https:\/\/minghanggroup.com\/de\/wp-json\/wp\/v2\/media\/1839"}],"wp:attachment":[{"href":"https:\/\/minghanggroup.com\/de\/wp-json\/wp\/v2\/media?parent=1837"}],"wp:term":[{"taxonomy":"product_brand","embeddable":true,"href":"https:\/\/minghanggroup.com\/de\/wp-json\/wp\/v2\/product_brand?post=1837"},{"taxonomy":"product_cat","embeddable":true,"href":"https:\/\/minghanggroup.com\/de\/wp-json\/wp\/v2\/product_cat?post=1837"},{"taxonomy":"product_tag","embeddable":true,"href":"https:\/\/minghanggroup.com\/de\/wp-json\/wp\/v2\/product_tag?post=1837"}],"curies":[{"name":"wp","href":"https:\/\/api.w.org\/{rel}","templated":true}]}}