{"id":1832,"date":"2025-10-20T11:29:00","date_gmt":"2025-10-20T03:29:00","guid":{"rendered":"https:\/\/minghanggroup.com\/?post_type=product&#038;p=1832"},"modified":"2025-10-20T17:26:18","modified_gmt":"2025-10-20T09:26:18","slug":"wholesale-brown-rectangular-olive-oil-glass-bottles","status":"publish","type":"product","link":"https:\/\/minghanggroup.com\/de\/produkt\/wholesale-brown-rectangular-olive-oil-glass-bottles\/","title":{"rendered":"Gro\u00dfhandel mit braunen, rechteckigen Oliven\u00f6l-Glasflaschen, 250 ml, 500 ml, 750 ml"},"content":{"rendered":"<p>Diese quadratischen Oliven\u00f6lflaschen aus braunem Glas halten Ihr Oliven\u00f6l l\u00e4nger frisch. Erh\u00e4ltlich in drei Gr\u00f6\u00dfen, eignen sie sich perfekt zur Aufbewahrung und Pr\u00e4sentation Ihres Oliven\u00f6ls.<\/p>\n<h2>Produktmerkmale<\/h2>\n<ul>\n<li><strong>Tropffreies Ausgie\u00dfen:<\/strong> Der vorgesehene Auslauf verhindert das Tropfen und tr\u00e4gt somit zur Sauberkeit des Arbeitsbereichs bei.<\/li>\n<li><strong>Braunes Glas:<\/strong> Braunes Glas blockiert Licht sehr effektiv und tr\u00e4gt so dazu bei, die Oxidation und die damit einhergehende \u00d6lverschlechterung zu verringern, wodurch das \u00d6l besser erhalten bleibt.<\/li>\n<li><strong>Rechteckige Flasche:<\/strong> Die rechteckige Flasche ist sehr praktisch und kann problemlos in der K\u00fcche aufbewahrt werden, wodurch Platz gespart wird, der zuvor f\u00fcr die Lagerung ben\u00f6tigt wurde.<\/li>\n<\/ul>\n<h2>Wichtigste Spezifikationen<\/h2>\n<table style=\"border-collapse: collapse; margin-left: auto; margin-right: auto; width: 556.52pt;\" border=\"0\" width=\"742\" cellspacing=\"0\" cellpadding=\"0\">\n<tbody>\n<tr style=\"height: 13.50pt;\">\n<td style=\"height: 13.50pt; width: 103.50pt;\" width=\"138\" height=\"18\">Besonderheit<\/td>\n<td style=\"width: 453.00pt;\" width=\"604\">Specification<\/td>\n<\/tr>\n<tr style=\"height: 13.50pt;\">\n<td style=\"height: 13.50pt;\" height=\"18\">Kapazit\u00e4t<\/td>\n<td>250 ml, 500 ml, 750 ml<\/td>\n<\/tr>\n<tr style=\"height: 13.50pt;\">\n<td style=\"height: 13.50pt;\" height=\"18\">Abmessungen<\/td>\n<td>4,7 \u00d7 4,7 \u00d7 21,0 cm, 5,8 \u00d7 5,8 \u00d7 26,4 cm, 6,5 \u00d7 6,5 \u00d7 30,2 cm<\/td>\n<\/tr>\n<tr style=\"height: 13.50pt;\">\n<td style=\"height: 13.50pt;\" height=\"18\">Halsumfang<\/td>\n<td>19\u00d730mm Schraubengewinde (Standard)<\/td>\n<\/tr>\n<tr style=\"height: 13.50pt;\">\n<td style=\"height: 13.50pt;\" height=\"18\">Material<\/td>\n<td>Braunglas, PP- oder Metalldeckel<\/td>\n<\/tr>\n<tr style=\"height: 13.50pt;\">\n<td style=\"height: 13.50pt;\" height=\"18\">Form<\/td>\n<td>Quadratische Glasflasche<\/td>\n<\/tr>\n<tr style=\"height: 13.50pt;\">\n<td style=\"height: 13.50pt;\" height=\"18\">Deckeloptionen<\/td>\n<td>Schraubdeckel (anpassbar)<\/td>\n<\/tr>\n<tr style=\"height: 13.50pt;\">\n<td style=\"height: 13.50pt;\" height=\"18\">Ideale Verwendung<\/td>\n<td>Oliven\u00f6lflasche, Oliven\u00f6l-Glasflaschen, \u00d6lfl\u00e4schchen, K\u00fcchen\u00f6lflasche<\/td>\n<\/tr>\n<\/tbody>\n<\/table>\n<p>&nbsp;<\/p>\n<h2>Erfolgsgeschichte: Eine lokale Gourmetmarke auf die n\u00e4chste Stufe heben<\/h2>\n<p>Der Feinkosth\u00e4ndler im Mittelmeerraum suchte nach einer markanten Glasflasche f\u00fcr seine neue Linie sortenreiner Oliven\u00f6le. Zun\u00e4chst bestellte er 5.000 Flaschen unserer 500-ml-Klarglasflaschen. Die Resonanz war \u00e4u\u00dferst positiv, insbesondere da die Glasflasche ma\u00dfgeblich dazu beitrug, dass das Oliven\u00f6l 30 % seiner Frische behielt. Der Anteil der Stammkunden stieg von 32 % auf 70 %. Innerhalb von nur sechs Monaten bestellte der H\u00e4ndler weitere 250.000 Flaschen in drei Gr\u00f6\u00dfen. Mittlerweile verwendet er ausschlie\u00dflich Glasflaschen f\u00fcr alle seine Premium-Produktlinien.<\/p>\n<h2>Anpassungsvorschl\u00e4ge<\/h2>\n<ul>\n<li><strong>Deckelfarbe:<\/strong> W\u00e4hlen Sie eine Farbe aus verschiedenen Optionen wie Gold, Schwarz, Silber oder Gr\u00fcn f\u00fcr Ihre Schraubdeckel.<\/li>\n<li><strong>Gepr\u00e4gtes Logo:<\/strong> Lassen Sie Ihr Logo direkt \u00fcber dem Glas erhaben anbringen \u2013 f\u00fcr ein elegantes und haptisches Erlebnis.<\/li>\n<li><strong>Oberfl\u00e4che aus mattiertem Glas:<\/strong> Um einen hochwertigen, matten Look zu erzielen, kann die Flasche teilweise oder vollst\u00e4ndig mit S\u00e4ure ge\u00e4tzt werden.<\/li>\n<li><strong>ACL-Beschriftung (Farbkennzeichnung):<\/strong> Bei dieser Methode wird das Etikett direkt auf das Glas aufgebracht, wodurch ein leuchtendes und langlebiges Design entsteht.<\/li>\n<\/ul>","protected":false},"excerpt":{"rendered":"<p>Elegante Oliven\u00f6l-Glasflaschen mit Schraubverschluss, erh\u00e4ltlich in drei Gr\u00f6\u00dfen. Ideal f\u00fcr K\u00fcchen, Restaurants und den Gro\u00dfhandel. Kostenlose Muster erh\u00e4ltlich.<\/p>","protected":false},"featured_media":1836,"template":"","meta":{"postBodyCss":"","postBodyMargin":[],"postBodyPadding":[],"postBodyBackground":{"backgroundType":"classic","gradient":""}},"product_brand":[],"product_cat":[15,16,18],"product_tag":[],"class_list":{"0":"post-1832","1":"product","2":"type-product","3":"status-publish","4":"has-post-thumbnail","6":"product_cat-glass-containers","7":"product_cat-glass-bottles","8":"product_cat-glass-oil-bottles","10":"first","11":"instock","12":"shipping-taxable","13":"product-type-simple"},"jetpack_sharing_enabled":true,"_links":{"self":[{"href":"https:\/\/minghanggroup.com\/de\/wp-json\/wp\/v2\/product\/1832","targetHints":{"allow":["GET"]}}],"collection":[{"href":"https:\/\/minghanggroup.com\/de\/wp-json\/wp\/v2\/product"}],"about":[{"href":"https:\/\/minghanggroup.com\/de\/wp-json\/wp\/v2\/types\/product"}],"wp:featuredmedia":[{"embeddable":true,"href":"https:\/\/minghanggroup.com\/de\/wp-json\/wp\/v2\/media\/1836"}],"wp:attachment":[{"href":"https:\/\/minghanggroup.com\/de\/wp-json\/wp\/v2\/media?parent=1832"}],"wp:term":[{"taxonomy":"product_brand","embeddable":true,"href":"https:\/\/minghanggroup.com\/de\/wp-json\/wp\/v2\/product_brand?post=1832"},{"taxonomy":"product_cat","embeddable":true,"href":"https:\/\/minghanggroup.com\/de\/wp-json\/wp\/v2\/product_cat?post=1832"},{"taxonomy":"product_tag","embeddable":true,"href":"https:\/\/minghanggroup.com\/de\/wp-json\/wp\/v2\/product_tag?post=1832"}],"curies":[{"name":"wp","href":"https:\/\/api.w.org\/{rel}","templated":true}]}}