{"id":1789,"date":"2025-10-17T16:06:32","date_gmt":"2025-10-17T08:06:32","guid":{"rendered":"https:\/\/minghanggroup.com\/?post_type=product&#038;p=1789"},"modified":"2025-10-17T17:44:32","modified_gmt":"2025-10-17T09:44:32","slug":"bulk-stainless-steel-oil-dispensers-with-glass-liner","status":"publish","type":"product","link":"https:\/\/minghanggroup.com\/de\/produkt\/bulk-stainless-steel-oil-dispensers-with-glass-liner\/","title":{"rendered":"\u00d6lspender aus Edelstahl mit Glaseinsatz (200 ml, 300 ml, 500 ml)"},"content":{"rendered":"<p>Diese \u00d6l- und Essigflaschen vereinen elegantes Design mit robusten Metallteilen aus Klarglas. Dank verschiedener Ausgie\u00dfer bieten sie zudem eine perfekte Kombination aus moderner Eleganz und praktischer K\u00fcchenausstattung.<\/p>\n<h2>Produktmerkmale<\/h2>\n<ul>\n<li><strong>Mehrere Ausgie\u00dfer:<\/strong> Wir bieten verschiedene Ausgie\u00dfer aus Metall f\u00fcr unterschiedliche Ausgie\u00dfgewohnheiten an, damit das Ausgie\u00dfen gleichm\u00e4\u00dfig erfolgt und der Benutzer die zu verwendende Menge leicht kontrollieren kann.<\/li>\n<li><strong>Hybridkonstruktion aus Glas und Edelstahl:<\/strong> Der \u00d6lstand ist durch das Glas sichtbar. Das Metallgeh\u00e4use macht das Produkt robust und verleiht ihm ein modernes Aussehen.<\/li>\n<li><strong>Verschiedene Gr\u00f6\u00dfen erh\u00e4ltlich:<\/strong> Es gibt drei Flaschen in verschiedenen Gr\u00f6\u00dfen, sodass Sie die f\u00fcr Ihren Bedarf am besten geeignete Gr\u00f6\u00dfe ausw\u00e4hlen k\u00f6nnen.<\/li>\n<\/ul>\n<h2>Wichtigste Spezifikationen<\/h2>\n<table style=\"border-collapse: collapse; margin-left: auto; margin-right: auto; width: 536.27pt;\" border=\"0\" width=\"715\" cellspacing=\"0\" cellpadding=\"0\">\n<tbody>\n<tr style=\"height: 13.50pt;\">\n<td style=\"height: 13.50pt; width: 125.25pt;\" width=\"167\" height=\"18\">Besonderheit<\/td>\n<td style=\"width: 411.00pt;\" width=\"548\">Specification<\/td>\n<\/tr>\n<tr style=\"height: 13.50pt;\">\n<td style=\"height: 13.50pt;\" height=\"18\">Kapazit\u00e4t<\/td>\n<td>200 ml, 300 ml, 500 ml<\/td>\n<\/tr>\n<tr style=\"height: 13.50pt;\">\n<td style=\"height: 13.50pt;\" height=\"18\">Abmessungen<\/td>\n<td>6,0 \u00d7 15,6 cm, 6,7 \u00d7 14,5 cm, 6,5 \u00d7 19,8 cm<\/td>\n<\/tr>\n<tr style=\"height: 13.50pt;\">\n<td style=\"height: 13.50pt;\" height=\"18\">K\u00f6rpermaterial<\/td>\n<td>Klarglas + Edelstahlkragen<\/td>\n<\/tr>\n<tr style=\"height: 13.50pt;\">\n<td style=\"height: 13.50pt;\" height=\"18\">Deckeltyp<\/td>\n<td>Ausgie\u00dfer aus Metall mit Tropfstopp<\/td>\n<\/tr>\n<tr style=\"height: 13.50pt;\">\n<td style=\"height: 13.50pt;\" height=\"18\">Form<\/td>\n<td>Zylindrische Glasflasche mit Metallelementen<\/td>\n<\/tr>\n<tr style=\"height: 13.50pt;\">\n<td style=\"height: 13.50pt;\" height=\"18\">Ideale Verwendung<\/td>\n<td>\u00d6l- und Essigflaschen, \u00d6lflaschen, Oliven\u00f6lflaschen f\u00fcr die K\u00fcche<\/td>\n<\/tr>\n<\/tbody>\n<\/table>\n<h2>Realer Fall<\/h2>\n<p>Ein US-amerikanischer Feinkosth\u00e4ndler wollte eine Linie handgefertigter Produkte auf den Markt bringen und ben\u00f6tigte eine Verpackung, die die luxuri\u00f6se Qualit\u00e4t optisch vermittelte. F\u00fcr seine erste Bestellung von 12.000 Einheiten entschied er sich f\u00fcr unsere 300-ml-\u00d6lflaschen aus Edelstahl mit speziellem Metalldeckel. Das Kundenfeedback war hervorragend und hob das elegante Design und die einfache Handhabung hervor. Die Wiederkaufsrate stieg um 60 %, und die Verwendung des Metallausgie\u00dfers trug zu einer Reduzierung des \u00d6l- und Essigverbrauchs um 38 % bei. Begeistert von den schnellen Verk\u00e4ufen und den positiven Kundenbewertungen bestellte der H\u00e4ndler nur drei Monate sp\u00e4ter weitere 35.000 Einheiten, um sein Sortiment zu erweitern.<\/p>\n<h2>Anpassungsvorschl\u00e4ge<\/h2>\n<ul>\n<li><strong>Kragen mit Metallic-Finish:<\/strong> \u00c4ndern Sie die Farbe des oberen Metallteils \u2013 w\u00e4hlen Sie zwischen geb\u00fcrstetem Nickel, Gold, Kupfer oder Mattschwarz.<\/li>\n<li><strong>Ausf\u00fchrung des Spenders:<\/strong>W\u00e4hlen Sie f\u00fcr den \u00d6lauslauf aus Edelstahl einen passenden Kragen in \u00e4hnlicher oder kontrastierender Ausf\u00fchrung (z. B. goldener Kragen mit schwarzem Auslauf).<\/li>\n<li><strong>Siebgedrucktes Logo:<\/strong>Ihr Logo kann in einer Farbe, die die metallischen Akzente erg\u00e4nzt, auf das Klarglas gedruckt werden.<\/li>\n<\/ul>\n<p>M\u00f6chten Sie attraktive Edelstahl-\u00d6lflaschen in gro\u00dfen Mengen kaufen, die Ihre Kunden begeistern werden? Vereinbaren Sie doch einfach einen Termin, um Ihre Gro\u00dfbestellung oder individuelle W\u00fcnsche zu besprechen. Wir beraten Sie gerne.<\/p>","protected":false},"excerpt":{"rendered":"<p>Elegante \u00d6lspender aus Edelstahl mit transparentem Glaseinsatz. Langlebige \u00d6l- und Essigflaschen, erh\u00e4ltlich f\u00fcr individuelle Anpassungen und Gro\u00dfbestellungen.<\/p>","protected":false},"featured_media":1797,"template":"","meta":{"postBodyCss":"","postBodyMargin":[],"postBodyPadding":[],"postBodyBackground":{"backgroundType":"classic","gradient":""}},"product_brand":[],"product_cat":[15,16,18],"product_tag":[],"class_list":{"0":"post-1789","1":"product","2":"type-product","3":"status-publish","4":"has-post-thumbnail","6":"product_cat-glass-containers","7":"product_cat-glass-bottles","8":"product_cat-glass-oil-bottles","10":"first","11":"instock","12":"shipping-taxable","13":"product-type-simple"},"jetpack_sharing_enabled":true,"_links":{"self":[{"href":"https:\/\/minghanggroup.com\/de\/wp-json\/wp\/v2\/product\/1789","targetHints":{"allow":["GET"]}}],"collection":[{"href":"https:\/\/minghanggroup.com\/de\/wp-json\/wp\/v2\/product"}],"about":[{"href":"https:\/\/minghanggroup.com\/de\/wp-json\/wp\/v2\/types\/product"}],"wp:featuredmedia":[{"embeddable":true,"href":"https:\/\/minghanggroup.com\/de\/wp-json\/wp\/v2\/media\/1797"}],"wp:attachment":[{"href":"https:\/\/minghanggroup.com\/de\/wp-json\/wp\/v2\/media?parent=1789"}],"wp:term":[{"taxonomy":"product_brand","embeddable":true,"href":"https:\/\/minghanggroup.com\/de\/wp-json\/wp\/v2\/product_brand?post=1789"},{"taxonomy":"product_cat","embeddable":true,"href":"https:\/\/minghanggroup.com\/de\/wp-json\/wp\/v2\/product_cat?post=1789"},{"taxonomy":"product_tag","embeddable":true,"href":"https:\/\/minghanggroup.com\/de\/wp-json\/wp\/v2\/product_tag?post=1789"}],"curies":[{"name":"wp","href":"https:\/\/api.w.org\/{rel}","templated":true}]}}