{"id":1759,"date":"2025-10-17T14:47:34","date_gmt":"2025-10-17T06:47:34","guid":{"rendered":"https:\/\/minghanggroup.com\/?post_type=product&#038;p=1759"},"modified":"2025-10-17T17:11:25","modified_gmt":"2025-10-17T09:11:25","slug":"bulk-glass-oil-olive-dispenser-bottles-with-marked-marks","status":"publish","type":"product","link":"https:\/\/minghanggroup.com\/de\/produkt\/bulk-glass-oil-olive-dispenser-bottles-with-marked-marks\/","title":{"rendered":"Gro\u00dfpackungen \u00d6lflaschen aus Glas mit Markierungen: 270 ml, 300 ml, 450 ml"},"content":{"rendered":"<p>Diese Oliven\u00f6l-Spenderflaschen sind sehr elegant \u2013 sie bestehen aus Klarglas mit genauen Messmarkierungen, haben h\u00fcbsche, mit Metall verzierte Ausgie\u00dfer und sind in verschiedenen Gr\u00f6\u00dfen erh\u00e4ltlich.<\/p>\n<h2>Produktmerkmale<\/h2>\n<ul>\n<li><strong>Transparentes Glas:<\/strong> Durch die Verwendung von Klarglas ist das \u00d6l von au\u00dfen im Beh\u00e4lter sichtbar, was auch das Nachf\u00fcllen sehr erleichtert.<\/li>\n<li><strong>Absolvent:<\/strong> Auf der Flasche befindet sich eine Skala zur genauen Dosierung des \u00d6ls, die f\u00fcr unterschiedliche Kochbed\u00fcrfnisse geeignet ist.<\/li>\n<li><strong>Verschiedene Gie\u00dfmethoden:<\/strong> Die Flasche ist mit verschiedenen praktischen Ausgie\u00dfmechanismen ausgestattet, um unterschiedlichen Kochgewohnheiten gerecht zu werden.<\/li>\n<li><strong>Verschiedene Gr\u00f6\u00dfen erh\u00e4ltlich:<\/strong> Da die \u00d6lspender in verschiedenen Gr\u00f6\u00dfen erh\u00e4ltlich sind, k\u00f6nnen Sie den f\u00fcr Ihre Kochgewohnheiten und Ihren Verbrauch geeigneten \u00d6lspender ausw\u00e4hlen.<\/li>\n<\/ul>\n<h2>Wichtigste Spezifikationen<\/h2>\n<table style=\"border-collapse: collapse; margin-left: auto; margin-right: auto; width: 516.02pt;\" border=\"0\" width=\"688\" cellspacing=\"0\" cellpadding=\"0\">\n<tbody>\n<tr style=\"height: 13.50pt;\">\n<td style=\"height: 13.50pt; width: 136.50pt;\" width=\"182\" height=\"18\">Spezifikationsartikel<\/td>\n<td style=\"width: 379.50pt;\" width=\"506\">Spezifische Parameter<\/td>\n<\/tr>\n<tr style=\"height: 13.50pt;\">\n<td style=\"height: 13.50pt;\" height=\"18\">Kapazit\u00e4t<\/td>\n<td>270 ml, 300 ml, 450 ml<\/td>\n<\/tr>\n<tr style=\"height: 13.50pt;\">\n<td style=\"height: 13.50pt;\" height=\"18\">Abmessungen<\/td>\n<td>6 x 15,6 cm, 6,7 x 14,5 cm, 6,5 x 19,8 cm<\/td>\n<\/tr>\n<tr style=\"height: 13.50pt;\">\n<td style=\"height: 13.50pt;\" height=\"18\">Material<\/td>\n<td>Klarglas, Metallauslauf<\/td>\n<\/tr>\n<tr style=\"height: 13.50pt;\">\n<td style=\"height: 13.50pt;\" height=\"18\">Form<\/td>\n<td>Zylindrische Glasflasche<\/td>\n<\/tr>\n<tr style=\"height: 13.50pt;\">\n<td style=\"height: 13.50pt;\" height=\"18\">Deckeloptionen<\/td>\n<td>Silberner Metallauslauf, schwarze Kunststoffkappe<\/td>\n<\/tr>\n<tr style=\"height: 13.50pt;\">\n<td style=\"height: 13.50pt;\" height=\"18\">Ideale Einsatzm\u00f6glichkeiten<\/td>\n<td>Oliven\u00f6lspender, Glasflasche f\u00fcr \u00d6l, Speise\u00f6lflasche<\/td>\n<\/tr>\n<\/tbody>\n<\/table>\n<h2>Erfolgsgeschichte: Der Sieg einer Restaurantlieferkette<\/h2>\n<p>Ein schnell wachsendes Gourmet-Food-Startup wandte sich mit der Anfrage nach einer einzigartigen Glasverpackungsl\u00f6sung an uns. Anfang 2024 stellte das Unternehmen mit seiner ersten Bestellung von 1.200 St\u00fcck auf unsere Oliven\u00f6lspender um \u2013 300 ml mit Graduierung und silbernem Ausgie\u00dfer. Die Vorteile sind deutlich sichtbar: Zum einen reduzierten die tropffreien Spender den Reinigungsaufwand des K\u00fcchenpersonals um 40 %. Zum anderen f\u00fchrte die Graduierung zu einer 25-prozentigen Reduzierung des \u00d6lverbrauchs. Der Erfolg f\u00fchrte sechs Monate sp\u00e4ter zu einer weiteren Bestellung von 280.000 St\u00fcck.<\/p>\n<h2>Individualisierungsideen<\/h2>\n<ul>\n<li><strong>Auslaufoberfl\u00e4che:<\/strong> Personalisieren Sie den Oliven\u00f6lspender aus Metall, indem Sie die Oberfl\u00e4che in Silber, Gold oder Schwarz \u00e4ndern, um ihn an das Erscheinungsbild Ihrer Marke anzupassen.<\/li>\n<li><strong>Deckelfarbe:<\/strong> Die Farbe des Kunststoff-Schraubverschlusses kann an Ihre Markenfarben angepasst werden, um ein einheitliches Erscheinungsbild zu gew\u00e4hrleisten.<\/li>\n<li><strong>Benutzerdefinierte Skalenmarkierungen:<\/strong> Beschr\u00e4nken Sie sich nicht auf Standardmarkierungen. Verwenden Sie Ihre eigenen Volumeneinheiten oder sogar ein individuelles Logo, das in das Skalenliniendesign integriert ist.<\/li>\n<li><strong>Individuelle Flaschenform:<\/strong> Als Originalhersteller sind wir in der Lage, bei einer sehr gro\u00dfen Gro\u00dfhandelsbestellung eine individuelle Gussform f\u00fcr eine Glasflasche mit einzigartiger Form herzustellen.<\/li>\n<\/ul>\n<p>Wie w\u00e4re es, Ihre Verpackungen auf die n\u00e4chste Stufe zu heben? Z\u00f6gern Sie nicht, uns noch heute zu kontaktieren, um Ihre Abf\u00fcllanforderungen zu besprechen.<\/p>","protected":false},"excerpt":{"rendered":"<p>\u00d6lspender aus Klarglas mit Skala und Metallauslauf. Stilvoll und langlebig, Sondergr\u00f6\u00dfen f\u00fcr Gro\u00dfbestellungen erh\u00e4ltlich, schneller Versand.<\/p>","protected":false},"featured_media":1771,"template":"","meta":{"postBodyCss":"","postBodyMargin":[],"postBodyPadding":[],"postBodyBackground":{"backgroundType":"classic","gradient":""}},"product_brand":[],"product_cat":[15,16,18],"product_tag":[],"class_list":{"0":"post-1759","1":"product","2":"type-product","3":"status-publish","4":"has-post-thumbnail","6":"product_cat-glass-containers","7":"product_cat-glass-bottles","8":"product_cat-glass-oil-bottles","10":"first","11":"instock","12":"shipping-taxable","13":"product-type-simple"},"jetpack_sharing_enabled":true,"_links":{"self":[{"href":"https:\/\/minghanggroup.com\/de\/wp-json\/wp\/v2\/product\/1759","targetHints":{"allow":["GET"]}}],"collection":[{"href":"https:\/\/minghanggroup.com\/de\/wp-json\/wp\/v2\/product"}],"about":[{"href":"https:\/\/minghanggroup.com\/de\/wp-json\/wp\/v2\/types\/product"}],"wp:featuredmedia":[{"embeddable":true,"href":"https:\/\/minghanggroup.com\/de\/wp-json\/wp\/v2\/media\/1771"}],"wp:attachment":[{"href":"https:\/\/minghanggroup.com\/de\/wp-json\/wp\/v2\/media?parent=1759"}],"wp:term":[{"taxonomy":"product_brand","embeddable":true,"href":"https:\/\/minghanggroup.com\/de\/wp-json\/wp\/v2\/product_brand?post=1759"},{"taxonomy":"product_cat","embeddable":true,"href":"https:\/\/minghanggroup.com\/de\/wp-json\/wp\/v2\/product_cat?post=1759"},{"taxonomy":"product_tag","embeddable":true,"href":"https:\/\/minghanggroup.com\/de\/wp-json\/wp\/v2\/product_tag?post=1759"}],"curies":[{"name":"wp","href":"https:\/\/api.w.org\/{rel}","templated":true}]}}