{"id":1471,"date":"2025-10-15T15:31:39","date_gmt":"2025-10-15T07:31:39","guid":{"rendered":"https:\/\/minghanggroup.com\/?post_type=product&#038;p=1471"},"modified":"2025-10-16T15:23:41","modified_gmt":"2025-10-16T07:23:41","slug":"wholesale-green-glass-olive-oil-dispensers-with-metal-lids","status":"publish","type":"product","link":"https:\/\/minghanggroup.com\/de\/produkt\/wholesale-green-glass-olive-oil-dispensers-with-metal-lids\/","title":{"rendered":"Gro\u00dfhandel mit gr\u00fcnen Glas-Oliven\u00f6lspendern mit Metalldeckeln, 250 ml, 500 ml, 750 ml"},"content":{"rendered":"<p>These olive oil bottles are made from classy green glass with a smooth, slim, elongating cylindrical shape and are available with black and gold caps. They come in different sizes.<\/p>\n<h2>Produktmerkmale<\/h2>\n<ul>\n<li><strong>Built-in UV Protection:<\/strong> The green glass serves as a protector for your olive oil against light, thus, the oil is kept fresh and it can be used for a longer time.<\/li>\n<li><strong>Schlanke zylindrische Form:<\/strong> The bottle with its elongated cylindrical shape is not only sleek but also compact, therefore, it can be easily shown off and stored in the kitchen while the space is saved.<\/li>\n<li><strong>Various Cap Options:<\/strong> The caps, which are available in black, gold, and other colors, not only fulfill different aesthetic tastes of users but also confirm that the container is sealed tightly.<\/li>\n<\/ul>\n<h2>Wichtigste Spezifikationen<\/h2>\n<table style=\"border-collapse: collapse; margin-left: auto; margin-right: auto; width: 520.52pt;\" border=\"0\" width=\"694\" cellspacing=\"0\" cellpadding=\"0\">\n<tbody>\n<tr style=\"height: 13.50pt;\">\n<td style=\"height: 13.50pt; width: 103.50pt;\" width=\"138\" height=\"18\">Besonderheit<\/td>\n<td style=\"width: 417.00pt;\" width=\"556\">Specification<\/td>\n<\/tr>\n<tr style=\"height: 13.50pt;\">\n<td style=\"height: 13.50pt;\" height=\"18\">Kapazit\u00e4t<\/td>\n<td>250ml 500ml 750ml<\/td>\n<\/tr>\n<tr style=\"height: 13.50pt;\">\n<td style=\"height: 13.50pt;\" height=\"18\">Abmessungen<\/td>\n<td>5.0\u00d723.2cm, 6.1\u00d728.0cm, 6.9\u00d730.9cm<\/td>\n<\/tr>\n<tr style=\"height: 13.50pt;\">\n<td style=\"height: 13.50pt;\" height=\"18\">Halsumfang<\/td>\n<td>19\u00d730mm screw neck<\/td>\n<\/tr>\n<tr style=\"height: 13.50pt;\">\n<td style=\"height: 13.50pt;\" height=\"18\">Material<\/td>\n<td>Korpus aus gr\u00fcnem Glas, Metalldeckel<\/td>\n<\/tr>\n<tr style=\"height: 13.50pt;\">\n<td style=\"height: 13.50pt;\" height=\"18\">Form<\/td>\n<td>Zylindrische Glasflasche<\/td>\n<\/tr>\n<tr style=\"height: 13.50pt;\">\n<td style=\"height: 13.50pt;\" height=\"18\">Deckeloptionen<\/td>\n<td>Black pour spout, gold pour spout, solid cap<\/td>\n<\/tr>\n<tr style=\"height: 13.50pt;\">\n<td style=\"height: 13.50pt;\" height=\"18\">Am besten geeignet f\u00fcr<\/td>\n<td>Olive oils, vinegar, cooking oils<\/td>\n<\/tr>\n<tr style=\"height: 13.50pt;\">\n<td style=\"height: 13.50pt;\" height=\"18\">Ideale Verwendung<\/td>\n<td>Olive oil bottle, oil and vinegar bottles, cooking olive oil bottle<\/td>\n<\/tr>\n<\/tbody>\n<\/table>\n<h2>Erfolgsgeschichte<\/h2>\n<p>An importer of U.S. artisan olive oil opted for our 250ml square green glass bottles with green caps and initially made a 5,000-unit order. After three months, the importer conveyed to us that the sales of the product in specialty grocery stores have increased by 40% in comparison to the previous launch of the product. Within 90 days, 65% of the buyers are repurchasing. As a result of this success, a wholesale order has been created, which has now led to an extension of the 500ml bulk bottles with an average annual order volume of 200,000 units.<\/p>\n<h2>Anpassungsvorschl\u00e4ge<\/h2>\n<ul>\n<li>\u200b\u200bGlass Color Severity: You can change the glass color to the dark sapphire green with light green.<\/li>\n<li>Frosted Finish: A full frost (acid-H) surface can be applied to a soft, matte texture and sophisticated, opaque appearance.<\/li>\n<li>Ambsced Logo: Your brand logo can be molded directly into glass during production for a tactile, luxurious premium touch.<\/li>\n<li>ID Color Options: Get the color of ID color from a set of colors (like black, silver or gold) that matches or complementes your brand\u2019s palette.<\/li>\n<li>\u200bCustom Lid Shape: Let us help you create a custom lid shape that stands out and becomes the most recognizable part of your packaging.<\/li>\n<\/ul>\n<p>If you want to make attractive olive oil bottles, please contact us for wholesale price and bulk shipping quote.<\/p>","protected":false},"excerpt":{"rendered":"<p>These green olive oil dispensers with metal lids. Made from premium-quality glass, available in various sizes, and ideal for wholesale. Free samples available.<\/p>","protected":false},"featured_media":1501,"template":"","meta":{"postBodyCss":"","postBodyMargin":[],"postBodyPadding":[],"postBodyBackground":{"backgroundType":"classic","gradient":""}},"product_brand":[],"product_cat":[15,16,18],"product_tag":[],"class_list":{"0":"post-1471","1":"product","2":"type-product","3":"status-publish","4":"has-post-thumbnail","6":"product_cat-glass-containers","7":"product_cat-glass-bottles","8":"product_cat-glass-oil-bottles","10":"first","11":"instock","12":"shipping-taxable","13":"product-type-simple"},"jetpack_sharing_enabled":true,"_links":{"self":[{"href":"https:\/\/minghanggroup.com\/de\/wp-json\/wp\/v2\/product\/1471","targetHints":{"allow":["GET"]}}],"collection":[{"href":"https:\/\/minghanggroup.com\/de\/wp-json\/wp\/v2\/product"}],"about":[{"href":"https:\/\/minghanggroup.com\/de\/wp-json\/wp\/v2\/types\/product"}],"wp:featuredmedia":[{"embeddable":true,"href":"https:\/\/minghanggroup.com\/de\/wp-json\/wp\/v2\/media\/1501"}],"wp:attachment":[{"href":"https:\/\/minghanggroup.com\/de\/wp-json\/wp\/v2\/media?parent=1471"}],"wp:term":[{"taxonomy":"product_brand","embeddable":true,"href":"https:\/\/minghanggroup.com\/de\/wp-json\/wp\/v2\/product_brand?post=1471"},{"taxonomy":"product_cat","embeddable":true,"href":"https:\/\/minghanggroup.com\/de\/wp-json\/wp\/v2\/product_cat?post=1471"},{"taxonomy":"product_tag","embeddable":true,"href":"https:\/\/minghanggroup.com\/de\/wp-json\/wp\/v2\/product_tag?post=1471"}],"curies":[{"name":"wp","href":"https:\/\/api.w.org\/{rel}","templated":true}]}}