{"id":1417,"date":"2025-10-15T03:24:25","date_gmt":"2025-10-15T03:24:25","guid":{"rendered":"https:\/\/minghanggroup.com\/?post_type=product&#038;p=1417"},"modified":"2025-10-16T15:23:25","modified_gmt":"2025-10-16T07:23:25","slug":"bulk-unique-curved-glass-cooking-oil-bottles-with-handle","status":"publish","type":"product","link":"https:\/\/minghanggroup.com\/de\/produkt\/bulk-unique-curved-glass-cooking-oil-bottles-with-handle\/","title":{"rendered":"Gro\u00dfpackung einzigartige, gebogene Glasflaschen f\u00fcr Speise\u00f6l mit Griff, 100 ml, 250 ml, 500 ml"},"content":{"rendered":"<p>Diese \u00d6lflaschen aus Klarglas bestechen durch ihr einzigartiges, erhabenes Design, das nicht nur optisch ansprechend, sondern auch angenehm in der Handhabung ist. Der robuste Glasgriff erm\u00f6glicht ein m\u00fcheloses Ausgie\u00dfen. Die Flaschen sind in verschiedenen Gr\u00f6\u00dfen und teilweise mit unterschiedlichen Verschlussformen erh\u00e4ltlich. Sie pr\u00e4sentieren das \u00d6l auf elegante Weise und verleihen Ihrer K\u00fcche einen stilvollen Touch.<\/p>\n<h2>Produktmerkmale<\/h2>\n<ul>\n<li class=\" translation-block\"><strong>Distinctive Curved Body:<\/strong> The curved raised design not only gives a beautiful shape, but it also provides a certain degree of slip resistance.<\/li>\n<li class=\" translation-block\"><strong>Handle Made of Glass:<\/strong> The stylish glass handle offers a comfortable hold and easy pouring.<\/li>\n<li class=\" translation-block\"><strong>Various Styles of\u00a0 Bottle Openings:<\/strong> A cap seals the lid for convenient storage, whereas an open top allows for quick pouring thus catering to diverse kitchen needs.<\/li>\n<\/ul>\n<h2>Wichtigste Spezifikationen<\/h2>\n<table style=\"border-collapse: collapse; margin-left: auto; margin-right: auto; width: 473.27pt;\" border=\"0\" width=\"631\" cellspacing=\"0\" cellpadding=\"0\">\n<tbody>\n<tr style=\"height: 13.50pt;\">\n<td style=\"height: 13.50pt; width: 103.50pt;\" width=\"138\" height=\"18\">Besonderheit<\/td>\n<td style=\"width: 369.75pt;\" width=\"493\">Specification<\/td>\n<\/tr>\n<tr style=\"height: 13.50pt;\">\n<td style=\"height: 13.50pt;\" height=\"18\">Kapazit\u00e4t<\/td>\n<td>100 ml, 250 ml, 500 ml<\/td>\n<\/tr>\n<tr style=\"height: 13.50pt;\">\n<td style=\"height: 13.50pt;\" height=\"18\">Abmessungen<\/td>\n<td>5,4 \u00d7 13,9 cm, 7,1 \u00d7 17,3 cm, 8,8 \u00d7 21,9 cm<\/td>\n<\/tr>\n<tr style=\"height: 13.50pt;\">\n<td style=\"height: 13.50pt;\" height=\"18\">Material<\/td>\n<td>Korpus und Griff aus Klarglas, Deckel aus Metall<\/td>\n<\/tr>\n<tr style=\"height: 13.50pt;\">\n<td style=\"height: 13.50pt;\" height=\"18\">Form<\/td>\n<td>Gebogener K\u00f6rper<\/td>\n<\/tr>\n<tr style=\"height: 13.50pt;\">\n<td style=\"height: 13.50pt;\" height=\"18\">Deckeloptionen<\/td>\n<td>Gr\u00fcner Ausgie\u00dfer, schwarzer Schraubverschluss, offener Deckel<\/td>\n<\/tr>\n<tr style=\"height: 13.50pt;\">\n<td style=\"height: 13.50pt;\" height=\"18\">Am besten geeignet f\u00fcr<\/td>\n<td>Oliven\u00f6l, Essig, Speise\u00f6le, K\u00fcchen\u00f6l<\/td>\n<\/tr>\n<tr style=\"height: 13.50pt;\">\n<td style=\"height: 13.50pt;\" height=\"18\">Ideale Verwendung<\/td>\n<td>Speise\u00f6lspender, \u00d6lk\u00e4nnchen, K\u00fcchen\u00f6lflaschen<\/td>\n<\/tr>\n<\/tbody>\n<\/table>\n<h2>Erfolgsgeschichte: Gourmetmarke im Aufwind<\/h2>\n<p>Unser Partner, ein in Seattle ans\u00e4ssiger Lebensmittelgro\u00dfh\u00e4ndler, suchte nach einer markanten \u00d6lflasche aus Glas und entschied sich schlie\u00dflich f\u00fcr unsere quadratische 250-ml-Glasflasche mit einem individuell gestalteten schwarzen Schraubverschluss. Dank des eleganten quadratischen Designs und des transparenten Glasverschlusses erfuhr die Marke einen sofortigen Aufschwung. Nach der Einf\u00fchrung der neuen Verpackung stieg der Absatz innerhalb eines halben Jahres um 35 %. Die Kunden lobten die Flasche f\u00fcr ihre perfekte Balance und die tropffreie Ausgie\u00dfbarkeit. Der \u00d6lverbrauch sank um 20 %, was den Partner dazu veranlasste, drei weitere Bestellungen \u00fcber je 10.000 Flaschen aufzugeben und unser Flaschensortiment auch auf seine handwerklich hergestellten Essige auszuweiten. So entstand ein komplettes Set aus aufeinander abgestimmten \u00d6l- und Essigprodukten.<\/p>\n<h2>Produktspezifische Anpassungsideen<\/h2>\n<ul>\n<li>Deckelfarbe: Die Farbe Ihres Schraubdeckels kann aus einer Vielzahl von Farben (wie Schwarz, Gold, Silber oder Gr\u00fcn) ausgew\u00e4hlt werden, die harmonisch mit Ihrer Markenidentit\u00e4t harmonieren.<\/li>\n<li>Siebdruck: Bedrucken Sie Ihr Logo oder Design direkt mit Tinte auf das Glas \u2013 f\u00fcr einen dauerhaften und widerstandsf\u00e4higen Druck.<\/li>\n<li>Kommende Markeninitialen \u2013 Gestalten Sie das Markenlogo oder die Initialen, indem Sie das Glas im unteren Bereich formen.<\/li>\n<li>Gepr\u00e4gtes Logo: Warum lassen Sie Ihr Logo nicht dezent in den Glasgriff oder den Sockel pr\u00e4gen und verleihen ihm so ein besonders luxuri\u00f6ses Gef\u00fchl?<\/li>\n<li>Material des Ausgie\u00dfverschlusses: Sie k\u00f6nnen den inneren Teil des Schraubverschlusses individuell gestalten, indem Sie beispielsweise ein spezielles Material verwenden, um die beste Abdichtung f\u00fcr verschiedene Oliven\u00f6lsorten zu gew\u00e4hrleisten.<\/li>\n<\/ul>\n<p>Als Ihr direkter Lieferant und Originalhersteller k\u00f6nnen wir diese Ideen in die Realit\u00e4t umsetzen. Sprechen Sie uns doch einfach auf Ihren Bedarf an dieser eleganten und praktischen Glas\u00f6lflasche in gr\u00f6\u00dferen Mengen an.<\/p>","protected":false},"excerpt":{"rendered":"<p>Einzigartige Glas\u00f6lflaschen mit Henkel und geschwungenem Design. Ideal f\u00fcr Speise\u00f6l und auch als individuelle Gro\u00dfabnehmer erh\u00e4ltlich. Kostenlose Muster verf\u00fcgbar.<\/p>","protected":false},"featured_media":1441,"template":"","meta":{"postBodyCss":"","postBodyMargin":[],"postBodyPadding":[],"postBodyBackground":{"backgroundType":"classic","gradient":""}},"product_brand":[],"product_cat":[15,16,18],"product_tag":[],"class_list":{"0":"post-1417","1":"product","2":"type-product","3":"status-publish","4":"has-post-thumbnail","6":"product_cat-glass-containers","7":"product_cat-glass-bottles","8":"product_cat-glass-oil-bottles","10":"first","11":"instock","12":"shipping-taxable","13":"product-type-simple"},"jetpack_sharing_enabled":true,"_links":{"self":[{"href":"https:\/\/minghanggroup.com\/de\/wp-json\/wp\/v2\/product\/1417","targetHints":{"allow":["GET"]}}],"collection":[{"href":"https:\/\/minghanggroup.com\/de\/wp-json\/wp\/v2\/product"}],"about":[{"href":"https:\/\/minghanggroup.com\/de\/wp-json\/wp\/v2\/types\/product"}],"wp:featuredmedia":[{"embeddable":true,"href":"https:\/\/minghanggroup.com\/de\/wp-json\/wp\/v2\/media\/1441"}],"wp:attachment":[{"href":"https:\/\/minghanggroup.com\/de\/wp-json\/wp\/v2\/media?parent=1417"}],"wp:term":[{"taxonomy":"product_brand","embeddable":true,"href":"https:\/\/minghanggroup.com\/de\/wp-json\/wp\/v2\/product_brand?post=1417"},{"taxonomy":"product_cat","embeddable":true,"href":"https:\/\/minghanggroup.com\/de\/wp-json\/wp\/v2\/product_cat?post=1417"},{"taxonomy":"product_tag","embeddable":true,"href":"https:\/\/minghanggroup.com\/de\/wp-json\/wp\/v2\/product_tag?post=1417"}],"curies":[{"name":"wp","href":"https:\/\/api.w.org\/{rel}","templated":true}]}}