{"id":1396,"date":"2025-10-15T02:10:22","date_gmt":"2025-10-15T02:10:22","guid":{"rendered":"https:\/\/minghanggroup.com\/?post_type=product&#038;p=1396"},"modified":"2026-03-02T13:51:24","modified_gmt":"2026-03-02T05:51:24","slug":"40-600ml-custom-glass-mason-jar-with-handle-for-drinking","status":"publish","type":"product","link":"https:\/\/minghanggroup.com\/de\/produkt\/40-600ml-custom-glass-mason-jar-with-handle-for-drinking\/","title":{"rendered":"40-600 ml individuell gestaltetes Einmachglas aus Glas mit Henkel zum Trinken"},"content":{"rendered":"<p>Ihr Cold Brew verdient mehr als nur einen einfachen Becher! Wir fertigen Einmachgl\u00e4ser mit Henkel, die Ihr Getr\u00e4nk hochwertig aussehen lassen und sich m\u00fchelos handhaben lassen. Diese Einmachgl\u00e4ser mit Henkel vereinen klassischen Charme mit moderner Funktionalit\u00e4t \u2013 perfekt f\u00fcr Caf\u00e9s, Smoothie-Bars oder Ihr n\u00e4chstes Verkaufsschlager-Projekt.<\/p>\n<h2>Produktmerkmale<\/h2>\n<ol>\n<li><strong>Komfortables Griffdesign:<\/strong>Der verdickte Glasgriff erleichtert das Ausgie\u00dfen und verhindert Abrutschen und Versch\u00fctten.<\/li>\n<li><strong>Sichere Versiegelung:<\/strong>Das Design der Einmachgl\u00e4ser mit Standard\u00f6ffnung passt perfekt zu den dazugeh\u00f6rigen Deckeln. Fest verschlie\u00dfen, aufbewahren und beruhigt schlafen.<\/li>\n<li><strong>Sichtbare Qualit\u00e4t:<\/strong>Das klare Glas bringt die leuchtende Farbe Ihres Getr\u00e4nks optimal zur Geltung \u2013 Ihre Kunden k\u00f6nnen die Qualit\u00e4t schon vor dem ersten Schluck erkennen.<\/li>\n<li><strong>Verschiedene Gr\u00f6\u00dfenoptionen:<\/strong>Von 40-ml-Proben bis hin zu 600-ml-Gro\u00dfpackungen \u2013 diese Einmachgl\u00e4ser mit Griffen bieten f\u00fcr jeden Bedarf das Richtige.<\/li>\n<\/ol>\n<h2>Wichtigste Spezifikationen<\/h2>\n<table style=\"border-collapse: collapse; width: 80%; margin-left: auto; margin-right: auto;\" border=\"0\" width=\"291\" cellspacing=\"0\" cellpadding=\"0\">\n<tbody>\n<tr style=\"height: 13.50pt;\">\n<td class=\"et2\" style=\"height: 13.5pt; width: 56.25pt; text-align: center;\" width=\"75\" height=\"18\">Modell<\/td>\n<td class=\"et2\" style=\"width: 54pt; text-align: center;\" width=\"72\">Fassungsverm\u00f6gen (ml)<\/td>\n<td class=\"et2\" style=\"width: 54pt; text-align: center;\" width=\"72\">Abmessungen (cm)<\/td>\n<td class=\"et2\" style=\"width: 54pt; text-align: center;\" width=\"72\">Form<\/td>\n<\/tr>\n<tr style=\"height: 13.50pt;\">\n<td class=\"et2\" style=\"height: 13.5pt; text-align: center;\" height=\"18\">63004054<\/td>\n<td class=\"et2\" style=\"text-align: center;\">40<\/td>\n<td class=\"et2\" style=\"text-align: center;\">4.9&#215;3.6&#215;6.1<\/td>\n<td class=\"et2\" style=\"text-align: center;\" rowspan=\"7\">mit Griff<\/td>\n<\/tr>\n<tr style=\"height: 13.50pt;\">\n<td class=\"et2\" style=\"height: 13.5pt; text-align: center;\" height=\"18\">63013055<\/td>\n<td class=\"et2\" style=\"text-align: center;\">130<\/td>\n<td class=\"et2\" style=\"text-align: center;\">7.4&#215;5.4&#215;8.4<\/td>\n<\/tr>\n<tr style=\"height: 13.50pt;\">\n<td class=\"et2\" style=\"height: 13.5pt; text-align: center;\" height=\"18\">63020056<\/td>\n<td class=\"et2\" style=\"text-align: center;\">200<\/td>\n<td class=\"et2\" style=\"text-align: center;\">8,4 \u00d7 6,0 \u00d7 10,3<\/td>\n<\/tr>\n<tr style=\"height: 13.50pt;\">\n<td class=\"et2\" style=\"height: 13.5pt; text-align: center;\" height=\"18\">63030057<\/td>\n<td class=\"et2\" style=\"text-align: center;\">300<\/td>\n<td class=\"et2\" style=\"text-align: center;\">&#8211;<\/td>\n<\/tr>\n<tr style=\"height: 13.50pt;\">\n<td class=\"et2\" style=\"height: 13.5pt; text-align: center;\" height=\"18\">63040058<\/td>\n<td class=\"et2\" style=\"text-align: center;\">400<\/td>\n<td class=\"et2\" style=\"text-align: center;\">&#8211;<\/td>\n<\/tr>\n<tr style=\"height: 13.50pt;\">\n<td class=\"et2\" style=\"height: 13.5pt; text-align: center;\" height=\"18\">63048059<\/td>\n<td class=\"et2\" style=\"text-align: center;\">480<\/td>\n<td class=\"et2\" style=\"text-align: center;\">10.7&#215;7.8&#215;13.2<\/td>\n<\/tr>\n<tr style=\"height: 13.50pt;\">\n<td class=\"et2\" style=\"height: 13.5pt; text-align: center;\" height=\"18\">63060060<\/td>\n<td class=\"et2\" style=\"text-align: center;\">600<\/td>\n<td class=\"et2\" style=\"text-align: center;\">12.4&#215;8.8&#215;14.5<\/td>\n<\/tr>\n<\/tbody>\n<\/table>\n<h2>Erfolgsbeispiel<\/h2>\n<p>Ein beliebtes Caf\u00e9 in Kalifornien hat mit uns zusammengearbeitet, um die Verpackung seines Cold Brew Coffees neu zu gestalten. Wir haben ma\u00dfgeschneiderte 200-ml-Einmachgl\u00e4ser mit Henkeln aus robustem, hochgl\u00e4nzendem Soda-Leopard-Glas entwickelt, um die Sichtbarkeit des Produkts zu verbessern. Zus\u00e4tzlich w\u00e4hlten sie silberne Metall-Etiketten und Silikoneins\u00e4tze f\u00fcr einen auslaufsicheren Verschluss, der die Frische und den Geschmack ihres Cold Brews bewahrt. Um die Marke weiter zu st\u00e4rken, gravierten wir das dezente Caf\u00e9-Logo in den Boden der Gl\u00e4ser und boten saisonale Varianten mit mattierter und bernsteinfarbener Oberfl\u00e4che an. Nach der Einf\u00fchrung des neuen Produkts verzeichnete das Caf\u00e9 innerhalb eines Monats einen deutlichen Anstieg der Cold-Brew-Verk\u00e4ufe um 50 %.<\/p>\n<h2>Ihre Anpassungstipps<\/h2>\n<p>Ihr Getr\u00e4nk verdient es, im Mittelpunkt zu stehen, nicht nur ein weiteres Gef\u00e4\u00df zu sein. Wir individualisieren Mason-Gl\u00e4ser mit Ihrem Logo, Ihren Farben oder einzigartigen Halsdesigns und sogar mit Henkeln. Ben\u00f6tigen Sie 40-ml-Probengl\u00e4ser f\u00fcr Ihr Unternehmen? Wir liefern schnell. Ihr Glas mit Henkel ist mehr als nur eine Verpackung; es ist Ihr n\u00e4chstes Verkaufsschlager-Produkt. Lassen Sie uns das gemeinsam realisieren.<\/p>\n<p>&nbsp;<\/p>","protected":false},"excerpt":{"rendered":"<p>Robuste Einmachgl\u00e4ser aus Klarglas mit Henkel eignen sich perfekt f\u00fcr Kaltgetr\u00e4nke, Smoothies oder Kaffee. Sie sind auch ideal f\u00fcr Caf\u00e9s und Veranstaltungen. Individuelle Deckel und Logodruck sind erh\u00e4ltlich.<\/p>","protected":false},"featured_media":1398,"template":"","meta":{"postBodyCss":"","postBodyMargin":[],"postBodyPadding":[],"postBodyBackground":{"backgroundType":"classic","gradient":""}},"product_brand":[],"product_cat":[15,17,19],"product_tag":[95,72],"class_list":{"0":"post-1396","1":"product","2":"type-product","3":"status-publish","4":"has-post-thumbnail","6":"product_cat-glass-containers","7":"product_cat-glass-jars","8":"product_cat-glass-mason-jars","9":"product_tag-coffee-tumblers","10":"product_tag-juice-bottles","12":"first","13":"instock","14":"shipping-taxable","15":"product-type-simple"},"jetpack_sharing_enabled":true,"_links":{"self":[{"href":"https:\/\/minghanggroup.com\/de\/wp-json\/wp\/v2\/product\/1396","targetHints":{"allow":["GET"]}}],"collection":[{"href":"https:\/\/minghanggroup.com\/de\/wp-json\/wp\/v2\/product"}],"about":[{"href":"https:\/\/minghanggroup.com\/de\/wp-json\/wp\/v2\/types\/product"}],"wp:featuredmedia":[{"embeddable":true,"href":"https:\/\/minghanggroup.com\/de\/wp-json\/wp\/v2\/media\/1398"}],"wp:attachment":[{"href":"https:\/\/minghanggroup.com\/de\/wp-json\/wp\/v2\/media?parent=1396"}],"wp:term":[{"taxonomy":"product_brand","embeddable":true,"href":"https:\/\/minghanggroup.com\/de\/wp-json\/wp\/v2\/product_brand?post=1396"},{"taxonomy":"product_cat","embeddable":true,"href":"https:\/\/minghanggroup.com\/de\/wp-json\/wp\/v2\/product_cat?post=1396"},{"taxonomy":"product_tag","embeddable":true,"href":"https:\/\/minghanggroup.com\/de\/wp-json\/wp\/v2\/product_tag?post=1396"}],"curies":[{"name":"wp","href":"https:\/\/api.w.org\/{rel}","templated":true}]}}