{"id":1331,"date":"2025-10-14T03:43:53","date_gmt":"2025-10-14T03:43:53","guid":{"rendered":"https:\/\/minghanggroup.com\/?post_type=product&#038;p=1331"},"modified":"2025-10-16T15:23:06","modified_gmt":"2025-10-16T07:23:06","slug":"wholesale-transparent-glass-oil-bottles-with-metal-pourers","status":"publish","type":"product","link":"https:\/\/minghanggroup.com\/de\/produkt\/wholesale-transparent-glass-oil-bottles-with-metal-pourers\/","title":{"rendered":"Gro\u00dfhandel mit transparenten Glas\u00f6lflaschen mit Metallausgie\u00dfer, 150 ml, 250 ml, 500 ml"},"content":{"rendered":"<p>\u00d6lflaschen aus Klarglas bestechen durch ihre elegante, rechteckige Form. Ein Ausgie\u00dfer aus Metall in Silber, Gold oder Silberschwarz verleiht ihnen ein edles Aussehen. Die Flaschen sind in verschiedenen Gr\u00f6\u00dfen erh\u00e4ltlich und zugleich praktisch und attraktiv \u2013 sie eignen sich perfekt zur Pr\u00e4sentation von hochwertigen \u00d6len.<\/p>\n<h2>Produktmerkmale<\/h2>\n<ul>\n<li><strong>Mehrere Auslaufoptionen:<\/strong> Diese Serie gibt dem Benutzer die Freiheit, ein Modell auszuw\u00e4hlen, das seinem Stil und seinen Vorlieben entspricht. Dar\u00fcber hinaus bieten sie eine einfache Ausgie\u00dffunktion mit dichtem Verschluss.<\/li>\n<li><strong>Mehrere Gr\u00f6\u00dfen:<\/strong> Diese Flaschen werden in drei verschiedenen Gr\u00f6\u00dfen hergestellt, damit die Kunden die am besten geeignete ausw\u00e4hlen k\u00f6nnen.<\/li>\n<li><strong>Rechteckig, transparent:<\/strong> Diese transparente und elegante rechteckige Flasche aus Glas ist eine tolle platzsparende Idee f\u00fcr Ihre K\u00fcche.<\/li>\n<\/ul>\n<h2>Wichtigste Spezifikationen<\/h2>\n<table style=\"border-collapse: collapse; margin-left: auto; margin-right: auto; width: 424.52pt;\" border=\"0\" width=\"566\" cellspacing=\"0\" cellpadding=\"0\">\n<tbody>\n<tr style=\"height: 13.50pt;\">\n<td style=\"height: 13.50pt; width: 109.50pt;\" width=\"146\" height=\"18\">Besonderheit<\/td>\n<td style=\"width: 315.00pt;\" width=\"420\">Specification<\/td>\n<\/tr>\n<tr style=\"height: 13.50pt;\">\n<td style=\"height: 13.50pt;\" height=\"18\">Abmessungen<\/td>\n<td>4,8\u00d74,8\u00d715,8cm, 4,7\u00d74,7\u00d721,0cm, 5,8\u00d75,8\u00d726,1cm<\/td>\n<\/tr>\n<tr style=\"height: 13.50pt;\">\n<td style=\"height: 13.50pt;\" height=\"18\">Kapazit\u00e4t<\/td>\n<td>100 ml, 250 ml, 500 ml<\/td>\n<\/tr>\n<tr style=\"height: 13.50pt;\">\n<td style=\"height: 13.50pt;\" height=\"18\">Material<\/td>\n<td>Korpus aus Klarglas, Auslauf aus Edelstahl und PP<\/td>\n<\/tr>\n<tr style=\"height: 13.50pt;\">\n<td style=\"height: 13.50pt;\" height=\"18\">Form<\/td>\n<td>Quadratische Glasflasche<\/td>\n<\/tr>\n<tr style=\"height: 13.50pt;\">\n<td style=\"height: 13.50pt;\" height=\"18\">Auslaufoptionen<\/td>\n<td>Silber, Gold, Silber-Schwarz (tropffrei)<\/td>\n<\/tr>\n<tr style=\"height: 13.50pt;\">\n<td style=\"height: 13.50pt;\" height=\"18\">Am besten geeignet f\u00fcr<\/td>\n<td>Oliven\u00f6l, Essig, Speise\u00f6le, Dressings<\/td>\n<\/tr>\n<tr style=\"height: 13.50pt;\">\n<td style=\"height: 13.50pt;\" height=\"18\">Ideale Verwendung<\/td>\n<td>Glasflaschen f\u00fcr \u00d6l, Essigflaschen<\/td>\n<\/tr>\n<\/tbody>\n<\/table>\n<h2>Reale Ergebnisse<\/h2>\n<p>Eine nordamerikanische Oliven\u00f6lmarke, die vor der Herausforderung stand, ihr hochwertiges Oliven\u00f6l ansprechend zu verpacken, entschied sich f\u00fcr unsere 500-ml-Vierkantglasflaschen mit goldenen Schraubverschluss-Ausgie\u00dfern. Zun\u00e4chst bestellten sie 1.200 Flaschen im Gro\u00dfhandel und waren mit dem Ergebnis sehr zufrieden. Erstens verhindert das pr\u00e4zise Design des Ausgie\u00dfers ein Tropfen, wodurch der Abfall um 28 % reduziert wird \u2013 ein Kunde berichtete, allein dadurch monatlich Oliven\u00f6l im Wert von 90 US-Dollar einzusparen. Zweitens erm\u00f6glicht die Transparenz den Mitarbeitern, den F\u00fcllstand ihrer Vorr\u00e4te visuell zu erkennen, wodurch stressige Last-Minute-Eink\u00e4ufe entfallen. Das positive Kundenfeedback f\u00fchrte zu einem Umsatzanstieg von 30 %, und elf Monate sp\u00e4ter wurde eine weitere Bestellung \u00fcber 300.000 Flaschen aufgegeben.<\/p>\n<h2>Personalisierung von Glas\u00f6lflaschen<\/h2>\n<ul>\n<li>Laser-Excade Logos \u2013 Verleihen Sie Ihrem Logo einen einzigartigen Look, indem Sie es in Glas einbrennen. Es ist dauerhaft und von hoher Qualit\u00e4t. Selbst wenn sich das Logo durch Waschen abl\u00f6st, h\u00e4lt es.<\/li>\n<li>Mattierte Graduierungsmarkierungen: Kleine Graduierungszahlen (z. B. 50 ml, 100 ml, 250 ml) anstelle eines Aufdrucks auf einer Glasoberfl\u00e4che, damit die Benutzer die zum Kochen oder Backen verwendeten \u00d6le einfach und genau abmessen k\u00f6nnen.<\/li>\n<li>Mattglas-Finish: Klares Glas wird mit einer matten Beschichtung versehen, um die Entstehung von Fingerabdr\u00fccken zu reduzieren, insbesondere in Gro\u00dfk\u00fcchen, wo \u00d6lflaschen h\u00e4ufig von Mitarbeitern angefasst werden.<\/li>\n<li>Strukturierter Boden \u2013 Die Unterseite ist mit metallischen Ringen oder einem Sonnenmuster versehen. Sie f\u00fchlt sich robust an. Man merkt, dass der Designer bei der Gestaltung an den Benutzer gedacht hat.<\/li>\n<\/ul>","protected":false},"excerpt":{"rendered":"<p>Diese elegante \u00d6lflasche aus Glas besticht durch ihre rechteckige Form und einen hochwertigen Ausgie\u00dfer. Schneller Versand, Gratisproben \u2013 ideal f\u00fcr K\u00fcchenmarken.<\/p>","protected":false},"featured_media":1393,"template":"","meta":{"postBodyCss":"","postBodyMargin":[],"postBodyPadding":[],"postBodyBackground":{"backgroundType":"classic","gradient":""}},"product_brand":[],"product_cat":[15,16,18],"product_tag":[],"class_list":{"0":"post-1331","1":"product","2":"type-product","3":"status-publish","4":"has-post-thumbnail","6":"product_cat-glass-containers","7":"product_cat-glass-bottles","8":"product_cat-glass-oil-bottles","10":"first","11":"instock","12":"shipping-taxable","13":"product-type-simple"},"jetpack_sharing_enabled":true,"_links":{"self":[{"href":"https:\/\/minghanggroup.com\/de\/wp-json\/wp\/v2\/product\/1331","targetHints":{"allow":["GET"]}}],"collection":[{"href":"https:\/\/minghanggroup.com\/de\/wp-json\/wp\/v2\/product"}],"about":[{"href":"https:\/\/minghanggroup.com\/de\/wp-json\/wp\/v2\/types\/product"}],"wp:featuredmedia":[{"embeddable":true,"href":"https:\/\/minghanggroup.com\/de\/wp-json\/wp\/v2\/media\/1393"}],"wp:attachment":[{"href":"https:\/\/minghanggroup.com\/de\/wp-json\/wp\/v2\/media?parent=1331"}],"wp:term":[{"taxonomy":"product_brand","embeddable":true,"href":"https:\/\/minghanggroup.com\/de\/wp-json\/wp\/v2\/product_brand?post=1331"},{"taxonomy":"product_cat","embeddable":true,"href":"https:\/\/minghanggroup.com\/de\/wp-json\/wp\/v2\/product_cat?post=1331"},{"taxonomy":"product_tag","embeddable":true,"href":"https:\/\/minghanggroup.com\/de\/wp-json\/wp\/v2\/product_tag?post=1331"}],"curies":[{"name":"wp","href":"https:\/\/api.w.org\/{rel}","templated":true}]}}